{"id":16522,"date":"2026-02-27T19:24:17","date_gmt":"2026-02-27T16:24:17","guid":{"rendered":"https:\/\/excursionsworld.com\/?page_id=16522"},"modified":"2026-02-27T22:39:08","modified_gmt":"2026-02-27T19:39:08","slug":"ueber-uns","status":"publish","type":"page","link":"https:\/\/excursionsworld.com\/de\/about-us\/","title":{"rendered":"\u00dcber uns"},"content":{"rendered":"<div data-elementor-type=\"wp-page\" data-elementor-id=\"16522\" class=\"elementor elementor-16522\">\n\t\t\t\t<div class=\"elementor-element elementor-element-cce95a4 e-flex e-con-boxed e-con e-parent\" data-id=\"cce95a4\" data-element_type=\"container\" data-e-type=\"container\">\n\t\t\t\t\t<div class=\"e-con-inner\">\n\t\t\t\t<div class=\"elementor-element elementor-element-f8692a1 elementor-widget elementor-widget-text-editor\" data-id=\"f8692a1\" data-element_type=\"widget\" data-e-type=\"widget\" data-widget_type=\"text-editor.default\">\n\t\t\t\t<div class=\"elementor-widget-container\">\n\t\t\t\t\t\t\t\t\t<style>\n    \/* Ana kapsay\u0131c\u0131 ve d\u0131\u015f bo\u015fluk s\u0131f\u0131rlama *\/\n    .about-main-wrapper {\n        font-family: 'Segoe UI', Roboto, sans-serif;\n        color: #333;\n        line-height: 1.6;\n        width: 100%;\n        margin-top: -45px !important; \/* Ba\u015fl\u0131\u011fa tam yana\u015fmas\u0131 i\u00e7in *\/\n        padding: 0;\n    }\n\n    .container-inner {\n        width: 100%;\n        max-width: 1200px;\n        margin: 0 auto;\n        padding: 0;\n    }\n\n    \/* Our Story Metni - Tam Geni\u015flik *\/\n    .intro-block {\n        padding: 0 10px;\n        text-align: center;\n        margin-bottom: 25px;\n    }\n\n    .intro-block h2 {\n        color: #1f3c88;\n        font-size: 26px;\n        font-weight: 700;\n        margin-bottom: 10px;\n    }\n\n    \/* Mavi Kutular *\/\n    .info-card {\n        background: #eef4f8; \n        padding: 25px 15px;\n        border-radius: 10px;\n        margin-bottom: 15px;\n        width: 100%;\n        box-sizing: border-box;\n        border: 1px solid #dce6ed;\n    }\n\n    \/* Ba\u015fl\u0131k i\u00e7i ikon stili *\/\n    .card-title {\n        color: #1f3c88;\n        font-size: 22px;\n        font-weight: 700;\n        margin-bottom: 12px;\n        display: flex;\n        align-items: center;\n        justify-content: center;\n        gap: 10px; \/* \u0130kon ve metin aras\u0131 bo\u015fluk *\/\n    }\n\n    .title-icon {\n        font-size: 24px; \/* Ba\u015fl\u0131k b\u00fcy\u00fckl\u00fc\u011f\u00fcnde *\/\n        font-style: normal;\n    }\n\n    \/* Why Us B\u00f6l\u00fcm\u00fc \u0130konlar\u0131 (\u00dcstte duran b\u00fcy\u00fck ikonlar) *\/\n    .card-icon-large {\n        font-size: 55px;\n        margin-bottom: 15px;\n        display: block;\n        text-align: center;\n    }\n\n    .card-text {\n        text-align: center;\n        font-size: 15px;\n        margin: 0;\n    }\n\n    \/* MOB\u0130L AYARLAR *\/\n    @media (max-width: 768px) {\n        .about-main-wrapper {\n            margin-top: -55px !important;\n        }\n        .intro-block {\n            padding: 0 5px;\n        }\n        .info-card {\n            padding: 20px 10px;\n        }\n        .card-title {\n            font-size: 20px;\n        }\n    }\n\n    .legal-footer-box {\n        text-align: center;\n        padding: 30px 10px;\n        margin-top: 20px;\n    }\n<\/style>\n\n<div class=\"about-main-wrapper\">\n    <div class=\"container-inner\">\n        \n        <div class=\"intro-block\">\n            <h2>Unsere Geschichte &amp; Expertise<\/h2>\n            <p><strong>Excursions World<\/strong> ist das f\u00fchrende digitale Tor zum Mittelmeer, wo jahrzehntelange, tief verwurzelte Tourismuserfahrung auf eine moderne, g\u00e4stezentrierte Vision trifft. Mit Sitz im Herzen von Antalya ist unsere Plattform der offizielle Online-Reservierungs- und Marketingkanal f\u00fcr <strong>GINZA TRAVEL (T\u00dcRSAB Lizenz Nr.: 4179)<\/strong>, eines der angesehensten und etabliertesten Reiseb\u00fcros der Region.<\/p>\n            <p>Unser digitaler Betrieb wird von einem engagierten Team von Fachleuten verwaltet, die sich daf\u00fcr einsetzen, Reisenden aus aller Welt ein m\u00f6glichst transparentes, zuverl\u00e4ssiges und schnelles Buchungserlebnis zu bieten.<\/p>\n        <\/div>\n\n        <div class=\"info-card\">\n            <h3 class=\"card-title\"><i class=\"title-icon\">\ud83c\udfaf<\/i>Unser Auftrag<\/h3>\n            <p class=\"card-text\">Wir wollen die unvergleichliche Sch\u00f6nheit, Geschichte und Kultur des Mittelmeers und der \u00c4g\u00e4is pr\u00e4sentieren und unseren G\u00e4sten komfortable, sichere und unvergessliche Reiseerlebnisse bieten.<\/p>\n        <\/div>\n\n        <div class=\"info-card\">\n            <h3 class=\"card-title\"><i class=\"title-icon\">\ud83d\udc41\ufe0f<\/i>Unsere Vision<\/h3>\n            <p class=\"card-text\">Wir wollen der vertrauensw\u00fcrdigste digitale Reisepartner in der Region sein, indem wir moderne Technologie mit traditioneller t\u00fcrkischer Gastfreundschaft und der operativen Exzellenz von Ginza Travel nahtlos verbinden.<\/p>\n        <\/div>\n\n        <h2 style=\"color: #1f3c88; font-size: 26px; font-weight: 700; text-align: center; margin: 35px 0 20px 0;\">Warum Excursions World?<\/h2>\n\n        <div class=\"info-card\">\n            <span class=\"card-icon-large\">\ud83d\udee1\ufe0f<\/span>\n            <h3 class=\"card-title\">Offizielle rechtliche Garantie<\/h3>\n            <p class=\"card-text\">Jeder Ausflug und jede Dienstleistung, die \u00fcber unsere Plattform gebucht wird, steht unter der vollen rechtlichen und operativen Garantie von Ginza Travel, einem zertifizierten Mitglied von T\u00dcRSAB.<\/p>\n        <\/div>\n\n        <div class=\"info-card\">\n            <span class=\"card-icon-large\">\ud83d\udcb3<\/span>\n            <h3 class=\"card-title\">Sicheres \u201cPay on Tour\u201d-System<\/h3>\n            <p class=\"card-text\">Ihr Seelenfrieden steht bei uns an erster Stelle. Wir bieten ein risikofreies Buchungserlebnis ohne Online-Vorauszahlung - buchen Sie einfach Ihren Platz und bezahlen Sie am Tag.<\/p>\n        <\/div>\n\n        <div class=\"info-card\">\n            <span class=\"card-icon-large\">\ud83d\udccd<\/span>\n            <h3 class=\"card-title\">Unerreichte Ortskenntnis<\/h3>\n            <p class=\"card-text\">Wir arbeiten ausschlie\u00dflich mit professionellen \u00f6rtlichen Reiseleitern und Expertenteams, die jeden Winkel von Kemer und Antalya kennen.<\/p>\n        <\/div>\n\n        <div class=\"info-card\">\n            <span class=\"card-icon-large\">\ud83c\udfa7<\/span>\n            <h3 class=\"card-title\">24\/7 Premium-Unterst\u00fctzung<\/h3>\n            <p class=\"card-text\">Unser professionelles Support-Team steht Ihnen vor, w\u00e4hrend und nach Ihrer Reise jederzeit zur Seite.<\/p>\n        <\/div>\n\n        <div class=\"legal-footer-box\">\n            <h3 style=\"color:#1f3c88; font-weight:700;\">Operative Partnerschaft und Vertrauen<\/h3>\n            <p>Alle Aktivit\u00e4ten werden organisiert, verwaltet und vollst\u00e4ndig versichert von:<\/p>\n            <p><strong>GINZA TRAVEL (Lizenznummer: 4179)<\/strong><br>\n            Anschrift: Merkez Mah. Atat\u00fcrk Cad. Nr:3 Kemer \/ Antalya, T\u00fcrkei<\/p>\n        <\/div>\n\n    <\/div>\n<\/div>\t\t\t\t\t\t\t\t<\/div>\n\t\t\t\t<\/div>\n\t\t\t\t\t<\/div>\n\t\t\t\t<\/div>\n\t\t\t\t<\/div>","protected":false},"excerpt":{"rendered":"<p>\n    \/* Ana kapsay\u0131c\u0131 ve d\u0131\u015f bo\u015fluk s\u0131f\u0131rlama *\/<br \/>\n    .about-main-wrapper {<br \/>\n        font-family: \u2018Segoe UI\u2019, <\/p>","protected":false},"author":2,"featured_media":0,"parent":0,"menu_order":0,"comment_status":"closed","ping_status":"closed","template":"","meta":{"footnotes":""},"class_list":["post-16522","page","type-page","status-publish","hentry"],"aioseo_notices":[],"_links":{"self":[{"href":"https:\/\/excursionsworld.com\/de\/wp-json\/wp\/v2\/pages\/16522","targetHints":{"allow":["GET"]}}],"collection":[{"href":"https:\/\/excursionsworld.com\/de\/wp-json\/wp\/v2\/pages"}],"about":[{"href":"https:\/\/excursionsworld.com\/de\/wp-json\/wp\/v2\/types\/page"}],"author":[{"embeddable":true,"href":"https:\/\/excursionsworld.com\/de\/wp-json\/wp\/v2\/users\/2"}],"replies":[{"embeddable":true,"href":"https:\/\/excursionsworld.com\/de\/wp-json\/wp\/v2\/comments?post=16522"}],"version-history":[{"count":0,"href":"https:\/\/excursionsworld.com\/de\/wp-json\/wp\/v2\/pages\/16522\/revisions"}],"wp:attachment":[{"href":"https:\/\/excursionsworld.com\/de\/wp-json\/wp\/v2\/media?parent=16522"}],"curies":[{"name":"wp","href":"https:\/\/api.w.org\/{rel}","templated":true}]}}