{"id":12742,"date":"2025-05-08T16:15:35","date_gmt":"2025-05-08T13:15:35","guid":{"rendered":"https:\/\/excursionsworld.com\/?post_type=product&#038;p=12742"},"modified":"2026-04-02T23:13:58","modified_gmt":"2026-04-02T20:13:58","slug":"antalya-aquarium-ausflug-kemer","status":"publish","type":"product","link":"https:\/\/excursionsworld.com\/tours\/antalya-tunnel-aquarium-tour-kemer\/","title":{"rendered":"Antalya Aquarium Ausflug ab Kemer \u2013 Meeresleben Abenteuer im Tunnel"},"content":{"rendered":"<h3 dir=\"ltr\" data-pm-slice=\"1 1 []\"><span style=\"color: #000000;\"><strong>\ud83d\udc20 \u00dcberblick<\/strong><\/span><\/h3>\n<p dir=\"ltr\">Tauchen Sie ein in die Unterwasserwelt bei einer Halbtagestour zum Antalya Aquarium von Kemer und Umgebung aus! Erkunden Sie das Tunnelaquarium und die Snow World. Diese ca. 4-st\u00fcndige Tour ist ideal f\u00fcr Familien und hat schon \u00fcber 500 G\u00e4ste begeistert!<\/p>\n<h3 dir=\"ltr\"><span style=\"color: #000000;\"><strong>Inbegriffen:<\/strong><\/span><\/h3>\n<p dir=\"ltr\"><span style=\"color: #00ff00;\"><strong>\u2713<\/strong> <\/span>Abholung vom Hotel und R\u00fccktransport<br \/>\n<span style=\"color: #00ff00;\"><strong>\u2713<\/strong> <\/span>Versicherung<br \/>\n<span style=\"color: #00ff00;\"><strong>\u2713<\/strong> <\/span>Komfortabler klimatisierter Bus<br \/>\n<span style=\"color: #00ff00;\"><strong>\u2713<\/strong> <\/span>Eintrittskarte f\u00fcr das Aquarium von Antalya<\/p>\n<h3 dir=\"ltr\"><span style=\"color: #000000;\"><strong>Nicht inbegriffen:<\/strong><\/span><\/h3>\n<p dir=\"ltr\"><span style=\"color: #ff0000;\"><strong>\u2717<\/strong><\/span> Getr\u00e4nke<br \/>\n<span style=\"color: #ff0000;\"><strong>\u2717 <\/strong><\/span>Pers\u00f6nliche Ausgaben<\/p>\n<h3 dir=\"ltr\"><span style=\"color: #000000;\"><strong>\ud83c\udf0a H\u00f6hepunkte<\/strong><\/span><\/h3>\n<p dir=\"ltr\">\ud83d\udd39 131 Meter langes Tunnelaquarium mit Haien<br \/>\n\ud83d\udd39 Exotische Fische und Meeresbewohner<br \/>\n\ud83d\udd39 Thematische Aquarienausstellungen<br \/>\n\ud83d\udd39 Winterwunderland in Snow World<br \/>\n\ud83d\udd39 Transfer von Kemer<\/p>\n<h3 dir=\"ltr\"><span style=\"color: #000000;\"><strong>\ud83d\udcd6 Vollst\u00e4ndige Beschreibung<\/strong><\/span><\/h3>\n<p dir=\"ltr\">Begeben Sie sich auf ein halbt\u00e4giges Abenteuer von Kemer zum Antalya Aquarium mit einem komfortablen Transfer. Schlendern Sie durch das Tunnelaquarium, wo Haie \u00fcber dem Wasser schwimmen und lebhafte Fische ein Unterwasserspektakel bieten. Erleben Sie eine winterliche Flucht in der Snow World und spielen Sie im Schnee. Nach 1,5-2 Stunden Erkundungstour kehren Sie mit lebhaften Erinnerungen in Ihr Hotel zur\u00fcck.<\/p>\n<h3 dir=\"ltr\"><span style=\"color: #000000;\"><strong>\ud83d\uddfa\ufe0f Reiseverlauf<\/strong><\/span><\/h3>\n<p dir=\"ltr\">\ud83d\udd39 Abholung aus Kemer und Umgebung<br \/>\n\ud83d\udd39 Ankunft im Aquarium von Antalya<br \/>\n\ud83d\udd39 Freizeit im Aquarium und Snow World (1,5-2 Stunden)<br \/>\n\ud83d\udd39 R\u00fcckkehr zum Hotel<\/p>\n<h3 dir=\"ltr\"><span style=\"color: #000000;\"><strong>\u2139\ufe0f N\u00fctzliche Informationen<\/strong><\/span><\/h3>\n<div dir=\"ltr\">\ud83d\udd39 Dauer: ~4 Stunden (Halbtagestour)<br \/>\n\ud83d\udd39 Geeignet f\u00fcr Personen mit eingeschr\u00e4nkter Mobilit\u00e4t<br \/>\n\ud83d\udd39 Geringe k\u00f6rperliche Aktivit\u00e4t<br \/>\n\ud83d\udd39 Blitzlichtfotografie im Aquarium verboten<\/div>\n<div dir=\"ltr\">\ud83d\udd39 Frei reisende Kinder haben keinen eigenen Sitzplatz im Bus. Wenn der Bus voll ist, sitzen sie auf dem Scho\u00df eines Erwachsenen, oder es kann ein eigener Sitzplatz gebucht werden<\/div>\n<h3 dir=\"ltr\"><span style=\"color: #000000;\"><strong>\ud83c\udf92 Was Sie mitbringen sollten<\/strong><\/span><\/h3>\n<p dir=\"ltr\">\ud83d\udd39 Bargeld f\u00fcr Ausgaben<br \/>\n\ud83d\udd39 Bequeme Schuhe<br \/>\n\ud83d\udd39 Kamera (kein Blitz im Aquarium)<\/p>\n<div dir=\"ltr\">\n<h3 dir=\"ltr\"><span style=\"color: #000000;\"><strong>\ud83d\udeab Nicht geeignet f\u00fcr<\/strong><\/span><\/h3>\n<p dir=\"ltr\">\ud83d\udd39 Menschen mit eingeschr\u00e4nkter Mobilit\u00e4t (lange Spazierg\u00e4nge)<br \/>\n\ud83d\udd39 Kleinkinder unter 2 Jahren (Dauer der Tour)<\/p>\n<\/div>\n<h3 data-start=\"2974\" data-end=\"3001\">\ud83d\udcb8 Preis und Buchung<\/h3>\n<p data-start=\"3003\" data-end=\"3127\"><strong>\ud83d\udd39 Jetzt buchen, am Tag der Tour bezahlen<\/strong><br data-start=\"3042\" data-end=\"3045\" \/>\ud83d\udd39 Kontaktieren Sie uns \u00fcber WhatsApp, Telegram oder Viber f\u00fcr Reservierungen und Details \ud83d\udc47\ud83c\udffc<\/p>","protected":false},"excerpt":{"rendered":"<p>Buchen Sie die <b>Kemer Antalya Aquarium Tour<\/b>! Halbtags <b>Reise<\/b> um die 131m zu sehen <strong>Tunnelaquarium<\/strong>, Snow World, und exotische Fische. Spa\u00df Familie <b>Ausflug<\/b>.<\/p>","protected":false},"featured_media":12743,"comment_status":"open","ping_status":"closed","template":"","meta":[],"product_brand":[],"product_cat":[124],"product_tag":[105],"class_list":{"0":"post-12742","1":"product","2":"type-product","3":"status-publish","4":"has-post-thumbnail","6":"tour_phys-kemer-tours","7":"product_cat-kemer-tours","8":"product_tag-kemer","9":"pa_destination-kemer-tours","11":"first","12":"instock","13":"sale","14":"shipping-taxable","15":"purchasable","16":"product-type-tour_phys"},"aioseo_notices":[],"_links":{"self":[{"href":"https:\/\/excursionsworld.com\/de\/wp-json\/wp\/v2\/product\/12742","targetHints":{"allow":["GET"]}}],"collection":[{"href":"https:\/\/excursionsworld.com\/de\/wp-json\/wp\/v2\/product"}],"about":[{"href":"https:\/\/excursionsworld.com\/de\/wp-json\/wp\/v2\/types\/product"}],"replies":[{"embeddable":true,"href":"https:\/\/excursionsworld.com\/de\/wp-json\/wp\/v2\/comments?post=12742"}],"wp:featuredmedia":[{"embeddable":true,"href":"https:\/\/excursionsworld.com\/de\/wp-json\/wp\/v2\/media\/12743"}],"wp:attachment":[{"href":"https:\/\/excursionsworld.com\/de\/wp-json\/wp\/v2\/media?parent=12742"}],"wp:term":[{"taxonomy":"product_brand","embeddable":true,"href":"https:\/\/excursionsworld.com\/de\/wp-json\/wp\/v2\/product_brand?post=12742"},{"taxonomy":"product_cat","embeddable":true,"href":"https:\/\/excursionsworld.com\/de\/wp-json\/wp\/v2\/product_cat?post=12742"},{"taxonomy":"product_tag","embeddable":true,"href":"https:\/\/excursionsworld.com\/de\/wp-json\/wp\/v2\/product_tag?post=12742"}],"curies":[{"name":"wp","href":"https:\/\/api.w.org\/{rel}","templated":true}]}}