{"id":12867,"date":"2025-05-10T11:36:33","date_gmt":"2025-05-10T08:36:33","guid":{"rendered":"https:\/\/excursionsworld.com\/?post_type=product&#038;p=12867"},"modified":"2026-04-24T00:20:33","modified_gmt":"2026-04-23T21:20:33","slug":"reitausflug-kemer","status":"publish","type":"product","link":"https:\/\/excursionsworld.com\/tours\/kemer-horseback-riding-tour\/","title":{"rendered":"Reitausflug ab Kemer \u2013 Durch die Natur Reiten"},"content":{"rendered":"<h2 dir=\"ltr\" data-pm-slice=\"1 1 []\"><span style=\"color: #000000;\"><strong>\ud83d\udc0e \u00dcberblick<\/strong><\/span><\/h2>\n<p dir=\"ltr\">Begeben Sie sich auf eine ruhige Reittour ab <a href=\"https:\/\/en.wikipedia.org\/wiki\/Kemer,_Antalya\" target=\"_blank\" rel=\"noopener\">Kemer<\/a> und umliegende Gebiete! Genie\u00dfen Sie eine einst\u00fcndige Fahrt durch Waldwege mit der Option, diese auf zwei oder drei Stunden zu verl\u00e4ngern. Perfekt f\u00fcr Anf\u00e4nger und Naturliebhaber, diese ca. 2-3-st\u00fcndige Tour beinhaltet Transfers.<\/p>\n<h3 dir=\"ltr\"><strong><span style=\"color: #000000;\">Inbegriffen:<\/span><\/strong><\/h3>\n<p dir=\"ltr\"><span style=\"color: #00ff00;\"><strong>\u2713<\/strong> <\/span>Abholung vom Hotel und R\u00fccktransport<br \/>\n<span style=\"color: #00ff00;\"><strong>\u2713<\/strong> <\/span>1 Stunde Reiten<br \/>\n<span style=\"color: #00ff00;\"><strong>\u2713<\/strong> <\/span>Professioneller F\u00fchrer, ausgebildete Pferde<br \/>\n<span style=\"color: #00ff00;\"><strong>\u2713<\/strong> <\/span>Vollversicherung<br \/>\n<span style=\"color: #00ff00;\"><strong>\u2713<\/strong> <\/span>Bequemer Transport<br \/>\n<span style=\"color: #00ff00;\"><strong>\u2713<\/strong> <\/span>Optionales Schwimmen im Pool der Ranch<\/p>\n<h3 dir=\"ltr\"><span style=\"color: #000000;\"><strong>Nicht inbegriffen:<\/strong><\/span><\/h3>\n<p dir=\"ltr\"><span style=\"color: #ff0000;\"><strong>\u2717<\/strong><\/span> Getr\u00e4nke<br \/>\n<span style=\"color: #ff0000;\"><strong>\u2717<\/strong><\/span>Pers\u00f6nliche Ausgaben<\/p>\n<h2 dir=\"ltr\"><span style=\"color: #000000;\"><strong>\ud83c\udf33 H\u00f6hepunkte<\/strong><\/span><\/h2>\n<p dir=\"ltr\">\ud83d\udd39 1-st\u00fcndiger Ausritt durch Kiefernw\u00e4lder<br \/>\n\ud83d\udd39 Geeignet f\u00fcr alle F\u00e4higkeitsstufen<br \/>\n\ud83d\udd39 Freundliche Pferde und erfahrene F\u00fchrer<br \/>\n\ud83d\udd39 Wahlweise 2- oder 3-st\u00fcndige Ausritte<br \/>\n\ud83d\udd39 Erfrischendes Bad im Pool der Ranch<\/p>\n<h2 dir=\"ltr\"><span style=\"color: #000000;\"><strong>\ud83d\udcd6 Vollst\u00e4ndige Beschreibung<\/strong><\/span><\/h2>\n<p dir=\"ltr\">Beginnen Sie den Tag mit einem Transfer von Kemer oder einem nahe gelegenen Ort zu einer \u00f6rtlichen Ranch. Nach einer kurzen Einweisung satteln Sie auf und starten zu einem einst\u00fcndigen Ausritt \u00fcber malerische Bergpfade, umgeben von Pinien und den Ger\u00e4uschen der Natur. Ob Anf\u00e4nger oder erfahrener Reiter, die ausgebildeten Pferde und professionellen F\u00fchrer sorgen f\u00fcr Sicherheit und Vergn\u00fcgen. Verl\u00e4ngern Sie Ihren Ausritt gegen einen Aufpreis auf 2 oder 3 Stunden, um noch mehr Abenteuer zu erleben. Zur\u00fcck auf der Ranch k\u00f6nnen Sie sich im Pool abk\u00fchlen (fakultativ), bevor Sie zu Ihrem Hotel zur\u00fcckkehren, das vom Charme der Natur erf\u00fcllt ist.<\/p>\n<h3 dir=\"ltr\"><span style=\"color: #000000;\"><strong>\ud83d\uddfa\ufe0f Reiseverlauf<\/strong><\/span><\/h3>\n<p dir=\"ltr\">\ud83d\udd39 Abholung aus Kemer und Umgebung<br \/>\n\ud83d\udd39 Ankunft auf der Ranch<br \/>\n\ud83d\udd39 Einweisung und Reitunterricht<br \/>\n\ud83d\udd39 1-st\u00fcndiger Ausritt<br \/>\n\ud83d\udd39 Fakultatives Schwimmen auf der Ranch<br \/>\n\ud83d\udd39 R\u00fcckkehr zum Hotel<\/p>\n<h3 dir=\"ltr\"><span style=\"color: #000000;\"><strong>\u2139\ufe0f N\u00fctzliche Informationen<\/strong><\/span><\/h3>\n<p dir=\"ltr\">\ud83d\udd39 Dauer: ~2-3 Stunden (kurze Tour, einschlie\u00dflich Transfers)<br \/>\n\ud83d\udd39 Geringe k\u00f6rperliche Aktivit\u00e4t (Reiten und eventuell Schwimmen)<br \/>\n\ud83d\udd39 Keine Reiterfahrung erforderlich; Schulung wird angeboten<br \/>\n\ud83d\udd39 Optionale 2- oder 3-st\u00fcndige Fahrten gegen Aufpreis m\u00f6glich<br \/>\n\ud83d\udd39 Helme sorgen f\u00fcr Sicherheit<\/p>\n<h3 dir=\"ltr\"><span style=\"color: #000000;\"><strong>\ud83d\udeab Nicht geeignet f\u00fcr<\/strong><\/span><\/h3>\n<p dir=\"ltr\">\ud83d\udd39 Kinder unter 6 Jahren<br \/>\n\ud83d\udd39 Menschen mit schweren R\u00fccken- oder Nackenproblemen<br \/>\n\ud83d\udd39 Schwangere Frauen<\/p>\n<h2 dir=\"ltr\"><span style=\"color: #000000;\"><strong>\ud83c\udf92 Was Sie mitbringen sollten<\/strong><\/span><\/h2>\n<p dir=\"ltr\">\ud83d\udd39 Sonnenbrille und Sonnenschutzmittel<br \/>\n\ud83d\udd39 Badeanzug und Handtuch (zum Schwimmen)<br \/>\n\ud83d\udd39 Bargeld f\u00fcr Getr\u00e4nke oder zus\u00e4tzliche Dienstleistungen<\/p>\n<h2 dir=\"ltr\"><span style=\"color: #000000;\"><strong>\ud83d\udcb8 Preis und Buchung<\/strong><\/span><\/h2>\n<p dir=\"ltr\"><strong>\ud83d\udd39 Jetzt buchen - am Tag der Tour bezahlen<\/strong><br \/>\nKontaktiere uns \u00fcber WhatsApp, Telegram, Viber oder f\u00fclle das Buchungsformular unten aus. \ud83d\udc47\ud83c\udffc<\/p>\n<p>Alternativen gesucht? St\u00f6bern Sie <a href=\"https:\/\/excursionsworld.com\/de\/kemer-ausfluege\/\">mehr Kemer-Touren<\/a>.<\/p>","protected":false},"excerpt":{"rendered":"<p>Genie\u00dfen Sie<b> Reiten in Kemer<\/b> <b>Tour<\/b>! Viel Spa\u00df <b>malerische Naturpfade<\/b> durch Kiefernw\u00e4lder. <b>Geeignet f\u00fcr Anf\u00e4nger!<\/b> Optionaler Aufenthalt am Pool auf der Ranch. <b>\u00dcbertragung<\/b> enthalten.<\/p>","protected":false},"featured_media":12868,"comment_status":"open","ping_status":"closed","template":"","meta":[],"product_brand":[],"product_cat":[124],"product_tag":[105],"class_list":{"0":"post-12867","1":"product","2":"type-product","3":"status-publish","4":"has-post-thumbnail","6":"tour_phys-kemer-tours","7":"product_cat-kemer-tours","8":"product_tag-kemer","9":"pa_destination-kemer-tours","11":"first","12":"instock","13":"sale","14":"featured","15":"shipping-taxable","16":"purchasable","17":"product-type-tour_phys"},"aioseo_notices":[],"_links":{"self":[{"href":"https:\/\/excursionsworld.com\/de\/wp-json\/wp\/v2\/product\/12867","targetHints":{"allow":["GET"]}}],"collection":[{"href":"https:\/\/excursionsworld.com\/de\/wp-json\/wp\/v2\/product"}],"about":[{"href":"https:\/\/excursionsworld.com\/de\/wp-json\/wp\/v2\/types\/product"}],"replies":[{"embeddable":true,"href":"https:\/\/excursionsworld.com\/de\/wp-json\/wp\/v2\/comments?post=12867"}],"wp:featuredmedia":[{"embeddable":true,"href":"https:\/\/excursionsworld.com\/de\/wp-json\/wp\/v2\/media\/12868"}],"wp:attachment":[{"href":"https:\/\/excursionsworld.com\/de\/wp-json\/wp\/v2\/media?parent=12867"}],"wp:term":[{"taxonomy":"product_brand","embeddable":true,"href":"https:\/\/excursionsworld.com\/de\/wp-json\/wp\/v2\/product_brand?post=12867"},{"taxonomy":"product_cat","embeddable":true,"href":"https:\/\/excursionsworld.com\/de\/wp-json\/wp\/v2\/product_cat?post=12867"},{"taxonomy":"product_tag","embeddable":true,"href":"https:\/\/excursionsworld.com\/de\/wp-json\/wp\/v2\/product_tag?post=12867"}],"curies":[{"name":"wp","href":"https:\/\/api.w.org\/{rel}","templated":true}]}}