{"id":12885,"date":"2025-05-10T13:28:00","date_gmt":"2025-05-10T10:28:00","guid":{"rendered":"https:\/\/excursionsworld.com\/?post_type=product&#038;p=12885"},"modified":"2025-12-10T12:46:36","modified_gmt":"2025-12-10T09:46:36","slug":"delfinshow-schwimmen-kemer","status":"publish","type":"product","link":"https:\/\/excursionsworld.com\/tours\/dolphin-show-swim-kemer\/","title":{"rendered":"Delfinshow &amp; Schwimmen mit Delfinen in Kemer \u2013 Familienspa\u00df"},"content":{"rendered":"<h3 dir=\"ltr\"><span style=\"color: #000000;\"><strong>\ud83c\udfad\u00dcberblick<\/strong><\/span><\/h3>\n<p dir=\"ltr\">Tauchen Sie ein ins Vergn\u00fcgen mit einer Delfinshow-Tour ab Kemer und Umgebung! Genie\u00dfen Sie eine 50-min\u00fctige Vorstellung mit akrobatischen Delfinen und schwimmen Sie optional. Diese ca. 3-4-st\u00fcndige Tour ist ideal f\u00fcr Familien und beinhaltet die Transfers.<\/p>\n<h3 dir=\"ltr\"><span style=\"color: #000000;\"><strong>Inbegriffen<\/strong>:<\/span><\/h3>\n<p dir=\"ltr\"><span style=\"color: #00ff00;\"><strong>\u2713<\/strong><\/span> Abholung vom Hotel und R\u00fccktransport<br \/>\n<span style=\"color: #00ff00;\"><strong>\u2713 <\/strong><\/span>Eintrittskarte f\u00fcr die Delfinshow<br \/>\n<span style=\"color: #00ff00;\"><strong>\u2713 <\/strong><\/span>Komfortabler klimatisierter Bus<br \/>\n<span style=\"color: #00ff00;\"><strong>\u2713 <\/strong><\/span>Vollversicherung<br \/>\n<span style=\"color: #00ff00;\"><strong>\u2713 <\/strong><\/span>Leitfaden<\/p>\n<h3 dir=\"ltr\"><span style=\"color: #000000;\"><strong>Nicht inbegriffen:<\/strong><\/span><\/h3>\n<p dir=\"ltr\"><span style=\"color: #ff0000;\"><strong>\u2717<\/strong> <\/span>Pers\u00f6nliche Ausgaben, Fotos und Videos<br \/>\n<span style=\"color: #ff0000;\"><strong>\u2717<\/strong> <\/span>Getr\u00e4nke<br \/>\n<span style=\"color: #ff0000;\"><strong>\u2717<\/strong> <\/span>Schwimmen mit Delfinen (extra Geb\u00fchr)<\/p>\n<h3 dir=\"ltr\"><span style=\"color: #000000;\"><strong>\ud83c\udfad H\u00f6hepunkte<\/strong><\/span><\/h3>\n<p dir=\"ltr\">\ud83d\udd39 50-min\u00fctige Delphinshow mit Spr\u00fcngen und Tricks<br \/>\n\ud83d\udd39 Spa\u00df und Bildung f\u00fcr alle Altersgruppen<br \/>\n\ud83d\udd39 Verspielte Delfine und erfahrene Trainer<br \/>\n\ud83d\udd39 Optionales Schwimmen mit Delfinen<br \/>\n\ud83d\udd39 Familienfreundliche Unterhaltung<\/p>\n<h3 dir=\"ltr\"><span style=\"color: #000000;\"><strong>\ud83d\udcd6 Vollst\u00e4ndige Beschreibung<\/strong><\/span><\/h3>\n<p dir=\"ltr\">Begeben Sie sich auf ein reizvolles Abenteuer mit einem Transfer vom Hotel in Kemer oder in der N\u00e4he zu einem der besten Delfinarien in Antalya. Freuen Sie sich auf eine 50-min\u00fctige Show, in der clevere Delfine zusammen mit ihren Trainern atemberaubende Spr\u00fcnge, T\u00e4nze und spielerische Tricks vorf\u00fchren. Die Choreografie zieht sowohl Kinder als auch Erwachsene in ihren Bann und verbindet Spa\u00df mit faszinierenden Einblicken in das Leben im Meer. Wenn Sie den Delfinen noch n\u00e4her kommen m\u00f6chten, k\u00f6nnen Sie mit ihnen schwimmen (gegen Aufpreis, Reservierung erforderlich). Nach der Show haben Sie etwas Freizeit und kehren mit einem L\u00e4cheln von diesem herzerw\u00e4rmenden Erlebnis in Ihr Hotel zur\u00fcck.<\/p>\n<h3 dir=\"ltr\"><span style=\"color: #000000;\"><strong>\ud83d\uddfa\ufe0f Reiseverlauf<\/strong><\/span><\/h3>\n<p dir=\"ltr\">\ud83d\udd39 Abholung aus Kemer und Umgebung<br \/>\n\ud83d\udd39 Ankunft im Delfinarium<br \/>\n\ud83d\udd39 Delfinshow (50 Minuten)<br \/>\n\ud83d\udd39 Freizeit und optionales Delphinschwimmen<br \/>\n\ud83d\udd39 R\u00fcckkehr zum Hotel<\/p>\n<h3 dir=\"ltr\"><span style=\"color: #000000;\"><strong>\u2139\ufe0f N\u00fctzliche Informationen<\/strong><\/span><\/h3>\n<p dir=\"ltr\">\ud83d\udd39 Dauer: ~3-4 Stunden (kurze Tour, einschlie\u00dflich Transfers)<br \/>\n\ud83d\udd39 Geringe k\u00f6rperliche Aktivit\u00e4t (Beobachten und Gehen)<\/p>\n<h3 dir=\"ltr\"><span style=\"color: #000000;\"><strong>\ud83c\udf92 Was Sie mitbringen sollten<\/strong><\/span><\/h3>\n<p dir=\"ltr\">\ud83d\udd39 Sonnenbrille<br \/>\n\ud83d\udd39 Kamera oder Smartphone<br \/>\n\ud83d\udd39 Bargeld f\u00fcr Getr\u00e4nke oder zus\u00e4tzliche Dienstleistungen<br \/>\n\ud83d\udd39 Bequeme Kleidung<\/p>\n<h3 dir=\"ltr\"><span style=\"color: #000000;\"><strong>\ud83d\udeab Nicht geeignet f\u00fcr<\/strong><\/span><\/h3>\n<p dir=\"ltr\">\ud83d\udd39 Menschen mit schweren Tierallergien<br \/>\n\ud83d\udd39 G\u00e4ste mit erheblichen Mobilit\u00e4tseinschr\u00e4nkungen (bitte im Voraus kontaktieren)<\/p>\n<div class=\"elementor-element elementor-element-884d539 e-con-full e-flex e-con e-child\" data-id=\"884d539\" data-element_type=\"container\">\n<div id=\"description\" class=\"elementor-element elementor-element-337037cc elementor-widget elementor-widget-thim-ekits-tours-content\" data-id=\"337037cc\" data-element_type=\"widget\" data-widget_type=\"thim-ekits-tours-content.default\">\n<div class=\"elementor-widget-container\">\n<div class=\"thim-ekit-single-tour__content\">\n<h3 data-start=\"3840\" data-end=\"3867\">\ud83d\udcb8 Preis und Buchung<\/h3>\n<p data-start=\"3868\" data-end=\"3996\"><strong>\ud83d\udd39 Jetzt buchen, am Tag der Tour bezahlen<\/strong><br data-start=\"3907\" data-end=\"3910\" \/>\ud83d\udd39 Kontaktiere uns \u00fcber WhatsApp, Telegram, Viber oder f\u00fclle das Buchungsformular unten aus \ud83d\udc47\ud83c\udffc<\/p>\n<\/div>\n<\/div>\n<\/div>\n<\/div>","protected":false},"excerpt":{"rendered":"<p>Die perfekte <b>Familienspa\u00df Tagesausflug<\/b>! Genie\u00dfen Sie die 50-min\u00fctige <b>Kemer Delphin Show<\/b> oder entscheiden Sie sich f\u00fcr eine magische <b>mit Delfinen schwimmen<\/b>! Unvergesslich maritim <b>Ausflug<\/b>. <b>\u00dcbertragung<\/b> enthalten.<\/p>","protected":false},"featured_media":12886,"comment_status":"open","ping_status":"closed","template":"","meta":[],"product_brand":[],"product_cat":[124],"product_tag":[105],"class_list":{"0":"post-12885","1":"product","2":"type-product","3":"status-publish","4":"has-post-thumbnail","6":"tour_phys-kemer-tours","7":"product_cat-kemer-tours","8":"product_tag-kemer","9":"pa_destination-kemer-tours","11":"first","12":"instock","13":"sale","14":"featured","15":"shipping-taxable","16":"purchasable","17":"product-type-tour_phys"},"aioseo_notices":[],"_links":{"self":[{"href":"https:\/\/excursionsworld.com\/de\/wp-json\/wp\/v2\/product\/12885","targetHints":{"allow":["GET"]}}],"collection":[{"href":"https:\/\/excursionsworld.com\/de\/wp-json\/wp\/v2\/product"}],"about":[{"href":"https:\/\/excursionsworld.com\/de\/wp-json\/wp\/v2\/types\/product"}],"replies":[{"embeddable":true,"href":"https:\/\/excursionsworld.com\/de\/wp-json\/wp\/v2\/comments?post=12885"}],"wp:featuredmedia":[{"embeddable":true,"href":"https:\/\/excursionsworld.com\/de\/wp-json\/wp\/v2\/media\/12886"}],"wp:attachment":[{"href":"https:\/\/excursionsworld.com\/de\/wp-json\/wp\/v2\/media?parent=12885"}],"wp:term":[{"taxonomy":"product_brand","embeddable":true,"href":"https:\/\/excursionsworld.com\/de\/wp-json\/wp\/v2\/product_brand?post=12885"},{"taxonomy":"product_cat","embeddable":true,"href":"https:\/\/excursionsworld.com\/de\/wp-json\/wp\/v2\/product_cat?post=12885"},{"taxonomy":"product_tag","embeddable":true,"href":"https:\/\/excursionsworld.com\/de\/wp-json\/wp\/v2\/product_tag?post=12885"}],"curies":[{"name":"wp","href":"https:\/\/api.w.org\/{rel}","templated":true}]}}