{"id":12893,"date":"2025-05-10T13:52:10","date_gmt":"2025-05-10T10:52:10","guid":{"rendered":"https:\/\/excursionsworld.com\/?post_type=product&#038;p=12893"},"modified":"2026-04-24T00:20:35","modified_gmt":"2026-04-23T21:20:35","slug":"angeln-picknick-kemer-ulupinar","status":"publish","type":"product","link":"https:\/\/excursionsworld.com\/tours\/kemer-fishing-picnic-tour-ulupinar\/","title":{"rendered":"Angeln &amp; Picknick ab Kemer \u2013 Halbtagesausflug nach Ulup\u0131nar"},"content":{"rendered":"<h2 dir=\"ltr\" data-pm-slice=\"1 1 []\"><span style=\"color: #000000;\"><strong>\ud83c\udfa3 \u00dcberblick<\/strong><\/span><\/h2>\n<p dir=\"ltr\">Entfliehen Sie dem Trubel mit einer Picknick- und Angeltour in Ulup\u0131nar von <a href=\"https:\/\/en.wikipedia.org\/wiki\/Kemer,_Antalya\" target=\"_blank\" rel=\"noopener\">Kemer<\/a> und umliegende Gebiete! Genie\u00dfen Sie einen entspannten Tag am Fluss, mit Angeln und einem k\u00f6stlichen Mittagessen inmitten der Natur. Diese Tour ist f\u00fcr alle Altersgruppen geeignet und dauert ca. 5\u20136 Stunden.<\/p>\n<h3 dir=\"ltr\"><span style=\"color: #000000;\"><strong>Inbegriffen<\/strong><\/span>:<\/h3>\n<p dir=\"ltr\"><span style=\"color: #00ff00;\"><strong>\u2713<\/strong> <\/span>Abholung vom Hotel und R\u00fccktransport<br \/>\n<span style=\"color: #00ff00;\"><strong>\u2713 <\/strong><\/span>Professioneller F\u00fchrer<br \/>\n<span style=\"color: #00ff00;\"><strong>\u2713 <\/strong><\/span>Vollversicherung<br \/>\n<span style=\"color: #00ff00;\"><strong>\u2713 <\/strong><\/span>Komfortabler klimatisierter Bus<br \/>\n<span style=\"color: #00ff00;\"><strong>\u2713 <\/strong><\/span>Mittagessen und Getr\u00e4nke am Fluss<br \/>\n<span style=\"color: #00ff00;\"><strong>\u2713 <\/strong><\/span>Fischereiausr\u00fcstung<\/p>\n<h3 dir=\"ltr\"><span style=\"color: #000000;\"><strong>Nicht inbegriffen:<\/strong><\/span><\/h3>\n<p dir=\"ltr\"><span style=\"color: #ff0000;\"><strong>\u2717<\/strong> <\/span>Pers\u00f6nliche Ausgaben, Fotos und Videos<\/p>\n<h2 dir=\"ltr\"><span style=\"color: #000000;\"><strong>\ud83c\udf33 H\u00f6hepunkte<\/strong><\/span><\/h2>\n<p dir=\"ltr\">\ud83d\udd39 Ruhiges Picknick am k\u00fchlen Wasser des Ulup\u0131nar<br \/>\n1,5 Stunden Angeln mit der M\u00f6glichkeit, den Fang zu kochen<br \/>\n\ud83d\udd39 Schattierte Entspannungsbereiche<br \/>\n\ud83d\udd39 Landschaftlich reizvolle Natur, ideal f\u00fcr Familien und Paare<br \/>\n\ud83d\udd39 Entspannende Erfahrung im Freien<\/p>\n<h2 dir=\"ltr\"><span style=\"color: #000000;\"><strong>\ud83d\udcd6 Vollst\u00e4ndige Beschreibung<\/strong><\/span><\/h2>\n<p dir=\"ltr\">Tauchen Sie ein in die Ruhe mit einem Transfer von Kemer oder nahe gelegenen Gebieten nach Ulup\u0131nar, das f\u00fcr seine k\u00fchlen B\u00e4che und \u00fcppigen Landschaften bekannt ist. Lassen Sie sich in einem Restaurant am Flussufer auf eine 1,5-st\u00fcndige Angelsession in ausgewiesenen Becken ein oder entspannen Sie sich einfach an einem schattigen Picknickplatz. Fangen Sie Fische, die frisch f\u00fcr Sie zubereitet werden k\u00f6nnen. Genie\u00dfen Sie ein k\u00f6stliches Mittagessen am Fluss und lassen Sie die Atmosph\u00e4re von Pinien und pl\u00e4tscherndem Wasser auf sich wirken. Diese familienfreundliche Tour verbindet Natur und Entspannung und bringt Sie erfrischt in Ihr Hotel zur\u00fcck.<\/p>\n<h3 dir=\"ltr\"><span style=\"color: #000000;\"><strong>\ud83d\uddfa\ufe0f Reiseverlauf<\/strong><\/span><\/h3>\n<p dir=\"ltr\">\ud83d\udd39 Abholung aus Kemer und Umgebung<br \/>\n\ud83d\udd39 Ankunft im Restaurant Ulup\u0131nar<br \/>\n\ud83d\udd39 Einweisung in die Fischerei<br \/>\n\ud83d\udd39 1,5 Stunden Angeln oder Freizeit<br \/>\n\ud83d\udd39 Mittagessen am Fluss<br \/>\n\ud83d\udd39 R\u00fcckkehr zum Hotel<\/p>\n<h3 dir=\"ltr\"><span style=\"color: #000000;\"><strong>\u2139\ufe0f N\u00fctzliche Informationen<\/strong><\/span><\/h3>\n<p dir=\"ltr\">\ud83d\udd39 Dauer: ~5-6 Stunden (Halbtagestour)<br \/>\n\ud83d\udd39 Geringe k\u00f6rperliche Aktivit\u00e4t (Angeln oder Entspannung)<br \/>\n\ud83d\udd39 Angeln ist optional; Sie k\u00f6nnen einfach das Picknick genie\u00dfen<br \/>\n\ud83d\udd39 Gefangener Fisch kann gekocht werden<br \/>\n\ud83d\udd39 Die Tour ist w\u00e4hrend der Sommersaison t\u00e4glich verf\u00fcgbar.<br \/>\n\ud83d\udd39 Geeignet f\u00fcr alle Altersgruppen<\/p>\n<h2 dir=\"ltr\">\ud83c\udf92 Was Sie mitbringen sollten<\/h2>\n<p dir=\"ltr\">\ud83d\udd39 Sonnenbrille und Sonnenschutzmittel<br \/>\n\ud83d\udd39 Kamera (optional)<\/p>\n<h3 dir=\"ltr\"><span style=\"color: #000000;\"><strong>\ud83d\udeab Nicht geeignet f\u00fcr<\/strong><\/span><\/h3>\n<p dir=\"ltr\">\ud83d\udd39 G\u00e4ste mit schweren Mobilit\u00e4tsproblemen<br \/>\n\ud83d\udd39 Menschen, die keine Lust auf Aktivit\u00e4ten im Freien haben<\/p>\n<h2 dir=\"ltr\"><span style=\"color: #000000;\"><strong>\ud83d\udcb8 Preis und Buchung<\/strong><\/span><\/h2>\n<p dir=\"ltr\"><strong>\ud83d\udd39 Jetzt buchen - am Tag der Tour bezahlen<\/strong><br \/>\nKontaktiere uns \u00fcber WhatsApp, Telegram, Viber oder f\u00fclle das Buchungsformular unten aus. \ud83d\udc47\ud83c\udffc<\/p>\n<p>Alternativen gesucht? St\u00f6bern Sie <a href=\"https:\/\/excursionsworld.com\/de\/kemer-ausfluege\/\">mehr Kemer-Touren<\/a>.<\/p>","protected":false},"excerpt":{"rendered":"<p>Buchen Sie Ihr ultimatives <b>Tagesausflug<\/b>! Viel Spa\u00df <b>Kemer Angeln &amp; Picknick<\/b> <b>Ausflug<\/b> in aller Ruhe <b>Ulup\u0131nar<\/b> am Fluss. Fisch (kochen Sie Ihr <b>fangen<\/b>!), entspannen, Mittagessen und Getr\u00e4nke inklusive.<\/p>","protected":false},"featured_media":12894,"comment_status":"open","ping_status":"closed","template":"","meta":[],"product_brand":[],"product_cat":[124],"product_tag":[105],"class_list":{"0":"post-12893","1":"product","2":"type-product","3":"status-publish","4":"has-post-thumbnail","6":"tour_phys-kemer-tours","7":"product_cat-kemer-tours","8":"product_tag-kemer","9":"pa_destination-kemer-tours","11":"first","12":"instock","13":"sale","14":"featured","15":"shipping-taxable","16":"purchasable","17":"product-type-tour_phys"},"aioseo_notices":[],"_links":{"self":[{"href":"https:\/\/excursionsworld.com\/de\/wp-json\/wp\/v2\/product\/12893","targetHints":{"allow":["GET"]}}],"collection":[{"href":"https:\/\/excursionsworld.com\/de\/wp-json\/wp\/v2\/product"}],"about":[{"href":"https:\/\/excursionsworld.com\/de\/wp-json\/wp\/v2\/types\/product"}],"replies":[{"embeddable":true,"href":"https:\/\/excursionsworld.com\/de\/wp-json\/wp\/v2\/comments?post=12893"}],"wp:featuredmedia":[{"embeddable":true,"href":"https:\/\/excursionsworld.com\/de\/wp-json\/wp\/v2\/media\/12894"}],"wp:attachment":[{"href":"https:\/\/excursionsworld.com\/de\/wp-json\/wp\/v2\/media?parent=12893"}],"wp:term":[{"taxonomy":"product_brand","embeddable":true,"href":"https:\/\/excursionsworld.com\/de\/wp-json\/wp\/v2\/product_brand?post=12893"},{"taxonomy":"product_cat","embeddable":true,"href":"https:\/\/excursionsworld.com\/de\/wp-json\/wp\/v2\/product_cat?post=12893"},{"taxonomy":"product_tag","embeddable":true,"href":"https:\/\/excursionsworld.com\/de\/wp-json\/wp\/v2\/product_tag?post=12893"}],"curies":[{"name":"wp","href":"https:\/\/api.w.org\/{rel}","templated":true}]}}