{"id":12915,"date":"2025-05-10T15:55:17","date_gmt":"2025-05-10T12:55:17","guid":{"rendered":"https:\/\/excursionsworld.com\/?post_type=product&#038;p=12915"},"modified":"2025-11-20T21:19:27","modified_gmt":"2025-11-20T18:19:27","slug":"kemer-tandem-paragliding-in-adrasan","status":"publish","type":"product","link":"https:\/\/excursionsworld.com\/tours\/kemer-tandem-paragliding-adrasan\/","title":{"rendered":"Kemer Tandem Paragliding in Adrasan \u2013 Flug Abenteuer"},"content":{"rendered":"<h3 dir=\"ltr\" data-pm-slice=\"1 1 []\"><span style=\"color: #000000;\"><strong>\ud83e\ude82 \u00dcberblick<\/strong><\/span><\/h3>\n<p dir=\"ltr\">Erleben Sie den Nervenkitzel des Gleitschirmfliegens \u00fcber der K\u00fcste von Adrasan auf einer halbt\u00e4gigen Tour ab Kemer und Umgebung! Fliegen Sie in 985 m H\u00f6he, genie\u00dfen Sie die Aussicht auf das Mittelmeer und schwimmen Sie am Strand von Adrasan. Dieses ca. 4-5-st\u00fcndige Abenteuer ist perfekt f\u00fcr alle, die den Nervenkitzel suchen.<\/p>\n<h3 dir=\"ltr\"><span style=\"color: #000000;\"><strong>Inbegriffen:<\/strong><\/span><\/h3>\n<p dir=\"ltr\"><span style=\"color: #00ff00;\"><strong>\u2713<\/strong> <\/span>Abholung vom Hotel und R\u00fccktransport<br \/>\n<span style=\"color: #00ff00;\"><strong>\u2713<\/strong> <\/span>Professionelle Piloten, zertifizierte Ausr\u00fcstung<br \/>\n<span style=\"color: #00ff00;\"><strong>\u2713<\/strong> <\/span>Gleitschirmflug (25-35 Minuten)<br \/>\n<span style=\"color: #00ff00;\"><strong>\u2713<\/strong> <\/span>Vollversicherung<br \/>\n<span style=\"color: #00ff00;\"><strong>\u2713<\/strong> <\/span>Badepause am Strand von Adrasan<\/p>\n<h3 dir=\"ltr\"><span style=\"color: #000000;\"><strong>Nicht inbegriffen:<\/strong><\/span><\/h3>\n<p dir=\"ltr\"><span style=\"color: #ff0000;\"><strong>\u2717<\/strong><\/span> Pers\u00f6nliche Ausgaben<br \/>\n<span style=\"color: #ff0000;\"><strong>\u2717 <\/strong><\/span>Fotos und Videos (optional)<br \/>\n<span style=\"color: #ff0000;\"><strong>\u2717 <\/strong><\/span>Getr\u00e4nke<\/p>\n<h3 dir=\"ltr\"><span style=\"color: #000000;\"><strong>\ud83c\udf0a H\u00f6hepunkte<\/strong><\/span><\/h3>\n<p dir=\"ltr\">\ud83d\udd39 Flug von 985 m \u00fcber der Bucht von Adrasan<br \/>\n\ud83d\udd39 Atemberaubende Aussicht auf das Meer und die Berge<br \/>\n\ud83d\udd39 Sicherer Flug mit erfahrenen Piloten<br \/>\n\ud83d\udd39 Sanfte Landung am Strand von Adrasan<br \/>\n\ud83d\udd39 Entspannendes Schwimmen nach dem Flug<\/p>\n<h3 dir=\"ltr\"><span style=\"color: #000000;\"><strong>\ud83d\udcd6 Vollst\u00e4ndige Beschreibung<\/strong><\/span><\/h3>\n<p dir=\"ltr\">Beginnen Sie Ihr Abenteuer mit einem bequemen Transfer von Kemer oder den nahe gelegenen Gebieten zum Startplatz in Adrasan auf 985 m. Nach einer gr\u00fcndlichen Sicherheitseinweisung werden Sie von professionellen Piloten auf den Flug vorbereitet. Gleiten Sie 25-35 Minuten lang \u00fcber das t\u00fcrkisfarbene Wasser der Bucht von Adrasan, \u00fcppige T\u00e4ler und schroffe Gipfel und genie\u00dfen Sie die Sch\u00f6nheit des Mittelmeers. Sie landen sanft am Strand von Adrasan, wo Sie im kristallklaren Wasser schwimmen und sich entspannen k\u00f6nnen. Kehren Sie zu Ihrem Hotel zur\u00fcck, befl\u00fcgelt vom Flug und vom Meer.<\/p>\n<h3 dir=\"ltr\"><span style=\"color: #000000;\"><strong>\ud83d\uddfa\ufe0f Reiseverlauf<\/strong><\/span><\/h3>\n<p dir=\"ltr\">\ud83d\udd39 Abholung aus Kemer und Umgebung<br \/>\n\ud83d\udd39 Ankunft am Startplatz Adrasan (985 m)<br \/>\n\ud83d\udd39 Einweisung und Einrichtung der Ausr\u00fcstung<br \/>\n\ud83d\udd39 Gleitschirmflug (25-35 Minuten)<br \/>\n\ud83d\udd39 Landung und Schwimmen am Strand von Adrasan<br \/>\n\ud83d\udd39 R\u00fcckkehr zum Hotel<\/p>\n<h3 dir=\"ltr\"><span style=\"color: #000000;\"><strong>\u2139\ufe0f N\u00fctzliche Informationen<\/strong><\/span><\/h3>\n<p dir=\"ltr\">\ud83d\udd39 Dauer: ~4-5 Stunden (Halbtagestour)<br \/>\n\ud83d\udd39 M\u00e4\u00dfige k\u00f6rperliche Aktivit\u00e4t<br \/>\n\ud83d\udd39 Mindestalter: 5 Jahre; H\u00f6chstgewicht: 110 kg<br \/>\n\ud83d\udd39 Die Fl\u00fcge h\u00e4ngen von den Wetter- und Windbedingungen ab<br \/>\n\ud83d\udd39 Geben Sie bei der Buchung den Namen und die Adresse des Hotels an.<br \/>\n\ud83d\udd39 Foto-\/Videopakete nach der Landung erh\u00e4ltlich<\/p>\n<h3 dir=\"ltr\"><span style=\"color: #000000;\"><strong>\ud83c\udf92 Was Sie mitbringen sollten<\/strong><\/span><\/h3>\n<p dir=\"ltr\">\ud83d\udd39 Sportschuhe (keine Sandalen oder Flip-Flops)<br \/>\n\ud83d\udd39 Sonnenbrille und Sonnenschutzmittel<br \/>\n\ud83d\udd39 Badeanzug und Handtuch<br \/>\n\ud83d\udd39 Wasser oder leichte Getr\u00e4nke<br \/>\n\ud83d\udd39 Bargeld f\u00fcr Fotos oder zus\u00e4tzliche Dienstleistungen<\/p>\n<h3 dir=\"ltr\"><span style=\"color: #000000;\"><strong>\ud83d\udeab Nicht geeignet f\u00fcr<\/strong><\/span><\/h3>\n<p dir=\"ltr\">\ud83d\udd39 Schwangere Frauen<br \/>\n\ud83d\udd39 Kinder unter 5 Jahren<br \/>\n\ud83d\udd39 Menschen mit Herzerkrankungen oder Epilepsie<br \/>\n\ud83d\udd39 Personen \u00fcber 110 kg<\/p>\n<h3 dir=\"ltr\"><span style=\"color: #000000;\"><strong>\ud83d\udcb8 Preis und Buchung<\/strong><\/span><\/h3>\n<p dir=\"ltr\"><strong>\ud83d\udd39 Jetzt buchen - am Tag der Tour bezahlen<\/strong><br \/>\nKontaktiere uns \u00fcber WhatsApp, Telegram, Viber oder f\u00fclle das Buchungsformular unten aus. \ud83d\udc47\ud83c\udffc<\/p>","protected":false},"excerpt":{"rendered":"<p>Tandem-Paragliding in Adrasan ab Kemer mit erfahrenen Piloten. Gleiten Sie \u00fcber t\u00fcrkisfarbene Buchten und landen Sie direkt am Strand. Inklusive Hoteltransfer und vollst\u00e4ndiger Anleitung.<\/p>","protected":false},"featured_media":12841,"comment_status":"open","ping_status":"closed","template":"","meta":[],"product_brand":[],"product_cat":[124],"product_tag":[105],"class_list":{"0":"post-12915","1":"product","2":"type-product","3":"status-publish","4":"has-post-thumbnail","6":"tour_phys-kemer-tours","7":"product_cat-kemer-tours","8":"product_tag-kemer","9":"pa_destination-kemer-tours","11":"first","12":"instock","13":"sale","14":"featured","15":"shipping-taxable","16":"purchasable","17":"product-type-tour_phys"},"aioseo_notices":[],"_links":{"self":[{"href":"https:\/\/excursionsworld.com\/de\/wp-json\/wp\/v2\/product\/12915","targetHints":{"allow":["GET"]}}],"collection":[{"href":"https:\/\/excursionsworld.com\/de\/wp-json\/wp\/v2\/product"}],"about":[{"href":"https:\/\/excursionsworld.com\/de\/wp-json\/wp\/v2\/types\/product"}],"replies":[{"embeddable":true,"href":"https:\/\/excursionsworld.com\/de\/wp-json\/wp\/v2\/comments?post=12915"}],"wp:featuredmedia":[{"embeddable":true,"href":"https:\/\/excursionsworld.com\/de\/wp-json\/wp\/v2\/media\/12841"}],"wp:attachment":[{"href":"https:\/\/excursionsworld.com\/de\/wp-json\/wp\/v2\/media?parent=12915"}],"wp:term":[{"taxonomy":"product_brand","embeddable":true,"href":"https:\/\/excursionsworld.com\/de\/wp-json\/wp\/v2\/product_brand?post=12915"},{"taxonomy":"product_cat","embeddable":true,"href":"https:\/\/excursionsworld.com\/de\/wp-json\/wp\/v2\/product_cat?post=12915"},{"taxonomy":"product_tag","embeddable":true,"href":"https:\/\/excursionsworld.com\/de\/wp-json\/wp\/v2\/product_tag?post=12915"}],"curies":[{"name":"wp","href":"https:\/\/api.w.org\/{rel}","templated":true}]}}