{"id":12916,"date":"2025-05-10T17:30:23","date_gmt":"2025-05-10T14:30:23","guid":{"rendered":"https:\/\/excursionsworld.com\/?post_type=product&#038;p=12916"},"modified":"2025-11-20T21:17:08","modified_gmt":"2025-11-20T18:17:08","slug":"kemer-tandem-paragliding-tahtali-berg","status":"publish","type":"product","link":"https:\/\/excursionsworld.com\/tours\/kemer-tandem-paragliding-tahtali-mountain\/","title":{"rendered":"Tandem Paragliding ab Kemer zum Tahtal\u0131 Berg (2365m) \u2013 Gleitschirmflug Abenteuer"},"content":{"rendered":"<h3 dir=\"ltr\" data-pm-slice=\"1 1 []\"><span style=\"color: #000000;\"><strong>\ud83e\ude82 \u00dcberblick<\/strong><\/span><\/h3>\n<p dir=\"ltr\">Fliegen Sie vom Gipfel des Berges Tahtal\u0131 (2365 m) bei einem Paragliding-Abenteuer von Kemer, Beldibi und Tekirova! Bestaunen Sie die Aussicht auf das Mittelmeer, die Berge und die W\u00e4lder und schwimmen Sie anschlie\u00dfend am Tekirova-Strand. Dieses halbt\u00e4gige Abenteuer dauert ca. 4-5 Stunden.<\/p>\n<h3 dir=\"ltr\"><span style=\"color: #000000;\"><strong>Inbegriffen:<\/strong><\/span><\/h3>\n<p dir=\"ltr\"><span style=\"color: #00ff00;\"><strong>\u2713<\/strong><\/span> Abholung vom Hotel und R\u00fccktransport<br \/>\n<span style=\"color: #00ff00;\"><strong>\u2713 <\/strong><\/span>Berufspiloten und Flugausr\u00fcstung<br \/>\n<span style=\"color: #00ff00;\"><strong>\u2713 <\/strong><\/span>Sicherheitseinweisung und Gleitschirmflugtraining<br \/>\n<span style=\"color: #00ff00;\"><strong>\u2713 <\/strong><\/span>Fahrkarte f\u00fcr die Seilbahn Olympos Teleferik<br \/>\n<span style=\"color: #00ff00;\"><strong>\u2713 <\/strong><\/span>Versicherung<br \/>\n<span style=\"color: #00ff00;\"><strong>\u2713 <\/strong><\/span>Badepause am Strand von Tekirova<\/p>\n<h3 dir=\"ltr\"><span style=\"color: #000000;\"><strong>Nicht inbegriffen:<\/strong><\/span><\/h3>\n<p dir=\"ltr\"><span style=\"color: #ff0000;\"><strong>\u2717<\/strong><\/span> Pers\u00f6nliche Ausgaben<br \/>\n<span style=\"color: #ff0000;\"><strong>\u2717 <\/strong><\/span>Fotos und Videos (optional)<br \/>\n<span style=\"color: #ff0000;\"><strong>\u2717 <\/strong><\/span>Getr\u00e4nke<\/p>\n<h3 dir=\"ltr\"><span style=\"color: #000000;\"><strong>\ud83c\udfd4\ufe0f H\u00f6hepunkte<\/strong><\/span><\/h3>\n<p dir=\"ltr\">\ud83d\udd39 Flug von Tahtal\u0131 - dem h\u00f6chstgelegenen Gleitschirmflugplatz des Mittelmeers<br \/>\n\ud83d\udd39 Panoramablick auf das Taurusgebirge und die K\u00fcstenlinie<br \/>\n\ud83d\udd39 Sicherer Flug mit erfahrenen Piloten<br \/>\n\ud83d\udd39 Landung am Strand von Tekirova<br \/>\n\ud83d\udd39 Optionale Foto- und Videoaufnahme<\/p>\n<h3 dir=\"ltr\"><span style=\"color: #000000;\"><strong>\ud83d\udcd6 Vollst\u00e4ndige Beschreibung<\/strong><\/span><\/h3>\n<p dir=\"ltr\">Beginnen Sie Ihr Abenteuer mit einem VIP-Transfer von Kemer, Beldibi oder Tekirova zum Fu\u00df des Berges Tahtal\u0131. Steigen Sie mit der Olympos-Teleferik-Seilbahn, dem h\u00f6chstgelegenen Startpunkt f\u00fcr Gleitschirmflieger in der Region, auf den Gipfel (2365 m). Nach einer Einweisung werden Sie von erfahrenen Piloten auf den Flug vorbereitet. Gleiten Sie \u00fcber Pinienw\u00e4lder, schroffe Gipfel und die t\u00fcrkisfarbene K\u00fcste und sehen Sie den Olympos-Nationalpark. Der 35-45-min\u00fctige Flug endet mit einer sanften Landung am Tekirova-Strand, wo Sie schwimmen und entspannen k\u00f6nnen, bevor Sie zu Ihrem Hotel zur\u00fcckkehren.<\/p>\n<h3 dir=\"ltr\"><span style=\"color: #000000;\"><strong>\ud83d\uddfa\ufe0f Reiseverlauf<\/strong><\/span><\/h3>\n<p dir=\"ltr\">\ud83d\udd39 Abholung von Kemer, Beldibi oder Tekirova<br \/>\n\ud83d\udd39 Ankunft an der Olympos Teleferik Basis<br \/>\n\ud83d\udd39 Seilbahnaufstieg zum Tahtal\u0131-Gipfel (2365 m)<br \/>\n\ud83d\udd39 Sicherheitseinweisung und Aufbau der Ausr\u00fcstung<br \/>\n\ud83d\udd39 Gleitschirmflug (35-45 Minuten)<br \/>\n\ud83d\udd39 Landung und Schwimmen am Strand von Tekirova<br \/>\n\ud83d\udd39 R\u00fcckkehr zum Hotel<\/p>\n<h3 dir=\"ltr\"><span style=\"color: #000000;\"><strong>\ud83c\udf92 Was Sie mitbringen sollten<\/strong><\/span><\/h3>\n<p dir=\"ltr\">\ud83d\udd39 Bequeme Sportschuhe<br \/>\n\ud83d\udd39 Sonnenbrille und Sonnenschutzmittel<br \/>\n\ud83d\udd39 Badeanzug und Handtuch<br \/>\n\ud83d\udd39 Wasser und kleine Snacks<br \/>\n\ud83d\udd39 Bargeld f\u00fcr zus\u00e4tzliche Dienstleistungen<\/p>\n<h3 dir=\"ltr\"><span style=\"color: #000000;\"><strong>\ud83d\udeab Nicht geeignet f\u00fcr<\/strong><\/span><\/h3>\n<p dir=\"ltr\">\ud83d\udd39 Kinder unter 5 Jahren<br \/>\n\ud83d\udd39 Schwangere Frauen<br \/>\n\ud83d\udd39 Menschen mit Epilepsie, Herz- oder Atemwegserkrankungen<br \/>\n\ud83d\udd39 M\u00e4nner \u00fcber 110 kg, Frauen \u00fcber 90 kg<\/p>\n<h3 dir=\"ltr\"><span style=\"color: #000000;\"><strong>\ud83d\udcb8 Preis und Buchung<\/strong><\/span><\/h3>\n<p dir=\"ltr\"><strong>\ud83d\udd39 Jetzt buchen - am Tag der Tour bezahlen<\/strong><br \/>\nKontaktiere uns \u00fcber WhatsApp, Telegram, Viber oder f\u00fclle das Buchungsformular unten aus. \ud83d\udc47\ud83c\udffc<\/p>","protected":false},"excerpt":{"rendered":"<p>Buchen Sie <b>Kemer Paragliding<\/b>! Steigen Sie auf von <b>Tahtal\u0131-Berg<\/b> (2365m) f\u00fcr atemberaubende <b>Ansichten<\/b> und landen auf <b>Tekirova Strand<\/b>. <b>Seilbahn<\/b> &amp; <b>\u00dcbertragung<\/b> enthalten.<\/p>","protected":false},"featured_media":12830,"comment_status":"open","ping_status":"closed","template":"","meta":[],"product_brand":[],"product_cat":[124],"product_tag":[105],"class_list":{"0":"post-12916","1":"product","2":"type-product","3":"status-publish","4":"has-post-thumbnail","6":"tour_phys-kemer-tours","7":"product_cat-kemer-tours","8":"product_tag-kemer","9":"pa_destination-kemer-tours","11":"first","12":"instock","13":"sale","14":"featured","15":"shipping-taxable","16":"purchasable","17":"product-type-tour_phys"},"aioseo_notices":[],"_links":{"self":[{"href":"https:\/\/excursionsworld.com\/de\/wp-json\/wp\/v2\/product\/12916","targetHints":{"allow":["GET"]}}],"collection":[{"href":"https:\/\/excursionsworld.com\/de\/wp-json\/wp\/v2\/product"}],"about":[{"href":"https:\/\/excursionsworld.com\/de\/wp-json\/wp\/v2\/types\/product"}],"replies":[{"embeddable":true,"href":"https:\/\/excursionsworld.com\/de\/wp-json\/wp\/v2\/comments?post=12916"}],"wp:featuredmedia":[{"embeddable":true,"href":"https:\/\/excursionsworld.com\/de\/wp-json\/wp\/v2\/media\/12830"}],"wp:attachment":[{"href":"https:\/\/excursionsworld.com\/de\/wp-json\/wp\/v2\/media?parent=12916"}],"wp:term":[{"taxonomy":"product_brand","embeddable":true,"href":"https:\/\/excursionsworld.com\/de\/wp-json\/wp\/v2\/product_brand?post=12916"},{"taxonomy":"product_cat","embeddable":true,"href":"https:\/\/excursionsworld.com\/de\/wp-json\/wp\/v2\/product_cat?post=12916"},{"taxonomy":"product_tag","embeddable":true,"href":"https:\/\/excursionsworld.com\/de\/wp-json\/wp\/v2\/product_tag?post=12916"}],"curies":[{"name":"wp","href":"https:\/\/api.w.org\/{rel}","templated":true}]}}