{"id":12918,"date":"2025-05-10T17:50:54","date_gmt":"2025-05-10T14:50:54","guid":{"rendered":"https:\/\/excursionsworld.com\/?post_type=product&#038;p=12918"},"modified":"2026-04-24T01:34:40","modified_gmt":"2026-04-23T22:34:40","slug":"sunset-seilbahn-tahtali-kemer","status":"publish","type":"product","link":"https:\/\/excursionsworld.com\/tours\/sunset-cable-car-tahtali-kemer\/","title":{"rendered":"Kemer Sunset Seilbahn zum Tahtali Berg \u2013 Olympos Teleferik"},"content":{"rendered":"<h2 dir=\"ltr\" data-pm-slice=\"1 1 []\"><span style=\"color: #000000;\"><strong>\ud83c\udfd4\ufe0f \u00dcberblick<\/strong><\/span><\/h2>\n<p dir=\"ltr\">Begeben Sie sich auf eine unvergessliche Reise zum Gipfel des Mount Tahtal\u0131, um einen Sonnenuntergang in 2365 Metern H\u00f6he zu erleben. Fahren Sie mit einer der l\u00e4ngsten Seilbahnen der Welt hinauf und genie\u00dfen Sie einen atemberaubenden Blick auf das Mittelmeer und das Taurusgebirge. Perfekt f\u00fcr einen romantischen Abend oder einen ruhigen R\u00fcckzugsort in der Natur!<\/p>\n<h3 dir=\"ltr\"><span style=\"color: #000000;\"><strong>Inbegriffen:<\/strong><\/span><\/h3>\n<p dir=\"ltr\"><span style=\"color: #00ff00;\"><strong>\u2713<\/strong><\/span> Abholung vom Hotel und R\u00fccktransport<br \/>\n<span style=\"color: #00ff00;\"><strong>\u2713 <\/strong><\/span>Versicherung<br \/>\n<span style=\"color: #00ff00;\"><strong>\u2713 <\/strong><\/span>Seilbahnticket<br \/>\n<span style=\"color: #00ff00;\"><strong>\u2713 <\/strong><\/span>Abendessen mit Live-Musik<\/p>\n<h3 dir=\"ltr\"><span style=\"color: #000000;\"><strong>Nicht inbegriffen:<\/strong><\/span><\/h3>\n<p dir=\"ltr\"><span style=\"color: #ff0000;\"><strong>\u2717<\/strong><\/span> Getr\u00e4nke<br \/>\n<span style=\"color: #ff0000;\"><strong>\u2717 <\/strong><\/span>Pers\u00f6nliche Ausgaben<br \/>\n<span style=\"color: #ff0000;\"><strong>\u2717 <\/strong><\/span>Fotos und Videos<\/p>\n<h2 dir=\"ltr\"><span style=\"color: #000000;\"><strong>\ud83c\udf1f H\u00f6hepunkte der Tour<\/strong><\/span><\/h2>\n<p dir=\"ltr\">Auffahrt mit der Seilbahn (12 Minuten) zum Gipfel des Tahtal\u0131<br \/>\n\ud83d\udd39 Unvergesslicher Sonnenuntergang mit Panoramablick auf Meer und Berge<br \/>\n\ud83d\udd39 Abendessen mit Live-Musik im Gipfelcaf\u00e9<br \/>\n\ud83d\udd39 Romantische und beschauliche Atmosph\u00e4re \u00fcber den Wolken<br \/>\n\ud83d\udd39Komfortable Hoteltransfers<br \/>\n\ud83d\udd39 Ideal f\u00fcr Paare und Naturliebhaber<\/p>\n<h2 dir=\"ltr\"><span style=\"color: #000000;\"><strong>\ud83d\udcd6 Vollst\u00e4ndige Beschreibung<\/strong><\/span><\/h2>\n<div dir=\"ltr\">Die Tour beginnt mit einem Transfer von Ihrem Hotel in Antalya zur Talstation der Seilbahn auf 726 Metern. Von dort aus genie\u00dfen Sie eine 12-min\u00fctige Fahrt mit einer der l\u00e4ngsten Seilbahnen der Welt zum Gipfel des Mount Tahtal\u0131 (2365 Meter).<\/div>\n<div dir=\"ltr\">Auf dem Gipfel bietet sich ein atemberaubender Blick auf die Mittelmeerk\u00fcste und das Taurusgebirge. Wenn die Sonne untergeht, verwandelt sich der Himmel in leuchtende Farben und schafft eine magische Atmosph\u00e4re. Machen Sie atemberaubende Fotos, atmen Sie frische Bergluft und entspannen Sie sich.<\/div>\n<div dir=\"ltr\">Nach dem Sonnenuntergang genie\u00dfen Sie ein k\u00f6stliches Abendessen mit Live-Musik im Gipfelcaf\u00e9. Anschlie\u00dfend fahren Sie mit der Seilbahn hinunter und kehren mit sch\u00f6nen Erinnerungen zu Ihrem Hotel zur\u00fcck.<\/div>\n<h3 dir=\"ltr\"><span style=\"color: #000000;\"><strong>\ud83d\uddfa\ufe0f Reiseverlauf<\/strong><\/span><\/h3>\n<p dir=\"ltr\">\ud83d\udd39 Abholung vom Hotel in Antalya<br \/>\n\ud83d\udd39 Ankunft an der Talstation der Seilbahn<br \/>\nSeilbahnaufstieg zum Tahtal\u0131-Gipfel (12 Minuten)<br \/>\n\ud83d\udd39 Genie\u00dfen Sie den Sonnenuntergang und den Panoramablick<br \/>\n\ud83d\udd39 Abendessen mit Live-Musik<br \/>\n\ud83d\udd39 Seilbahnabfahrt<br \/>\n\ud83d\udd39 R\u00fcckkehr zum Hotel<\/p>\n<h3 dir=\"ltr\"><span style=\"color: #000000;\"><strong>\u2139\ufe0f N\u00fctzliche Informationen<\/strong><\/span><\/h3>\n<p dir=\"ltr\">\ud83d\udd39 Dauer: ~4-5 Stunden<br \/>\n\ud83d\udd39 Die Sonnenuntergangszeit variiert je nach Jahreszeit<br \/>\n\ud83d\udd39 Das Wetter auf dem Gipfel kann k\u00fchler sein als in der Stadt<br \/>\n\ud83d\udd39 Frei reisende Kinder haben keinen eigenen Sitzplatz im Bus, sondern sitzen auf dem Scho\u00df eines Erwachsenen, sofern kein Sitzplatz gebucht ist.<br \/>\nKinder unter 6 Jahren, die kostenlos reisen, haben keinen eigenen Sitzplatz im Bus. Buchen Sie bei Bedarf einen Sitzplatz<\/p>\n<h2 dir=\"ltr\"><span style=\"color: #000000;\"><strong>\ud83c\udf92 Was Sie mitbringen sollten<\/strong><\/span><\/h2>\n<p dir=\"ltr\">\ud83d\udd39 Leichte Jacke (auf dem Gipfel kann es k\u00fchl werden)<br \/>\n\ud83d\udd39 Bequeme Schuhe<br \/>\n\ud83d\udd39 Kamera oder Smartphone<br \/>\n\ud83d\udd39 Bargeld f\u00fcr pers\u00f6nliche Ausgaben<\/p>\n<h3 dir=\"ltr\"><span style=\"color: #000000;\"><strong>\ud83d\udeab Nicht geeignet f\u00fcr<\/strong><\/span><\/h3>\n<p dir=\"ltr\">\ud83d\udd39 Menschen mit H\u00f6henangst<br \/>\n\ud83d\udd39 Reisende mit eingeschr\u00e4nkter Mobilit\u00e4t<\/p>\n<h4 dir=\"ltr\"><span style=\"color: #000000;\"><strong>\ud83d\udcb8 Preis und Buchung<\/strong><\/span><\/h4>\n<p dir=\"ltr\"><strong>\ud83d\udd39 Jetzt buchen - am Tag der Tour bezahlen<\/strong><br \/>\nKontaktiere uns \u00fcber WhatsApp, Telegram, Viber oder f\u00fclle das Buchungsformular unten aus. \ud83d\udc47\ud83c\udffc<\/p>\n<p>Alternativen gesucht? St\u00f6bern Sie <a href=\"https:\/\/excursionsworld.com\/de\/kemer-ausfluege\/\">weitere Kemer-Touren in <a href=\"https:\/\/en.wikipedia.org\/wiki\/Olympos,_Antalya\" target=\"_blank\" rel=\"noopener\">Olympos<\/a><\/a>.<\/p>","protected":false},"excerpt":{"rendered":"<p>Buchen Sie eine <b>Romantischer Ausflug bei Sonnenuntergang<\/b>! Reiten Sie die <b>Tahtal\u0131-Seilbahn<\/b> zu <b>2365m<\/b> f\u00fcr magische <b>Ansichten<\/b> und genie\u00dfen <b>Abendessen<\/b> mit <b>Live-Musik<\/b> auf dem Gipfel. Kemer<b>\u00a0\u00dcbertragung<\/b> enthalten.<\/p>","protected":false},"featured_media":12625,"comment_status":"open","ping_status":"closed","template":"","meta":[],"product_brand":[],"product_cat":[124],"product_tag":[105],"class_list":{"0":"post-12918","1":"product","2":"type-product","3":"status-publish","4":"has-post-thumbnail","6":"tour_phys-kemer-tours","7":"product_cat-kemer-tours","8":"product_tag-kemer","9":"pa_destination-kemer-tours","11":"first","12":"instock","13":"sale","14":"shipping-taxable","15":"purchasable","16":"product-type-tour_phys"},"aioseo_notices":[],"_links":{"self":[{"href":"https:\/\/excursionsworld.com\/de\/wp-json\/wp\/v2\/product\/12918","targetHints":{"allow":["GET"]}}],"collection":[{"href":"https:\/\/excursionsworld.com\/de\/wp-json\/wp\/v2\/product"}],"about":[{"href":"https:\/\/excursionsworld.com\/de\/wp-json\/wp\/v2\/types\/product"}],"replies":[{"embeddable":true,"href":"https:\/\/excursionsworld.com\/de\/wp-json\/wp\/v2\/comments?post=12918"}],"wp:featuredmedia":[{"embeddable":true,"href":"https:\/\/excursionsworld.com\/de\/wp-json\/wp\/v2\/media\/12625"}],"wp:attachment":[{"href":"https:\/\/excursionsworld.com\/de\/wp-json\/wp\/v2\/media?parent=12918"}],"wp:term":[{"taxonomy":"product_brand","embeddable":true,"href":"https:\/\/excursionsworld.com\/de\/wp-json\/wp\/v2\/product_brand?post=12918"},{"taxonomy":"product_cat","embeddable":true,"href":"https:\/\/excursionsworld.com\/de\/wp-json\/wp\/v2\/product_cat?post=12918"},{"taxonomy":"product_tag","embeddable":true,"href":"https:\/\/excursionsworld.com\/de\/wp-json\/wp\/v2\/product_tag?post=12918"}],"curies":[{"name":"wp","href":"https:\/\/api.w.org\/{rel}","templated":true}]}}