{"id":12920,"date":"2025-05-10T18:27:29","date_gmt":"2025-05-10T15:27:29","guid":{"rendered":"https:\/\/excursionsworld.com\/?post_type=product&#038;p=12920"},"modified":"2025-12-10T11:24:48","modified_gmt":"2025-12-10T08:24:48","slug":"dolusu-wasserpark-kemer","status":"publish","type":"product","link":"https:\/\/excursionsworld.com\/tours\/dolusu-aquapark-kemer\/","title":{"rendered":"DoluSu Aquapark Kemer \u2013 Extreme Wasserrutschen &amp; Meerjungfrauen Show"},"content":{"rendered":"<h3 dir=\"ltr\" data-pm-slice=\"1 1 []\"><span style=\"color: #000000;\"><strong>\ud83c\udf0a \u00dcberblick<\/strong><\/span><\/h3>\n<p dir=\"ltr\">Tauchen Sie ein in eine Welt voller Spa\u00df mit einer Ganztagestour zum DoluSu Aquapark von Kemer und Umgebung aus! Fahren Sie mit aufregenden Rutschen, sehen Sie sich Meerjungfrauen-Shows an und entspannen Sie sich am Strand. Diese ca. 8-st\u00fcndige Tour ist ideal f\u00fcr Familien und Abenteuerlustige!<\/p>\n<h3 dir=\"ltr\"><span style=\"color: #000000;\"><strong>Inbegriffen:<\/strong><\/span><\/h3>\n<div dir=\"ltr\"><span style=\"color: #00ff00;\"><strong>\u2713<\/strong><\/span> Abholung und R\u00fccktransport vom Hotel in Kemer<br \/>\n<span style=\"color: #00ff00;\"><strong>\u2713 <\/strong><\/span>Eintrittskarte f\u00fcr den Aquapark DoluSu<br \/>\n<span style=\"color: #00ff00;\"><strong>\u2713 <\/strong><\/span>Zugang zu allen Rutschen und Attraktionen<br \/>\n<span style=\"color: #00ff00;\"><strong>\u2713 <\/strong><\/span>Liegest\u00fchle und Schlie\u00dff\u00e4cher am Strand<br \/>\n<span style=\"color: #00ff00;\"><strong>\u2713 <\/strong><\/span>Shows, DJ-Auftritte und Schaumparty<br \/>\n<span style=\"color: #00ff00;\"><strong>\u2713 <\/strong><\/span>Mittagessen<\/div>\n<div dir=\"ltr\"><span style=\"color: #00ff00;\"><strong>\u2713\u00a0 <\/strong><\/span>Meerjungfrauen-Show<\/div>\n<h3 dir=\"ltr\"><span style=\"color: #000000;\"><strong>Nicht inbegriffen:<\/strong><\/span><\/h3>\n<p dir=\"ltr\"><span style=\"color: #ff0000;\"><strong>\u2717<\/strong><\/span> Pers\u00f6nliche Ausgaben<br \/>\n<span style=\"color: #ff0000;\"><strong>\u2717 <\/strong><\/span>Getr\u00e4nke<\/p>\n<h3 dir=\"ltr\"><span style=\"color: #000000;\"><strong>\ud83c\udfa2 H\u00f6hepunkte<\/strong><\/span><\/h3>\n<p dir=\"ltr\">\ud83d\udd39 Hochgeschwindigkeitsrutschen: Riesiger Trichter<br \/>\n\ud83d\udd39 Die erste Meerjungfrauen-Show der T\u00fcrkei<br \/>\n\ud83d\udd39 Wellenbad und Kinderbereiche<br \/>\nDJ, Schaumpartys und Strand<br \/>\n\ud83d\udd39 Privatstrand mit Liegest\u00fchlen<br \/>\n\ud83d\udd39 M\u00e4rchenstra\u00dfe mit Folklorefiguren<\/p>\n<h3 dir=\"ltr\"><span style=\"color: #000000;\"><strong>\ud83d\udcd6 Vollst\u00e4ndige Beschreibung<\/strong><\/span><\/h3>\n<p dir=\"ltr\">Starten Sie von Kemer aus mit einem bequemen Transfer in einen aufregenden Tag im DoluSu Aquapark. Rasen Sie 17 Hochgeschwindigkeitsrutschen hinunter, entspannen Sie sich im Wellenbad oder besuchen Sie die Meerjungfrauen-Show, bei der Sie sogar mit ihnen schwimmen k\u00f6nnen. Kinder werden die M\u00e4rchenstra\u00dfe mit t\u00fcrkischen Sagengestalten lieben. Tanzen Sie zu DJ-Sets, genie\u00dfen Sie eine Schaumparty oder entspannen Sie sich am Privatstrand. Nach einem Tag voller Abenteuer kehren Sie mit vielen sch\u00f6nen Erinnerungen in Ihr Hotel zur\u00fcck.<\/p>\n<h3 dir=\"ltr\"><span style=\"color: #000000;\"><strong>\ud83d\uddfa\ufe0f Reiseverlauf<\/strong><\/span><\/h3>\n<p dir=\"ltr\">\ud83d\udd39 Abholung aus Kemer und Umgebung<br \/>\n\ud83d\udd39 Ankunft im Aquapark DoluSu<br \/>\n\ud83d\udd39 Kurze Einf\u00fchrung und Informationen<br \/>\n\ud83d\udd39 Freizeit f\u00fcr Sehensw\u00fcrdigkeiten und Strand (~6-7 Stunden)<br \/>\n\ud83d\udd39 R\u00fcckkehr zum Hotel<\/p>\n<h3 dir=\"ltr\"><span style=\"color: #000000;\"><strong>\u2139\ufe0f N\u00fctzliche Informationen<\/strong><\/span><\/h3>\n<p dir=\"ltr\">\ud83d\udd39 Dauer: ~8 Stunden (Ganztagestour)<br \/>\n\ud83d\udd39 Geeignet f\u00fcr Personen mit eingeschr\u00e4nkter Mobilit\u00e4t<br \/>\n\ud83d\udd39 M\u00e4\u00dfige k\u00f6rperliche Aktivit\u00e4t<br \/>\n\ud83d\udd39 Frei reisende Kinder haben keinen eigenen Sitzplatz im Bus. Buchen Sie bei Bedarf einen Sitzplatz.<\/p>\n<h3 dir=\"ltr\"><span style=\"color: #000000;\"><strong>\ud83c\udf92 Was Sie mitbringen sollten<\/strong><\/span><\/h3>\n<p dir=\"ltr\">\ud83d\udd39 Reisepass oder Personalausweis<br \/>\n\ud83d\udd39 Badeanzug und Handtuch<br \/>\n\ud83d\udd39 Bequeme Shorts<br \/>\n\ud83d\udd39 Sonnenschutzmittel<\/p>\n<h3 dir=\"ltr\"><span style=\"color: #000000;\"><strong>\ud83d\udeab Nicht geeignet f\u00fcr<\/strong><\/span><\/h3>\n<p dir=\"ltr\">\ud83d\udd39 Schwangere Frauen<br \/>\n\ud83d\udd39 Personen \u00fcber 120 kg<\/p>\n<h3 dir=\"ltr\"><span style=\"color: #000000;\"><strong>\ud83d\udcb8 Preis und Buchung<\/strong><\/span><\/h3>\n<p dir=\"ltr\"><strong>\ud83d\udd39 Jetzt buchen - am Tag der Tour bezahlen<\/strong><br \/>\nKontaktiere uns \u00fcber WhatsApp, Telegram, Viber oder f\u00fclle das Buchungsformular unten aus. \ud83d\udc47\ud83c\udffc<\/p>","protected":false},"excerpt":{"rendered":"<p>Die ultimative Familie <b>Tagesausflug<\/b>! Buchen Sie <b>Kemer DoluSu Aquapark<\/b> <b>Ausflug<\/b>! Genie\u00dfen Sie die einzigartige <b>Meerjungfrauen-Show<\/b>, 17 Spannend <b>Folien<\/b>, und eine <b>Schaumparty<\/b>. Mittagessen inklusive.<\/p>","protected":false},"featured_media":12751,"comment_status":"open","ping_status":"closed","template":"","meta":[],"product_brand":[],"product_cat":[124],"product_tag":[105],"class_list":{"0":"post-12920","1":"product","2":"type-product","3":"status-publish","4":"has-post-thumbnail","6":"tour_phys-kemer-tours","7":"product_cat-kemer-tours","8":"product_tag-kemer","9":"pa_destination-kemer-tours","11":"first","12":"instock","13":"sale","14":"shipping-taxable","15":"purchasable","16":"product-type-tour_phys"},"aioseo_notices":[],"_links":{"self":[{"href":"https:\/\/excursionsworld.com\/de\/wp-json\/wp\/v2\/product\/12920","targetHints":{"allow":["GET"]}}],"collection":[{"href":"https:\/\/excursionsworld.com\/de\/wp-json\/wp\/v2\/product"}],"about":[{"href":"https:\/\/excursionsworld.com\/de\/wp-json\/wp\/v2\/types\/product"}],"replies":[{"embeddable":true,"href":"https:\/\/excursionsworld.com\/de\/wp-json\/wp\/v2\/comments?post=12920"}],"wp:featuredmedia":[{"embeddable":true,"href":"https:\/\/excursionsworld.com\/de\/wp-json\/wp\/v2\/media\/12751"}],"wp:attachment":[{"href":"https:\/\/excursionsworld.com\/de\/wp-json\/wp\/v2\/media?parent=12920"}],"wp:term":[{"taxonomy":"product_brand","embeddable":true,"href":"https:\/\/excursionsworld.com\/de\/wp-json\/wp\/v2\/product_brand?post=12920"},{"taxonomy":"product_cat","embeddable":true,"href":"https:\/\/excursionsworld.com\/de\/wp-json\/wp\/v2\/product_cat?post=12920"},{"taxonomy":"product_tag","embeddable":true,"href":"https:\/\/excursionsworld.com\/de\/wp-json\/wp\/v2\/product_tag?post=12920"}],"curies":[{"name":"wp","href":"https:\/\/api.w.org\/{rel}","templated":true}]}}