{"id":12921,"date":"2025-05-10T18:48:34","date_gmt":"2025-05-10T15:48:34","guid":{"rendered":"https:\/\/excursionsworld.com\/?post_type=product&#038;p=12921"},"modified":"2026-04-30T18:09:22","modified_gmt":"2026-04-30T15:09:22","slug":"kingdom-of-sea-aquapark-kemer-all","status":"publish","type":"product","link":"https:\/\/excursionsworld.com\/tours\/kemer-kingdom-of-sea-aquapark\/","title":{"rendered":"Kingdom of Sea Aquapark Kemer \u2013 All Inclusive Wasserspa\u00df &amp; Rutschen"},"content":{"rendered":"<h2 dir=\"ltr\" data-pm-slice=\"1 1 []\"><span style=\"color: #000000;\"><strong>\ud83c\udf0a \u00dcberblick<\/strong><\/span><\/h2>\n<p dir=\"ltr\">Tauchen Sie ein in einen aufregenden Tag im Kingdom of Sea Aquapark mit Transfers von <a href=\"https:\/\/en.wikipedia.org\/wiki\/Kemer,_Antalya\" target=\"_blank\" rel=\"noopener\">Kemer<\/a> und umliegende Gebiete! Genie\u00dfen Sie aufregende Wasserrutschen, einen riesigen Wellenpool und kinderfreundliche Bereiche in einem der Top-Wasserparks von Antalya. Diese ca. 7-8-st\u00fcndige Tour ist perfekt f\u00fcr Familien und Freunde und bietet jede Menge Spa\u00df.<\/p>\n<h3 dir=\"ltr\"><span style=\"color: #000000;\"><strong>Inbegriffen:<\/strong><\/span><\/h3>\n<div dir=\"ltr\"><span style=\"color: #00ff00;\"><strong>\u2713<\/strong> <\/span>Abholung vom Hotel und R\u00fccktransport<br \/>\n<span style=\"color: #00ff00;\"><strong>\u2713<\/strong> <\/span> Komfortabler klimatisierter Bus<br \/>\n<span style=\"color: #00ff00;\"><strong>\u2713<\/strong> <\/span>Eintrittskarte f\u00fcr den Aquapark K\u00f6nigreich des Meeres<br \/>\n<span style=\"color: #00ff00;\"><strong>\u2713<\/strong> <\/span>Vollversicherung<br \/>\n<span style=\"color: #00ff00;\"><strong>\u2713<\/strong> <\/span>Mittagessen im Park<\/div>\n<div dir=\"ltr\"><span style=\"color: #00ff00;\"><strong>\u2713 <\/strong><\/span>Getr\u00e4nke<\/div>\n<h3 dir=\"ltr\"><span style=\"color: #000000;\"><strong>Nicht inbegriffen:<\/strong><\/span><\/h3>\n<p dir=\"ltr\"><span style=\"color: #ff0000;\"><strong>\u2717<\/strong><\/span> Pers\u00f6nliche Ausgaben<br \/>\n<span style=\"color: #ff0000;\"><strong>\u2717 <\/strong><\/span>Fotos und Videos (optional)<\/p>\n<h2 dir=\"ltr\"><span style=\"color: #000000;\"><strong>\ud83c\udfa2 H\u00f6hepunkte<\/strong><\/span><\/h2>\n<p dir=\"ltr\">\ud83d\udd39 Hochgeschwindigkeits-Wasserrutschen und ein riesiges Wellenbad<br \/>\n\ud83d\udd39 Sichere Spielpl\u00e4tze und Schwimmb\u00e4der f\u00fcr Kinder<br \/>\n\ud83d\udd39 Unbegrenzter Zugang zu allen Attraktionen den ganzen Tag<br \/>\n\ud83d\udd39 Gem\u00fctliche Ruhezonen<br \/>\n\ud83d\udd39Spa\u00df f\u00fcr alle Altersgruppen<\/p>\n<h2 dir=\"ltr\"><span style=\"color: #000000;\"><strong>\ud83d\udcd6 Beschreibung<\/strong><\/span><\/h2>\n<p dir=\"ltr\">Beginnen Sie Ihr Abenteuer mit einem bequemen Transfer von Kemer oder den umliegenden Gebieten zum Kingdom of Sea Aquapark in Antalya. Tauchen Sie ein in eine pulsierende Welt voller Spa\u00df mit schwindelerregenden Rutschen, einem weitl\u00e4ufigen Wellenbad und interaktiven Bereichen f\u00fcr alle Altersgruppen. Kinder werden sich an den farbenfrohen Planschbecken erfreuen, w\u00e4hrend Erwachsene die adrenalingeladenen Rutschen in Angriff nehmen oder sich in schattigen Lounge-Bereichen entspannen k\u00f6nnen. Ein herzhaftes Mittagessen gibt Ihnen Energie f\u00fcr weitere Wasserabenteuer. Rettungsschwimmer sorgen f\u00fcr die Sicherheit, und dieser unbeschwerte Tag voller Lachen und Wasserspa\u00df endet mit der R\u00fcckkehr in Ihr Hotel, damit Sie bleibende Erinnerungen mitnehmen k\u00f6nnen.<\/p>\n<h3 dir=\"ltr\"><span style=\"color: #000000;\"><strong>\ud83d\uddfa\ufe0f Reiseverlauf<\/strong><\/span><\/h3>\n<p dir=\"ltr\">\ud83d\udd39 Abholung aus Kemer und Umgebung<br \/>\n\ud83d\udd39 Ankunft im K\u00f6nigreich des Meeres Aquapark<br \/>\n\ud83d\udd39 Willkommens-Briefing<br \/>\n\ud83d\udd39 Freie Zeit f\u00fcr Rutschen, Schwimmb\u00e4der, Pools und Attraktionen<br \/>\n\ud83d\udd39 Mittagessen im Park<br \/>\n\ud83d\udd39 R\u00fcckkehr nach Kemer<\/p>\n<h3 dir=\"ltr\"><span style=\"color: #000000;\"><strong>\u2139\ufe0f N\u00fctzliche Informationen<\/strong><\/span><\/h3>\n<p>\ud83d\udd39 <strong>Dauer<\/strong>: ~7-8 Stunden (Ganztagestour)<br \/>\n\ud83d\udd39 <strong>K\u00f6rperliche Aktivit\u00e4t<\/strong>: Gering bis m\u00e4\u00dfig<br \/>\n\ud83d\udd39 <strong>Einrichtungen<\/strong>: Schlie\u00dff\u00e4cher im Park vorhanden<br \/>\n\ud83d\udd39 <strong>Sicherheit<\/strong>: Rettungsschwimmer und diensthabendes Personal<br \/>\n\ud83d\udd39 <strong>Beaufsichtigung<\/strong>: Kinder m\u00fcssen von Erwachsenen begleitet werden<br \/>\n\ud83d\udd39 <strong>Beschr\u00e4nkungen<\/strong>: Einige Rutschen haben H\u00f6hen-\/Altersbeschr\u00e4nkungen<br \/>\n\ud83d\udd39 <strong>Kinderpolitik<\/strong>: Kinder unter 6 Jahren, die kostenlos reisen, haben keinen eigenen Sitzplatz im Bus. Wenn der Bus voll ist, sitzen sie auf dem Scho\u00df eines Erwachsenen, oder es kann ein separater Sitzplatz gebucht werden<\/p>\n<h2 dir=\"ltr\"><span style=\"color: #000000;\"><strong>\ud83c\udf92 Was Sie mitbringen sollten<\/strong><\/span><\/h2>\n<p dir=\"ltr\">\ud83d\udd39 Badeanzug und Handtuch<br \/>\n\ud83d\udd39 Sonnenbrille und Sonnenschutzmittel<br \/>\n\ud83d\udd39 Bargeld f\u00fcr Getr\u00e4nke oder zus\u00e4tzliche Dienstleistungen<\/p>\n<h3 dir=\"ltr\"><span style=\"color: #000000;\"><strong>\ud83d\udeab Nicht geeignet f\u00fcr<\/strong><\/span><\/h3>\n<div dir=\"ltr\">\ud83d\udd39 G\u00e4ste mit schweren Mobilit\u00e4tsproblemen<br \/>\n\ud83d\udd39 Menschen, die Wasseraktivit\u00e4ten nicht m\u00f6gen<\/div>\n<h2 dir=\"ltr\"><span style=\"color: #000000;\"><strong>\ud83d\udcb8 Preis und Buchung<\/strong><\/span><\/h2>\n<p dir=\"ltr\">\ud83d\udd39 <strong>Jetzt buchen, am Tag der Tour bezahlen<\/strong><br \/>\nKontaktiere uns \u00fcber WhatsApp, Telegram, Viber oder f\u00fclle das Buchungsformular unten aus. \ud83d\udc47\ud83c\udffc<\/p>\n<p>Alternativen gesucht? St\u00f6bern Sie <a href=\"https:\/\/excursionsworld.com\/de\/kemer-ausfluege\/\">mehr Kemer-Touren<\/a>.<\/p>","protected":false},"excerpt":{"rendered":"<p>Die perfekte Familie <b>Tagesausflug<\/b>! Viel Spa\u00df <b>Kemer K\u00f6nigreich des Meeres Aquapark<\/b> <b>alles inklusive<\/b> (Mittagessen und Getr\u00e4nke)! Spannend <b>Wasserrutschen<\/b> und <b>Wellenbad<\/b> Spa\u00df. <b>\u00dcbertragung<\/b> enthalten.<\/p>","protected":false},"featured_media":12857,"comment_status":"open","ping_status":"closed","template":"","meta":[],"product_brand":[],"product_cat":[124],"product_tag":[105],"class_list":{"0":"post-12921","1":"product","2":"type-product","3":"status-publish","4":"has-post-thumbnail","6":"tour_phys-kemer-tours","7":"product_cat-kemer-tours","8":"product_tag-kemer","9":"pa_destination-kemer-tours","11":"first","12":"instock","13":"sale","14":"shipping-taxable","15":"purchasable","16":"product-type-tour_phys"},"aioseo_notices":[],"_links":{"self":[{"href":"https:\/\/excursionsworld.com\/de\/wp-json\/wp\/v2\/product\/12921","targetHints":{"allow":["GET"]}}],"collection":[{"href":"https:\/\/excursionsworld.com\/de\/wp-json\/wp\/v2\/product"}],"about":[{"href":"https:\/\/excursionsworld.com\/de\/wp-json\/wp\/v2\/types\/product"}],"replies":[{"embeddable":true,"href":"https:\/\/excursionsworld.com\/de\/wp-json\/wp\/v2\/comments?post=12921"}],"wp:featuredmedia":[{"embeddable":true,"href":"https:\/\/excursionsworld.com\/de\/wp-json\/wp\/v2\/media\/12857"}],"wp:attachment":[{"href":"https:\/\/excursionsworld.com\/de\/wp-json\/wp\/v2\/media?parent=12921"}],"wp:term":[{"taxonomy":"product_brand","embeddable":true,"href":"https:\/\/excursionsworld.com\/de\/wp-json\/wp\/v2\/product_brand?post=12921"},{"taxonomy":"product_cat","embeddable":true,"href":"https:\/\/excursionsworld.com\/de\/wp-json\/wp\/v2\/product_cat?post=12921"},{"taxonomy":"product_tag","embeddable":true,"href":"https:\/\/excursionsworld.com\/de\/wp-json\/wp\/v2\/product_tag?post=12921"}],"curies":[{"name":"wp","href":"https:\/\/api.w.org\/{rel}","templated":true}]}}