{"id":12944,"date":"2025-05-11T10:54:45","date_gmt":"2025-05-11T07:54:45","guid":{"rendered":"https:\/\/excursionsworld.com\/?post_type=product&#038;p=12944"},"modified":"2025-12-10T11:12:11","modified_gmt":"2025-12-10T08:12:11","slug":"goynuk-canyon-kemer","status":"publish","type":"product","link":"https:\/\/excursionsworld.com\/tours\/goynuk-canyon-kemer\/","title":{"rendered":"G\u00f6yn\u00fck Canyon Ausflug ab Kemer \u2013 Halbtagesausflug"},"content":{"rendered":"<h3 dir=\"ltr\" data-pm-slice=\"1 1 []\"><span style=\"color: #000000;\"><strong>\ud83c\udf3f \u00dcberblick<\/strong><\/span><\/h3>\n<p dir=\"ltr\">Tauchen Sie auf einer Halbtagestour von Kemer und Umgebung aus in die Sch\u00f6nheit der G\u00f6yn\u00fck-Schlucht ein! Wandern Sie auf malerischen Pfaden, schwimmen Sie im t\u00fcrkisfarbenen Wasser und bestaunen Sie die Beyda\u011flar\u0131-Berge. Diese Tour ist ideal f\u00fcr Naturliebhaber und dauert ca. 4-5 Stunden.<\/p>\n<h3 dir=\"ltr\"><span style=\"color: #000000;\"><strong>Inbegriffen:<\/strong><\/span><\/h3>\n<p dir=\"ltr\"><span style=\"color: #00ff00;\"><strong>\u2713<\/strong><\/span> Abholung vom Hotel und R\u00fccktransport<br \/>\n<span style=\"color: #00ff00;\"><strong>\u2713 <\/strong><\/span>Eintritt in die G\u00f6yn\u00fck-Schlucht<br \/>\n<span style=\"color: #00ff00;\"><strong>\u2713 <\/strong><\/span>Leitfaden<br \/>\n<span style=\"color: #00ff00;\"><strong>\u2713 <\/strong><\/span>Vollversicherung<br \/>\n<span style=\"color: #00ff00;\"><strong>\u2713 <\/strong><\/span>Offener Bus (Cabrio)<\/p>\n<h3 dir=\"ltr\"><span style=\"color: #000000;\"><strong>Nicht inbegriffen:<\/strong><\/span><\/h3>\n<p dir=\"ltr\"><strong><span style=\"color: #ff0000;\">\u2717<\/span><\/strong> Getr\u00e4nke<br \/>\n<strong><span style=\"color: #ff0000;\">\u2717 <\/span><\/strong>Pers\u00f6nliche Ausgaben, Fotos und Videos<br \/>\n<strong><span style=\"color: #ff0000;\">\u2717 <\/span><\/strong>Optionale Aktivit\u00e4ten<\/p>\n<h3 dir=\"ltr\"><span style=\"color: #000000;\"><strong>\ud83c\udfde\ufe0f H\u00f6hepunkte<\/strong><\/span><\/h3>\n<p dir=\"ltr\">\ud83d\udd39 G\u00f6yn\u00fck-Schlucht mit 350 Meter hohen Klippen und t\u00fcrkisfarbenen Becken<br \/>\n\ud83d\udd39 Wanderungen durch den Beyda\u011flar\u0131-Nationalpark<br \/>\n\ud83d\udd39 Schwimmen in Berggew\u00e4ssern<br \/>\n\ud83d\udd39 Charme von G\u00f6yn\u00fck \u201cfruchtbares Tal\u201d<br \/>\nWahlweise Zipline, Body Rafting oder Kanufahren<\/p>\n<h3 dir=\"ltr\"><span style=\"color: #000000;\"><strong>\ud83d\udcd6 Vollst\u00e4ndige Beschreibung<\/strong><\/span><\/h3>\n<p dir=\"ltr\">Begeben Sie sich auf ein erfrischendes Abenteuer mit einem Transfer von Kemer oder den umliegenden Gebieten zum G\u00f6yn\u00fck Canyon, der im Beyda\u011flar\u0131-Nationalpark eingebettet ist. Dieser 14 Kilometer lange Canyon mit seinen 350 Meter hohen Klippen besticht durch dramatische Landschaften und kristallklare Pools. Wandern Sie auf Waldpfaden, waten Sie durch seichte Gew\u00e4sser und sp\u00fcren Sie die Gelassenheit von G\u00f6yn\u00fck, was auf etruskisch \u201cfruchtbares Tal\u201d bedeutet. Erkunden Sie in Begleitung eines englischsprachigen Experten dieses mediterrane Kleinod, das zum Wandern, Schwimmen und Fotografieren einl\u00e4dt. Wenn Sie den Nervenkitzel suchen, k\u00f6nnen Sie optional eine Seilrutsche, Body Rafting oder Kanufahren ausprobieren. Kehren Sie mittags in Ihr Hotel zur\u00fcck und lassen Sie sich von der Natur inspirieren.<\/p>\n<h3 dir=\"ltr\"><span style=\"color: #000000;\"><strong>\ud83d\uddfa\ufe0f Reiseverlauf<\/strong><\/span><\/h3>\n<p dir=\"ltr\">\ud83d\udd39 Abholung aus Kemer und Umgebung<br \/>\n\ud83d\udd39 Ankunft in der G\u00f6yn\u00fck-Schlucht<br \/>\nFreie Zeit zum Wandern, Schwimmen und Erkunden (ca. 2 Stunden)<br \/>\n\ud83d\udd39 Optionale Aktivit\u00e4ten (Zipline, Rafting, Kanufahren)<br \/>\n\ud83d\udd39 R\u00fcckkehr zum Hotel bis zum Mittagessen<\/p>\n<h3 dir=\"ltr\"><span style=\"color: #000000;\"><strong>\u2139\ufe0f N\u00fctzliche Informationen<\/strong><\/span><\/h3>\n<p dir=\"ltr\">\ud83d\udd39 Dauer: ~4-5 Stunden (Halbtagestour)<br \/>\n\ud83d\udd39 M\u00e4\u00dfige k\u00f6rperliche Aktivit\u00e4t (Wandern und Waten)<br \/>\n\ud83d\udd39 Zus\u00e4tzliche Transfergeb\u00fchr von \u00c7amyuva\/Tekirova: $5 pro Person<br \/>\n\ud83d\udd39 Kinder unter 5 Jahren teilen sich einen Sitzplatz im Bus<br \/>\n\ud83d\udd39 Optionale Aktivit\u00e4ten: Zipline, Body Rafting, Kanufahren<\/p>\n<h3 dir=\"ltr\"><span style=\"color: #000000;\"><strong>\ud83c\udf92 Was Sie mitbringen sollten<\/strong><\/span><\/h3>\n<p dir=\"ltr\">\ud83d\udd39 Badeanzug und Handtuch<br \/>\n\ud83d\udd39 Bequeme, wasserfeste Schuhe<br \/>\n\ud83d\udd39 Sonnenbrille, Hut, Sonnenschutzmittel<br \/>\n\ud83d\udd39 Wasser und Snacks<br \/>\n\ud83d\udd39 Kamera oder Smartphone<br \/>\n\ud83d\udd39 Bargeld f\u00fcr zus\u00e4tzliche Dienstleistungen<\/p>\n<h3 dir=\"ltr\"><span style=\"color: #000000;\"><strong>\ud83d\udeab Nicht geeignet f\u00fcr<\/strong><\/span><\/h3>\n<p dir=\"ltr\">\ud83d\udd39 Rollstuhlfahrer<br \/>\n\ud83d\udd39 Unbeaufsichtigte Kleinkinder<br \/>\n\ud83d\udd39 Menschen mit eingeschr\u00e4nkter Mobilit\u00e4t<\/p>\n<h3 dir=\"ltr\"><span style=\"color: #000000;\"><strong>\ud83d\udcb8 Preis und Buchung<\/strong><\/span><\/h3>\n<p dir=\"ltr\"><strong>\ud83d\udd39 Jetzt buchen, am Tag der Tour bezahlen<\/strong><br \/>\nKontaktiere uns \u00fcber WhatsApp, Telegram, Viber oder f\u00fclle das Buchungsformular unten aus. \ud83d\udc47\ud83c\udffc<\/p>","protected":false},"excerpt":{"rendered":"<p>Nehmen Sie an einer G\u00f6yn\u00fck-Canyon-Tour ab Kemer teil! Genie\u00dfen Sie Wandern, Schwimmen und Naturansichten im Beyda\u011flar\u0131-Nationalpark. Halbtagesausflug mit Transfers inklusive.<\/p>","protected":false},"featured_media":12811,"comment_status":"open","ping_status":"closed","template":"","meta":[],"product_brand":[],"product_cat":[124],"product_tag":[105],"class_list":{"0":"post-12944","1":"product","2":"type-product","3":"status-publish","4":"has-post-thumbnail","6":"tour_phys-kemer-tours","7":"product_cat-kemer-tours","8":"product_tag-kemer","9":"pa_destination-kemer-tours","11":"first","12":"instock","13":"sale","14":"featured","15":"shipping-taxable","16":"purchasable","17":"product-type-tour_phys"},"aioseo_notices":[],"_links":{"self":[{"href":"https:\/\/excursionsworld.com\/de\/wp-json\/wp\/v2\/product\/12944","targetHints":{"allow":["GET"]}}],"collection":[{"href":"https:\/\/excursionsworld.com\/de\/wp-json\/wp\/v2\/product"}],"about":[{"href":"https:\/\/excursionsworld.com\/de\/wp-json\/wp\/v2\/types\/product"}],"replies":[{"embeddable":true,"href":"https:\/\/excursionsworld.com\/de\/wp-json\/wp\/v2\/comments?post=12944"}],"wp:featuredmedia":[{"embeddable":true,"href":"https:\/\/excursionsworld.com\/de\/wp-json\/wp\/v2\/media\/12811"}],"wp:attachment":[{"href":"https:\/\/excursionsworld.com\/de\/wp-json\/wp\/v2\/media?parent=12944"}],"wp:term":[{"taxonomy":"product_brand","embeddable":true,"href":"https:\/\/excursionsworld.com\/de\/wp-json\/wp\/v2\/product_brand?post=12944"},{"taxonomy":"product_cat","embeddable":true,"href":"https:\/\/excursionsworld.com\/de\/wp-json\/wp\/v2\/product_cat?post=12944"},{"taxonomy":"product_tag","embeddable":true,"href":"https:\/\/excursionsworld.com\/de\/wp-json\/wp\/v2\/product_tag?post=12944"}],"curies":[{"name":"wp","href":"https:\/\/api.w.org\/{rel}","templated":true}]}}