{"id":12945,"date":"2025-05-11T11:00:46","date_gmt":"2025-05-11T08:00:46","guid":{"rendered":"https:\/\/excursionsworld.com\/?post_type=product&#038;p=12945"},"modified":"2026-02-27T16:55:59","modified_gmt":"2026-02-27T13:55:59","slug":"tuerkisches-bad-kemer-hamam","status":"publish","type":"product","link":"https:\/\/excursionsworld.com\/tours\/kemer-turkish-bath-hamam\/","title":{"rendered":"T\u00fcrkisches Bad Hamam in Kemer \u2013 Traditioneller Spa Erlebnis"},"content":{"rendered":"<h3 dir=\"ltr\" data-pm-slice=\"1 1 []\"><span style=\"color: #000000;\"><strong>\u2b50 \u00dcberblick<\/strong><\/span><\/h3>\n<p dir=\"ltr\">Entspannen Sie sich in einem traditionellen t\u00fcrkischen Bad in Kemer mit Transfers aus Kemer und Umgebung! Genie\u00dfen Sie ein Hammam, eine Sauna, Massagen und t\u00fcrkischen Tee f\u00fcr die ultimative Entspannung.<\/p>\n<h3 dir=\"ltr\"><span style=\"color: #000000;\"><strong>Inbegriffen:<\/strong><\/span><\/h3>\n<p dir=\"ltr\"><span style=\"color: #00ff00;\"><strong>\u2713<\/strong><\/span> Abholung vom Hotel und R\u00fccktransport<br \/>\n<span style=\"color: #00ff00;\"><strong>\u2713 <\/strong><\/span>Komfortabler klimatisierter Bus<br \/>\n<span style=\"color: #00ff00;\"><strong>\u2713 <\/strong><\/span>Unbegrenzter Zugang zu Sauna und Dampfbad<br \/>\n<span style=\"color: #00ff00;\"><strong>\u2713 <\/strong><\/span>K\u00f6rperpeeling (10 min)<br \/>\n<span style=\"color: #00ff00;\"><strong>\u2713 <\/strong><\/span>Schaumstoffmassage (10 min)<br \/>\n<span style=\"color: #00ff00;\"><strong>\u2713 <\/strong><\/span>Lehm-Maske<br \/>\n<span style=\"color: #00ff00;\"><strong>\u2713 <\/strong><\/span>Aromatherapie-Massage (20 min)<br \/>\n<span style=\"color: #00ff00;\"><strong>\u2713 <\/strong><\/span>T\u00fcrkischer Tee<\/p>\n<h3 dir=\"ltr\"><span style=\"color: #000000;\"><strong>Nicht inbegriffen:<\/strong><\/span><\/h3>\n<p dir=\"ltr\"><span style=\"color: #ff0000;\"><strong>\u2717<\/strong><\/span> Zus\u00e4tzliche Dienstleistungen im Hammam<\/p>\n<h3 dir=\"ltr\"><span style=\"color: #000000;\"><strong>\ud83c\udf1f H\u00f6hepunkte<\/strong><\/span><\/h3>\n<p dir=\"ltr\">\ud83d\udd39 Authentisches Hammam-Erlebnis in Kemer<br \/>\n\ud83d\udd39 Reinigendes K\u00f6rperpeeling und Schaummassage<br \/>\n\ud83d\udd39 Entspannende Aromatherapie-Massage<br \/>\nZugang zu Schwimmbad und Dampfsauna \ud83d\udd39<br \/>\n\ud83d\udd39 Gem\u00fctlicher t\u00fcrkischer Tee<\/p>\n<h3 dir=\"ltr\"><span style=\"color: #000000;\"><strong>\ud83d\udcd6 Vollst\u00e4ndige Beschreibung<\/strong><\/span><\/h3>\n<p dir=\"ltr\">Die Tour beginnt mit einem Transfer von Kemer zum Hammam. Entspannen Sie in der Sauna und im Dampfbad, gefolgt von einem verj\u00fcngenden K\u00f6rperpeeling und einer Schaummassage. Eine Tonerdemaske reinigt Ihre Haut, und eine 20-min\u00fctige Aromatherapie-Massage l\u00e4sst den Stress schmelzen. Nach dem Genuss von t\u00fcrkischem Tee kehren Sie erfrischt in Ihr Hotel zur\u00fcck.<\/p>\n<h3><span style=\"color: #000000;\"><strong>\ud83d\uddfa\ufe0f Reiseverlauf<\/strong><\/span><\/h3>\n<p dir=\"ltr\">\ud83d\udd39 Abholung von Kemer<br \/>\n\ud83d\udd39 Sauna und Dampfbad<br \/>\n\ud83d\udd39 K\u00f6rperpeeling und Schaummassage<br \/>\n\ud83d\udd39 Lehm-Maske<br \/>\n\ud83d\udd39 Entspannung am Pool<br \/>\n\ud83d\udd39 Aromatherapie-Massage<br \/>\n\ud83d\udd39 T\u00fcrkischer Tee<br \/>\n\ud83d\udd39 R\u00fcckkehr zum Hotel<\/p>\n<h3 dir=\"ltr\"><span style=\"color: #000000;\"><strong>\u2139\ufe0f N\u00fctzliche Informationen<\/strong><\/span><\/h3>\n<p dir=\"ltr\">\ud83d\udd39 Dauer: 2,5-3 Stunden<br \/>\n\ud83d\udd39 Geeignet f\u00fcr M\u00e4nner und Frauen<br \/>\n\ud83d\udd39 Kinder unter 12 Jahren m\u00fcssen von ihren Eltern begleitet werden<\/p>\n<h3 dir=\"ltr\"><span style=\"color: #000000;\"><strong>\ud83c\udf92 Was Sie mitbringen sollten<\/strong><\/span><\/h3>\n<p dir=\"ltr\">\ud83d\udd39 Badeanzug<br \/>\n\ud83d\udd39 Hausschuhe<br \/>\n\ud83d\udd39 Handtuch (optional)<\/p>\n<h3 dir=\"ltr\"><span style=\"color: #000000;\"><strong>\ud83d\udeab Nicht geeignet f\u00fcr<\/strong><\/span><\/h3>\n<p dir=\"ltr\">\ud83d\udd39 Menschen mit Haut- oder Herzerkrankungen<br \/>\n\ud83d\udd39 Schwangere Frauen (fragen Sie einen Arzt)<\/p>\n<h3><span style=\"color: #000000;\"><strong>\ud83d\udcb8 Preis und Buchung<\/strong><\/span><\/h3>\n<p dir=\"ltr\"><strong>\ud83d\udd39 Jetzt buchen, am Tag der Tour bezahlen<\/strong><br \/>\nKontaktiere uns \u00fcber WhatsApp, Telegram, Viber oder f\u00fclle das Buchungsformular unten aus. \ud83d\udc47\ud83c\udffd<\/p>","protected":false},"excerpt":{"rendered":"<p>Entspannen Sie sich bei einer authentischen t\u00fcrkischen Badetour in Kemer! Genie\u00dfen Sie Sauna, K\u00f6rperpeeling, Schaum- und Aromamassage und t\u00fcrkischen Tee f\u00fcr ein perfektes Spa-Erlebnis.<\/p>","protected":false},"featured_media":15777,"comment_status":"open","ping_status":"closed","template":"","meta":[],"product_brand":[],"product_cat":[124],"product_tag":[105],"class_list":{"0":"post-12945","1":"product","2":"type-product","3":"status-publish","4":"has-post-thumbnail","6":"tour_phys-kemer-tours","7":"product_cat-kemer-tours","8":"product_tag-kemer","9":"pa_destination-kemer-tours","11":"first","12":"instock","13":"sale","14":"featured","15":"shipping-taxable","16":"purchasable","17":"product-type-tour_phys"},"aioseo_notices":[],"_links":{"self":[{"href":"https:\/\/excursionsworld.com\/de\/wp-json\/wp\/v2\/product\/12945","targetHints":{"allow":["GET"]}}],"collection":[{"href":"https:\/\/excursionsworld.com\/de\/wp-json\/wp\/v2\/product"}],"about":[{"href":"https:\/\/excursionsworld.com\/de\/wp-json\/wp\/v2\/types\/product"}],"replies":[{"embeddable":true,"href":"https:\/\/excursionsworld.com\/de\/wp-json\/wp\/v2\/comments?post=12945"}],"wp:featuredmedia":[{"embeddable":true,"href":"https:\/\/excursionsworld.com\/de\/wp-json\/wp\/v2\/media\/15777"}],"wp:attachment":[{"href":"https:\/\/excursionsworld.com\/de\/wp-json\/wp\/v2\/media?parent=12945"}],"wp:term":[{"taxonomy":"product_brand","embeddable":true,"href":"https:\/\/excursionsworld.com\/de\/wp-json\/wp\/v2\/product_brand?post=12945"},{"taxonomy":"product_cat","embeddable":true,"href":"https:\/\/excursionsworld.com\/de\/wp-json\/wp\/v2\/product_cat?post=12945"},{"taxonomy":"product_tag","embeddable":true,"href":"https:\/\/excursionsworld.com\/de\/wp-json\/wp\/v2\/product_tag?post=12945"}],"curies":[{"name":"wp","href":"https:\/\/api.w.org\/{rel}","templated":true}]}}