{"id":12946,"date":"2025-05-11T11:35:10","date_gmt":"2025-05-11T08:35:10","guid":{"rendered":"https:\/\/excursionsworld.com\/?post_type=product&#038;p=12946"},"modified":"2026-04-24T00:20:38","modified_gmt":"2026-04-23T21:20:38","slug":"quad-safari-kemer","status":"publish","type":"product","link":"https:\/\/excursionsworld.com\/tours\/kemer-quad-safari-tour\/","title":{"rendered":"Quad Safari in Kemer \u2013 Offroad ATV Abenteuer in der Natur"},"content":{"rendered":"<h2 dir=\"ltr\" data-pm-slice=\"1 1 []\"><span style=\"color: #000000;\"><strong>\u2b50 \u00dcberblick<\/strong><\/span><\/h2>\n<p dir=\"ltr\">Begib dich auf ein adrenalingeladenes Quad-Bike-Abenteuer durch das Taurusgebirge mit Transfers von <a href=\"https:\/\/en.wikipedia.org\/wiki\/Kemer,_Antalya\" target=\"_blank\" rel=\"noopener\">Kemer<\/a> und Umgebung! Rase \u00fcber Waldwege und felsige Pfade, genie\u00dfe atemberaubende Ausblicke und schwimme in einer Schlucht. Perfekt f\u00fcr Nervenkitzel-Suchende, keine Vorkenntnisse erforderlich.<\/p>\n<h3 dir=\"ltr\"><span style=\"color: #000000;\"><strong>Inbegriffen:<\/strong><\/span><\/h3>\n<p dir=\"ltr\"><span style=\"color: #00ff00;\"><strong>\u2713<\/strong><\/span> Abholung vom Hotel und R\u00fccktransport<br \/>\n<span style=\"color: #00ff00;\"><strong>\u2713 <\/strong><\/span>Professioneller F\u00fchrer<br \/>\n<span style=\"color: #00ff00;\"><strong>\u2713 <\/strong><\/span>Versicherung<br \/>\n<span style=\"color: #00ff00;\"><strong>\u2713 <\/strong><\/span>Ausr\u00fcstung (Helm, usw.)<\/p>\n<h3 dir=\"ltr\"><span style=\"color: #000000;\"><strong>Nicht inbegriffen:<\/strong><\/span><\/h3>\n<p dir=\"ltr\"><span style=\"color: #ff0000;\"><strong>\u2717<\/strong><\/span> Pers\u00f6nliche Ausgaben<br \/>\n<span style=\"color: #ff0000;\"><strong>\u2717 <\/strong><\/span>Fotos und Videos<\/p>\n<h2 dir=\"ltr\"><span style=\"color: #000000;\"><strong>\ud83c\udf1f H\u00f6hepunkte<\/strong><\/span><\/h2>\n<p dir=\"ltr\">\ud83d\udd39 Adrenalingetriebenes Quadfahren<br \/>\n\ud83d\udd39 Waldpfade und felsige Wege<br \/>\n\ud83d\udd39 Landschaftlich reizvoller Fotostopp mit Panoramablick<br \/>\n\ud83d\udd39 Erfrischendes Bad in einer Schlucht<br \/>\n\ud83d\udd39 Einsteigerfreundlich<br \/>\n\ud83d\udd39 Spektakul\u00e4re Berglandschaften<\/p>\n<h2 dir=\"ltr\"><span style=\"color: #000000;\"><strong>\ud83d\udcd6 Vollst\u00e4ndige Beschreibung<\/strong><\/span><\/h2>\n<p dir=\"ltr\">Die Tour beginnt mit einem Transfer von Kemer zur Quad-Basis. Nach einer Sicherheitseinweisung und einer Probefahrt begeben Sie sich auf eine aufregende Fahrt durch Waldwege und felsige Pfade, die von erfahrenen Instruktoren geleitet wird. Halten Sie an einem Aussichtspunkt an, um Fotos zu schie\u00dfen und die Berge zu bewundern. Setzen Sie die Fahrt auf anspruchsvolleren Strecken fort und k\u00fchlen Sie sich mit einem Bad in einem Canyon ab. Nach diesem Abenteuer werden Sie zu Ihrem Hotel zur\u00fcckgebracht.<\/p>\n<h3 dir=\"ltr\"><span style=\"color: #000000;\"><strong>\ud83d\uddfa\ufe0f Reiseverlauf<\/strong><\/span><\/h3>\n<p dir=\"ltr\">\ud83d\udd39 Abholung aus Kemer und Umgebung<br \/>\n\ud83d\udd39 Ankunft an der Quad-Basis<br \/>\n\ud83d\udd39 Sicherheitseinweisung und Probefahrt<br \/>\n\ud83d\udd39 Reiten auf Pfaden und Wegen<br \/>\n\ud83d\udd39 Fotostopp an einem Aussichtspunkt<br \/>\n\ud83d\udd39 Fortsetzung der Route<br \/>\n\ud83d\udd39 Schwimmen in der Schlucht<br \/>\n\ud83d\udd39 R\u00fcckkehr zum Hotel<\/p>\n<h3 dir=\"ltr\"><span style=\"color: #000000;\"><strong>\u2139\ufe0f N\u00fctzliche Informationen<\/strong><\/span><\/h3>\n<p dir=\"ltr\">\ud83d\udd39 Dauer: 3-4 Stunden<br \/>\n\ud83d\udd39 Kein F\u00fchrerschein erforderlich<br \/>\n\ud83d\udd39 Mindestalter f\u00fcr Fahrer: 17 Jahre<br \/>\n\ud83d\udd39 Mitgelieferte Ausr\u00fcstung<br \/>\n\ud83d\udd39 M\u00e4\u00dfige bis hohe k\u00f6rperliche Aktivit\u00e4t<\/p>\n<h2 dir=\"ltr\">\ud83c\udf92 Was Sie mitbringen sollten<\/h2>\n<p dir=\"ltr\">\ud83d\udd39 Bequeme Kleidung und Schuhe<br \/>\n\ud83d\udd39 Handtuch und Badeanzug<br \/>\n\ud83d\udd39 Bargeld f\u00fcr Ausgaben<br \/>\n\ud83d\udd39 Sonnenschutzmittel<\/p>\n<h3 dir=\"ltr\"><strong>\ud83d\udeab Nicht geeignet f\u00fcr<\/strong><\/h3>\n<p dir=\"ltr\">\ud83d\udd39 Schwangere Frauen<br \/>\n\ud83d\udd39 Menschen mit eingeschr\u00e4nkter Mobilit\u00e4t<\/p>\n<h2 dir=\"ltr\"><span style=\"color: #000000;\"><strong>\ud83d\udcb8 Preis und Buchung<\/strong><\/span><\/h2>\n<p dir=\"ltr\"><strong>\ud83d\udd39 Jetzt buchen, am Tag der Tour bezahlen<\/strong><br \/>\nKontaktiere uns \u00fcber WhatsApp, Telegram, Viber oder f\u00fclle das Buchungsformular unten aus. \ud83d\udc47\ud83c\udffc<\/p>\n<p>Alternativen gesucht? St\u00f6bern Sie <a href=\"https:\/\/excursionsworld.com\/de\/kemer-ausfluege\/\">mehr Kemer-Touren<\/a>.<\/p>","protected":false},"excerpt":{"rendered":"<p>Nehmen Sie an einer aufregenden Quad-Safari in Kemer in der N\u00e4he der G\u00f6yn\u00fck-Schlucht teil! Fahren Sie abseits der Stra\u00dfen, genie\u00dfen Sie die malerischen Aussichten, schwimmen Sie in einem Canyon und sp\u00fcren Sie die<\/p>\n<p dir=\"auto\">ATV Abenteuer und Adrenalin.<\/p>","protected":false},"featured_media":12701,"comment_status":"open","ping_status":"closed","template":"","meta":[],"product_brand":[],"product_cat":[124],"product_tag":[105],"class_list":{"0":"post-12946","1":"product","2":"type-product","3":"status-publish","4":"has-post-thumbnail","6":"tour_phys-kemer-tours","7":"product_cat-kemer-tours","8":"product_tag-kemer","9":"pa_destination-kemer-tours","11":"first","12":"instock","13":"sale","14":"featured","15":"shipping-taxable","16":"purchasable","17":"product-type-tour_phys"},"aioseo_notices":[],"_links":{"self":[{"href":"https:\/\/excursionsworld.com\/de\/wp-json\/wp\/v2\/product\/12946","targetHints":{"allow":["GET"]}}],"collection":[{"href":"https:\/\/excursionsworld.com\/de\/wp-json\/wp\/v2\/product"}],"about":[{"href":"https:\/\/excursionsworld.com\/de\/wp-json\/wp\/v2\/types\/product"}],"replies":[{"embeddable":true,"href":"https:\/\/excursionsworld.com\/de\/wp-json\/wp\/v2\/comments?post=12946"}],"wp:featuredmedia":[{"embeddable":true,"href":"https:\/\/excursionsworld.com\/de\/wp-json\/wp\/v2\/media\/12701"}],"wp:attachment":[{"href":"https:\/\/excursionsworld.com\/de\/wp-json\/wp\/v2\/media?parent=12946"}],"wp:term":[{"taxonomy":"product_brand","embeddable":true,"href":"https:\/\/excursionsworld.com\/de\/wp-json\/wp\/v2\/product_brand?post=12946"},{"taxonomy":"product_cat","embeddable":true,"href":"https:\/\/excursionsworld.com\/de\/wp-json\/wp\/v2\/product_cat?post=12946"},{"taxonomy":"product_tag","embeddable":true,"href":"https:\/\/excursionsworld.com\/de\/wp-json\/wp\/v2\/product_tag?post=12946"}],"curies":[{"name":"wp","href":"https:\/\/api.w.org\/{rel}","templated":true}]}}