{"id":12948,"date":"2025-05-11T11:50:59","date_gmt":"2025-05-11T08:50:59","guid":{"rendered":"https:\/\/excursionsworld.com\/?post_type=product&#038;p=12948"},"modified":"2026-04-24T00:20:39","modified_gmt":"2026-04-23T21:20:39","slug":"jeep-safari-kemer","status":"publish","type":"product","link":"https:\/\/excursionsworld.com\/tours\/kemer-jeep-safari-tour\/","title":{"rendered":"Jeep Safari in Kemer \u2013 Offroad Abenteuer im Taurusgebirge"},"content":{"rendered":"<h2 dir=\"ltr\" data-pm-slice=\"1 1 []\"><span style=\"color: #000000;\"><strong>\ud83c\udfdd\ufe0f \u00dcberblick<\/strong><\/span><\/h2>\n<p dir=\"ltr\">Begib dich auf eine aufregende Jeep-Safari durch das Taurusgebirge von <a href=\"https:\/\/en.wikipedia.org\/wiki\/Kemer,_Antalya\" target=\"_blank\" rel=\"noopener\">Kemer<\/a>Wir bieten bequeme Transfers von Hotels in Beldibi, G\u00f6yn\u00fck, Kemer, Kiri\u015f, \u00c7amyuva und Tekirova. Erkunden Sie atemberaubende Landschaften, besuchen Sie ein traditionelles t\u00fcrkisches Dorf, schwimmen Sie in einem Bergfluss und genie\u00dfen Sie ein k\u00f6stliches Mittagessen inmitten der Natur. Perfekt f\u00fcr Abenteuerlustige und Familien!<\/p>\n<h3 dir=\"ltr\"><span style=\"color: #000000;\"><strong>Inbegriffen:<\/strong><\/span><\/h3>\n<p dir=\"ltr\"><span style=\"color: #00ff00;\"><strong>\u2713<\/strong><\/span> Abholung vom Hotel und R\u00fccktransport<br \/>\n<span style=\"color: #00ff00;\"><strong>\u2713 <\/strong><\/span>Leitfaden<br \/>\n<span style=\"color: #00ff00;\"><strong>\u2713 <\/strong><\/span>4\u00d74 Jeepfahrt<br \/>\n<span style=\"color: #00ff00;\"><strong>\u2713 <\/strong><\/span>Vollversicherung<br \/>\n<span style=\"color: #00ff00;\"><strong>\u2713 <\/strong><\/span>Mittagessen (wahlweise Fisch oder Schaschlik, Salat)<\/p>\n<h3 dir=\"ltr\"><span style=\"color: #000000;\"><strong>Nicht inbegriffen:<\/strong><\/span><\/h3>\n<p dir=\"ltr\"><span style=\"color: #ff0000;\"><strong>\u2717<\/strong><\/span> Getr\u00e4nke<br \/>\n<span style=\"color: #ff0000;\"><strong>\u2717 <\/strong><\/span>Fotos und Videos<br \/>\n<span style=\"color: #ff0000;\"><strong>\u2717 <\/strong><\/span>Eintrittspreis f\u00fcr die H\u00f6hle<\/p>\n<h2><span style=\"color: #000000;\"><strong>\ud83c\udf1f H\u00f6hepunkte der Tour<\/strong><\/span><\/h2>\n<p dir=\"ltr\">\ud83d\udd39 Aufregende Fahrt mit dem Gel\u00e4ndewagen<br \/>\n\ud83d\udd39 Atemberaubende Aussicht auf das Taurusgebirge<br \/>\n\ud83d\udd39 Besuch eines traditionellen t\u00fcrkischen Dorfes und einer Moschee<br \/>\n\ud83d\udd39 Schwimmen in einem k\u00fchlen Bergfluss<br \/>\n\ud83d\udd39 Leckeres Mittagessen in einem rustikalen Restaurant<br \/>\n\ud83d\udd39 Fotostopps bei der Kesme-Schlucht und einer 2000 Jahre alten Platane<br \/>\n\ud83d\udd39 Optionale Wasserschlacht auf dem R\u00fcckweg<\/p>\n<h2 dir=\"ltr\"><span style=\"color: #000000;\"><strong>\ud83d\udcd6 Vollst\u00e4ndige Beschreibung<\/strong><\/span><\/h2>\n<div dir=\"ltr\">Ihr Abenteuer beginnt mit einem komfortablen Transfer von Ihrem Hotel in Beldibi, G\u00f6yn\u00fck, Kemer, Kiri\u015f, \u00c7amyuva oder Tekirova. Steigen Sie in die leistungsstarken 4\u00d74-Jeeps und fahren Sie in das Taurusgebirge, um die frische Luft und die spektakul\u00e4ren Aussichten zu genie\u00dfen.<\/div>\n<div dir=\"ltr\">Der erste Halt ist ein traditionelles t\u00fcrkisches Dorf, wo Sie die lokale Kultur kennenlernen, eine Moschee besichtigen und freundliche Einwohner treffen. Dann tauchen Sie ein in das wahre Offroad-Vergn\u00fcgen! Navigieren Sie \u00fcber felsige Pfade und staubige Wege und halten Sie an malerischen Aussichtspunkten f\u00fcr Fotos an. Zu den H\u00f6hepunkten geh\u00f6ren die malerische Kesme-Schlucht, eine 2000 Jahre alte Platane und eine byzantinische H\u00f6hle.<\/div>\n<div dir=\"ltr\">Mittags genie\u00dfen Sie ein k\u00f6stliches Mittagessen in einem gem\u00fctlichen Restaurant inmitten der Natur. Sie haben die Wahl zwischen gegrilltem Fisch oder H\u00e4hnchenschaschlik mit frischem Salat. Danach k\u00f6nnen Sie sich mit einem Bad in einem Bergfluss inmitten von Pinienw\u00e4ldern abk\u00fchlen.<\/div>\n<div dir=\"ltr\">Auf der R\u00fcckfahrt k\u00f6nnen Sie an einer optionalen Wasserschlacht zwischen den Jeeps teilnehmen, die f\u00fcr ein unterhaltsames Finale sorgt! Die Tour endet mit der R\u00fcckfahrt zu Ihrem Hotel.<\/div>\n<h3 dir=\"ltr\"><span style=\"color: #000000;\"><strong>\ud83d\uddfa\ufe0f Reiseverlauf<\/strong><\/span><\/h3>\n<p dir=\"ltr\">\ud83d\udd39 Abholung von Hotels in Beldibi, G\u00f6yn\u00fck, Kemer, Kiri\u015f, \u00c7amyuva oder Tekirova<br \/>\n\ud83d\udd39 Fotostopp an der Kesme-Schlucht<br \/>\n\ud83d\udd39 Besuch bei einer 2000 Jahre alten Platane<br \/>\n\ud83d\udd39 Erkundung einer byzantinischen H\u00f6hle und eines Dorfes<br \/>\n\ud83d\udd39 Panoramastopp auf 1500 m H\u00f6he<br \/>\n\ud83d\udd39 Mittagessen in einem rustikalen Restaurant<br \/>\n\ud83d\udd39 Schwimmen in einem Gebirgsfluss<br \/>\n\ud83d\udd39 Optionale Wasserschlacht<br \/>\n\ud83d\udd39 R\u00fcckkehr zum Hotel<\/p>\n<h3><span style=\"color: #000000;\"><strong>\u2139\ufe0f N\u00fctzliche Informationen<\/strong><\/span><\/h3>\n<p dir=\"ltr\">\ud83d\udd39 Dauer: ~5-6 Stunden<br \/>\n\ud83d\udd39 Die Reiseroute kann sich aufgrund der Wetterbedingungen \u00e4ndern.<br \/>\n\ud83d\udd39 M\u00e4\u00dfige k\u00f6rperliche Aktivit\u00e4t (Reiten, Wandern, Schwimmen)<\/p>\n<h2 dir=\"ltr\"><span style=\"color: #000000;\"><strong>\ud83c\udf92 Was Sie mitbringen sollten<\/strong><\/span><\/h2>\n<p dir=\"ltr\">\ud83d\udd39 Sonnenbrille<br \/>\n\ud83d\udd39 Badeanzug und Handtuch<br \/>\n\ud83d\udd39 Sonnenschutzmittel<br \/>\n\ud83d\udd39 Bequeme Sportkleidung und Schuhe<br \/>\n\ud83d\udd39 Bargeld f\u00fcr pers\u00f6nliche Ausgaben<\/p>\n<h3 dir=\"ltr\"><span style=\"color: #000000;\"><strong>\ud83d\udeab Nicht geeignet f\u00fcr<\/strong><\/span><\/h3>\n<p dir=\"ltr\">\ud83d\udd39 Menschen mit hohem Blutdruck<br \/>\n\ud83d\udd39 Schwangere Frauen<br \/>\n\ud83d\udd39 Reisende mit eingeschr\u00e4nkter Mobilit\u00e4t<\/p>\n<h2 dir=\"ltr\"><span style=\"color: #000000;\"><strong>\ud83d\udcb8 Preis und Buchung<\/strong><\/span><\/h2>\n<p dir=\"ltr\"><strong>\ud83d\udd39 Jetzt buchen, am Tag der Tour bezahlen<\/strong><br \/>\nKontaktiere uns \u00fcber WhatsApp, Telegram, Viber oder f\u00fclle das Buchungsformular unten aus. \ud83d\udc47\ud83c\udffc<\/p>\n<p>Alternativen gesucht? St\u00f6bern Sie <a href=\"https:\/\/excursionsworld.com\/de\/kemer-ausfluege\/\">mehr Kemer-Touren<\/a>.<\/p>","protected":false},"excerpt":{"rendered":"<p>Nehmen Sie an unserer Jeep-Safari in Kemer teil! Erkunden Sie das Taurusgebirge, \u00f6rtliche D\u00f6rfer und Fl\u00fcsse bei einem lustigen Offroad-Abenteuer. Der Ausflug beinhaltet Mittagessen und Transfers.<\/p>","protected":false},"featured_media":16677,"comment_status":"open","ping_status":"closed","template":"","meta":[],"product_brand":[],"product_cat":[124],"product_tag":[105],"class_list":{"0":"post-12948","1":"product","2":"type-product","3":"status-publish","4":"has-post-thumbnail","6":"tour_phys-kemer-tours","7":"product_cat-kemer-tours","8":"product_tag-kemer","9":"pa_destination-kemer-tours","11":"first","12":"instock","13":"sale","14":"featured","15":"shipping-taxable","16":"purchasable","17":"product-type-tour_phys"},"aioseo_notices":[],"_links":{"self":[{"href":"https:\/\/excursionsworld.com\/de\/wp-json\/wp\/v2\/product\/12948","targetHints":{"allow":["GET"]}}],"collection":[{"href":"https:\/\/excursionsworld.com\/de\/wp-json\/wp\/v2\/product"}],"about":[{"href":"https:\/\/excursionsworld.com\/de\/wp-json\/wp\/v2\/types\/product"}],"replies":[{"embeddable":true,"href":"https:\/\/excursionsworld.com\/de\/wp-json\/wp\/v2\/comments?post=12948"}],"wp:featuredmedia":[{"embeddable":true,"href":"https:\/\/excursionsworld.com\/de\/wp-json\/wp\/v2\/media\/16677"}],"wp:attachment":[{"href":"https:\/\/excursionsworld.com\/de\/wp-json\/wp\/v2\/media?parent=12948"}],"wp:term":[{"taxonomy":"product_brand","embeddable":true,"href":"https:\/\/excursionsworld.com\/de\/wp-json\/wp\/v2\/product_brand?post=12948"},{"taxonomy":"product_cat","embeddable":true,"href":"https:\/\/excursionsworld.com\/de\/wp-json\/wp\/v2\/product_cat?post=12948"},{"taxonomy":"product_tag","embeddable":true,"href":"https:\/\/excursionsworld.com\/de\/wp-json\/wp\/v2\/product_tag?post=12948"}],"curies":[{"name":"wp","href":"https:\/\/api.w.org\/{rel}","templated":true}]}}