{"id":12958,"date":"2025-05-11T13:50:28","date_gmt":"2025-05-11T10:50:28","guid":{"rendered":"https:\/\/excursionsworld.com\/?post_type=product&#038;p=12958"},"modified":"2026-04-07T13:38:41","modified_gmt":"2026-04-07T10:38:41","slug":"meeresangeln-boot-kemer","status":"publish","type":"product","link":"https:\/\/excursionsworld.com\/tours\/sea-fishing-boat-kemer\/","title":{"rendered":"Angeltour in Kemer mit Yacht \u2013 All Inclusive"},"content":{"rendered":"<h3 dir=\"ltr\" data-pm-slice=\"1 1 []\"><span style=\"color: #000000;\"><strong>\ud83c\udfa3 \u00dcberblick<\/strong><\/span><\/h3>\n<p dir=\"ltr\">Begeben Sie sich auf eine beschauliche Angeltour ab Kemer und Umgebung! Angeln Sie im kristallklaren Wasser des Mittelmeers, schwimmen Sie in abgelegenen Buchten und genie\u00dfen Sie Fr\u00fchst\u00fcck und Mittagessen an Bord. Diese Tour ist ideal f\u00fcr Naturliebhaber und dauert etwa 4-6 Stunden.<\/p>\n<h3 dir=\"ltr\"><span style=\"color: #000000;\"><strong>Inbegriffen:<\/strong><\/span><\/h3>\n<p dir=\"ltr\"><span style=\"color: #00ff00;\"><strong>\u2713<\/strong><\/span> Abholung vom Hotel und R\u00fccktransport<br \/>\n<span style=\"color: #00ff00;\"><strong>\u2713 <\/strong><\/span>Fr\u00fchst\u00fcck an Bord<br \/>\n<span style=\"color: #00ff00;\"><strong>\u2713 <\/strong><\/span>Angelausr\u00fcstung und K\u00f6der<br \/>\n<span style=\"color: #00ff00;\"><strong>\u2713 <\/strong><\/span>Unterweisung und Unterst\u00fctzung<br \/>\n<span style=\"color: #00ff00;\"><strong>\u2713 <\/strong><\/span>Mittagessen auf der Jacht<br \/>\n<span style=\"color: #00ff00;\"><strong>\u2713 <\/strong><\/span>Erfrischungsgetr\u00e4nke<br \/>\n<span style=\"color: #00ff00;\"><strong>\u2713 <\/strong><\/span>Vollversicherung<\/p>\n<h3 dir=\"ltr\"><span style=\"color: #000000;\"><strong>Nicht inbegriffen:<\/strong><\/span><\/h3>\n<p dir=\"ltr\"><span style=\"color: #ff0000;\"><strong>\u2717 <\/strong><\/span>Alkoholische Getr\u00e4nke<br \/>\n<span style=\"color: #ff0000;\"><strong>\u2717 <\/strong><\/span>Fotos und Videos (optional)<\/p>\n<h3 dir=\"ltr\"><span style=\"color: #000000;\"><strong>\ud83c\udf0a H\u00f6hepunkte der Tour<\/strong><\/span><\/h3>\n<p dir=\"ltr\">\ud83d\udd39 Angeln in den klaren Gew\u00e4ssern des Mittelmeers<br \/>\n\ud83d\udd39 Aussicht auf die K\u00fcstenlinie vom Boot aus<br \/>\n\ud83d\udd39 Schwimmen in abgelegenen Buchten<br \/>\n\ud83d\udd39 Professionelle Ausr\u00fcstung und Anleitung<br \/>\n\ud83d\udd39 Fangfrisch zubereitet an Bord<\/p>\n<h3 dir=\"ltr\"><span style=\"color: #000000;\"><strong>\ud83d\udcd6 Vollst\u00e4ndige Beschreibung<\/strong><\/span><\/h3>\n<p dir=\"ltr\">Beginnen Sie Ihren Tag mit einem Transfer von Kemer oder den umliegenden Gebieten zum Yachthafen, wo ein ausgestattetes Fischerboot auf Sie wartet. Genie\u00dfen Sie ein herzhaftes Fr\u00fchst\u00fcck, w\u00e4hrend das Boot durch die glitzernden Gew\u00e4sser des Mittelmeers gleitet. Egal, ob Sie Anf\u00e4nger oder erfahrener Angler sind, die Besatzung stellt Ihnen professionelle Ausr\u00fcstung und Anweisungen zur Verf\u00fcgung, damit Sie Fische fangen k\u00f6nnen. Halten Sie an ruhigen Buchten, um ein erfrischendes Bad zu nehmen und die Aussicht auf die K\u00fcste zu bewundern. Zum Mittagessen k\u00f6nnen Sie Ihren Fang genie\u00dfen, der an Bord frisch zubereitet wird. Kehren Sie gegen Mittag in Ihr Hotel zur\u00fcck, erf\u00fcllt von der Ruhe des Meeres.<\/p>\n<h3 dir=\"ltr\"><span style=\"color: #000000;\"><strong>\ud83d\uddfa\ufe0f Reiseverlauf<\/strong><\/span><\/h3>\n<p dir=\"ltr\">\ud83d\udd39 Abholung aus Kemer und Umgebung<br \/>\n\ud83d\udd39 Ankunft im Hafen von Kemer und Einschiffung<br \/>\n\ud83d\udd39 Fr\u00fchst\u00fcck an Bord<br \/>\n\ud83d\udd39 Angeln mit Anleitung und Ausr\u00fcstung<br \/>\n\ud83d\udd39 Badestopps in Buchten<br \/>\n\ud83d\udd39 Mittagessen mit optionaler Zubereitung des eigenen Fangs<br \/>\n\ud83d\udd39 R\u00fcckfahrt zum Yachthafen und Hotel<\/p>\n<h3 dir=\"ltr\"><span style=\"color: #000000;\"><strong>\u2139\ufe0f N\u00fctzliche Informationen<\/strong><\/span><\/h3>\n<p dir=\"ltr\">\ud83d\udd39 Dauer: ~4-6 Stunden (Halbtagestour)<br \/>\n\ud83d\udd39 Geringe bis m\u00e4\u00dfige k\u00f6rperliche Aktivit\u00e4t<br \/>\n\ud83d\udd39 Kinder unter 5 Jahren reisen kostenlos (kein separater Sitzplatz)<br \/>\n\ud83d\udd39 Vegetarische Gerichte auf Anfrage erh\u00e4ltlich<br \/>\n\ud83d\udd39 Tour ist wetterabh\u00e4ngig<\/p>\n<h3 dir=\"ltr\"><span style=\"color: #000000;\"><strong>\ud83c\udf92 Was Sie mitbringen sollten<\/strong><\/span><\/h3>\n<p dir=\"ltr\">\ud83d\udd39 Bequeme Kleidung und Badeanzug<br \/>\n\ud83d\udd39 Handtuch, Sonnenschutzmittel, Hut, Sonnenbrille<br \/>\n\ud83d\udd39 Kamera oder Smartphone<br \/>\n\ud83d\udd39 Bargeld f\u00fcr Getr\u00e4nke oder Souvenirs<\/p>\n<h3 dir=\"ltr\"><span style=\"color: #000000;\"><strong>\ud83d\udeab Nicht geeignet f\u00fcr<\/strong><\/span><\/h3>\n<p dir=\"ltr\">\ud83d\udd39 Menschen mit schwerer Seekrankheit<br \/>\n\ud83d\udd39 Menschen mit eingeschr\u00e4nkter Mobilit\u00e4t<\/p>\n<div class=\"elementor-element elementor-element-884d539 e-con-full e-flex e-con e-child\" data-id=\"884d539\" data-element_type=\"container\">\n<div id=\"description\" class=\"elementor-element elementor-element-337037cc elementor-widget elementor-widget-thim-ekits-tours-content\" data-id=\"337037cc\" data-element_type=\"widget\" data-widget_type=\"thim-ekits-tours-content.default\">\n<div class=\"elementor-widget-container\">\n<div class=\"thim-ekit-single-tour__content\">\n<h3 dir=\"ltr\"><strong>\ud83d\udcb8 Preis und Buchung<\/strong><\/h3>\n<p dir=\"ltr\"><strong>\ud83d\udd39 Jetzt buchen, am Tag der Tour bezahlen<\/strong><br \/>\nKontaktiere uns \u00fcber WhatsApp, Telegram, Viber oder f\u00fclle das Buchungsformular unten aus. \ud83d\udc47\ud83c\udffc<\/p>\n<\/div>\n<\/div>\n<\/div>\n<\/div>","protected":false},"excerpt":{"rendered":"<p data-start=\"171\" data-end=\"381\">Nehmen Sie an einem Angelausflug nach Kemer und einem Bootsausflug teil! Inklusive Fr\u00fchst\u00fcck, Angelausr\u00fcstung, Anleitung, Schwimmen, Mittagessen mit Ihrem Fang, Hoteltransfer und Versicherung.<\/p>","protected":false},"featured_media":15809,"comment_status":"open","ping_status":"closed","template":"","meta":[],"product_brand":[],"product_cat":[124],"product_tag":[105],"class_list":{"0":"post-12958","1":"product","2":"type-product","3":"status-publish","4":"has-post-thumbnail","6":"tour_phys-boat-tours","7":"tour_phys-kemer-tours","8":"product_cat-kemer-tours","9":"product_tag-kemer","10":"pa_destination-kemer-tours","11":"pa_kategori-boat-tours","13":"first","14":"instock","15":"sale","16":"featured","17":"shipping-taxable","18":"purchasable","19":"product-type-tour_phys"},"aioseo_notices":[],"_links":{"self":[{"href":"https:\/\/excursionsworld.com\/de\/wp-json\/wp\/v2\/product\/12958","targetHints":{"allow":["GET"]}}],"collection":[{"href":"https:\/\/excursionsworld.com\/de\/wp-json\/wp\/v2\/product"}],"about":[{"href":"https:\/\/excursionsworld.com\/de\/wp-json\/wp\/v2\/types\/product"}],"replies":[{"embeddable":true,"href":"https:\/\/excursionsworld.com\/de\/wp-json\/wp\/v2\/comments?post=12958"}],"wp:featuredmedia":[{"embeddable":true,"href":"https:\/\/excursionsworld.com\/de\/wp-json\/wp\/v2\/media\/15809"}],"wp:attachment":[{"href":"https:\/\/excursionsworld.com\/de\/wp-json\/wp\/v2\/media?parent=12958"}],"wp:term":[{"taxonomy":"product_brand","embeddable":true,"href":"https:\/\/excursionsworld.com\/de\/wp-json\/wp\/v2\/product_brand?post=12958"},{"taxonomy":"product_cat","embeddable":true,"href":"https:\/\/excursionsworld.com\/de\/wp-json\/wp\/v2\/product_cat?post=12958"},{"taxonomy":"product_tag","embeddable":true,"href":"https:\/\/excursionsworld.com\/de\/wp-json\/wp\/v2\/product_tag?post=12958"}],"curies":[{"name":"wp","href":"https:\/\/api.w.org\/{rel}","templated":true}]}}