{"id":12965,"date":"2025-05-11T14:32:23","date_gmt":"2025-05-11T11:32:23","guid":{"rendered":"https:\/\/excursionsworld.com\/?post_type=product&#038;p=12965"},"modified":"2026-04-02T23:16:24","modified_gmt":"2026-04-02T20:16:24","slug":"suluada-sunset-boot-kemer","status":"publish","type":"product","link":"https:\/\/excursionsworld.com\/tours\/suluada-sunset-boat-kemer\/","title":{"rendered":"Suluada Insel Sonnenuntergang Bootstour ab Kemer \u2013 T\u00fcrkische Malediven"},"content":{"rendered":"<h3 dir=\"ltr\" data-pm-slice=\"1 1 []\"><span style=\"color: #000000;\"><strong>\ud83c\udf05 \u00dcberblick<\/strong><\/span><\/h3>\n<p dir=\"ltr\">Tauchen Sie ein in den Zauber des Mittelmeers mit unserer Sonnenuntergangstour zur Insel Suluada von Kemer aus. Wir arrangieren einen Transfer von Kemer und Umgebung. Genie\u00dfen Sie das Schwimmen in kristallklarem Wasser, eine ruhige Bootsfahrt und einen magischen Sonnenuntergang \u00fcber dem Meer. Ideal f\u00fcr Paare, Naturliebhaber und Fotografen.<\/p>\n<h3 dir=\"ltr\"><span style=\"color: #000000;\"><strong>Inbegriffen:<\/strong><\/span><\/h3>\n<p dir=\"ltr\"><span style=\"color: #00ff00;\"><strong>\u2713<\/strong><\/span> Abholung vom Hotel und R\u00fccktransport<br \/>\n<span style=\"color: #00ff00;\"><strong>\u2713<\/strong><\/span>\u00a0 Komfortabler klimatisierter Bus<br \/>\n<span style=\"color: #00ff00;\"><strong>\u2713<\/strong><\/span>\u00a0 Versicherung<br \/>\n<span style=\"color: #00ff00;\"><strong>\u2713<\/strong><\/span>\u00a0 Leitfaden<br \/>\n<span style=\"color: #00ff00;\"><strong>\u2713<\/strong><\/span>\u00a0 Abendessen an Bord bei Sonnenuntergang<\/p>\n<h3 dir=\"ltr\"><span style=\"color: #000000;\"><strong>Nicht inbegriffen:<\/strong><\/span><\/h3>\n<p dir=\"ltr\"><span style=\"color: #ff0000;\"><strong>\u2717<\/strong><\/span> Getr\u00e4nke<br \/>\n<span style=\"color: #ff0000;\"><strong>\u2717 <\/strong><\/span>Pers\u00f6nliche Ausgaben<br \/>\n<span style=\"color: #ff0000;\"><strong>\u2717 <\/strong><\/span>Foto- und Videodienste<\/p>\n<h3 dir=\"ltr\"><span style=\"color: #000000;\"><strong>\ud83d\udcf8 H\u00f6hepunkte der Tour<\/strong><\/span><\/h3>\n<p dir=\"ltr\">\ud83d\udd39 Transfer von Kemer nach Adrasan<br \/>\nYachtt\u00f6rn zur Insel Suluada - den \u201ct\u00fcrkischen Malediven\u201d<br \/>\n\ud83d\udd39 Schwimmen in t\u00fcrkisfarbenen Buchten<br \/>\n\ud83d\udd39 Romantischer Sonnenuntergang auf dem Meer<br \/>\n\ud83d\udd39 Abendessen an Bord mit Blick auf den Sonnenuntergang<br \/>\n\ud83d\udd39 Perfekt f\u00fcr Fotoshootings und Entspannung<\/p>\n<h3 dir=\"ltr\"><span style=\"color: #000000;\"><strong>\ud83d\udcdd Vollst\u00e4ndige Beschreibung<\/strong><\/span><\/h3>\n<div dir=\"ltr\">Ihre Tour beginnt mit einem Transfer von Ihrem Hotel in Kemer oder der n\u00e4heren Umgebung zum K\u00fcstendorf Adrasan. Von dort aus segeln Sie mit einer Yacht zur Insel Suluada, die f\u00fcr ihren wei\u00dfen Sand und ihr azurblaues Wasser bekannt ist.<\/div>\n<div dir=\"ltr\">Im Laufe des Tages werden Sie in malerischen Buchten zum Schwimmen anhalten. Wenn die Sonne untergeht, genie\u00dfen Sie ein romantisches Abendessen an Bord, umgeben von den leuchtenden Farben des Sonnenuntergangs im Mittelmeer.<\/div>\n<div dir=\"ltr\">Diese Tour bietet Ruhe, atemberaubende Fotos und unvergessliche Erinnerungen.<\/div>\n<h3 dir=\"ltr\"><span style=\"color: #000000;\"><strong>\ud83d\udd52 Reiseroute<\/strong><\/span><\/h3>\n<p dir=\"ltr\">\ud83d\udd39 Abholung vom Hotel<br \/>\n\ud83d\udd39 \u00dcberf\u00fchrung nach Adrasan<br \/>\n\ud83d\udd39 Abfahrt mit der Yacht vom Hafen von Adrasan<br \/>\n\ud83d\udd39 Schwimmstopps<br \/>\n\ud83d\udd39 Freie Zeit auf der Insel Suluada<br \/>\n\ud83d\udd39 Abendessen bei Sonnenuntergang an Bord<br \/>\n\ud83d\udd39 R\u00fcckkehr zum Hafen und Transfer zum Hotel<\/p>\n<h3 dir=\"ltr\"><span style=\"color: #000000;\"><strong>\u2139\ufe0f N\u00fctzliche Informationen<\/strong><\/span><\/h3>\n<p dir=\"ltr\">\ud83d\udd39 Seien Sie p\u00fcnktlich am Haupteingang Ihres Hotels zur Abholung bereit.<br \/>\n\ud83d\udd39 Die Tour ist wetterabh\u00e4ngig<br \/>\n\ud83d\udd39 Vegetarisches Men\u00fc auf Anfrage erh\u00e4ltlich<br \/>\n\ud83d\udd39 Die Abende k\u00f6nnen k\u00fchl sein - bringen Sie eine leichte Jacke mit<br \/>\n\ud83d\udd39 Kinder unter 5 Jahren, die kostenlos mitfahren, haben keinen eigenen Sitzplatz im Bus. Wenn der Bus voll ist, sitzen sie auf dem Scho\u00df eines Erwachsenen, oder es kann ein eigener Sitzplatz gebucht werden<\/p>\n<h3 dir=\"ltr\"><span style=\"color: #000000;\"><strong>\ud83c\udf92 Was Sie mitbringen sollten<\/strong><\/span><\/h3>\n<p dir=\"ltr\">\ud83d\udd39 Badeanzug und Handtuch<br \/>\n\ud83d\udd39 Sonnenschutzmittel und Sonnenbrille<br \/>\n\ud83d\udd39 Telefon oder Kamera<br \/>\n\ud83d\udd39 Bargeld f\u00fcr pers\u00f6nliche Ausgaben<\/p>\n<h3 dir=\"ltr\"><span style=\"color: #000000;\"><strong>\ud83d\udeab Nicht geeignet f\u00fcr<\/strong><\/span><\/h3>\n<p dir=\"ltr\">\ud83d\udd39 Menschen mit eingeschr\u00e4nkter Mobilit\u00e4t<br \/>\n\ud83d\udd39 Kinder unter 3 Jahren<br \/>\n\ud83d\udd39 Personen, die zu schwerer Seekrankheit neigen<\/p>\n<h3 dir=\"ltr\"><span style=\"color: #000000;\"><strong>\ud83d\udcb8 Preis und Buchung<\/strong><\/span><\/h3>\n<p dir=\"ltr\"><strong>\ud83d\udd39 Jetzt buchen, am Tag der Tour bezahlen<\/strong><br \/>\nKontaktiere uns \u00fcber WhatsApp, Telegram, Viber oder f\u00fclle das Buchungsformular unten aus. \ud83d\udc47\ud83c\udffc<\/p>","protected":false},"excerpt":{"rendered":"<p>Romantische Yachttour bei Sonnenuntergang zur Insel Suluada ab Kemer - Schwimmen, Abendessen an Bord &amp; atemberaubender Sonnenuntergang im Meer. Buchen Sie Ihre All-Inclusive-Reise jetzt!<\/p>","protected":false},"featured_media":12437,"comment_status":"open","ping_status":"closed","template":"","meta":[],"product_brand":[],"product_cat":[124],"product_tag":[105],"class_list":{"0":"post-12965","1":"product","2":"type-product","3":"status-publish","4":"has-post-thumbnail","6":"tour_phys-boat-tours","7":"tour_phys-kemer-tours","8":"product_cat-kemer-tours","9":"product_tag-kemer","10":"pa_destination-kemer-tours","11":"pa_kategori-boat-tours","13":"first","14":"instock","15":"sale","16":"featured","17":"shipping-taxable","18":"purchasable","19":"product-type-tour_phys"},"aioseo_notices":[],"_links":{"self":[{"href":"https:\/\/excursionsworld.com\/de\/wp-json\/wp\/v2\/product\/12965","targetHints":{"allow":["GET"]}}],"collection":[{"href":"https:\/\/excursionsworld.com\/de\/wp-json\/wp\/v2\/product"}],"about":[{"href":"https:\/\/excursionsworld.com\/de\/wp-json\/wp\/v2\/types\/product"}],"replies":[{"embeddable":true,"href":"https:\/\/excursionsworld.com\/de\/wp-json\/wp\/v2\/comments?post=12965"}],"wp:featuredmedia":[{"embeddable":true,"href":"https:\/\/excursionsworld.com\/de\/wp-json\/wp\/v2\/media\/12437"}],"wp:attachment":[{"href":"https:\/\/excursionsworld.com\/de\/wp-json\/wp\/v2\/media?parent=12965"}],"wp:term":[{"taxonomy":"product_brand","embeddable":true,"href":"https:\/\/excursionsworld.com\/de\/wp-json\/wp\/v2\/product_brand?post=12965"},{"taxonomy":"product_cat","embeddable":true,"href":"https:\/\/excursionsworld.com\/de\/wp-json\/wp\/v2\/product_cat?post=12965"},{"taxonomy":"product_tag","embeddable":true,"href":"https:\/\/excursionsworld.com\/de\/wp-json\/wp\/v2\/product_tag?post=12965"}],"curies":[{"name":"wp","href":"https:\/\/api.w.org\/{rel}","templated":true}]}}