{"id":13006,"date":"2025-05-11T20:40:48","date_gmt":"2025-05-11T17:40:48","guid":{"rendered":"https:\/\/excursionsworld.com\/?post_type=product&#038;p=13006"},"modified":"2025-11-23T23:01:34","modified_gmt":"2025-11-23T20:01:34","slug":"private-yacht-mieten-kemer-tunavy-1","status":"publish","type":"product","link":"https:\/\/excursionsworld.com\/tours\/kemer-private-yacht-rental-tuna-1-luxury\/","title":{"rendered":"Private Yacht Charter ab Kemer \u2013 Luxusyacht Tunavy-1 mieten"},"content":{"rendered":"<div class=\"elementor-element elementor-element-884d539 e-con-full e-flex e-con e-child\" data-id=\"884d539\" data-element_type=\"container\">\n<div id=\"description\" class=\"elementor-element elementor-element-337037cc elementor-widget elementor-widget-thim-ekits-tours-content\" data-id=\"337037cc\" data-element_type=\"widget\" data-widget_type=\"thim-ekits-tours-content.default\">\n<div class=\"elementor-widget-container\">\n<div class=\"thim-ekit-single-tour__content\">\n<h3 dir=\"ltr\" data-pm-slice=\"1 1 []\"><span style=\"color: #000000;\"><strong>\ud83c\udfdd\ufe0f \u00dcberblick<\/strong><\/span><\/h3>\n<p dir=\"ltr\">Begeben Sie sich auf ein luxuri\u00f6ses Seeabenteuer mit einer Privatyacht, die Sie in Kemer mieten! Entdecken Sie die Sch\u00f6nheit des Mittelmeers, kristallklares Wasser und abgelegene Buchten. Genie\u00dfen Sie Komfort und ein k\u00f6stliches Mittagessen an Bord. Die Transfers von Antalya und den umliegenden Hotels sind im Preis inbegriffen!<\/p>\n<h3 dir=\"ltr\"><span style=\"color: #000000;\"><strong>Inbegriffen:<\/strong><\/span><\/h3>\n<p dir=\"ltr\"><span style=\"color: #00ff00;\"><strong>\u2713<\/strong>\u00a0<\/span>Abholung vom Hotel und R\u00fccktransport<br \/>\n<span style=\"color: #00ff00;\"><strong>\u2713<\/strong>\u00a0<\/span>Reisef\u00fchrer-Dienste<br \/>\n<span style=\"color: #00ff00;\"><strong>\u2713<\/strong>\u00a0<\/span>Versicherung<br \/>\n<span style=\"color: #00ff00;\"><strong>\u2713<\/strong>\u00a0<\/span>Mittagessen auf der Jacht<br \/>\n<span style=\"color: #00ff00;\"><strong>\u2713<\/strong>\u00a0<\/span>Frische Fr\u00fcchte<br \/>\n<span style=\"color: #00ff00;\"><strong>\u2713<\/strong>\u00a0<\/span>Erfrischungsgetr\u00e4nke<\/p>\n<h3 dir=\"ltr\"><span style=\"color: #000000;\"><strong>Nicht inbegriffen:<\/strong><\/span><\/h3>\n<p dir=\"ltr\"><span style=\"color: #ff0000;\"><strong>\u2717<\/strong>\u00a0<\/span>Alkoholische Getr\u00e4nke<br \/>\n<span style=\"color: #ff0000;\"><strong>\u2717\u00a0<\/strong><\/span>Pers\u00f6nliche Ausgaben, Fotos und Videos<\/p>\n<h3 dir=\"ltr\"><span style=\"color: #000000;\"><strong>\ud83c\udf1f H\u00f6hepunkte<\/strong><\/span><\/h3>\n<p dir=\"ltr\">\ud83d\udd39\u00a0<strong>Kristallklare Gew\u00e4sser<\/strong>: Schwimmen im t\u00fcrkisfarbenen Meer von Kemer<br \/>\n\ud83d\udd39\u00a0<strong>Versteckte Buchten<\/strong>: Entdecken Sie abgelegene Orte, die nur mit der Yacht erreichbar sind<br \/>\n\ud83d\udd39\u00a0<strong>Romantischer Sonnenuntergang<\/strong>: Genie\u00dfen Sie einen atemberaubenden Sonnenuntergang \u00fcber dem Meer<br \/>\n\ud83d\udd39\u00a0<strong>Exklusives Ambiente<\/strong>: Verbringen Sie Zeit mit Ihren Liebsten in aller Ruhe<\/p>\n<h3 dir=\"ltr\"><span style=\"color: #000000;\"><strong>\ud83d\udcd6 Vollst\u00e4ndige Beschreibung<\/strong><\/span><\/h3>\n<p dir=\"ltr\">Kemer ist ein erstklassiges Mittelmeerreiseziel mit unber\u00fchrten Gew\u00e4ssern. Eine private Yachtvermietung bietet die perfekte M\u00f6glichkeit, eine ma\u00dfgeschneiderte Seereise mit Ihrer Gruppe zu genie\u00dfen, abseits der Menschenmassen, inmitten der Sch\u00f6nheit der Natur.<\/p>\n<p dir=\"ltr\">Die Yacht verf\u00fcgt \u00fcber ger\u00e4umige Decks und eine stilvolle Innenausstattung. Schwimmen Sie in den Buchten Phaselis und Paradise Bays und bewundern Sie den Sonnenuntergang vom Meer aus. Die Tour beinhaltet ein k\u00f6stliches Mittagessen, frisches Obst und Softdrinks.<\/p>\n<p dir=\"ltr\">Die Yacht bietet Platz f\u00fcr bis zu 12 Personen, wobei die Preise auf einer Gruppe von 6 Personen basieren (kontaktieren Sie uns f\u00fcr gr\u00f6\u00dfere Gruppen). Buchen Sie fr\u00fch f\u00fcr die besten Preise!<\/p>\n<h3 dir=\"ltr\"><span style=\"color: #000000;\"><strong>\ud83d\uddfa\ufe0f Reiseverlauf<\/strong><\/span><\/h3>\n<p dir=\"ltr\">\ud83d\udd39 Abholung von Hotels in der Region Kemer<br \/>\n\ud83d\udd39 Abfahrt vom Yachthafen Kemer<br \/>\n\ud83d\udd39 Fotostopp in der Piratenh\u00f6hle<br \/>\nSchwimmen (1,5 Stunden) in der Bucht von Phaselis und Mittagessen<br \/>\n\ud83d\udd39 Schwimmen (1 Stunde) in der Paradise Bay<br \/>\n\ud83d\udd39 Schwimmen (1 Stunde) in der N\u00e4he der Piratenh\u00f6hle<br \/>\nR\u00fcckkehr zum Yachthafen Kemer<br \/>\n\ud83d\udd39 Transfer zur\u00fcck zu den Hotels<\/p>\n<h3 dir=\"ltr\"><span style=\"color: #000000;\"><strong>\u2139\ufe0f N\u00fctzliche Informationen<\/strong><\/span><\/h3>\n<p dir=\"ltr\">\ud83d\udd39\u00a0<strong>Dauer<\/strong>: 5-6 Stunden<br \/>\n\ud83d\udd39 Schattige Bereiche und Sonnenbadezonen an Bord verf\u00fcgbar<br \/>\n\ud83d\udd39 Die Besatzung spricht Englisch<\/p>\n<h3 dir=\"ltr\"><span style=\"color: #000000;\"><strong>\ud83c\udf92 Was Sie mitbringen sollten<\/strong><\/span><\/h3>\n<p dir=\"ltr\">\ud83d\udd39 Badeanzug und Handtuch<br \/>\n\ud83d\udd39 Sonnenschutzmittel und Sonnenbrille<br \/>\n\ud83d\udd39 Hut oder M\u00fctze<br \/>\n\ud83d\udd39 Bargeld f\u00fcr Souvenirs<\/p>\n<h3 dir=\"ltr\"><span style=\"color: #000000;\"><strong>\ud83d\udeab Nicht geeignet f\u00fcr<\/strong><\/span><\/h3>\n<p dir=\"ltr\">\ud83d\udd39 G\u00e4ste, die zur Seekrankheit neigen<br \/>\n\ud83d\udd39 Menschen mit eingeschr\u00e4nkter Mobilit\u00e4t<\/p>\n<div class=\"elementor-element elementor-element-884d539 e-con-full e-flex e-con e-child\" data-id=\"884d539\" data-element_type=\"container\">\n<div id=\"description\" class=\"elementor-element elementor-element-337037cc elementor-widget elementor-widget-thim-ekits-tours-content\" data-id=\"337037cc\" data-element_type=\"widget\" data-widget_type=\"thim-ekits-tours-content.default\">\n<div class=\"elementor-widget-container\">\n<div class=\"thim-ekit-single-tour__content\">\n<h3 dir=\"ltr\">\ud83d\udcb8\u00a0<strong>Preis und Buchung<\/strong><\/h3>\n<p dir=\"ltr\"><strong>\ud83d\udd39 Jetzt buchen, am Tag der Tour bezahlen<\/strong><br \/>\nKontaktiere uns \u00fcber WhatsApp, Telegram, Viber oder f\u00fclle das Buchungsformular unten aus. \ud83d\udc47\ud83c\udffc<\/p>\n<\/div>\n<\/div>\n<\/div>\n<\/div>\n<div class=\"elementor-element elementor-element-57a2f74 elementor-widget-divider--view-line elementor-widget elementor-widget-divider\" data-id=\"57a2f74\" data-element_type=\"widget\" data-widget_type=\"divider.default\">\n<div class=\"elementor-widget-container\"><\/div>\n<\/div>\n<\/div>\n<\/div>\n<\/div>\n<\/div>","protected":false},"excerpt":{"rendered":"<p>Buchen Sie <b>Yacht Charter<\/b> in Kemer! Dieser Luxus <b>Ausflug<\/b> an Bord der Tuna-1 bietet versteckte Buchten, Mittagessen und Getr\u00e4nke. Die ultimative exklusive <b>Tour<\/b> erleben!<\/p>","protected":false},"featured_media":13007,"comment_status":"open","ping_status":"closed","template":"","meta":[],"product_brand":[],"product_cat":[129],"product_tag":[105],"class_list":{"0":"post-13006","1":"product","2":"type-product","3":"status-publish","4":"has-post-thumbnail","6":"tour_phys-yacht-rental","7":"product_cat-yacht-rental","8":"product_tag-kemer","9":"pa_kategori-private-yacht-rental-kemer-antalya","11":"first","12":"instock","13":"sale","14":"shipping-taxable","15":"purchasable","16":"product-type-tour_phys"},"aioseo_notices":[],"_links":{"self":[{"href":"https:\/\/excursionsworld.com\/de\/wp-json\/wp\/v2\/product\/13006","targetHints":{"allow":["GET"]}}],"collection":[{"href":"https:\/\/excursionsworld.com\/de\/wp-json\/wp\/v2\/product"}],"about":[{"href":"https:\/\/excursionsworld.com\/de\/wp-json\/wp\/v2\/types\/product"}],"replies":[{"embeddable":true,"href":"https:\/\/excursionsworld.com\/de\/wp-json\/wp\/v2\/comments?post=13006"}],"wp:featuredmedia":[{"embeddable":true,"href":"https:\/\/excursionsworld.com\/de\/wp-json\/wp\/v2\/media\/13007"}],"wp:attachment":[{"href":"https:\/\/excursionsworld.com\/de\/wp-json\/wp\/v2\/media?parent=13006"}],"wp:term":[{"taxonomy":"product_brand","embeddable":true,"href":"https:\/\/excursionsworld.com\/de\/wp-json\/wp\/v2\/product_brand?post=13006"},{"taxonomy":"product_cat","embeddable":true,"href":"https:\/\/excursionsworld.com\/de\/wp-json\/wp\/v2\/product_cat?post=13006"},{"taxonomy":"product_tag","embeddable":true,"href":"https:\/\/excursionsworld.com\/de\/wp-json\/wp\/v2\/product_tag?post=13006"}],"curies":[{"name":"wp","href":"https:\/\/api.w.org\/{rel}","templated":true}]}}