{"id":13297,"date":"2025-05-16T18:15:20","date_gmt":"2025-05-16T15:15:20","guid":{"rendered":"https:\/\/excursionsworld.com\/?post_type=product&#038;p=13297"},"modified":"2026-03-07T19:07:37","modified_gmt":"2026-03-07T16:07:37","slug":"budva-yacht-blue-cave-our-lady-of-the-rocks","status":"publish","type":"product","link":"https:\/\/excursionsworld.com\/tours\/budva-yacht-blue-cave-our-lady-of-the-rocks\/","title":{"rendered":"Budva Yacht Tour: Kotor, Blaue Grotte &amp; Our Lady of the Rocks"},"content":{"rendered":"<h4 dir=\"ltr\" data-pm-slice=\"1 1 []\">\ud83c\udfdd\ufe0f \u00dcberblick<\/h4>\n<p dir=\"ltr\">Begeben Sie sich ab Budva oder Petrovac auf eine unvergessliche Reise durch die malerische Boka-Bucht. Diese klassische Tour, die seit 1981 durchgef\u00fchrt wird, umfasst eine Fahrt auf dem komfortablen Schiff MB Vesna, einen Besuch des charmanten Herceg Novi, Schwimmen am Strand von \u017danjice, einen Halt auf der Insel Our Lady of the Rocks und einen Spaziergang durch das historische Kotor. Ideal f\u00fcr Familien, Natur- und Kulturliebhaber.<\/p>\n<h4 dir=\"ltr\">Inbegriffen:<\/h4>\n<p dir=\"ltr\"><span style=\"color: #00ff00;\"><strong>\u2713<\/strong><\/span> Bustransfer von Budva und Petrovac<br \/>\n<span style=\"color: #00ff00;\"><strong>\u2713 <\/strong><\/span>Kreuzfahrt mit dem Schiff MB Vesna<br \/>\n<span style=\"color: #00ff00;\"><strong>\u2713 <\/strong><\/span>Professioneller Reiseleiter an Bord<br \/>\n<span style=\"color: #00ff00;\"><strong>\u2713 <\/strong><\/span>Mittagessen<br \/>\n<span style=\"color: #00ff00;\"><strong>\u2713 <\/strong><\/span>Eintrittskarte f\u00fcr die Kirche und das Museum Our Lady of the Rocks<br \/>\n<span style=\"color: #00ff00;\"><strong>\u2713 <\/strong><\/span>Optional: Kleiner Bootstransfer zur Blauen H\u00f6hle (\u20ac10, extra)<\/p>\n<h4 dir=\"ltr\">Nicht inbegriffen:<\/h4>\n<p dir=\"ltr\"><span style=\"color: #ff0000;\"><strong>\u2717<\/strong><\/span> Zus\u00e4tzlicher Transfer zur Blauen H\u00f6hle<br \/>\n<span style=\"color: #ff0000;\"><strong>\u2717<\/strong><\/span> Fotos und Videos<br \/>\n<span style=\"color: #ff0000;\"><strong>\u2717<\/strong><\/span> Getr\u00e4nke<\/p>\n<h4 dir=\"ltr\">\ud83c\udf1f H\u00f6hepunkte der Tour<\/h4>\n<p dir=\"ltr\">\ud83d\udd39 Klassische Boka-Bucht-Kreuzfahrt, beliebt seit 1981<br \/>\n\ud83d\udd39 Freizeit in der charmanten Altstadt von Herceg Novi<br \/>\n\ud83d\udd39 Schwimmen und Entspannung am Strand von \u017danjice mit optionalem Besuch der Blauen H\u00f6hle<br \/>\n\ud83d\udd39 Besuch von Our Lady of the Rocks mit ihrer Kirche und ihrem Museum<br \/>\n\ud83d\udd39 Bummeln Sie durch die malerischen Stra\u00dfen von Kotor<br \/>\n\ud83d\udd39 Atemberaubende Aussicht auf Perast und die Bucht von Boka<br \/>\n\ud83d\udd39 Bequemer Transfer in einem modernen Bus<\/p>\n<h4 dir=\"ltr\">\ud83d\udcd6 Vollst\u00e4ndige Beschreibung<\/h4>\n<p dir=\"ltr\">Ihr Abenteuer beginnt mit einem komfortablen Bustransfer von Budva oder Petrovac zur K\u00fcstenstadt Tivat. Dort gehen Sie an Bord des ger\u00e4umigen Schiffes MB Vesna und starten um 10:00 Uhr zu einer Kreuzfahrt.<\/p>\n<p dir=\"ltr\">Der erste Halt ist Herceg Novi, wo Sie 1 Stunde Zeit haben, um durch die charmante Altstadt zu schlendern oder am Meer zu entspannen. Danach segeln Sie auf die offene Adria und erreichen den Strand von \u017danjice, wo Sie 1,5 Stunden schwimmen, sonnenbaden oder einen optionalen Ausflug zur Blauen H\u00f6hle unternehmen k\u00f6nnen (gegen Geb\u00fchr).<\/p>\n<p dir=\"ltr\">Weiter geht es zur ber\u00fchmten Insel Our Lady of the Rocks, wo Sie 40 Minuten lang die Kirche, das Museum und die atemberaubende Aussicht besichtigen k\u00f6nnen. Die Kreuzfahrt f\u00fchrt Sie dann durch die malerische Boka-Bucht, vorbei an der Stadt Perast, bevor Sie in Kotor ankommen. Hier haben Sie etwa 70 Minuten Zeit, um im Park zu entspannen, einen Happen zu essen oder die historische Altstadt zu erkunden.<\/p>\n<p dir=\"ltr\">Nach Kotor kehren Sie mit dem Bus nach Budva und Petrovac zur\u00fcck, wo Sie wieder an Ihrem Abholpunkt ankommen.<\/p>\n<h4 dir=\"ltr\">\ud83d\uddfa\ufe0f Reiseverlauf<\/h4>\n<p dir=\"ltr\">\ud83d\udd39 Bustransfer von Budva\/Petrovac nach Tivat (40 Minuten)<br \/>\nKreuzfahrt nach Herceg Novi (40 min)<br \/>\n\ud83d\udd39 Halt in Herceg Novi (1 Stunde)<br \/>\nKreuzfahrt zum Strand von \u017danjice (35 min)<br \/>\n\ud83d\udd39 Halt am Strand \u017danjice (1,5 Stunden, optionales 15-min\u00fctiges Bad in der Blauen H\u00f6hle gegen Aufpreis)<br \/>\nKreuzfahrt zu Our Lady of the Rocks (80 min)<br \/>\n\ud83d\udd39 Halt bei Our Lady of the Rocks (40 min)<br \/>\nKreuzfahrt nach Kotor (40 min)<br \/>\n\ud83d\udd39 Halt in Kotor (70 min)<br \/>\nBus zur\u00fcck nach Budva\/Petrovac (40 Minuten)<\/p>\n<h4 dir=\"ltr\">\u2139\ufe0f N\u00fctzliche Informationen<\/h4>\n<p dir=\"ltr\">\ud83d\udd39 Dauer: ~8-9 Stunden<br \/>\n\ud83d\udd39 Der Zeitplan kann sich aufgrund von Wetter- oder Seebedingungen \u00e4ndern.<br \/>\n\ud83d\udd39 M\u00e4\u00dfige k\u00f6rperliche Aktivit\u00e4t (Wandern und Schwimmen)<br \/>\n\ud83d\udd39 Bei schlechtem Wetter kann der Kapit\u00e4n den Besuch des Strandes \u017danjice oder der Blauen H\u00f6hle aus Sicherheitsgr\u00fcnden absagen.<\/p>\n<h4 dir=\"ltr\">\ud83c\udf92 Was Sie mitbringen sollten<\/h4>\n<p dir=\"ltr\">\ud83d\udd39 Bequeme Wanderschuhe<br \/>\n\ud83d\udd39 Sonnenbrille und Sonnenschutzmittel<br \/>\n\ud83d\udd39 Badeanzug und Handtuch<br \/>\n\ud83d\udd39 Bargeld f\u00fcr pers\u00f6nliche Ausgaben und fakultative Ausfl\u00fcge<br \/>\n\ud83d\udd39 Wasserdichte Kamera oder Telefon<\/p>\n<h4 dir=\"ltr\">\ud83d\udeab Nicht geeignet f\u00fcr<\/h4>\n<p dir=\"ltr\">\ud83d\udd39 Menschen mit eingeschr\u00e4nkter Mobilit\u00e4t<br \/>\n\ud83d\udd39 Reisende mit schweren Erkrankungen<\/p>\n<h3 data-start=\"3975\" data-end=\"4004\"><img decoding=\"async\" class=\"emoji\" role=\"img\" draggable=\"false\" src=\"https:\/\/s.w.org\/images\/core\/emoji\/17.0.2\/svg\/1f4b8.svg\" alt=\"\ud83d\udcb8\" \/>\u00a0<strong data-start=\"3983\" data-end=\"4004\">Preis und Buchung<\/strong><\/h3>\n<p data-start=\"4005\" data-end=\"4144\"><img decoding=\"async\" class=\"emoji\" role=\"img\" draggable=\"false\" src=\"https:\/\/s.w.org\/images\/core\/emoji\/17.0.2\/svg\/1f539.svg\" alt=\"\ud83d\udd39\" \/>\u00a0Jetzt reservieren, sp\u00e4ter bezahlen<br data-start=\"4030\" data-end=\"4033\" \/><img decoding=\"async\" class=\"emoji\" role=\"img\" draggable=\"false\" src=\"https:\/\/s.w.org\/images\/core\/emoji\/17.0.2\/svg\/1f539.svg\" alt=\"\ud83d\udd39\" \/>\u00a0Kostenlose Stornierung bis zu 24 Stunden vor der Tour<br data-start=\"4084\" data-end=\"4087\" \/><img decoding=\"async\" class=\"emoji\" role=\"img\" draggable=\"false\" src=\"https:\/\/s.w.org\/images\/core\/emoji\/17.0.2\/svg\/1f539.svg\" alt=\"\ud83d\udd39\" \/>\u00a0Buchen Sie einfach \u00fcber WhatsApp oder das Online-Buchungsformular\u00a0<img decoding=\"async\" class=\"emoji\" role=\"img\" draggable=\"false\" src=\"https:\/\/s.w.org\/images\/core\/emoji\/17.0.2\/svg\/1f447-1f3fd.svg\" alt=\"\ud83d\udc47\ud83c\udffd\" \/><\/p>","protected":false},"excerpt":{"rendered":"<p>Erkunden Sie die Bucht von Kotor auf einer Yachttour ab Budva. Besuchen Sie Herceg Novi, schwimmen Sie am Strand von \u017danjice, besichtigen Sie die Blaue H\u00f6hle und die Insel Our Lady of the Rocks.<\/p>","protected":false},"featured_media":15873,"comment_status":"open","ping_status":"closed","template":"","meta":[],"product_brand":[],"product_cat":[132],"product_tag":[123],"class_list":{"0":"post-13297","1":"product","2":"type-product","3":"status-publish","4":"has-post-thumbnail","6":"tour_phys-budva-tours","7":"product_cat-budva-tours","8":"product_tag-budva","9":"pa_montenegro-budva-tours","11":"first","12":"instock","13":"sale","14":"shipping-taxable","15":"purchasable","16":"product-type-tour_phys"},"aioseo_notices":[],"_links":{"self":[{"href":"https:\/\/excursionsworld.com\/de\/wp-json\/wp\/v2\/product\/13297","targetHints":{"allow":["GET"]}}],"collection":[{"href":"https:\/\/excursionsworld.com\/de\/wp-json\/wp\/v2\/product"}],"about":[{"href":"https:\/\/excursionsworld.com\/de\/wp-json\/wp\/v2\/types\/product"}],"replies":[{"embeddable":true,"href":"https:\/\/excursionsworld.com\/de\/wp-json\/wp\/v2\/comments?post=13297"}],"wp:featuredmedia":[{"embeddable":true,"href":"https:\/\/excursionsworld.com\/de\/wp-json\/wp\/v2\/media\/15873"}],"wp:attachment":[{"href":"https:\/\/excursionsworld.com\/de\/wp-json\/wp\/v2\/media?parent=13297"}],"wp:term":[{"taxonomy":"product_brand","embeddable":true,"href":"https:\/\/excursionsworld.com\/de\/wp-json\/wp\/v2\/product_brand?post=13297"},{"taxonomy":"product_cat","embeddable":true,"href":"https:\/\/excursionsworld.com\/de\/wp-json\/wp\/v2\/product_cat?post=13297"},{"taxonomy":"product_tag","embeddable":true,"href":"https:\/\/excursionsworld.com\/de\/wp-json\/wp\/v2\/product_tag?post=13297"}],"curies":[{"name":"wp","href":"https:\/\/api.w.org\/{rel}","templated":true}]}}