{"id":13351,"date":"2025-05-17T21:32:14","date_gmt":"2025-05-17T18:32:14","guid":{"rendered":"https:\/\/excursionsworld.com\/?post_type=product&#038;p=13351"},"modified":"2025-12-09T22:59:47","modified_gmt":"2025-12-09T19:59:47","slug":"kas-kaputas-strand-kemer","status":"publish","type":"product","link":"https:\/\/excursionsworld.com\/tours\/kas-kaputas-beach-kemer\/","title":{"rendered":"Ka\u015f Stadt &amp; Kaputa\u015f Strand Tour ab Kemer \u2013 Entdecke die Mittelmeerk\u00fcste"},"content":{"rendered":"<h3><span style=\"color: #000000;\"><strong>\ud83c\udfdd\ufe0f \u00dcberblick<\/strong><\/span><\/h3>\n<p dir=\"ltr\">Verbringen Sie einen ganzen Tag mit der Erkundung der sch\u00f6nsten Orte an der t\u00fcrkischen S\u00fcdk\u00fcste! Schlendern Sie durch die charmanten Stra\u00dfen von Kalkan, schwimmen Sie im kristallklaren t\u00fcrkisfarbenen Wasser des Kaputa\u015f-Strandes und genie\u00dfen Sie einen entspannten Tag in der malerischen Stadt Ka\u015f. Die Tour beinhaltet ein Mittagessen in einem lokalen Fischrestaurant, Spazierg\u00e4nge am Meer und Zeit zum Einkaufen.<\/p>\n<h3 dir=\"ltr\"><span style=\"color: #000000;\"><strong>Inbegriffen:<\/strong><\/span><\/h3>\n<div dir=\"ltr\"><strong><span style=\"color: #00ff00;\">\u2713<\/span><\/strong> Abholung vom Hotel und R\u00fccktransport<br data-start=\"123\" data-end=\"126\" \/><strong><span style=\"color: #00ff00;\">\u2713 <\/span><\/strong>Leitfaden<br data-start=\"150\" data-end=\"153\" \/><strong><span style=\"color: #00ff00;\">\u2713 <\/span><\/strong>Eintrittskarte f\u00fcr den Kaputa\u015f Strand<br data-start=\"187\" data-end=\"190\" \/><strong><span style=\"color: #00ff00;\">\u2713 <\/span><\/strong>Besuch der k\u00f6niglichen Gruft<br data-start=\"215\" data-end=\"218\" \/><strong><span style=\"color: #00ff00;\">\u2713 <\/span><\/strong>Besuch des antiken Theaters<br data-start=\"248\" data-end=\"251\" \/><strong><span style=\"color: #00ff00;\">\u2713 <\/span><\/strong>Versicherung<\/div>\n<div dir=\"ltr\"><strong><span style=\"color: #00ff00;\">\u2713 <\/span><\/strong>Mittagessen<\/div>\n<h3 dir=\"ltr\"><span style=\"color: #000000;\">Nicht inbegriffen:<\/span><\/h3>\n<div dir=\"ltr\"><span style=\"color: #ff0000;\"><strong>\u2717\u00a0<\/strong><\/span> Getr\u00e4nke<br \/>\n<span style=\"color: #ff0000;\"><strong>\u2717 <\/strong><\/span>Pers\u00f6nliche Ausgaben<\/div>\n<h3 dir=\"ltr\"><span style=\"color: #000000;\"><strong>\ud83c\udf1f H\u00f6hepunkte der Tour<\/strong><\/span><\/h3>\n<p dir=\"ltr\">\ud83d\udd39 Panoramafahrt entlang der Mittelmeerk\u00fcste<br \/>\n\ud83d\udd39 Besuch eines Aussichtspunkts mit Blick auf die griechische Insel Meis<br \/>\n3 Stunden freie Zeit in Ka\u015f f\u00fcr Erkundungen und Mittagessen<br \/>\nSchwimmen und Entspannen am kultigen Kaputa\u015f-Strand (2-2,5 Stunden)<br \/>\n\ud83d\udd39 Authentisches Mittagessen in einem lokalen Restaurant<\/p>\n<h3 dir=\"ltr\">\ud83d\udcd6 <strong>Vollst\u00e4ndige Beschreibung<\/strong><\/h3>\n<div dir=\"ltr\">Diese landschaftlich reizvolle Tagestour von Kemer nach Ka\u015f verbindet Geschichte, Natursch\u00f6nheiten und K\u00fcstencharme. Sie wird in kleinen Gruppen (bis zu 15 Personen) mit einem professionellen englischsprachigen Reiseleiter durchgef\u00fchrt und ist perfekt f\u00fcr Reisende, die ein entspanntes Tempo und authentische Ziele bevorzugen.<\/div>\n<div dir=\"ltr\">Der Tag beginnt mit einer bequemen Fahrt von Kemer aus, mit einem kurzen Halt auf dem Weg. Der erste Halt ist ein Aussichtspunkt mit atemberaubendem Blick auf die griechische Insel Meis, perfekt f\u00fcr atemberaubende Fotos. Anschlie\u00dfend fahren Sie nach Ka\u015f, einer malerischen K\u00fcstenstadt, die f\u00fcr ihre blumenges\u00e4umten engen Gassen, antiken Ruinen, Boutiquen und ihre ruhige Atmosph\u00e4re bekannt ist.<\/div>\n<div dir=\"ltr\">Nach einer kurzen gef\u00fchrten Einf\u00fchrung haben Sie etwa 2 bis 3 Stunden Freizeit, um die Stadt auf eigene Faust zu erkunden, Fotos zu machen, Souvenirs zu kaufen und in einem lokalen Restaurant zu Mittag zu essen. Anschlie\u00dfend besuchen Sie den ber\u00fchmten Kaputa\u015f-Strand, einen der ber\u00fchmtesten Str\u00e4nde der T\u00fcrkei, der f\u00fcr sein leuchtend t\u00fcrkisfarbenes Wasser und seine dramatische Klippenlandschaft bekannt ist. Verbringen Sie 2-2,5 Stunden mit Schwimmen, Entspannen und Sonne tanken, bevor Sie nach Kemer zur\u00fcckkehren.<\/div>\n<h3 dir=\"ltr\"><span style=\"color: #000000;\"><strong>\ud83d\uddfa\ufe0f Reiseverlauf<\/strong><\/span><\/h3>\n<p dir=\"ltr\">\ud83d\udd39 Abholung von den Hotels gegen 08:00 Uhr<br \/>\n\ud83d\udd39 Landschaftlich reizvolle Fahrt mit technischem Halt<br \/>\n\ud83d\udd39 Besuch des Aussichtspunkts bei der Insel Meis<br \/>\n\ud83d\udd39 Gef\u00fchrter Besuch des antiken Theaters in Ka\u015f<br \/>\n\ud83d\udd39 2-3 Stunden Freizeit in Ka\u015f f\u00fcr Mittagessen und Erkundung<br \/>\nTransfer zum Kaputa\u015f Strand zum Schwimmen und Entspannen (2-2,5 Stunden)<br \/>\n\ud83d\udd39 Abfahrt vom Kaputa\u015f Strand gegen 16:00<br \/>\n\ud83d\udd39 R\u00fcckkehr zu den Hotels in Kemer gegen 18:00-19:00 Uhr<\/p>\n<h3 dir=\"ltr\"><span style=\"color: #000000;\"><strong>\u2139\ufe0f N\u00fctzliche Informationen<\/strong><\/span><\/h3>\n<p dir=\"ltr\">\ud83d\udd39 Dauer der Tour: ca. 10-11 Stunden<br \/>\n\ud83d\udd39 Mittagessen inbegriffen (Fisch, Huhn oder Fleischb\u00e4llchen), Getr\u00e4nke gegen Aufpreis<br \/>\n\ud83d\udd39 In Ka\u015f gibt es zahlreiche lokale Restaurants und Caf\u00e9s, die in der Freizeit besucht werden k\u00f6nnen.<br \/>\n\ud83d\udd39 Kinder unter 5 Jahren, die kostenlos mitfahren, haben keinen eigenen Sitzplatz im Bus. Wenn der Bus voll ist, sitzen sie auf dem Scho\u00df eines Erwachsenen, oder es kann ein eigener Sitzplatz gebucht werden<\/p>\n<h3 dir=\"ltr\"><span style=\"color: #000000;\"><strong>\ud83c\udf92 Was Sie mitbringen sollten<\/strong><\/span><\/h3>\n<p dir=\"ltr\">\ud83d\udd39 Badeanzug und Handtuch<br \/>\n\ud83d\udd39 Bequeme Schuhe und Kleidung<br \/>\n\ud83d\udd39 Sonnenschutz (Hut, Sonnenschutzmittel, Sonnenbrille)<br \/>\n\ud83d\udd39 Bargeld f\u00fcr Getr\u00e4nke und pers\u00f6nliche Ausgaben<\/p>\n<h3 dir=\"ltr\"><span style=\"color: #000000;\"><strong>\ud83d\udeab Nicht geeignet f\u00fcr<\/strong><\/span><\/h3>\n<p dir=\"ltr\">\ud83d\udd39 Menschen mit eingeschr\u00e4nkter Mobilit\u00e4t<br \/>\n\ud83d\udd39 Kleinkinder und S\u00e4uglinge wegen der langen Reise<\/p>\n<h3 dir=\"ltr\"><span style=\"color: #000000;\"><strong>\ud83d\udcb8 Preis und Buchung<\/strong><\/span><\/h3>\n<p dir=\"ltr\"><strong>\ud83d\udd39 Jetzt buchen, am Tag der Tour bezahlen<\/strong><br \/>\nKontaktiere uns \u00fcber WhatsApp, Telegram, Viber oder f\u00fclle das Buchungsformular unten aus. \ud83d\udc47\ud83c\udffc<\/p>","protected":false},"excerpt":{"rendered":"<p>Entdecken Sie die Strandtour von Kemer nach Ka\u015f, Kalkan und Kaputa\u015f: herrliche Str\u00e4nde, atemberaubende Aussichten und ein leckeres Mittagessen. Inklusive Transfer, fachkundiger F\u00fchrung und Versicherung.<\/p>","protected":false},"featured_media":14102,"comment_status":"open","ping_status":"closed","template":"","meta":[],"product_brand":[],"product_cat":[124],"product_tag":[105],"class_list":{"0":"post-13351","1":"product","2":"type-product","3":"status-publish","4":"has-post-thumbnail","6":"tour_phys-kemer-tours","7":"product_cat-kemer-tours","8":"product_tag-kemer","9":"pa_destination-kemer-tours","11":"first","12":"instock","13":"sale","14":"shipping-taxable","15":"purchasable","16":"product-type-tour_phys"},"aioseo_notices":[],"_links":{"self":[{"href":"https:\/\/excursionsworld.com\/de\/wp-json\/wp\/v2\/product\/13351","targetHints":{"allow":["GET"]}}],"collection":[{"href":"https:\/\/excursionsworld.com\/de\/wp-json\/wp\/v2\/product"}],"about":[{"href":"https:\/\/excursionsworld.com\/de\/wp-json\/wp\/v2\/types\/product"}],"replies":[{"embeddable":true,"href":"https:\/\/excursionsworld.com\/de\/wp-json\/wp\/v2\/comments?post=13351"}],"wp:featuredmedia":[{"embeddable":true,"href":"https:\/\/excursionsworld.com\/de\/wp-json\/wp\/v2\/media\/14102"}],"wp:attachment":[{"href":"https:\/\/excursionsworld.com\/de\/wp-json\/wp\/v2\/media?parent=13351"}],"wp:term":[{"taxonomy":"product_brand","embeddable":true,"href":"https:\/\/excursionsworld.com\/de\/wp-json\/wp\/v2\/product_brand?post=13351"},{"taxonomy":"product_cat","embeddable":true,"href":"https:\/\/excursionsworld.com\/de\/wp-json\/wp\/v2\/product_cat?post=13351"},{"taxonomy":"product_tag","embeddable":true,"href":"https:\/\/excursionsworld.com\/de\/wp-json\/wp\/v2\/product_tag?post=13351"}],"curies":[{"name":"wp","href":"https:\/\/api.w.org\/{rel}","templated":true}]}}