{"id":14085,"date":"2025-07-01T11:09:40","date_gmt":"2025-07-01T08:09:40","guid":{"rendered":"https:\/\/excursionsworld.com\/?post_type=product&#038;p=14085"},"modified":"2025-12-12T22:27:42","modified_gmt":"2025-12-12T19:27:42","slug":"private-yacht-belek-duden","status":"publish","type":"product","link":"https:\/\/excursionsworld.com\/tours\/private-yacht-belek-duden\/","title":{"rendered":"Belek Private Yachtvermietung - D\u00fcden Wasserfall"},"content":{"rendered":"<h3 dir=\"ltr\" data-pm-slice=\"1 1 []\">\ud83c\udfdd\ufe0f \u00dcberblick<\/h3>\n<p dir=\"ltr\">Setzen Sie die Segel auf der Elegant, einer 14,5 Meter langen privaten Motoryacht, f\u00fcr ein luxuri\u00f6ses VIP-Erlebnis an der T\u00fcrkischen Riviera. Diese Tour f\u00fcr bis zu 12 G\u00e4ste ist perfekt f\u00fcr besondere Anl\u00e4sse oder einen ruhigen Tag des Genusses und bietet atemberaubende Aussichten, erfrischende B\u00e4der und Gourmet-Dinner. Vom Ac\u0131su Yachthafen in Belek aus fahren Sie zum D\u00fcden-Wasserfall und zum Lara-Strand und erleben ein unvergessliches Mittelmeer-Abenteuer.<\/p>\n<h3 dir=\"ltr\">Inbegriffen:<\/h3>\n<p dir=\"ltr\"><span style=\"color: #00ff00;\"><strong>\u2713<\/strong><\/span> Abholung vom Hotel und R\u00fccktransport<br \/>\n<span style=\"color: #00ff00;\"><strong>\u2713 <\/strong><\/span>Reisef\u00fchrer-Dienste<br \/>\n<span style=\"color: #00ff00;\"><strong>\u2713 <\/strong><\/span>Versicherung<br \/>\n<span style=\"color: #00ff00;\"><strong>\u2713 <\/strong><\/span>Mittagessen auf der Jacht<br \/>\n<span style=\"color: #00ff00;\"><strong>\u2713 <\/strong><\/span>Frische Fr\u00fcchte<br \/>\n<span style=\"color: #00ff00;\"><strong>\u2713 <\/strong><\/span>Erfrischungsgetr\u00e4nke<\/p>\n<h3 dir=\"ltr\">Nicht inbegriffen:<\/h3>\n<p dir=\"ltr\"><strong><span style=\"color: #ff0000;\">\u2717<\/span><\/strong> Alkoholische Getr\u00e4nke<br \/>\n<strong><span style=\"color: #ff0000;\">\u2717 <\/span><\/strong>Pers\u00f6nliche Ausgaben, Fotos und Videos<\/p>\n<h3 dir=\"ltr\" data-pm-slice=\"1 1 []\">\ud83c\udf1f H\u00f6hepunkte der Tour<\/h3>\n<p dir=\"ltr\">\ud83d\udd39 Exklusive Kreuzfahrt auf einer 14,5 Meter langen privaten Motoryacht<br \/>\n\ud83d\udd39 Schwimmen an den unber\u00fchrten Ufern des Lara Beach<br \/>\n\ud83d\udd39 Entdecken Sie eine abgelegene H\u00f6hle und einen Wasserfall an der K\u00fcste<br \/>\n\ud83d\udd39 Einzigartige Aussicht auf den Oberen D\u00fcdenwasserfall vom Meer aus<br \/>\n\ud83d\udd39 Gourmet-Mittagessen an Bord am Wasserfall serviert<br \/>\nIndividueller Service f\u00fcr Familien, Paare oder kleine Gruppen<\/p>\n<h3 dir=\"ltr\">\ud83d\udcd6 Vollst\u00e4ndige Beschreibung<\/h3>\n<p dir=\"ltr\">Ihr VIP-Abenteuer beginnt um 9:00 Uhr mit einer herzlichen Begr\u00fc\u00dfung an Bord der Motoryacht in der Ac\u0131su Marina von Belek. Machen Sie es sich mit einem erfrischenden Getr\u00e4nk auf dem Sonnendeck bequem, w\u00e4hrend Ihre professionelle Crew durch die t\u00fcrkisfarbenen Gew\u00e4sser des Mittelmeers navigiert.<\/p>\n<p dir=\"ltr\">Der erste Halt ist der Lara-Strand, wo Sie in kristallklarem Wasser vor der dramatischen K\u00fcstenlinie Antalyas ankern und schwimmen k\u00f6nnen. Als N\u00e4chstes erkunden Sie eine versteckte K\u00fcstenh\u00f6hle und einen bezaubernden Mini-Wasserfall, der sich perfekt f\u00fcr Fotos und einen Hauch von Abenteuer eignet. Segeln Sie in der N\u00e4he des majest\u00e4tischen Oberen D\u00fcden-Wasserfalls, einem seltenen Anblick, der sich kaskadenf\u00f6rmig ins Meer ergie\u00dft, und genie\u00dfen Sie an Bord ein Gourmet-Mittagessen mit frischen lokalen K\u00f6stlichkeiten. Schwimmen Sie ein zweites Mal im Nebel des Wasserfalls und erleben Sie einen magischen Moment.<\/p>\n<p dir=\"ltr\">Auf der R\u00fcckfahrt haben Sie Zeit, sich zu entspannen, einen Drink zu genie\u00dfen und die mediterrane Brise einzufangen. Um 16:00 Uhr werden Sie erfrischt und inspiriert von dieser exklusiven Reise wieder im Ac\u0131su Yachthafen ankommen.<\/p>\n<h3 dir=\"ltr\">\ud83d\uddfa\ufe0f Reiseverlauf<\/h3>\n<p dir=\"ltr\">\ud83d\udd39 9:00 AM: Einsteigen in die Motoryacht in der Ac\u0131su Marina, Belek<br \/>\nFahrt zum Lara Beach f\u00fcr den ersten Badestopp (11:00 AM)<br \/>\n\ud83d\udd39 Erkundung einer abgelegenen H\u00f6hle und eines Mini-Wasserfalls (12:00 Uhr)<br \/>\nFahrt zum Oberen D\u00fcdenwasserfall mit Panoramablick (12:30 Uhr)<br \/>\nGourmet-Mittagessen an Bord und zweites Schwimmen bei den Wasserf\u00e4llen (13:00 Uhr)<br \/>\nHin- und R\u00fcckfahrt entlang der K\u00fcste (14:00 Uhr)<br \/>\nR\u00fcckkehr zum Yachthafen Ac\u0131su (16:00 Uhr)<\/p>\n<h3 dir=\"ltr\">\u2139\ufe0f N\u00fctzliche Informationen<\/h3>\n<p dir=\"ltr\">\ud83d\udd39 Dauer: ca. 7 Stunden (9:00 - 16:00 Uhr)<br \/>\n\ud83d\udd39 Die Tour findet t\u00e4glich statt, je nach Verf\u00fcgbarkeit<br \/>\n\ud83d\udd39 Die Reiseroute kann sich aufgrund von Wetter- oder Seebedingungen \u00e4ndern.<br \/>\n\ud83d\udd39 M\u00e4\u00dfige k\u00f6rperliche Aktivit\u00e4t (Schwimmen, leichte Spazierg\u00e4nge auf der Yacht)<br \/>\n\ud83d\udd39 Kapazit\u00e4t der Yacht: bis zu 12 G\u00e4ste f\u00fcr ein privates Erlebnis<br \/>\nKinder unter 5 Jahren reisen kostenlos, teilen sich aber einen Sitzplatz, wenn sie nicht separat gebucht werden.<\/p>\n<h3 dir=\"ltr\">\ud83c\udf92 Was Sie mitbringen sollten<\/h3>\n<p dir=\"ltr\">\ud83d\udd39 Badeanzug und Handtuch<br \/>\n\ud83d\udd39 Sonnenschutzmittel und Sonnenbrille<br \/>\n\ud83d\udd39 Bequeme, wasserfreundliche Schuhe<br \/>\n\ud83d\udd39 Bargeld f\u00fcr pers\u00f6nliche Ausgaben<br \/>\n\ud83d\udd39 Wasserdichte Kamera oder Telefon<\/p>\n<h3 dir=\"ltr\">\ud83d\udeab Nicht geeignet f\u00fcr<\/h3>\n<p dir=\"ltr\">\ud83d\udd39 Menschen mit eingeschr\u00e4nkter Mobilit\u00e4t<br \/>\n\ud83d\udd39 Personen, die zu Seekrankheit neigen<\/p>\n<div class=\"elementor-element elementor-element-884d539 e-con-full e-flex e-con e-child\" data-id=\"884d539\" data-element_type=\"container\">\n<div id=\"description\" class=\"elementor-element elementor-element-337037cc elementor-widget elementor-widget-thim-ekits-tours-content\" data-id=\"337037cc\" data-element_type=\"widget\" data-widget_type=\"thim-ekits-tours-content.default\">\n<div class=\"elementor-widget-container\">\n<div class=\"thim-ekit-single-tour__content\">\n<h3 dir=\"ltr\">\ud83d\udcb8\u00a0<strong>Preis und Buchung<\/strong><\/h3>\n<p dir=\"ltr\"><strong>\ud83d\udd39 Jetzt buchen, am Tag der Tour bezahlen<\/strong><br \/>\nKontaktiere uns \u00fcber WhatsApp, Telegram, Viber oder f\u00fclle das Buchungsformular unten aus. \ud83d\udc47\ud83c\udffc<\/p>\n<\/div>\n<\/div>\n<\/div>\n<\/div>\n<div class=\"elementor-element elementor-element-57a2f74 elementor-widget-divider--view-line elementor-widget elementor-widget-divider\" data-id=\"57a2f74\" data-element_type=\"widget\" data-widget_type=\"divider.default\">\n<div class=\"elementor-widget-container\">\n<div class=\"elementor-divider\"><\/div>\n<\/div>\n<\/div>","protected":false},"excerpt":{"rendered":"<p><strong>Genie\u00dfen Sie eine private Yacht-Kreuzfahrt von Belek zum Lara Strand und D\u00fcden Wasserfall. Schwimmen, entspannen auf der Motoryacht mit Mittagessen und vollem Service.<\/strong><\/p>","protected":false},"featured_media":14086,"comment_status":"open","ping_status":"closed","template":"","meta":[],"product_brand":[],"product_cat":[129],"product_tag":[120],"class_list":{"0":"post-14085","1":"product","2":"type-product","3":"status-publish","4":"has-post-thumbnail","6":"tour_phys-yacht-rental","7":"product_cat-yacht-rental","8":"product_tag-belek","9":"pa_kategori-private-yacht-rental-kemer-antalya","11":"first","12":"instock","13":"sale","14":"shipping-taxable","15":"purchasable","16":"product-type-tour_phys"},"aioseo_notices":[],"_links":{"self":[{"href":"https:\/\/excursionsworld.com\/de\/wp-json\/wp\/v2\/product\/14085","targetHints":{"allow":["GET"]}}],"collection":[{"href":"https:\/\/excursionsworld.com\/de\/wp-json\/wp\/v2\/product"}],"about":[{"href":"https:\/\/excursionsworld.com\/de\/wp-json\/wp\/v2\/types\/product"}],"replies":[{"embeddable":true,"href":"https:\/\/excursionsworld.com\/de\/wp-json\/wp\/v2\/comments?post=14085"}],"wp:featuredmedia":[{"embeddable":true,"href":"https:\/\/excursionsworld.com\/de\/wp-json\/wp\/v2\/media\/14086"}],"wp:attachment":[{"href":"https:\/\/excursionsworld.com\/de\/wp-json\/wp\/v2\/media?parent=14085"}],"wp:term":[{"taxonomy":"product_brand","embeddable":true,"href":"https:\/\/excursionsworld.com\/de\/wp-json\/wp\/v2\/product_brand?post=14085"},{"taxonomy":"product_cat","embeddable":true,"href":"https:\/\/excursionsworld.com\/de\/wp-json\/wp\/v2\/product_cat?post=14085"},{"taxonomy":"product_tag","embeddable":true,"href":"https:\/\/excursionsworld.com\/de\/wp-json\/wp\/v2\/product_tag?post=14085"}],"curies":[{"name":"wp","href":"https:\/\/api.w.org\/{rel}","templated":true}]}}