{"id":14094,"date":"2025-07-01T11:58:30","date_gmt":"2025-07-01T08:58:30","guid":{"rendered":"https:\/\/excursionsworld.com\/?post_type=product&#038;p=14094"},"modified":"2025-11-23T20:55:08","modified_gmt":"2025-11-23T17:55:08","slug":"private-yacht-mieten-belek-sunset","status":"publish","type":"product","link":"https:\/\/excursionsworld.com\/tours\/belek-sunset-private-yacht-tour-with-dinner\/","title":{"rendered":"Private Yacht Charter ab Belek \u2013 Sunset Tour mit Abendessen"},"content":{"rendered":"<h3 dir=\"ltr\" data-pm-slice=\"1 1 []\">\ud83c\udfdd\ufe0f \u00dcberblick<\/h3>\n<p dir=\"ltr\">Genie\u00dfen Sie eine luxuri\u00f6se VIP-Kreuzfahrt zum Sonnenuntergang auf einer 14,5 Meter langen privaten Motoryacht entlang der atemberaubenden t\u00fcrkischen Riviera. Diese private Tour ist ideal f\u00fcr romantische Abende, Familientreffen oder besondere Feiern und bietet atemberaubende Meerblicke, entspannende Badestopps und ein k\u00f6stliches Abendessen an Bord. Von der Ac\u0131su Marina in Belek segeln Sie um 16:30 Uhr zu den kristallklaren Gew\u00e4ssern in der N\u00e4he von Lara Beach und kehren um 20:30 Uhr unter dem goldenen Mittelmeerhimmel zur\u00fcck.<\/p>\n<h3 dir=\"ltr\">Inbegriffen:<\/h3>\n<p dir=\"ltr\"><span style=\"color: #00ff00;\"><strong>\u2713<\/strong><\/span> Abholung vom Hotel und R\u00fccktransport<br \/>\n<span style=\"color: #00ff00;\"><strong>\u2713 <\/strong><\/span>Reisef\u00fchrer-Dienste<br \/>\n<span style=\"color: #00ff00;\"><strong>\u2713 <\/strong><\/span>Versicherung<br \/>\n<span style=\"color: #00ff00;\"><strong>\u2713 <\/strong><\/span>Abendessen auf der Jacht<br \/>\n<span style=\"color: #00ff00;\"><strong>\u2713 <\/strong><\/span>Frische Fr\u00fcchte<br \/>\n<span style=\"color: #00ff00;\"><strong>\u2713 <\/strong><\/span>Erfrischungsgetr\u00e4nke<\/p>\n<h3 dir=\"ltr\">Nicht inbegriffen:<\/h3>\n<p dir=\"ltr\"><strong><span style=\"color: #ff0000;\">\u2717<\/span><\/strong> Alkoholische Getr\u00e4nke<br \/>\n<strong><span style=\"color: #ff0000;\">\u2717 <\/span><\/strong>Pers\u00f6nliche Ausgaben, Fotos und Videos<\/p>\n<h3 dir=\"ltr\" data-pm-slice=\"1 1 []\">\ud83c\udf1f H\u00f6hepunkte der Tour<\/h3>\n<p dir=\"ltr\">Private Sonnenuntergangsfahrt auf einer 14,5-Meter-Motoryacht<br data-start=\"1007\" data-end=\"1010\" \/>Badestopp in der N\u00e4he der ruhigen K\u00fcste von Lara Beach<br data-start=\"1060\" data-end=\"1063\" \/>\ud83d\udd39 Frisch zubereitetes Abendessen an Bord<br data-start=\"1104\" data-end=\"1107\" \/>\ud83d\udd39 Intime und entspannende Atmosph\u00e4re f\u00fcr Paare oder kleine Gruppen<br data-start=\"1170\" data-end=\"1173\" \/>\ud83d\udd39 Beobachten Sie den Sonnenuntergang \u00fcber dem Mittelmeer<br data-start=\"1219\" data-end=\"1222\" \/>\ud83d\udd39 Pers\u00f6nlicher VIP-Service mit professioneller Crew<\/p>\n<h3 dir=\"ltr\">\ud83d\udcd6 Vollst\u00e4ndige Beschreibung<\/h3>\n<p data-start=\"1300\" data-end=\"1527\">Ihr unvergesslicher Abend beginnt um 16:30 Uhr im Ac\u0131su Yachthafen von Belek, wo Ihre Privatyacht und die freundliche Crew Sie an Bord begr\u00fc\u00dfen. Entspannen Sie sich auf dem Sonnendeck mit einem erfrischenden Getr\u00e4nk, w\u00e4hrend Sie die K\u00fcste entlang in Richtung Lara Beach segeln.<\/p>\n<p data-start=\"1529\" data-end=\"1886\">Gehen Sie in einer ruhigen Bucht vor Anker und nehmen Sie ein erfrischendes Bad im t\u00fcrkisfarbenen Wasser. Zur\u00fcck an Bord, genie\u00dfen Sie ein sorgf\u00e4ltig zubereitetes Abendessen mit frischen lokalen Gerichten, Fr\u00fcchten und alkoholfreien Getr\u00e4nken - und bewundern Sie dabei die Farben der untergehenden Sonne. Egal, ob Sie ein besonderes Ereignis feiern oder einfach nur die Ruhe suchen, diese Abendfahrt bietet den perfekten Rahmen.<\/p>\n<p data-start=\"1888\" data-end=\"2088\">W\u00e4hrend die Sonne unter den Horizont sinkt, genie\u00dfen Sie die sanfte Brise, die tolle Gesellschaft und die ruhige Stimmung. Kehren Sie um 20:30 Uhr in den Yachthafen von Ac\u0131su zur\u00fcck und beenden Sie den Tag mit unvergesslichen Erinnerungen an Ihre Mittelmeerreise.<\/p>\n<h3 dir=\"ltr\">\ud83d\uddfa\ufe0f Reiseverlauf<\/h3>\n<p dir=\"ltr\">\ud83d\udd39 16:30 - Abfahrt von Ac\u0131su Marina, Belek<br data-start=\"2155\" data-end=\"2158\" \/>\ud83d\udd39 Fahrt entlang der K\u00fcste in Richtung Lara Beach<br data-start=\"2201\" data-end=\"2204\" \/>\ud83d\udd39 Badestopp in einer abgelegenen Bucht<br data-start=\"2234\" data-end=\"2237\" \/>\ud83d\udd39 Abendessen an Bord bei Sonnenuntergang<br data-start=\"2265\" data-end=\"2268\" \/>\ud83d\udd39 R\u00fcckfahrt mit Blick aufs Meer<br data-start=\"2306\" data-end=\"2309\" \/>\ud83d\udd39 20:30 - Ankunft zur\u00fcck im Yachthafen Ac\u0131su<\/p>\n<h3 dir=\"ltr\">\u2139\ufe0f N\u00fctzliche Informationen<\/h3>\n<p dir=\"ltr\">\ud83d\udd39 Dauer: ca. 4 Stunden (16:30 - 20:30)<br data-start=\"2785\" data-end=\"2788\" \/>\ud83d\udd39 T\u00e4glicher Betrieb, je nach Verf\u00fcgbarkeit<br data-start=\"2830\" data-end=\"2833\" \/>\ud83d\udd39 Die Reiseroute kann sich aufgrund der Seebedingungen \u00e4ndern.<br data-start=\"2950\" data-end=\"2953\" \/>\ud83d\udd39 Maximal 12 G\u00e4ste f\u00fcr ein privates Erlebnis<\/p>\n<h3 dir=\"ltr\">\ud83c\udf92 Was Sie mitbringen sollten<\/h3>\n<p data-start=\"2470\" data-end=\"2624\">\ud83d\udd39 Badeanzug und Handtuch<br data-start=\"2491\" data-end=\"2494\" \/>\ud83d\udd39 Sonnenschutzmittel und Sonnenbrille<br data-start=\"2521\" data-end=\"2524\" \/>\ud83d\udd39 Leichte Jacke f\u00fcr die Abendbrise<br data-start=\"2558\" data-end=\"2561\" \/>\ud83d\udd39 Bargeld f\u00fcr pers\u00f6nliche Ausgaben<br data-start=\"2590\" data-end=\"2593\" \/>\ud83d\udd39 Wasserdichte Kamera oder Telefon<\/p>\n<h3 dir=\"ltr\">\ud83d\udeab Nicht geeignet f\u00fcr<\/h3>\n<p dir=\"ltr\">\ud83d\udd39 Menschen mit eingeschr\u00e4nkter Mobilit\u00e4t<br \/>\n\ud83d\udd39 Personen, die zu Seekrankheit neigen<\/p>\n<h3 dir=\"ltr\">\ud83d\udcb8\u00a0<strong>Preis und Buchung<\/strong><\/h3>\n<p dir=\"ltr\"><strong>\ud83d\udd39 Jetzt buchen, am Tag der Tour bezahlen<\/strong><br \/>\nKontaktiere uns \u00fcber WhatsApp, Telegram, Viber oder f\u00fclle das Buchungsformular unten aus. \ud83d\udc47\ud83c\udffc<\/p>","protected":false},"excerpt":{"rendered":"<p><strong>Genie\u00dfen Sie eine private Yachttour zum Sonnenuntergang ab Belek mit Abendessen an Bord. Schwimmen Sie in der N\u00e4he des Lara-Strandes und entspannen Sie sich w\u00e4hrend der Abendfahrt auf einer Luxusyacht<\/strong><\/p>","protected":false},"featured_media":14086,"comment_status":"open","ping_status":"closed","template":"","meta":[],"product_brand":[],"product_cat":[129],"product_tag":[120],"class_list":{"0":"post-14094","1":"product","2":"type-product","3":"status-publish","4":"has-post-thumbnail","6":"tour_phys-yacht-rental","7":"product_cat-yacht-rental","8":"product_tag-belek","9":"pa_kategori-private-yacht-rental-kemer-antalya","11":"first","12":"instock","13":"sale","14":"shipping-taxable","15":"purchasable","16":"product-type-tour_phys"},"aioseo_notices":[],"_links":{"self":[{"href":"https:\/\/excursionsworld.com\/de\/wp-json\/wp\/v2\/product\/14094","targetHints":{"allow":["GET"]}}],"collection":[{"href":"https:\/\/excursionsworld.com\/de\/wp-json\/wp\/v2\/product"}],"about":[{"href":"https:\/\/excursionsworld.com\/de\/wp-json\/wp\/v2\/types\/product"}],"replies":[{"embeddable":true,"href":"https:\/\/excursionsworld.com\/de\/wp-json\/wp\/v2\/comments?post=14094"}],"wp:featuredmedia":[{"embeddable":true,"href":"https:\/\/excursionsworld.com\/de\/wp-json\/wp\/v2\/media\/14086"}],"wp:attachment":[{"href":"https:\/\/excursionsworld.com\/de\/wp-json\/wp\/v2\/media?parent=14094"}],"wp:term":[{"taxonomy":"product_brand","embeddable":true,"href":"https:\/\/excursionsworld.com\/de\/wp-json\/wp\/v2\/product_brand?post=14094"},{"taxonomy":"product_cat","embeddable":true,"href":"https:\/\/excursionsworld.com\/de\/wp-json\/wp\/v2\/product_cat?post=14094"},{"taxonomy":"product_tag","embeddable":true,"href":"https:\/\/excursionsworld.com\/de\/wp-json\/wp\/v2\/product_tag?post=14094"}],"curies":[{"name":"wp","href":"https:\/\/api.w.org\/{rel}","templated":true}]}}