{"id":14097,"date":"2025-07-01T15:46:19","date_gmt":"2025-07-01T12:46:19","guid":{"rendered":"https:\/\/excursionsworld.com\/?post_type=product&#038;p=14097"},"modified":"2025-11-20T19:02:49","modified_gmt":"2025-11-20T16:02:49","slug":"private-yacht-charter-kemer","status":"publish","type":"product","link":"https:\/\/excursionsworld.com\/tours\/kemer-private-yacht-tour\/","title":{"rendered":"Luxuri\u00f6se Private Yacht Charter ab Kemer \u2013 2-Stunden Mittelmeer Tour"},"content":{"rendered":"<h3 data-start=\"183\" data-end=\"203\"><span style=\"color: #000000;\"><strong>\ud83c\udfdd\ufe0f \u00dcberblick<\/strong><\/span><\/h3>\n<p data-start=\"204\" data-end=\"442\">Sie suchen nach einer ruhigen Bootsfahrt ohne Menschenmassen? Nehmen Sie an unserer 2-st\u00fcndigen privaten Motoryachtfahrt ab Kemer teil - der perfekte Kurzurlaub f\u00fcr Paare, Familien oder kleine Gruppen, die das Meer genie\u00dfen m\u00f6chten, ohne den ganzen Tag an Bord zu verbringen.<\/p>\n<p data-start=\"444\" data-end=\"754\">Diese intime Tour zwischen der Kiri\u015f Aquarium Bay, der Piratenh\u00f6hle und der Moonlight Bay ist ideal zum Schwimmen, Entspannen und Erleben der nat\u00fcrlichen Sch\u00f6nheit der T\u00fcrkischen Riviera. Mit maximal 12 G\u00e4sten und zwei Badestopps ist dies die perfekte M\u00f6glichkeit, das Mittelmeer in einer ruhigen und exklusiven Umgebung zu genie\u00dfen.<\/p>\n<h3 data-start=\"756\" data-end=\"774\"><span style=\"color: #000000;\"><strong>\u00a0Inbegriffen:<\/strong><\/span><\/h3>\n<div><span style=\"color: #00ff00;\"><strong>\u2713<\/strong><\/span> Hotel-Transfer<\/div>\n<div><span style=\"color: #00ff00;\"><strong>\u2713 <\/strong><\/span>2-st\u00fcndige private Motoryachtfahrt<br data-start=\"810\" data-end=\"813\" \/><span style=\"color: #00ff00;\"><strong>\u2713 <\/strong><\/span>Professionelles Personal<br data-start=\"832\" data-end=\"835\" \/><span style=\"color: #00ff00;\"><strong>\u2713 <\/strong><\/span>Unbegrenzt alkoholfreie Getr\u00e4nke an Bord<br data-start=\"909\" data-end=\"912\" \/><span style=\"color: #00ff00;\"><strong>\u2713 <\/strong><\/span>Vollversicherung<\/div>\n<h3 data-start=\"932\" data-end=\"954\"><span style=\"color: #000000;\"><strong>Nicht inbegriffen:<\/strong><\/span><\/h3>\n<p data-start=\"955\" data-end=\"1026\"><span style=\"color: #ff0000;\"><strong>\u2717<\/strong><\/span> Mahlzeiten<br data-start=\"981\" data-end=\"984\" \/><span style=\"color: #ff0000;\"><strong>\u2717 <\/strong><\/span>Pers\u00f6nliche Ausgaben<br data-start=\"1003\" data-end=\"1006\" \/><span style=\"color: #ff0000;\"><strong>\u2717<\/strong><\/span> Fotos oder Videos<\/p>\n<h3 data-start=\"1028\" data-end=\"1054\"><span style=\"color: #000000;\"><strong>\ud83c\udf1f H\u00f6hepunkte der Tour<\/strong><\/span><\/h3>\n<p data-start=\"1055\" data-end=\"1385\">\ud83d\udd39 Entspannende 2-st\u00fcndige Kreuzfahrt ab Kemer auf einer modernen Motoryacht<br data-start=\"1115\" data-end=\"1118\" \/>\ud83d\udd39 Erlebnis in kleinen Gruppen - maximal 12 G\u00e4ste<br data-start=\"1163\" data-end=\"1166\" \/>\ud83d\udd39 Schwimmen im kristallklaren Wasser der Kiri\u015f Aquarium Bay und der Moonlight Bay<br data-start=\"1241\" data-end=\"1244\" \/>\ud83d\udd39 Erforsche die geheimnisvolle Piratenh\u00f6hle<br data-start=\"1283\" data-end=\"1286\" \/>\ud83d\udd39 Entfliehen Sie den Menschenmassen und genie\u00dfen Sie eine ruhige Zeit auf See<br data-start=\"1337\" data-end=\"1340\" \/>\ud83d\udd39 Perfekt f\u00fcr alle, die kurze Reisen bevorzugen<\/p>\n<h3 data-start=\"1387\" data-end=\"1414\"><span style=\"color: #000000;\"><strong>\ud83d\udcd6 Vollst\u00e4ndige Beschreibung<\/strong><\/span><\/h3>\n<div data-start=\"1415\" data-end=\"1564\">Ihre entspannende Reise beginnt um 16:00 Uhr von der Marina Kemer aus. Nach einer herzlichen Begr\u00fc\u00dfung durch Ihre Crew setzen Sie die Segel in Richtung der ruhigen Buchten entlang der K\u00fcste.<\/div>\n<div data-start=\"1566\" data-end=\"1848\">Der erste Halt ist die Kiri\u015f Aquarium Bay - bekannt f\u00fcr ihr atemberaubend klares Wasser und ihre ruhige Umgebung. Hier k\u00f6nnen Sie Ihre erste Badepause in einer wirklich ruhigen Umgebung genie\u00dfen. Anschlie\u00dfend fahren Sie an der faszinierenden Piratenh\u00f6hle vorbei, einem versteckten K\u00fcstenjuwel, das sich perfekt f\u00fcr Fotos und Erkundungstouren eignet.<\/div>\n<div data-start=\"1850\" data-end=\"2009\">Der zweite Badestopp ist in der wundersch\u00f6nen Moonlight Bay, wo Sie ein letztes erfrischendes Bad nehmen oder einfach an Deck mit einem Drink in der Hand entspannen k\u00f6nnen.<\/div>\n<div data-start=\"2011\" data-end=\"2115\">Um 18:00 Uhr kehren Sie erfrischt, entspannt und gest\u00e4rkt in den Hafen von Kemer zur\u00fcck - ein perfekter Kurzurlaub am Meer.<\/div>\n<h3 data-start=\"2117\" data-end=\"2143\"><span style=\"color: #000000;\"><strong>\ud83d\uddfa\ufe0f Reiseverlauf<\/strong><\/span><\/h3>\n<p data-start=\"2144\" data-end=\"2325\">\ud83d\udd39 16:00 - Abfahrt vom Yachthafen Kemer<br data-start=\"2182\" data-end=\"2185\" \/>Kreuzfahrt zur Kiri\u015f Aquarium Bay - Badestopp<br data-start=\"2228\" data-end=\"2231\" \/>\ud83d\udd39 Vorbei an der Piratenh\u00f6hle<br data-start=\"2255\" data-end=\"2258\" \/>\ud83d\udd39 Badestopp an der Moonlight Bay<br data-start=\"2287\" data-end=\"2290\" \/>\ud83d\udd39 18:00 - R\u00fcckkehr zum Yachthafen Kemer<\/p>\n<h3 data-start=\"2658\" data-end=\"2687\"><span style=\"color: #000000;\"><strong>\u2139\ufe0f N\u00fctzliche Informationen<\/strong><\/span><\/h3>\n<p data-start=\"2688\" data-end=\"2915\">\ud83d\udd39 Dauer: 2 Stunden (16:00-18:00)<br data-start=\"2722\" data-end=\"2725\" \/>\ud83d\udd39 Dies ist eine kurze Kreuzfahrt ohne Mahlzeiten, ideal f\u00fcr alle, die entspannte Erlebnisse ohne Menschenmassen bevorzugen.<br data-start=\"2819\" data-end=\"2822\" \/>\ud83d\udd39 Maximale Gruppengr\u00f6\u00dfe: 12 G\u00e4ste<br data-start=\"2854\" data-end=\"2857\" \/>\ud83d\udd39 F\u00e4hrt t\u00e4glich, je nach Wetter- und Seebedingungen<\/p>\n<h3 data-start=\"2428\" data-end=\"2452\"><span style=\"color: #000000;\"><strong>\ud83c\udf92 Was Sie mitbringen sollten<\/strong><\/span><\/h3>\n<p data-start=\"2453\" data-end=\"2564\">\ud83d\udd39 Badeanzug und Handtuch<br data-start=\"2474\" data-end=\"2477\" \/>\ud83d\udd39 Sonnenschutzmittel und Sonnenbrille<br data-start=\"2504\" data-end=\"2507\" \/>\ud83d\udd39 Wasserfreundliche Schuhe<br data-start=\"2530\" data-end=\"2533\" \/>\ud83d\udd39 Wasserdichtes Telefon oder Kamera<\/p>\n<h3 data-start=\"2327\" data-end=\"2354\"><span style=\"color: #000000;\"><strong>\ud83d\udeab Nicht geeignet f\u00fcr<\/strong><\/span><\/h3>\n<p data-start=\"2355\" data-end=\"2426\">\ud83d\udd39 G\u00e4ste mit eingeschr\u00e4nkter Mobilit\u00e4t<br data-start=\"2386\" data-end=\"2389\" \/>\ud83d\udd39 Personen, die zu Seekrankheit neigen<\/p>\n<h3 data-start=\"2917\" data-end=\"2945\"><span style=\"color: #000000;\"><strong>\ud83d\udcb8 Preis und Buchung<\/strong><\/span><\/h3>\n<p data-start=\"2946\" data-end=\"3070\"><strong><span style=\"color: #000000;\">\ud83d\udd39 Jetzt buchen, am Tag der Tour bezahlen\u00a0<\/span><\/strong><br data-start=\"2985\" data-end=\"2988\" \/>\ud83d\udd39 Kontaktieren Sie uns \u00fcber WhatsApp, Telegram oder Viber f\u00fcr Verf\u00fcgbarkeit und Reservierungen \ud83d\udc47\ud83c\udffc<\/p>","protected":false},"excerpt":{"rendered":"<p>Entfliehen Sie den Menschenmassen auf einer 2-st\u00fcndigen privaten Yachttour ab Kemer. Schwimmen Sie in kristallklaren Buchten, entspannen Sie sich an Bord und genie\u00dfen Sie Softdrinks. Maximal 12 G\u00e4ste.<\/p>","protected":false},"featured_media":13028,"comment_status":"open","ping_status":"closed","template":"","meta":[],"product_brand":[],"product_cat":[124],"product_tag":[105],"class_list":{"0":"post-14097","1":"product","2":"type-product","3":"status-publish","4":"has-post-thumbnail","6":"tour_phys-kemer-tours","7":"tour_phys-yacht-rental","8":"product_cat-kemer-tours","9":"product_tag-kemer","10":"pa_destination-kemer-tours","11":"pa_kategori-private-yacht-rental-kemer-antalya","13":"first","14":"instock","15":"sale","16":"shipping-taxable","17":"purchasable","18":"product-type-tour_phys"},"aioseo_notices":[],"_links":{"self":[{"href":"https:\/\/excursionsworld.com\/de\/wp-json\/wp\/v2\/product\/14097","targetHints":{"allow":["GET"]}}],"collection":[{"href":"https:\/\/excursionsworld.com\/de\/wp-json\/wp\/v2\/product"}],"about":[{"href":"https:\/\/excursionsworld.com\/de\/wp-json\/wp\/v2\/types\/product"}],"replies":[{"embeddable":true,"href":"https:\/\/excursionsworld.com\/de\/wp-json\/wp\/v2\/comments?post=14097"}],"wp:featuredmedia":[{"embeddable":true,"href":"https:\/\/excursionsworld.com\/de\/wp-json\/wp\/v2\/media\/13028"}],"wp:attachment":[{"href":"https:\/\/excursionsworld.com\/de\/wp-json\/wp\/v2\/media?parent=14097"}],"wp:term":[{"taxonomy":"product_brand","embeddable":true,"href":"https:\/\/excursionsworld.com\/de\/wp-json\/wp\/v2\/product_brand?post=14097"},{"taxonomy":"product_cat","embeddable":true,"href":"https:\/\/excursionsworld.com\/de\/wp-json\/wp\/v2\/product_cat?post=14097"},{"taxonomy":"product_tag","embeddable":true,"href":"https:\/\/excursionsworld.com\/de\/wp-json\/wp\/v2\/product_tag?post=14097"}],"curies":[{"name":"wp","href":"https:\/\/api.w.org\/{rel}","templated":true}]}}