{"id":15055,"date":"2025-10-17T21:40:48","date_gmt":"2025-10-17T18:40:48","guid":{"rendered":"https:\/\/excursionsworld.com\/?post_type=product&#038;p=15055"},"modified":"2025-11-22T19:47:24","modified_gmt":"2025-11-22T16:47:24","slug":"land-of-legends-ausflug-alanya","status":"publish","type":"product","link":"https:\/\/excursionsworld.com\/tours\/the-land-of-legends-theme-park-alanya\/","title":{"rendered":"The Land of Legends Ausflug ab Alanya \u2013 Erlebnispark &amp; Shows"},"content":{"rendered":"<h3 dir=\"ltr\" data-pm-slice=\"1 1 []\"><span style=\"color: #000000;\"><strong>\ud83c\udfa2 \u00dcberblick<\/strong><\/span><\/h3>\n<p dir=\"ltr\">Tauchen Sie ein in einen Tag voller Nervenkitzel im Land der Legenden in Belek mit Transfers von Alanya und Umgebung! Genie\u00dfen Sie atemberaubende Rutschen, entspannen Sie sich im Wasserpark und treffen Sie Figuren im Nickelodeon-Land. Diese Tour ist ideal f\u00fcr Familien und Adrenalinjunkies und dauert ca. 7-8 Stunden.<\/p>\n<h3 dir=\"ltr\"><span style=\"color: #000000;\"><strong>Inbegriffen:<\/strong><\/span><\/h3>\n<p dir=\"ltr\"><span style=\"color: #00ff00;\"><strong>\u2713<\/strong> <\/span>Abholung vom Hotel und R\u00fccktransport<br \/>\n<span style=\"color: #00ff00;\"><strong>\u2713<\/strong> <\/span>Eintrittskarte f\u00fcr das Land der Legenden<br \/>\n<span style=\"color: #00ff00;\"><strong>\u2713<\/strong> <\/span>Versicherung bei \u00dcberweisungen<br \/>\n<span style=\"color: #00ff00;\"><strong>\u2713<\/strong> <\/span>Komfortabler klimatisierter Bus<\/p>\n<h3 dir=\"ltr\"><span style=\"color: #000000;\"><strong>Nicht inbegriffen:<\/strong><\/span><\/h3>\n<p dir=\"ltr\"><strong><span style=\"color: #ff0000;\">\u2717<\/span><\/strong> Essen und Getr\u00e4nke<br \/>\n<strong><span style=\"color: #ff0000;\">\u2717 <\/span><\/strong>Fotos und Videos<br \/>\n<strong><span style=\"color: #ff0000;\">\u2717 <\/span><\/strong>Premium-Attraktionen (z. B. Delphinschwimmen)<br \/>\n<strong><span style=\"color: #ff0000;\">\u2717 <\/span><\/strong>Pers\u00f6nliche Ausgaben<\/p>\n<h3 dir=\"ltr\"><span style=\"color: #000000;\"><strong>\ud83c\udf0a H\u00f6hepunkte<\/strong><\/span><\/h3>\n<p dir=\"ltr\">\ud83d\udd39 Aufregende Rutschen, darunter der 62 Meter lange Hyper Coaster<br \/>\n43 Meter lange Achterbahn Typhoon Coaster und mehr als 40 Wasserrutschen<br \/>\n\ud83d\udd39 Nickelodeon Land mit SpongeBob und Paw Patrol<br \/>\n\ud83d\udd39 Ausgedehnter Wasserpark mit Pools<br \/>\n\ud83d\udd39 Animationen und Weltraumraketen-Attraktion<\/p>\n<h3 dir=\"ltr\"><span style=\"color: #000000;\"><strong>\ud83d\udcd6 Vollst\u00e4ndige Beschreibung<\/strong><\/span><\/h3>\n<p dir=\"ltr\">Beginnen Sie Ihren Tag mit einem bequemen Transfer von Alanya oder den umliegenden Gebieten zum Land der Legenden in Belek. Fahren Sie mit dem 62 Meter langen Hyper Coaster oder st\u00fcrzen Sie sich vom 43 Meter langen Typhoon Coaster in den Pool. Erkunden Sie \u00fcber 40 Wasserrutschen oder entspannen Sie sich in den Pools des Wasserparks. Kinder und Erwachsene werden das Nickelodeon Land mit den Figuren von SpongeBob und Paw Patrol lieben. Von adrenalingeladenen Fahrgesch\u00e4ften bis hin zu lustigen Animationen hat dieser Park alles zu bieten. Nach einem aufregenden Tag kehren Sie mit unvergesslichen Erinnerungen in Ihr Hotel zur\u00fcck.<\/p>\n<h3 dir=\"ltr\"><span style=\"color: #000000;\"><strong>\ud83d\uddfa\ufe0f Reiseverlauf<\/strong><\/span><\/h3>\n<p dir=\"ltr\">\ud83d\udd39 Abholung aus Alanya und Umgebung<br \/>\n\ud83d\udd39 Ankunft im \"Land der Legenden\" in Belek<br \/>\n\ud83d\udd39 Freizeit f\u00fcr Attraktionen, Wasserpark und Nickelodeon Land (~5-6 Stunden)<br \/>\n\ud83d\udd39 R\u00fcckkehr zum Hotel<\/p>\n<h3 dir=\"ltr\"><span style=\"color: #000000;\"><strong>\u2139\ufe0f N\u00fctzliche Informationen<\/strong><\/span><\/h3>\n<p dir=\"ltr\">\ud83d\udd39 Dauer: ~7-8 Stunden (Ganztagestour)<br \/>\n\ud83d\udd39 Geeignet f\u00fcr Personen mit eingeschr\u00e4nkter Mobilit\u00e4t<br \/>\n\ud83d\udd39 M\u00e4\u00dfige k\u00f6rperliche Aktivit\u00e4t<br \/>\n\ud83d\udd39 Der Gutschein muss am Ticketschalter umgetauscht werden.<br \/>\n\ud83d\udd39 Die Betriebszeiten k\u00f6nnen variieren<br \/>\nKinder unter 6 Jahren, die kostenlos reisen, haben keinen eigenen Sitzplatz im Bus. Wenn der Bus voll ist, sitzen sie auf dem Scho\u00df eines Erwachsenen, oder es kann ein eigener Sitzplatz gebucht werden<\/p>\n<h3 dir=\"ltr\"><span style=\"color: #000000;\"><strong>\ud83d\udeab Nicht geeignet f\u00fcr<\/strong><\/span><\/h3>\n<p dir=\"ltr\">\ud83d\udd39 Schwangere Frauen<\/p>\n<h3 dir=\"ltr\"><span style=\"color: #000000;\"><strong>\ud83c\udf92 Was Sie mitbringen sollten<\/strong><\/span><\/h3>\n<p dir=\"ltr\">\ud83d\udd39 Badeanzug und Handtuch<br \/>\n\ud83d\udd39 Wasserschuhe<br \/>\n\ud83d\udd39 Bargeld f\u00fcr Ausgaben<\/p>\n<h3 dir=\"ltr\"><span style=\"color: #000000;\"><strong>\ud83d\udeab Nicht geeignet f\u00fcr<\/strong><\/span><\/h3>\n<p dir=\"ltr\">\ud83d\udd39 Schwangere Frauen<\/p>\n<h3 dir=\"ltr\">\ud83d\udcb8\u00a0<strong>Preis und Buchung<\/strong><\/h3>\n<p dir=\"ltr\"><strong>\ud83d\udd39 Jetzt buchen, am Tag der Tour bezahlen<\/strong><br \/>\nKontaktiere uns \u00fcber WhatsApp, Telegram, Viber oder f\u00fclle das Buchungsformular unten aus. \ud83d\udc47\ud83c\udffc<\/p>","protected":false},"excerpt":{"rendered":"<p>Genie\u00dfen Sie das Land der Legenden Themenpark Tour von Alanya! Der gr\u00f6\u00dfte Wasserpark der T\u00fcrkei mit aufregenden Rutschen, Nickelodeon Land, Pools und Familienspa\u00df, inklusive Hoteltransfer.<\/p>","protected":false},"featured_media":12791,"comment_status":"open","ping_status":"closed","template":"","meta":[],"product_brand":[],"product_cat":[128],"product_tag":[111],"class_list":{"0":"post-15055","1":"product","2":"type-product","3":"status-publish","4":"has-post-thumbnail","6":"tour_phys-alanya-tours","7":"product_cat-alanya-tours","8":"product_tag-alanya","9":"pa_destination-alanya-tours","11":"first","12":"instock","13":"sale","14":"shipping-taxable","15":"purchasable","16":"product-type-tour_phys"},"aioseo_notices":[],"_links":{"self":[{"href":"https:\/\/excursionsworld.com\/de\/wp-json\/wp\/v2\/product\/15055","targetHints":{"allow":["GET"]}}],"collection":[{"href":"https:\/\/excursionsworld.com\/de\/wp-json\/wp\/v2\/product"}],"about":[{"href":"https:\/\/excursionsworld.com\/de\/wp-json\/wp\/v2\/types\/product"}],"replies":[{"embeddable":true,"href":"https:\/\/excursionsworld.com\/de\/wp-json\/wp\/v2\/comments?post=15055"}],"wp:featuredmedia":[{"embeddable":true,"href":"https:\/\/excursionsworld.com\/de\/wp-json\/wp\/v2\/media\/12791"}],"wp:attachment":[{"href":"https:\/\/excursionsworld.com\/de\/wp-json\/wp\/v2\/media?parent=15055"}],"wp:term":[{"taxonomy":"product_brand","embeddable":true,"href":"https:\/\/excursionsworld.com\/de\/wp-json\/wp\/v2\/product_brand?post=15055"},{"taxonomy":"product_cat","embeddable":true,"href":"https:\/\/excursionsworld.com\/de\/wp-json\/wp\/v2\/product_cat?post=15055"},{"taxonomy":"product_tag","embeddable":true,"href":"https:\/\/excursionsworld.com\/de\/wp-json\/wp\/v2\/product_tag?post=15055"}],"curies":[{"name":"wp","href":"https:\/\/api.w.org\/{rel}","templated":true}]}}