{"id":15095,"date":"2025-10-19T00:42:26","date_gmt":"2025-10-18T21:42:26","guid":{"rendered":"https:\/\/excursionsworld.com\/?post_type=product&#038;p=15095"},"modified":"2025-11-22T19:45:31","modified_gmt":"2025-11-22T16:45:31","slug":"alanya-turkisches-bad-hamam","status":"publish","type":"product","link":"https:\/\/excursionsworld.com\/tours\/alanya-turkish-bath-hamam\/","title":{"rendered":"Alanya: T\u00fcrkisches Bad \u2013 Authentische Hamam-Erfahrung"},"content":{"rendered":"<h3><span style=\"color: #000000;\"><strong>\ud83c\udfdd\ufe0f \u00dcberblick<\/strong><\/span><\/h3>\n<p data-start=\"244\" data-end=\"572\">Erleben Sie wahre Entspannung mit dem <strong data-start=\"280\" data-end=\"320\">Alanya T\u00fcrkisches Bad - Hamam &amp; Spa Erlebnis<\/strong> - ein jahrhundertealtes Wellness-Ritual, das Ihre Haut reinigt, Ihren K\u00f6rper erfrischt und Ihren Geist beruhigt. Diese traditionelle Hammam-Behandlung ist perfekt f\u00fcr den Beginn Ihres Urlaubs. Sie bereitet Ihre Haut auf eine lang anhaltende Br\u00e4une vor und l\u00e4sst Sie tief verj\u00fcngen.<\/p>\n<h3>\u00a0<span style=\"color: #000000;\"><strong>Inbegriffen:<\/strong><\/span><\/h3>\n<p data-start=\"590\" data-end=\"878\"><span style=\"color: #00ff00;\"><strong>\u2713<\/strong><\/span> Abholung vom Hotel und R\u00fccktransport in Alanya<br data-start=\"627\" data-end=\"630\" \/><span style=\"color: #00ff00;\"><strong>\u2713 <\/strong><\/span>Zugang zu Sauna, Dampfbad und Salzraum<br data-start=\"671\" data-end=\"674\" \/><span style=\"color: #00ff00;\"><strong>\u2713 <\/strong><\/span>30-min\u00fctiges Peeling und Schaummassage<br data-start=\"708\" data-end=\"711\" \/><span style=\"color: #00ff00;\"><strong>\u2713 <\/strong><\/span>20-min\u00fctige entspannende \u00d6lmassage<br data-start=\"743\" data-end=\"746\" \/><span style=\"color: #00ff00;\"><strong>\u2713 <\/strong><\/span>Gesichtsmaske und Gesichtsmassage<br data-start=\"774\" data-end=\"777\" \/><span style=\"color: #00ff00;\"><strong>\u2713 <\/strong><\/span>Handt\u00fccher, Hausschuhe, Seife und Pestemal (G\u00fcrteltuch)<br data-start=\"828\" data-end=\"831\" \/><span style=\"color: #00ff00;\"><strong>\u2713 <\/strong><\/span>Tee- oder Apfelteeservice<br data-start=\"857\" data-end=\"860\" \/><span style=\"color: #00ff00;\"><strong>\u2713 <\/strong><\/span>Vollversicherung<\/p>\n<h3>\u00a0<span style=\"color: #000000;\"><strong>Nicht inbegriffen:<\/strong><\/span><\/h3>\n<p data-start=\"900\" data-end=\"1020\"><span style=\"color: #ff0000;\"><strong>\u2717<\/strong><\/span> Pers\u00f6nliche Ausgaben (Getr\u00e4nke, Trinkgeld usw.)<br data-start=\"940\" data-end=\"943\" \/><span style=\"color: #ff0000;\"><strong>\u2717 <\/strong><\/span>Zus\u00e4tzliche Behandlungen (fakultativ)<br data-start=\"972\" data-end=\"975\" \/><span style=\"color: #ff0000;\"><strong>\u2717 <\/strong><\/span>Fotos oder Videos (zum Kauf erh\u00e4ltlich)<\/p>\n<h3><span style=\"color: #000000;\"><strong>\ud83c\udf1f H\u00f6hepunkte der Tour<\/strong><\/span><\/h3>\n<p data-start=\"1046\" data-end=\"1367\">\ud83d\udd39 Traditionelles t\u00fcrkisches Hamam-Erlebnis in Alanya<br data-start=\"1096\" data-end=\"1099\" \/>\ud83d\udd39 Entgiften mit Sauna, Dampf und Salzraum<br data-start=\"1152\" data-end=\"1155\" \/>\ud83d\udd39 Ganzk\u00f6rperpeeling und Schaummassage auf beheiztem Marmorstein<br data-start=\"1213\" data-end=\"1216\" \/>\ud83d\udd39 Entspannende \u00d6lmassage und erfrischende Gesichtsbehandlung<br data-start=\"1269\" data-end=\"1272\" \/>\ud83d\udd39 T\u00fcrkischer Tee oder Apfeltee gratis<br data-start=\"1313\" data-end=\"1316\" \/>\ud83d\udd39 Saubere, hygienische und professionelle Wellness-Einrichtung<\/p>\n<h3><span style=\"color: #000000;\"><strong>\ud83d\udcd6 Vollst\u00e4ndige Beschreibung<\/strong><\/span><\/h3>\n<p data-start=\"1394\" data-end=\"1661\">Ihr t\u00fcrkisches Badeerlebnis beginnt mit einer bequemen Abholung vom Hotel in Alanya und Umgebung. Bei Ihrer Ankunft in einem hochwertigen Wellness-Center werden Sie von freundlichem Personal empfangen und mit Handt\u00fcchern, Hausschuhen, Seife und einem traditionellen Pestemal (H\u00fcfttuch) ausgestattet. Beginnen Sie Ihre Behandlung mit Sitzungen im <strong data-start=\"1705\" data-end=\"1714\">Sauna<\/strong>, <strong data-start=\"1716\" data-end=\"1730\">Dampfbad<\/strong>, und <strong data-start=\"1736\" data-end=\"1749\">Salzraum<\/strong> - ideal zur Reinigung der Poren und zur Entspannung der Muskeln. Gehen Sie dann in die <strong data-start=\"1829\" data-end=\"1849\">Hauptbereich des Hamam<\/strong>, in dem Sie ein <strong data-start=\"1872\" data-end=\"1908\">30-min\u00fctiges Peeling und Schaummassage<\/strong> auf einer beheizten Marmorplattform durchgef\u00fchrt, die abgestorbene Haut entfernt und Ihren K\u00f6rper seidig glatt macht. Nach einer kurzen Entspannungspause mit <strong data-start=\"2042\" data-end=\"2062\">Tee oder Apfeltee<\/strong>, weiter mit einer <strong data-start=\"2080\" data-end=\"2114\">20-min\u00fctige Aroma\u00f6lmassage<\/strong> um Muskelverspannungen zu l\u00f6sen und den ganzen K\u00f6rper zu entspannen. Ihre Sitzung endet mit einer <strong data-start=\"2202\" data-end=\"2239\">Gesichtsmaske und sanfte Gesichtsmassage<\/strong>, Ihre Haut strahlt und ist erfrischt. Entspannen Sie sich abschlie\u00dfend im Lounge-Bereich, bevor Sie bequem zu Ihrem Hotel zur\u00fcckgebracht werden - mit dem Gef\u00fchl, erneuert, entspannt und strahlend zu sein.<\/p>\n<h3><span style=\"color: #000000;\"><strong>\ud83d\uddfa\ufe0f Reiseverlauf<\/strong><\/span><\/h3>\n<p data-start=\"2443\" data-end=\"2741\">\ud83d\udd39 Abholung von Hotels in Alanya und Umgebung<br data-start=\"2491\" data-end=\"2494\" \/>\ud83d\udd39 Ankunft und Empfang im Kurzentrum<br data-start=\"2534\" data-end=\"2537\" \/>\ud83d\udd39 Sauna, Dampfbad und Salzkammern<br data-start=\"2581\" data-end=\"2584\" \/>\ud83d\udd39 Peeling und Schaummassage auf Marmorplattform<br data-start=\"2628\" data-end=\"2631\" \/>\ud83d\udd39 Tee oder Apfeltee Pause<br data-start=\"2656\" data-end=\"2659\" \/>\ud83d\udd39 Entspannende \u00d6lmassage und Gesichtsmaskenbehandlung<br data-start=\"2706\" data-end=\"2709\" \/>\ud83d\udd39 R\u00fccktransport zum Hotel<\/p>\n<h3><span style=\"color: #000000;\"><strong>\u2139\ufe0f N\u00fctzliche Informationen<\/strong><\/span><\/h3>\n<p data-start=\"2770\" data-end=\"3007\">\ud83d\udd39 Dauer: Ungef\u00e4hr 2-3 Stunden (einschlie\u00dflich Transfers)<br data-start=\"2828\" data-end=\"2831\" \/>\ud83d\udd39 Geeignet f\u00fcr alle Altersgruppen (Kinder m\u00fcssen begleitet werden)<br data-start=\"2886\" data-end=\"2889\" \/>\ud83d\udd39 Keine Erfahrung erforderlich<br data-start=\"2914\" data-end=\"2917\" \/>\ud83d\udd39 Handt\u00fccher, Seife und Hausschuhe vorhanden<br data-start=\"2955\" data-end=\"2958\" \/>\ud83d\udd39 Private Massager\u00e4ume sind auf Anfrage erh\u00e4ltlich<\/p>\n<h3><span style=\"color: #000000;\"><strong>\ud83c\udf92 Was Sie mitbringen sollten<\/strong><\/span><\/h3>\n<p data-start=\"3180\" data-end=\"3251\">\ud83d\udd39 Badeanzug oder Bikini<br data-start=\"3201\" data-end=\"3204\" \/>\ud83d\udd39 Haarshampoo<br data-start=\"3219\" data-end=\"3222\" \/>\ud83d\udd39 Ersatzkleidung (optional)<\/p>\n<h3><span style=\"color: #000000;\"><strong>\ud83d\udeab Nicht geeignet f\u00fcr<\/strong><\/span><\/h3>\n<p data-start=\"3034\" data-end=\"3156\">\ud83d\udd39 Schwangere Frauen<br data-start=\"3051\" data-end=\"3054\" \/>\ud83d\udd39 G\u00e4ste mit Asthma oder schweren Atemproblemen<br data-start=\"3106\" data-end=\"3109\" \/>\ud83d\udd39 Menschen mit offenen Wunden oder Hautinfektionen<\/p>\n<h3 dir=\"ltr\">\ud83d\udcb8\u00a0<strong>Preis und Buchung<\/strong><\/h3>\n<p dir=\"ltr\"><strong>\ud83d\udd39 Jetzt buchen, am Tag der Tour bezahlen<\/strong><br \/>\nKontaktiere uns \u00fcber WhatsApp, Telegram, Viber oder f\u00fclle das Buchungsformular unten aus. \ud83d\udc47\ud83c\udffc<\/p>","protected":false},"excerpt":{"rendered":"<p data-start=\"3442\" data-end=\"3600\">Erleben Sie die <b>Alanya T\u00fcrkisches Bad &amp; Spa<\/b>! Genie\u00dfen Sie eine traditionelle <b>Hamam<\/b> Ritual mit Peeling, <b>Schaummassage<\/b>, Sauna, und \u00d6l <b>Entspannung<\/b>. <b>Transfer inklusive<\/b>. Beginnen Sie Ihren Urlaub frisch!<\/p>","protected":false},"featured_media":12688,"comment_status":"open","ping_status":"closed","template":"","meta":[],"product_brand":[],"product_cat":[128],"product_tag":[111],"class_list":{"0":"post-15095","1":"product","2":"type-product","3":"status-publish","4":"has-post-thumbnail","6":"tour_phys-alanya-tours","7":"product_cat-alanya-tours","8":"product_tag-alanya","9":"pa_destination-alanya-tours","11":"first","12":"instock","13":"sale","14":"shipping-taxable","15":"purchasable","16":"product-type-tour_phys"},"aioseo_notices":[],"_links":{"self":[{"href":"https:\/\/excursionsworld.com\/de\/wp-json\/wp\/v2\/product\/15095","targetHints":{"allow":["GET"]}}],"collection":[{"href":"https:\/\/excursionsworld.com\/de\/wp-json\/wp\/v2\/product"}],"about":[{"href":"https:\/\/excursionsworld.com\/de\/wp-json\/wp\/v2\/types\/product"}],"replies":[{"embeddable":true,"href":"https:\/\/excursionsworld.com\/de\/wp-json\/wp\/v2\/comments?post=15095"}],"wp:featuredmedia":[{"embeddable":true,"href":"https:\/\/excursionsworld.com\/de\/wp-json\/wp\/v2\/media\/12688"}],"wp:attachment":[{"href":"https:\/\/excursionsworld.com\/de\/wp-json\/wp\/v2\/media?parent=15095"}],"wp:term":[{"taxonomy":"product_brand","embeddable":true,"href":"https:\/\/excursionsworld.com\/de\/wp-json\/wp\/v2\/product_brand?post=15095"},{"taxonomy":"product_cat","embeddable":true,"href":"https:\/\/excursionsworld.com\/de\/wp-json\/wp\/v2\/product_cat?post=15095"},{"taxonomy":"product_tag","embeddable":true,"href":"https:\/\/excursionsworld.com\/de\/wp-json\/wp\/v2\/product_tag?post=15095"}],"curies":[{"name":"wp","href":"https:\/\/api.w.org\/{rel}","templated":true}]}}