{"id":15105,"date":"2025-10-19T19:02:18","date_gmt":"2025-10-19T16:02:18","guid":{"rendered":"https:\/\/excursionsworld.com\/?post_type=product&#038;p=15105"},"modified":"2026-04-02T17:31:40","modified_gmt":"2026-04-02T14:31:40","slug":"alanya-gleitschirmfliegen-tandemflug","status":"publish","type":"product","link":"https:\/\/excursionsworld.com\/tours\/alanya-paragliding-tandem-flight\/","title":{"rendered":"Alanya: Gleitschirmfliegen \u2013 Tandemflug \u00fcber dem Kleopatra-Strand"},"content":{"rendered":"<h3><strong>\ud83c\udfdd\ufe0f \u00dcberblick<\/strong><\/h3>\n<p data-start=\"350\" data-end=\"694\">Erleben Sie den Nervenkitzel des Gleitschirmfliegens \u00fcber dem atemberaubenden Kleopatra-Strand in Alanya! Starten Sie vom Yass\u0131 Tepe H\u00fcgel (700 m H\u00f6he) und gleiten Sie mit atemberaubendem Blick auf die Burg von Alanya, das Taurusgebirge und das t\u00fcrkisfarbene Mittelmeer. Keine Erfahrung erforderlich - Ihr lizenzierter Pilot k\u00fcmmert sich um alles, w\u00e4hrend Sie die Freiheit des Fluges genie\u00dfen!<\/p>\n<h3><strong>Inbegriffen:<\/strong><\/h3>\n<p data-start=\"716\" data-end=\"955\"><span style=\"color: #00ff00;\"><strong>\u2713<\/strong><\/span> Abholung vom Hotel und R\u00fccktransport\u00a0<br data-start=\"772\" data-end=\"775\" \/><span style=\"color: #00ff00;\"><strong>\u2713 <\/strong><\/span>Lizensierter Berufspilot und Ausbilder<br data-start=\"819\" data-end=\"822\" \/><span style=\"color: #00ff00;\"><strong>\u2713 <\/strong><\/span>Vollst\u00e4ndiger Versicherungsschutz<br data-start=\"847\" data-end=\"850\" \/><span style=\"color: #00ff00;\"><strong>\u2713 <\/strong><\/span>Die gesamte Flug- und Sicherheitsausr\u00fcstung<br data-start=\"883\" data-end=\"886\" \/><span style=\"color: #00ff00;\"><strong>\u2713 <\/strong><\/span>4\u00d74-Transfer zum Abflugort<br data-start=\"918\" data-end=\"921\" \/><span style=\"color: #00ff00;\"><strong>\u2713 <\/strong><\/span>Eintrittsgeb\u00fchr f\u00fcr den Startplatz<\/p>\n<h3 data-start=\"957\" data-end=\"979\"><strong data-start=\"963\" data-end=\"979\">Nicht inbegriffen:<\/strong><\/h3>\n<p data-start=\"981\" data-end=\"1127\"><strong><span style=\"color: #ff0000;\">\u2717<\/span><\/strong> Pers\u00f6nliche Ausgaben\u00a0<br data-start=\"1028\" data-end=\"1031\" \/><strong><span style=\"color: #ff0000;\">\u2717 <\/span><\/strong>Professionelle Fotos und Videos\u00a0<br data-start=\"1083\" data-end=\"1086\" \/><strong><span style=\"color: #ff0000;\">\u2717 <\/span><\/strong>Pilotin auf Anfrage (+15\u20ac Aufpreis)<\/p>\n<h3 data-start=\"1129\" data-end=\"1155\">\ud83c\udf1f <strong data-start=\"1136\" data-end=\"1155\">H\u00f6hepunkte der Tour<\/strong><\/h3>\n<p data-start=\"1157\" data-end=\"1404\">\ud83d\udd39 Tandem-Paragliding \u00fcber dem Kleopatra-Strand<br data-start=\"1199\" data-end=\"1202\" \/>\ud83d\udd39 Spektakul\u00e4re Aussicht auf die Burg und die K\u00fcste von Alanya<br data-start=\"1251\" data-end=\"1254\" \/>\ud83d\udd39 Sanfter Start vom 700 m hohen Yass\u0131 Tepe H\u00fcgel<br data-start=\"1304\" data-end=\"1307\" \/>\ud83d\udd39 Sichere Strandlandung mit professionellem Piloten<br data-start=\"1352\" data-end=\"1355\" \/>\ud83d\udd39 Geeignet f\u00fcr Anf\u00e4nger - keine Vorkenntnisse<\/p>\n<h3 data-start=\"1406\" data-end=\"1433\"><strong>\ud83d\udcd6 Vollst\u00e4ndige Beschreibung<\/strong><\/h3>\n<p data-start=\"1435\" data-end=\"1972\">Ihr Abenteuer beginnt mit der Abholung vom Hotel in Alanya und Umgebung. Nach einer kurzen 4\u00d74-Fahrt hinauf zum Yass\u0131 Tepe-H\u00fcgel gibt Ihr Lehrer eine kurze Sicherheitseinweisung und bereitet die Ausr\u00fcstung vor. Mit nur wenigen Schritten heben Sie ab und schweben wie ein Vogel \u00fcber die atemberaubende K\u00fcste von Alanya. Genie\u00dfen Sie einen 15-20-min\u00fctigen Flug mit Panoramablick auf den Kleopatra-Strand und die Burg von Alanya. Nach der sanften Landung auf dem Strand k\u00f6nnen Sie sich optional Fotos oder Videos von Ihrem Flug ansehen, bevor Sie mit unvergesslichen Erinnerungen in Ihr Hotel zur\u00fcckkehren.<\/p>\n<h3 data-start=\"1974\" data-end=\"2000\"><strong>\ud83d\uddfa\ufe0f Reiseverlauf<\/strong><\/h3>\n<p data-start=\"2002\" data-end=\"2260\">\ud83d\udd39 Abholung von Hotels in Alanya<br data-start=\"2033\" data-end=\"2036\" \/>\ud83d\udd39 Ankunft an der Gleitschirmstation<br data-start=\"2073\" data-end=\"2076\" \/>Jeeptransfer zum Yass\u0131 Tepe H\u00fcgel (700 m)<br data-start=\"2119\" data-end=\"2122\" \/>\ud83d\udd39 Sicherheitseinweisung und Flugvorbereitung<br data-start=\"2161\" data-end=\"2164\" \/>\ud83d\udd39 Tandemflug (15-20 Minuten)<br data-start=\"2196\" data-end=\"2199\" \/>\ud83d\udd39 Landung am Kleopatra-Strand<br data-start=\"2228\" data-end=\"2231\" \/>\ud83d\udd39 R\u00fccktransfer zum Hotel<\/p>\n<h3 data-start=\"2262\" data-end=\"2291\"><strong>\u2139\ufe0f N\u00fctzliche Informationen<\/strong><\/h3>\n<p data-start=\"2293\" data-end=\"2573\">\ud83d\udd39 Dauer: ca. 2-3 Stunden (einschlie\u00dflich Transfers)<br data-start=\"2345\" data-end=\"2348\" \/>\ud83d\udd39 Flugzeit: 15-20 Minuten (wetterabh\u00e4ngig)<br data-start=\"2397\" data-end=\"2400\" \/>\ud83d\udd39 T\u00e4glich von 09:00 bis 17:00 Uhr verf\u00fcgbar<br data-start=\"2438\" data-end=\"2441\" \/>\ud83d\udd39 Ganzj\u00e4hrig in Betrieb (wetterabh\u00e4ngig)<br data-start=\"2484\" data-end=\"2487\" \/>\ud83d\udd39 Empfohlen: bequeme Kleidung und Sportschuhe<br data-start=\"2538\" data-end=\"2541\" \/>\ud83d\udd39 Mitbringen: Sonnenbrille und Wasser<\/p>\n<h3 data-start=\"2708\" data-end=\"2732\">\ud83c\udf92 <strong data-start=\"2715\" data-end=\"2732\">Was Sie mitbringen sollten<\/strong><\/h3>\n<p data-start=\"2734\" data-end=\"2855\">\ud83d\udd39 Bequeme Kleidung (Shorts\/Hosen)<br data-start=\"2777\" data-end=\"2780\" \/>\ud83d\udd39 Sportschuhe<br data-start=\"2795\" data-end=\"2798\" \/>\ud83d\udd39 Sonnenbrille<br data-start=\"2811\" data-end=\"2814\" \/>\ud83d\udd39 Bargeld f\u00fcr Fotos oder pers\u00f6nliche Ausgaben<\/p>\n<h3 data-start=\"2575\" data-end=\"2602\">\ud83d\udeab <strong data-start=\"2582\" data-end=\"2602\">Nicht geeignet f\u00fcr<\/strong><\/h3>\n<p data-start=\"2604\" data-end=\"2706\">\ud83d\udd39 G\u00e4ste unter Alkohol- oder Drogeneinfluss<br data-start=\"2653\" data-end=\"2656\" \/>\ud83d\udd39 Menschen mit schweren Herz- oder Wirbels\u00e4ulenerkrankungen<\/p>\n<h3 dir=\"ltr\">\ud83d\udcb8\u00a0<strong>Preis und Buchung<\/strong><\/h3>\n<p dir=\"ltr\"><strong>\ud83d\udd39 Jetzt buchen, am Tag der Tour bezahlen<\/strong><br \/>\nKontaktiere uns \u00fcber WhatsApp, Telegram, Viber oder f\u00fclle das Buchungsformular unten aus. \ud83d\udc47\ud83c\udffc<\/p>","protected":false},"excerpt":{"rendered":"<p>Buchen Sie Ihr <b>Alanya Paragliding Tandem Flight<\/b>! Soar over <b>Kleopatra-Strand<\/b> from 700m. <b>Adrenaline<\/b> rush with stunning views. <b>Transfer inklusive<\/b>, no experience needed.<\/p>","protected":false},"featured_media":15128,"comment_status":"open","ping_status":"closed","template":"","meta":[],"product_brand":[],"product_cat":[128],"product_tag":[111],"class_list":{"0":"post-15105","1":"product","2":"type-product","3":"status-publish","4":"has-post-thumbnail","6":"tour_phys-alanya-tours","7":"product_cat-alanya-tours","8":"product_tag-alanya","9":"pa_destination-alanya-tours","11":"first","12":"instock","13":"sale","14":"shipping-taxable","15":"purchasable","16":"product-type-tour_phys"},"aioseo_notices":[],"_links":{"self":[{"href":"https:\/\/excursionsworld.com\/de\/wp-json\/wp\/v2\/product\/15105","targetHints":{"allow":["GET"]}}],"collection":[{"href":"https:\/\/excursionsworld.com\/de\/wp-json\/wp\/v2\/product"}],"about":[{"href":"https:\/\/excursionsworld.com\/de\/wp-json\/wp\/v2\/types\/product"}],"replies":[{"embeddable":true,"href":"https:\/\/excursionsworld.com\/de\/wp-json\/wp\/v2\/comments?post=15105"}],"wp:featuredmedia":[{"embeddable":true,"href":"https:\/\/excursionsworld.com\/de\/wp-json\/wp\/v2\/media\/15128"}],"wp:attachment":[{"href":"https:\/\/excursionsworld.com\/de\/wp-json\/wp\/v2\/media?parent=15105"}],"wp:term":[{"taxonomy":"product_brand","embeddable":true,"href":"https:\/\/excursionsworld.com\/de\/wp-json\/wp\/v2\/product_brand?post=15105"},{"taxonomy":"product_cat","embeddable":true,"href":"https:\/\/excursionsworld.com\/de\/wp-json\/wp\/v2\/product_cat?post=15105"},{"taxonomy":"product_tag","embeddable":true,"href":"https:\/\/excursionsworld.com\/de\/wp-json\/wp\/v2\/product_tag?post=15105"}],"curies":[{"name":"wp","href":"https:\/\/api.w.org\/{rel}","templated":true}]}}