{"id":15116,"date":"2025-10-19T19:39:23","date_gmt":"2025-10-19T16:39:23","guid":{"rendered":"https:\/\/excursionsworld.com\/?post_type=product&#038;p=15116"},"modified":"2025-12-09T22:40:13","modified_gmt":"2025-12-09T19:40:13","slug":"delfinshow-schwimmen-alanya","status":"publish","type":"product","link":"https:\/\/excursionsworld.com\/tours\/dolphin-show-swim-alanya\/","title":{"rendered":"Alanya: Delfinshow &amp; Schwimmen mit Delfinen \u2013 Familienspa\u00df"},"content":{"rendered":"<h3><strong>\ud83c\udfdd\ufe0f<span style=\"color: #000000;\"> \u00dcbersicht<\/span><\/strong><\/h3>\n<p data-start=\"264\" data-end=\"614\">Genie\u00dfen Sie einen unvergesslichen Tag bei <strong data-start=\"294\" data-end=\"318\">Sealanya Delfinpark<\/strong>, einem der gr\u00f6\u00dften Meeresparks in Europa! Beobachten Sie die fesselnden <strong data-start=\"380\" data-end=\"407\">Delfin- und Seel\u00f6wen-Show<\/strong>, und wenn Sie m\u00f6chten, nutzen Sie die Gelegenheit, um <strong data-start=\"445\" data-end=\"467\">mit Delfinen schwimmen<\/strong> f\u00fcr ein wahrhaft magisches Erlebnis. Perfekt f\u00fcr Familien, Paare und Kinder - diese Tour ab Alanya garantiert Spa\u00df, Lachen und lebenslange Erinnerungen.<\/p>\n<h3><span style=\"color: #000000;\"><strong>Inbegriffen:<\/strong><\/span><\/h3>\n<p data-start=\"635\" data-end=\"826\"><strong><span style=\"color: #00ff00;\">\u2713<\/span><\/strong> Abholung vom Hotel und R\u00fccktransport\u00a0<br data-start=\"691\" data-end=\"694\" \/><strong><span style=\"color: #00ff00;\">\u2713 <\/span><\/strong>Eintrittskarte f\u00fcr die Delphin- und Seel\u00f6wen-Show\u00a0<br data-start=\"747\" data-end=\"750\" \/><strong><span style=\"color: #00ff00;\">\u2713 <\/span><\/strong>Professioneller F\u00fchrer und Unterst\u00fctzung durch Parkpersonal<br data-start=\"796\" data-end=\"799\" \/><strong><span style=\"color: #00ff00;\">\u2713 <\/span><\/strong>Vollst\u00e4ndiger Versicherungsschutz<\/p>\n<h3><strong>\u00a0<span style=\"color: #000000;\">Nicht inbegriffen:<\/span><\/strong><\/h3>\n<p data-start=\"851\" data-end=\"994\"><span style=\"color: #ff0000;\"><strong>\u2717<\/strong><\/span> Schwimmen mit Delphinen (optional)<br data-start=\"892\" data-end=\"895\" \/><span style=\"color: #ff0000;\"><strong>\u2717 <\/strong><\/span>Pers\u00f6nliche Ausgaben\u00a0<br data-start=\"940\" data-end=\"943\" \/><span style=\"color: #ff0000;\"><strong>\u2717 <\/strong><\/span>Fotos und Videos<\/p>\n<h3><strong>\ud83c\udf1f<span style=\"color: #000000;\"> H\u00f6hepunkte der Tour<\/span><\/strong><\/h3>\n<p data-start=\"1023\" data-end=\"1284\">\ud83d\udd39 Erleben Sie eine unglaubliche Live-Delfin- und Seel\u00f6wen-Show<br data-start=\"1074\" data-end=\"1077\" \/>\ud83d\udd39 Optionales 30-min\u00fctiges Schwimmen mit Delfinen<br data-start=\"1125\" data-end=\"1128\" \/>\ud83d\udd39 Bequeme Transfers von Hotels in der Region Alanya<br data-start=\"1181\" data-end=\"1184\" \/>\ud83d\udd39 Tolle Aktivit\u00e4t f\u00fcr Familien und Kinder<br data-start=\"1223\" data-end=\"1226\" \/>\ud83d\udd39 Erfahren Sie mehr \u00fcber die Intelligenz und das Verhalten von Delfinen<\/p>\n<h3><strong>\ud83d\udcd6 <span style=\"color: #000000;\">Vollst\u00e4ndige Beschreibung<\/span><\/strong><\/h3>\n<p data-start=\"1314\" data-end=\"2024\">Ihr Abenteuer beginnt mit einem komfortablen Hoteltransfer nach <strong data-start=\"1373\" data-end=\"1397\">Sealanya Delfinpark<\/strong>, in der N\u00e4he von Alanya. Bei der Ankunft treffen Sie das freundliche Parkpersonal und nehmen Sie Platz f\u00fcr die faszinierende <strong data-start=\"1502\" data-end=\"1529\">Delfin- und Seel\u00f6wen-Show<\/strong>, und dauert etwa eine Stunde.<br data-start=\"1554\" data-end=\"1557\" \/>Staunen Sie, wenn diese intelligenten Meerestiere erstaunliche Tricks, Spr\u00fcnge und T\u00e4nze vorf\u00fchren, die Erwachsene und Kinder gleicherma\u00dfen beeindrucken.<br data-start=\"1697\" data-end=\"1700\" \/>Nach der Show k\u00f6nnen die G\u00e4ste, die im Voraus die <strong data-start=\"1747\" data-end=\"1769\">Schwimmen mit Delphinen<\/strong> Sie werden eine unvergessliche 30-min\u00fctige Begegnung mit diesen freundlichen Tieren erleben - schwimmen, anfassen und spielen unter Aufsicht eines Lehrers.<br data-start=\"1919\" data-end=\"1922\" \/>Zum Abschluss haben Sie noch etwas Zeit f\u00fcr Fotos und Erfrischungen, bevor Sie bequem zu Ihrem Hotel zur\u00fcckkehren.<\/p>\n<h3><strong>\ud83d\uddfa\ufe0f <span style=\"color: #000000;\">Reiseroute<\/span><\/strong><\/h3>\n<p data-start=\"2053\" data-end=\"2363\">\ud83d\udd39 Abholung von Hotels und Apartments in Alanya und Umgebung<br data-start=\"2116\" data-end=\"2119\" \/>\ud83d\udd39 Ankunft und Einchecken im Sealanya Dolphinpark<br data-start=\"2166\" data-end=\"2169\" \/>\ud83d\udd39 Beobachten Sie die 1-st\u00fcndige Delfin- und Seel\u00f6wen-Show<br data-start=\"2212\" data-end=\"2215\" \/>\ud83d\udd39 Optional: Schwimmen mit Delfinen (ca. 30 Minuten)<br data-start=\"2278\" data-end=\"2281\" \/>\ud83d\udd39 Freie Zeit f\u00fcr Fotos und Erfrischungen<br data-start=\"2321\" data-end=\"2324\" \/>\ud83d\udd39 R\u00fccktransfer zur\u00fcck zu Ihrem Hotel<\/p>\n<h3><strong>\u2139\ufe0f <span style=\"color: #000000;\">N\u00fctzliche Informationen<\/span><\/strong><\/h3>\n<p data-start=\"2395\" data-end=\"2633\">\ud83d\udd39 Die Shows laufen zweimal t\u00e4glich um 09:00 und 14:00 Uhr<br data-start=\"2438\" data-end=\"2441\" \/>\ud83d\udd39 Dauer: 3-4 Stunden (einschlie\u00dflich Transfers)<br data-start=\"2485\" data-end=\"2488\" \/>\ud83d\udd39 Schwimmkurse m\u00fcssen im Voraus gebucht werden<br data-start=\"2534\" data-end=\"2537\" \/>Kinder im Alter von 4-6 Jahren m\u00fcssen in Begleitung eines Erwachsenen schwimmen.<br data-start=\"2594\" data-end=\"2597\" \/>\ud83d\udd39 Betriebssaison: April-Oktober<\/p>\n<h3><strong>\ud83c\udf92<span style=\"color: #000000;\"> Was Sie mitbringen sollten<\/span><\/strong><\/h3>\n<p data-start=\"2810\" data-end=\"2922\">\ud83d\udd39 Badeanzug und Handtuch (f\u00fcr Teilnehmer, die schwimmen)<br data-start=\"2855\" data-end=\"2858\" \/>\ud83d\udd39 Sonnenbrille und Hut<br data-start=\"2879\" data-end=\"2882\" \/>\ud83d\udd39 Kamera oder Telefon f\u00fcr pers\u00f6nliche Fotos<\/p>\n<h3><strong>\ud83d\udeab<span style=\"color: #000000;\"> Nicht geeignet f\u00fcr<\/span><\/strong><\/h3>\n<p data-start=\"2663\" data-end=\"2783\">\ud83d\udd39 Kinder unter 3 Jahren (k\u00f6nnen nicht schwimmen)<br data-start=\"2725\" data-end=\"2728\" \/>\ud83d\udd39 G\u00e4ste mit schweren Allergien oder Angst vor tiefem Wasser<\/p>\n<h3 dir=\"ltr\">\ud83d\udcb8\u00a0<strong>Preis und Buchung<\/strong><\/h3>\n<p dir=\"ltr\"><strong>\ud83d\udd39 Jetzt buchen, am Tag der Tour bezahlen<\/strong><br \/>\nKontaktiere uns \u00fcber WhatsApp, Telegram, Viber oder f\u00fclle das Buchungsformular unten aus. \ud83d\udc47\ud83c\udffc<\/p>","protected":false},"excerpt":{"rendered":"<p>Buchen Sie Ihre Alanya Dolphin Show &amp; Swim Tour im Sealanya Dolphinpark! Genie\u00dfen Sie die Delfin- und Seel\u00f6wen-Show und schwimmen Sie mit Delfinen. Eine familienfreundliche Aktivit\u00e4t in Alanya, inklusive Hoteltransfer.<\/p>","protected":false},"featured_media":15132,"comment_status":"open","ping_status":"closed","template":"","meta":[],"product_brand":[],"product_cat":[128],"product_tag":[111],"class_list":{"0":"post-15116","1":"product","2":"type-product","3":"status-publish","4":"has-post-thumbnail","6":"tour_phys-alanya-tours","7":"product_cat-alanya-tours","8":"product_tag-alanya","9":"pa_destination-alanya-tours","11":"first","12":"instock","13":"sale","14":"shipping-taxable","15":"purchasable","16":"product-type-tour_phys"},"aioseo_notices":[],"_links":{"self":[{"href":"https:\/\/excursionsworld.com\/de\/wp-json\/wp\/v2\/product\/15116","targetHints":{"allow":["GET"]}}],"collection":[{"href":"https:\/\/excursionsworld.com\/de\/wp-json\/wp\/v2\/product"}],"about":[{"href":"https:\/\/excursionsworld.com\/de\/wp-json\/wp\/v2\/types\/product"}],"replies":[{"embeddable":true,"href":"https:\/\/excursionsworld.com\/de\/wp-json\/wp\/v2\/comments?post=15116"}],"wp:featuredmedia":[{"embeddable":true,"href":"https:\/\/excursionsworld.com\/de\/wp-json\/wp\/v2\/media\/15132"}],"wp:attachment":[{"href":"https:\/\/excursionsworld.com\/de\/wp-json\/wp\/v2\/media?parent=15116"}],"wp:term":[{"taxonomy":"product_brand","embeddable":true,"href":"https:\/\/excursionsworld.com\/de\/wp-json\/wp\/v2\/product_brand?post=15116"},{"taxonomy":"product_cat","embeddable":true,"href":"https:\/\/excursionsworld.com\/de\/wp-json\/wp\/v2\/product_cat?post=15116"},{"taxonomy":"product_tag","embeddable":true,"href":"https:\/\/excursionsworld.com\/de\/wp-json\/wp\/v2\/product_tag?post=15116"}],"curies":[{"name":"wp","href":"https:\/\/api.w.org\/{rel}","templated":true}]}}