{"id":15129,"date":"2025-10-19T23:15:13","date_gmt":"2025-10-19T20:15:13","guid":{"rendered":"https:\/\/excursionsworld.com\/?post_type=product&#038;p=15129"},"modified":"2025-11-22T19:40:04","modified_gmt":"2025-11-22T16:40:04","slug":"alanya-reiten-tour","status":"publish","type":"product","link":"https:\/\/excursionsworld.com\/tours\/alanya-horseback-riding\/","title":{"rendered":"Alanya: Reittour zu Pferd \u2013 Ausritt in die Natur"},"content":{"rendered":"<h3><span style=\"color: #000000;\"><strong>\ud83d\udc34 \u00dcberblick<\/strong><\/span><\/h3>\n<p data-start=\"345\" data-end=\"674\">Begeben Sie sich auf eine friedliche und abenteuerliche <strong data-start=\"382\" data-end=\"417\">Reittour in Alanya<\/strong>, und erkunden Sie die atemberaubende Natur des Taurusgebirges und die antiken Ruinen der Stadt Syedra. Dieser 2,5-st\u00fcndige Ausritt eignet sich sowohl f\u00fcr Anf\u00e4nger als auch f\u00fcr erfahrene Reiter, die mit der Natur in Kontakt treten und dabei atemberaubende Ausblicke auf die Mittelmeerk\u00fcste genie\u00dfen m\u00f6chten.<\/p>\n<h3 data-start=\"676\" data-end=\"693\">\u00a0<span style=\"color: #000000;\"><strong>Inbegriffen:<\/strong><\/span><\/h3>\n<p data-start=\"694\" data-end=\"926\"><span style=\"color: #00ff00;\"><strong>\u2713<\/strong> <\/span>Abholung vom Hotel und R\u00fccktransport\u00a0<br data-start=\"742\" data-end=\"745\" \/><span style=\"color: #00ff00;\"><strong>\u2713<\/strong> <\/span>Professioneller Reisef\u00fchrer- und Trainerservice<br data-start=\"785\" data-end=\"788\" \/><span style=\"color: #00ff00;\"><strong>\u2713<\/strong> <\/span>2,5 Stunden Reiten<br data-start=\"819\" data-end=\"822\" \/><span style=\"color: #00ff00;\"><strong>\u2713<\/strong> <\/span>Die gesamte Reitausr\u00fcstung (Helm, etc.)<br data-start=\"859\" data-end=\"862\" \/><span style=\"color: #00ff00;\"><strong>\u2713<\/strong> <\/span>T\u00fcrkischer Tee und Apfeltee (kostenlos)<br data-start=\"905\" data-end=\"908\" \/><span style=\"color: #00ff00;\"><strong>\u2713<\/strong> <\/span>Vollversicherung<\/p>\n<h3 data-start=\"928\" data-end=\"949\">\u00a0<span style=\"color: #000000;\"><strong>Nicht inbegriffen:<\/strong><\/span><\/h3>\n<p data-start=\"950\" data-end=\"991\"><span style=\"color: #ff0000;\"><strong>\u2717<\/strong> <\/span>Getr\u00e4nke und Essen<br data-start=\"967\" data-end=\"970\" \/><span style=\"color: #ff0000;\"><strong>\u2717<\/strong> <\/span>Pers\u00f6nliche Ausgaben<\/p>\n<h3 data-start=\"993\" data-end=\"1018\"><span style=\"color: #000000;\"><strong>\ud83c\udf1f H\u00f6hepunkte der Tour<\/strong><\/span><\/h3>\n<p data-start=\"1019\" data-end=\"1285\">\ud83d\udd39 Reiten Sie entlang malerischer Waldwege und Bananeng\u00e4rten<br data-start=\"1071\" data-end=\"1074\" \/>\ud83d\udd39 Erkunden Sie die antiken Ruinen der Stadt und der Burg von Syedra<br data-start=\"1128\" data-end=\"1131\" \/>\ud83d\udd39 Genie\u00dfen Sie den Panoramablick auf Alanya und das Mittelmeer<br data-start=\"1187\" data-end=\"1190\" \/>\ud83d\udd39 Entspannen Sie sich nach der Fahrt am Pool bei t\u00fcrkischem Tee<br data-start=\"1242\" data-end=\"1245\" \/>\ud83d\udd39 Sichere, ruhige und gut ausgebildete Pferde<\/p>\n<h3 data-start=\"1287\" data-end=\"1313\"><span style=\"color: #000000;\"><strong>\ud83d\udcd6 Vollst\u00e4ndige Beschreibung<\/strong><\/span><\/h3>\n<p data-start=\"1314\" data-end=\"1954\">Die <strong data-start=\"1318\" data-end=\"1346\">Alanya Reiten Tour<\/strong> beginnt mit einer bequemen Abholung vom Hotel, die Sie zu einer friedlichen Pferdefarm im Dorf Seki in der N\u00e4he von Demirta\u015f bringt - nur 30 Minuten vom Zentrum Alanyas entfernt. Nach einer kurzen Einweisung durch erfahrene Ausbilder steigen Sie auf Ihr ruhiges und freundliches Pferd f\u00fcr einen <strong data-start=\"1586\" data-end=\"1603\">2,5-st\u00fcndige Fahrt<\/strong> durch Kiefernw\u00e4lder, Bananenplantagen und alte Ruinen. Der H\u00f6hepunkt der Route ist <strong data-start=\"1695\" data-end=\"1712\">Schloss Syedra<\/strong>, und bietet einen herrlichen Panoramablick \u00fcber Alanya und das Meer. Nach der Fahrt k\u00f6nnen Sie sich auf dem Bauernhof entspannen, t\u00fcrkischen Tee und Apfeltee am Pool trinken und die ruhige l\u00e4ndliche Atmosph\u00e4re genie\u00dfen, bevor Sie zur\u00fcck zum Hotel gebracht werden.<\/p>\n<h3 data-start=\"1956\" data-end=\"1981\"><strong><span style=\"color: #000000;\">\ud83d\uddfa\ufe0f Reiseverlauf<\/span><\/strong><\/h3>\n<p data-start=\"1982\" data-end=\"2259\">\ud83d\udd39 Abholung vom Hotel in Alanya und Umgebung<br data-start=\"2026\" data-end=\"2029\" \/>\ud83d\udd39 Ankunft auf dem Pferdehof im Dorf Seki<br data-start=\"2073\" data-end=\"2076\" \/>\ud83d\udd39 Sicherheitseinweisung und Ausr\u00fcstungspr\u00fcfung<br data-start=\"2114\" data-end=\"2117\" \/>2,5-st\u00fcndiger gef\u00fchrter Ausritt (Berge, Wald, Ruinen)<br data-start=\"2177\" data-end=\"2180\" \/>\ud83d\udd39 R\u00fcckkehr zum Bauernhof, Teepause und Entspannung<br data-start=\"2224\" data-end=\"2227\" \/>\ud83d\udd39 Transfer zur\u00fcck zu Ihrem Hotel<\/p>\n<h3 data-start=\"2261\" data-end=\"2289\"><span style=\"color: #000000;\"><strong>\u2139\ufe0f N\u00fctzliche Informationen<\/strong><\/span><\/h3>\n<p data-start=\"2290\" data-end=\"2573\">\ud83d\udd39 Dauer: Ungef\u00e4hr 4 Stunden (einschlie\u00dflich Transfer)<br data-start=\"2345\" data-end=\"2348\" \/>\ud83d\udd39 Fahrzeit: 2,5 Stunden<br data-start=\"2373\" data-end=\"2376\" \/>\ud83d\udd39 Maximales Gewicht: 100 kg<br data-start=\"2407\" data-end=\"2410\" \/>\ud83d\udd39 Die Tour findet ganzj\u00e4hrig statt.<br data-start=\"2437\" data-end=\"2440\" \/>\ud83d\udd39 Ruhige und ausgebildete Pferde f\u00fcr Anf\u00e4nger geeignet<br data-start=\"2489\" data-end=\"2492\" \/>\ud83d\udd39 F\u00fcr schwangere Frauen nicht erlaubt<br data-start=\"2525\" data-end=\"2528\" \/>\ud83d\udd39 Kinder k\u00f6nnen in Begleitung ihrer Eltern teilnehmen<\/p>\n<h3 data-start=\"2575\" data-end=\"2598\"><span style=\"color: #000000;\"><strong>\ud83c\udf92 Was Sie mitbringen sollten<\/strong><\/span><\/h3>\n<p data-start=\"2599\" data-end=\"2749\">\ud83d\udd39 Bequeme Kleidung und geschlossene Schuhe<br data-start=\"2638\" data-end=\"2641\" \/>\ud83d\udd39 Sonnenbrille und Sonnenschutzmittel<br data-start=\"2668\" data-end=\"2671\" \/>\ud83d\udd39 Kamera oder Smartphone f\u00fcr Fotos<br data-start=\"2705\" data-end=\"2708\" \/>\ud83d\udd39 Bargeld f\u00fcr Getr\u00e4nke oder pers\u00f6nliche Ausgaben<\/p>\n<h3 data-start=\"2751\" data-end=\"2777\"><span style=\"color: #000000;\"><strong>\ud83d\udeab Nicht geeignet f\u00fcr<\/strong><\/span><\/h3>\n<p data-start=\"2778\" data-end=\"2863\">\ud83d\udd39 Schwangere Frauen<br data-start=\"2795\" data-end=\"2798\" \/>\ud83d\udd39 Personen mit einem Gewicht von \u00fcber 100 kg<br data-start=\"2828\" data-end=\"2831\" \/>\ud83d\udd39 Menschen mit Mobilit\u00e4tsproblemen<\/p>\n<h3 dir=\"ltr\">\ud83d\udcb8\u00a0<strong>Preis und Buchung<\/strong><\/h3>\n<p dir=\"ltr\"><strong>\ud83d\udd39 Jetzt buchen, am Tag der Tour bezahlen<\/strong><br \/>\nKontaktiere uns \u00fcber WhatsApp, Telegram, Viber oder f\u00fclle das Buchungsformular unten aus. \ud83d\udc47\ud83c\udffc<\/p>","protected":false},"excerpt":{"rendered":"<p>Buchen Sie Ihr <b>Alanya Reiten Tour<\/b>! Genie\u00dfen Sie eine <b>2,5-st\u00fcndiger Ausflug mit Pferdesafari<\/b> durch das Taurusgebirge. Am besten <b>Ausflug<\/b> mit <b>Schloss Syedra<\/b> Ansichten. <b>Transfer inklusive<\/b>!<\/p>","protected":false},"featured_media":15133,"comment_status":"open","ping_status":"closed","template":"","meta":[],"product_brand":[],"product_cat":[128],"product_tag":[111],"class_list":{"0":"post-15129","1":"product","2":"type-product","3":"status-publish","4":"has-post-thumbnail","6":"tour_phys-alanya-tours","7":"product_cat-alanya-tours","8":"product_tag-alanya","9":"pa_destination-alanya-tours","11":"first","12":"instock","13":"sale","14":"shipping-taxable","15":"purchasable","16":"product-type-tour_phys"},"aioseo_notices":[],"_links":{"self":[{"href":"https:\/\/excursionsworld.com\/de\/wp-json\/wp\/v2\/product\/15129","targetHints":{"allow":["GET"]}}],"collection":[{"href":"https:\/\/excursionsworld.com\/de\/wp-json\/wp\/v2\/product"}],"about":[{"href":"https:\/\/excursionsworld.com\/de\/wp-json\/wp\/v2\/types\/product"}],"replies":[{"embeddable":true,"href":"https:\/\/excursionsworld.com\/de\/wp-json\/wp\/v2\/comments?post=15129"}],"wp:featuredmedia":[{"embeddable":true,"href":"https:\/\/excursionsworld.com\/de\/wp-json\/wp\/v2\/media\/15133"}],"wp:attachment":[{"href":"https:\/\/excursionsworld.com\/de\/wp-json\/wp\/v2\/media?parent=15129"}],"wp:term":[{"taxonomy":"product_brand","embeddable":true,"href":"https:\/\/excursionsworld.com\/de\/wp-json\/wp\/v2\/product_brand?post=15129"},{"taxonomy":"product_cat","embeddable":true,"href":"https:\/\/excursionsworld.com\/de\/wp-json\/wp\/v2\/product_cat?post=15129"},{"taxonomy":"product_tag","embeddable":true,"href":"https:\/\/excursionsworld.com\/de\/wp-json\/wp\/v2\/product_tag?post=15129"}],"curies":[{"name":"wp","href":"https:\/\/api.w.org\/{rel}","templated":true}]}}