{"id":15157,"date":"2025-10-20T19:17:25","date_gmt":"2025-10-20T16:17:25","guid":{"rendered":"https:\/\/excursionsworld.com\/?post_type=product&#038;p=15157"},"modified":"2026-04-24T01:26:56","modified_gmt":"2026-04-23T22:26:56","slug":"alanya-buggy-safari-tour","status":"publish","type":"product","link":"https:\/\/excursionsworld.com\/tours\/alanya-buggy-safari\/","title":{"rendered":"Alanya: Buggy Safari Tour \u2013 Offroad Abenteuer"},"content":{"rendered":"<h2>\ud83c\udfdd\ufe0f \u00dcberblick<\/h2>\n<p>Machen Sie sich bereit f\u00fcr ein unvergessliches Offroad-Abenteuer mit dem <a href=\"https:\/\/en.wikipedia.org\/wiki\/Alanya\" target=\"_blank\" rel=\"noopener\">Alanya<\/a> Buggy Safari Tour! Fahren Sie mit Ihrem eigenen Automatik-Buggy auf staubigen Bergpfaden, durch Pinienw\u00e4lder und entlang malerischer Fl\u00fcsse in der N\u00e4he von Alanya. Perfekt f\u00fcr Familien, Anf\u00e4nger und Nervenkitzel-Suchende \u2013 kein F\u00fchrerschein oder Vorerfahrung erforderlich!<\/p>\n<h3>\u00a0Inbegriffen:<\/h3>\n<p><span style=\"color: #00ff00;\"><strong>\u2713<\/strong> <\/span>Abholung vom Hotel und R\u00fccktransport<br \/>\n<span style=\"color: #00ff00;\"><strong>\u2713<\/strong> <\/span>Professioneller Ausbilder<br \/>\n<span style=\"color: #00ff00;\"><strong>\u2713<\/strong> <\/span>Vollst\u00e4ndiger Versicherungsschutz<br \/>\n<span style=\"color: #00ff00;\"><strong>\u2713<\/strong> <\/span>Sicherheitsausr\u00fcstung (Helm)<\/p>\n<h3>\u00a0Nicht inbegriffen:<\/h3>\n<p><span style=\"color: #ff0000;\"><strong>\u2717<\/strong> <\/span>Getr\u00e4nke, Snacks, Fotos, T\u00fccher<br \/>\n<span style=\"color: #ff0000;\"><strong>\u2717<\/strong> <\/span>Optionale Badepause<\/p>\n<h2>\ud83c\udf1f Tour Highlights dieser Alanya Buggy Safari Tour<\/h2>\n<p>\ud83d\udd39 Aufregende Off-Road-Buggy-Fahrerfahrung in der N\u00e4he von Alanya<br \/>\n\ud83d\udd39 Landschaftlich reizvolle Waldwege und nat\u00fcrliche Fluss\u00fcberquerungen<br \/>\n\ud83d\udd39 Sichere und einfach zu bedienende automatische Fahrzeuge - ideal f\u00fcr alle Stufen<br \/>\n\ud83d\udd39 Ein unterhaltsamer und aktiver Tag f\u00fcr Paare, Familien und Gruppen<br \/>\n\ud83d\udd39 F\u00fchrungen am Morgen und am Nachmittag t\u00e4glich m\u00f6glich<\/p>\n<h2>\ud83d\udcd6 Vollst\u00e4ndige Beschreibung: Ihre Alanya Buggy Safari Tour Erfahrung<\/h2>\n<p>Ihr Abenteuer beginnt mit einem bequemen Transfer von Ihrem Hotel in Alanya oder der Umgebung zur Buggy-Safari-Basis. Bei der Ankunft erhalten Sie von Ihren professionellen Instruktoren Sicherheitsinformationen, Helme und eine kurze Testfahrt, damit Sie sich mit Ihrem Buggy vertraut machen k\u00f6nnen.<br \/>\nDann ist es an der Zeit, das Abenteuer zu beginnen! Folgen Sie Ihrem Guide auf staubigen Waldwegen, pl\u00e4tschern Sie durch kleine B\u00e4che und erklimmen Sie sanfte H\u00fcgel - und das alles inmitten der Sch\u00f6nheit des Taurusgebirges.<br \/>\nEs gibt kurze Pausen zum Ausruhen, f\u00fcr Fotos und sogar f\u00fcr ein optionales Bad, bevor Sie zur Buggy-Station zur\u00fcckkehren. Am Ende der Fahrt k\u00f6nnen Sie sich ein paar Minuten entspannen und den bequemen Transfer zur\u00fcck zu Ihrem Hotel genie\u00dfen.<\/p>\n<h3>\ud83d\uddfa\ufe0f Reiseverlauf<\/h3>\n<p>\ud83d\udd39 Abholung von Hotels in der Region Alanya<br \/>\n\ud83d\udd39 Ankunft an der Buggy-Basis und Sicherheitseinweisung<br \/>\n\ud83d\udd39 Testfahrt und Einrichtung der Ausr\u00fcstung<br \/>\n\ud83d\udd39 Off-Road-Fahrt \u00fcber Berg- und Waldwege<br \/>\nKurze Ruhe-, Foto- und Badepausen<br \/>\n\ud83d\udd39 R\u00fcckkehr zur Buggy-Basis<br \/>\n\ud83d\udd39 Abholung in den Hotels<\/p>\n<h3>\u2139\ufe0f N\u00fctzliche Informationen<\/h3>\n<p>\ud83d\udd39 Dauer: ca. 3-4 Stunden insgesamt<br \/>\n\ud83d\udd39 Zwei t\u00e4gliche Sitzungen: 09:00 und 13:30<br \/>\n\ud83d\udd39 Kein F\u00fchrerschein erforderlich<br \/>\n\ud83d\udd39 Kinder k\u00f6nnen als Passagiere mit den Eltern mitfahren<br \/>\n\ud83d\udd39 Empfehlung: bequeme alte Kleidung und geschlossene Schuhe tragen<br \/>\n\ud83d\udd39 Mitbringen: Sonnenbrille, Sonnencreme und ein Kopftuch<\/p>\n<h2>\ud83c\udf92 Was Sie mitbringen sollten<\/h2>\n<p>\ud83d\udd39 Sonnenbrille und Sonnenschutzmittel<br \/>\n\ud83d\udd39 Bandana oder Gesichtsmaske<br \/>\n\ud83d\udd39 Bequeme Kleidung und Schuhe<br \/>\n\ud83d\udd39 Kleines Bargeld f\u00fcr pers\u00f6nliche Ausgaben oder Fotos<\/p>\n<h3>\ud83d\udeab Nicht geeignet f\u00fcr<\/h3>\n<p>\ud83d\udd39 Schwangere Frauen<br \/>\n\ud83d\udd39 G\u00e4ste mit schweren R\u00fccken- oder Herzerkrankungen<\/p>\n<h2 dir=\"ltr\">\ud83d\udcb8\u00a0<strong>Preis und Buchung<\/strong><\/h2>\n<p dir=\"ltr\"><strong>\ud83d\udd39 Jetzt buchen, am Tag der Tour bezahlen<\/strong><br \/>\nKontaktiere uns \u00fcber WhatsApp, Telegram, Viber oder f\u00fclle das Buchungsformular unten aus. \ud83d\udc47\ud83c\udffc<\/p>\n<p>Alternativen gesucht? St\u00f6bern Sie <a href=\"https:\/\/excursionsworld.com\/de\/alanya-ausfluege\/\">Weitere Touren in Alanya<\/a>.<\/p>","protected":false},"excerpt":{"rendered":"<p data-start=\"2866\" data-end=\"3089\">Buchen Sie Ihr <b>Alanya Buggy Safari<\/b> <b>Tour<\/b>! Genie\u00dfen Sie einen <b>ATV<\/b> <b>Abenteuer<\/b> <b>Ausflug<\/b> auf schlammig <b>Gel\u00e4ndeg\u00e4ngig<\/b> Waldpfade. Perfekt <b>Reise<\/b> f\u00fcr <b>Anf\u00e4nger<\/b>! <b>\u00dcbertragung<\/b> enthalten.<\/p>","protected":false},"featured_media":15158,"comment_status":"open","ping_status":"closed","template":"","meta":[],"product_brand":[],"product_cat":[128],"product_tag":[111],"class_list":{"0":"post-15157","1":"product","2":"type-product","3":"status-publish","4":"has-post-thumbnail","6":"tour_phys-alanya-tours","7":"product_cat-alanya-tours","8":"product_tag-alanya","9":"pa_destination-alanya-tours","11":"first","12":"instock","13":"sale","14":"shipping-taxable","15":"purchasable","16":"product-type-tour_phys"},"aioseo_notices":[],"_links":{"self":[{"href":"https:\/\/excursionsworld.com\/de\/wp-json\/wp\/v2\/product\/15157","targetHints":{"allow":["GET"]}}],"collection":[{"href":"https:\/\/excursionsworld.com\/de\/wp-json\/wp\/v2\/product"}],"about":[{"href":"https:\/\/excursionsworld.com\/de\/wp-json\/wp\/v2\/types\/product"}],"replies":[{"embeddable":true,"href":"https:\/\/excursionsworld.com\/de\/wp-json\/wp\/v2\/comments?post=15157"}],"wp:featuredmedia":[{"embeddable":true,"href":"https:\/\/excursionsworld.com\/de\/wp-json\/wp\/v2\/media\/15158"}],"wp:attachment":[{"href":"https:\/\/excursionsworld.com\/de\/wp-json\/wp\/v2\/media?parent=15157"}],"wp:term":[{"taxonomy":"product_brand","embeddable":true,"href":"https:\/\/excursionsworld.com\/de\/wp-json\/wp\/v2\/product_brand?post=15157"},{"taxonomy":"product_cat","embeddable":true,"href":"https:\/\/excursionsworld.com\/de\/wp-json\/wp\/v2\/product_cat?post=15157"},{"taxonomy":"product_tag","embeddable":true,"href":"https:\/\/excursionsworld.com\/de\/wp-json\/wp\/v2\/product_tag?post=15157"}],"curies":[{"name":"wp","href":"https:\/\/api.w.org\/{rel}","templated":true}]}}