{"id":15163,"date":"2025-10-20T20:41:28","date_gmt":"2025-10-20T17:41:28","guid":{"rendered":"https:\/\/excursionsworld.com\/?post_type=product&#038;p=15163"},"modified":"2025-11-22T19:53:35","modified_gmt":"2025-11-22T16:53:35","slug":"alanya-jeep-safari","status":"publish","type":"product","link":"https:\/\/excursionsworld.com\/tours\/alanya-jeep-safari\/","title":{"rendered":"Alanya: Jeep Safari Tour \u2013 Taurusgebirge erkunden"},"content":{"rendered":"<h3><span style=\"color: #000000;\"><strong data-start=\"234\" data-end=\"249\">\ud83d\ude99 \u00dcberblick<\/strong><\/span><\/h3>\n<p data-start=\"234\" data-end=\"559\">Treten Sie einem aufregenden <strong data-start=\"269\" data-end=\"295\">Jeep-Safari von Alanya aus<\/strong>\u00a0und entdecken Sie die wilde Sch\u00f6nheit des Taurusgebirges! Fahren Sie mit leistungsstarken 4\u00d74-Jeeps durch Waldpfade, Bergd\u00f6rfer und Fl\u00fcsse. Genie\u00dfen Sie malerische Fotostopps, ein leckeres BBQ-Mittagessen und ein erfrischendes Bad in einem nat\u00fcrlichen Fluss - die perfekte Mischung aus Abenteuer und Spa\u00df!<\/p>\n<h3 data-start=\"561\" data-end=\"710\"><strong data-start=\"561\" data-end=\"574\">Inbegriffen:<\/strong><\/h3>\n<p data-start=\"561\" data-end=\"710\"><strong><span style=\"color: #00ff00;\">\u2713<\/span><\/strong> Abholung vom Hotel und R\u00fccktransport<br data-start=\"604\" data-end=\"607\" \/><strong><span style=\"color: #00ff00;\">\u2713 <\/span><\/strong>Professionelle englischsprachige Fahrer<br data-start=\"654\" data-end=\"657\" \/><strong><span style=\"color: #00ff00;\">\u2713 <\/span><\/strong>4\u00d74 Land Rover Gel\u00e4ndewagen<br data-start=\"679\" data-end=\"682\" \/><strong><span style=\"color: #00ff00;\">\u2713 <\/span><\/strong>Vollversicherung<br data-start=\"698\" data-end=\"701\" \/><strong><span style=\"color: #00ff00;\">\u2713 <\/span><\/strong>Mittagessen<\/p>\n<h3 data-start=\"712\" data-end=\"784\"><strong data-start=\"712\" data-end=\"729\">Nicht inbegriffen:<\/strong><\/h3>\n<p data-start=\"712\" data-end=\"784\"><strong><span style=\"color: #ff0000;\">\u2717<\/span><\/strong> Getr\u00e4nke<br data-start=\"740\" data-end=\"743\" \/><strong><span style=\"color: #ff0000;\">\u2717 <\/span><\/strong>Pers\u00f6nliche Ausgaben<br data-start=\"762\" data-end=\"765\" \/><strong><span style=\"color: #ff0000;\">\u2717 <\/span><\/strong>Fotos und Videos<\/p>\n<h3 data-start=\"786\" data-end=\"1060\"><strong data-start=\"786\" data-end=\"808\">\ud83c\udf1f H\u00f6hepunkte der Tour<\/strong><\/h3>\n<p data-start=\"786\" data-end=\"1060\">\ud83d\udd39 Spannende Offroad-Fahrt durch W\u00e4lder und Fl\u00fcsse<br data-start=\"864\" data-end=\"867\" \/>\ud83d\udd39 Besuch in einem traditionellen t\u00fcrkischen Dorf<br data-start=\"908\" data-end=\"911\" \/>\ud83d\udd39 Landschaftlich reizvolle Fotostopps und Aussichtspunkte<br data-start=\"947\" data-end=\"950\" \/>\ud83d\udd39 Leckeres BBQ-Mittagessen in der Natur<br data-start=\"978\" data-end=\"981\" \/>\ud83d\udd39 Badepause in einem Gebirgsfluss<br data-start=\"1018\" data-end=\"1021\" \/>\ud83d\udd39 Optionale Wasserschlacht zwischen Jeeps<\/p>\n<h3 data-start=\"1062\" data-end=\"1245\"><strong data-start=\"1062\" data-end=\"1085\">\ud83d\udcd6 Vollst\u00e4ndige Beschreibung<\/strong><\/h3>\n<p data-start=\"1062\" data-end=\"1245\">Ihr Abenteuer beginnt mit der Abholung von Ihrem Hotel in Alanya. Treffen Sie Ihren freundlichen Fahrer und Reiseleiter und fahren Sie dann in die <strong data-start=\"1204\" data-end=\"1224\">Taurusgebirge<\/strong> in offenen Gel\u00e4ndewagen. Genie\u00dfen Sie atemberaubende Landschaften, frische Luft und Einblicke in das traditionelle Dorfleben. Legen Sie entlang der Strecke Fotostopps ein und erleben Sie die Aufregung des echten Offroad-Fahrens. Genie\u00dfen Sie ein k\u00f6stliches <strong data-start=\"1431\" data-end=\"1444\">BBQ-Mittagessen<\/strong> in einem rustikalen Restaurant inmitten der Natur. Entspannen Sie sich danach oder nehmen Sie ein Bad in einem k\u00fchlen Gebirgsfluss, bevor Sie die R\u00fcckfahrt antreten. Auf dem R\u00fcckweg k\u00f6nnen Sie an einer lustigen <strong data-start=\"1599\" data-end=\"1614\">Wasserschlacht<\/strong> f\u00fcr einen unvergesslichen Abschluss!<\/p>\n<h3 data-start=\"1647\" data-end=\"1895\"><strong data-start=\"1647\" data-end=\"1669\">\ud83d\uddfa\ufe0f Reiseverlauf<\/strong><\/h3>\n<p data-start=\"1647\" data-end=\"1895\">\ud83d\udd39 Abholung von den Hotels in Alanya<br data-start=\"1699\" data-end=\"1702\" \/>\ud83d\udd39 Fahrt durch das Taurusgebirge<br data-start=\"1739\" data-end=\"1742\" \/>\ud83d\udd39 Besuch eines \u00f6rtlichen Dorfes<br data-start=\"1766\" data-end=\"1769\" \/>\ud83d\udd39 Landschaftlich reizvolle Fotostopps<br data-start=\"1790\" data-end=\"1793\" \/>BBQ-Mittagessen in der Natur \ud83d\udd39<br data-start=\"1815\" data-end=\"1818\" \/>\ud83d\udd39 Badepause in einem Fluss<br data-start=\"1846\" data-end=\"1849\" \/>\ud83d\udd39 Optionale Wasserschlacht<br data-start=\"1872\" data-end=\"1875\" \/>\ud83d\udd39 R\u00fcckkehr zum Hotel<\/p>\n<h3 data-start=\"2243\" data-end=\"2424\"><strong data-start=\"2243\" data-end=\"2268\">\u2139\ufe0f N\u00fctzliche Informationen<\/strong><\/h3>\n<p data-start=\"2243\" data-end=\"2424\">\ud83d\udd39 Dauer: ca. 7-8 Stunden<br data-start=\"2307\" data-end=\"2310\" \/>\ud83d\udd39 Geeignet f\u00fcr alle Altersgruppen (Kinder m\u00fcssen von Erwachsenen begleitet werden)<br data-start=\"2375\" data-end=\"2378\" \/>\ud83d\udd39 Die Tour kann sich aufgrund der Wetterbedingungen \u00e4ndern.<\/p>\n<h3 data-start=\"2017\" data-end=\"2169\"><strong data-start=\"2017\" data-end=\"2037\">\ud83c\udf92 Was Sie mitbringen sollten<\/strong><\/h3>\n<p data-start=\"2017\" data-end=\"2169\">\ud83d\udd39 Bequeme Kleidung und Schuhe<br data-start=\"2072\" data-end=\"2075\" \/>\ud83d\udd39 Sonnenbrille und Hut<br data-start=\"2096\" data-end=\"2099\" \/>\ud83d\udd39 Sonnenschutzmittel<br data-start=\"2111\" data-end=\"2114\" \/>\ud83d\udd39 Badeanzug und Handtuch<br data-start=\"2135\" data-end=\"2138\" \/>\ud83d\udd39 Bargeld f\u00fcr pers\u00f6nliche Ausgaben<\/p>\n<h3 data-start=\"1897\" data-end=\"2015\"><strong data-start=\"1897\" data-end=\"1920\">\ud83d\udeab Nicht geeignet f\u00fcr<\/strong><\/h3>\n<p data-start=\"1897\" data-end=\"2015\">\ud83d\udd39 Schwangere Frauen<br data-start=\"1940\" data-end=\"1943\" \/>\ud83d\udd39 G\u00e4ste mit R\u00fccken- oder Nackenproblemen<br data-start=\"1979\" data-end=\"1982\" \/>\ud83d\udd39 Menschen mit eingeschr\u00e4nkter Mobilit\u00e4t<\/p>\n<h3 dir=\"ltr\">\ud83d\udcb8\u00a0<strong>Preis und Buchung<\/strong><\/h3>\n<p dir=\"ltr\"><strong>\ud83d\udd39 Jetzt buchen, am Tag der Tour bezahlen<\/strong><br \/>\nKontaktiere uns \u00fcber WhatsApp, Telegram, Viber oder f\u00fclle das Buchungsformular unten aus. \ud83d\udc47\ud83c\udffc<\/p>","protected":false},"excerpt":{"rendered":"<p data-start=\"2736\" data-end=\"2976\">Join the Alanya<strong data-start=\"2781\" data-end=\"2807\">\u00a0Jeep Safari Tour<\/strong> und erkunden Sie das Taurusgebirge in leistungsstarken 4\u00d74-Jeeps. Besuchen Sie Bergd\u00f6rfer, schwimmen Sie in Fl\u00fcssen, genie\u00dfen Sie ein BBQ-Mittagessen und erleben Sie einen ganzen Tag voller Abenteuer und Natur!<\/p>","protected":false},"featured_media":15813,"comment_status":"open","ping_status":"closed","template":"","meta":[],"product_brand":[],"product_cat":[128],"product_tag":[111],"class_list":{"0":"post-15163","1":"product","2":"type-product","3":"status-publish","4":"has-post-thumbnail","6":"tour_phys-alanya-tours","7":"product_cat-alanya-tours","8":"product_tag-alanya","9":"pa_destination-alanya-tours","11":"first","12":"instock","13":"sale","14":"shipping-taxable","15":"purchasable","16":"product-type-tour_phys"},"aioseo_notices":[],"_links":{"self":[{"href":"https:\/\/excursionsworld.com\/de\/wp-json\/wp\/v2\/product\/15163","targetHints":{"allow":["GET"]}}],"collection":[{"href":"https:\/\/excursionsworld.com\/de\/wp-json\/wp\/v2\/product"}],"about":[{"href":"https:\/\/excursionsworld.com\/de\/wp-json\/wp\/v2\/types\/product"}],"replies":[{"embeddable":true,"href":"https:\/\/excursionsworld.com\/de\/wp-json\/wp\/v2\/comments?post=15163"}],"wp:featuredmedia":[{"embeddable":true,"href":"https:\/\/excursionsworld.com\/de\/wp-json\/wp\/v2\/media\/15813"}],"wp:attachment":[{"href":"https:\/\/excursionsworld.com\/de\/wp-json\/wp\/v2\/media?parent=15163"}],"wp:term":[{"taxonomy":"product_brand","embeddable":true,"href":"https:\/\/excursionsworld.com\/de\/wp-json\/wp\/v2\/product_brand?post=15163"},{"taxonomy":"product_cat","embeddable":true,"href":"https:\/\/excursionsworld.com\/de\/wp-json\/wp\/v2\/product_cat?post=15163"},{"taxonomy":"product_tag","embeddable":true,"href":"https:\/\/excursionsworld.com\/de\/wp-json\/wp\/v2\/product_tag?post=15163"}],"curies":[{"name":"wp","href":"https:\/\/api.w.org\/{rel}","templated":true}]}}