{"id":15167,"date":"2025-10-21T14:40:32","date_gmt":"2025-10-21T11:40:32","guid":{"rendered":"https:\/\/excursionsworld.com\/?post_type=product&#038;p=15167"},"modified":"2025-11-22T17:39:56","modified_gmt":"2025-11-22T14:39:56","slug":"alanya-meer-angeltour","status":"publish","type":"product","link":"https:\/\/excursionsworld.com\/tours\/alanya-sea-fishing\/","title":{"rendered":"Alanya: Angeltour auf dem Meer \u2013 All Inclusive"},"content":{"rendered":"<h3><span style=\"color: #000000;\"><strong>\ud83c\udfdd\ufe0f \u00dcberblick<\/strong><\/span><\/h3>\n<p data-start=\"234\" data-end=\"521\">Nehmen Sie an der Alanya Fishing Tour teil und erleben Sie die perfekte Mischung aus Angeln, Entspannung und mediterraner Sch\u00f6nheit! Egal, ob Sie ein Anf\u00e4nger oder ein erfahrener Angler sind, diese friedliche Bootstour bietet Ihnen die M\u00f6glichkeit, Fische zu fangen, zu schwimmen und sich zu entspannen, w\u00e4hrend Sie entlang der atemberaubenden K\u00fcste von Alanya fahren.<\/p>\n<h3 data-start=\"523\" data-end=\"540\"><span style=\"color: #000000;\"><strong>\u00a0Inbegriffen:<\/strong><\/span><\/h3>\n<p data-start=\"541\" data-end=\"761\"><span style=\"color: #00ff00;\"><strong>\u2713<\/strong> <\/span>Abholung vom Hotel und R\u00fccktransport<br data-start=\"597\" data-end=\"600\" \/><span style=\"color: #00ff00;\"><strong>\u2713<\/strong> <\/span>Berufskapit\u00e4n und Berufsfischer<br data-start=\"645\" data-end=\"648\" \/><span style=\"color: #00ff00;\"><strong>\u2713<\/strong> <\/span>Die gesamte Angelausr\u00fcstung (Rute, K\u00f6der, Schnur)<br data-start=\"689\" data-end=\"692\" \/><span style=\"color: #00ff00;\"><strong>\u2713<\/strong> <\/span>Mittagessen an Bord serviert<br data-start=\"715\" data-end=\"718\" \/><span style=\"color: #00ff00;\"><strong>\u2713<\/strong> <\/span>Erfrischungsgetr\u00e4nke<br data-start=\"731\" data-end=\"734\" \/><span style=\"color: #00ff00;\"><strong>\u2713<\/strong> <\/span>Vollst\u00e4ndiger Versicherungsschutz<\/p>\n<h3 data-start=\"763\" data-end=\"784\">\u00a0<span style=\"color: #000000;\"><strong>Nicht inbegriffen:<\/strong><\/span><\/h3>\n<p data-start=\"785\" data-end=\"853\"><span style=\"color: #ff0000;\"><strong>\u2717<\/strong> <\/span>Alkoholische Getr\u00e4nke<br data-start=\"803\" data-end=\"806\" \/><span style=\"color: #ff0000;\"><strong>\u2717<\/strong> <\/span>Pers\u00f6nliche Ausgaben<\/p>\n<h3 data-start=\"855\" data-end=\"880\"><span style=\"color: #000000;\"><strong>\ud83c\udf1f H\u00f6hepunkte der Tour<\/strong><\/span><\/h3>\n<p data-start=\"881\" data-end=\"1235\">\ud83d\udd39 Bootstour in kleinen Gruppen f\u00fcr ein friedliches Angelerlebnis<br data-start=\"939\" data-end=\"942\" \/>\ud83d\udd39 Fangen Sie Fische wie Wolfsbarsch, Seebrasse, Thunfisch und Korallen<br data-start=\"1000\" data-end=\"1003\" \/>\ud83d\udd39 Genie\u00dfen Sie die Pausen zum Schwimmen und Sonnenbaden im klaren Mittelmeerwasser<br data-start=\"1072\" data-end=\"1075\" \/>\ud83d\udd39 Leckeres Mittagessen und alkoholfreie Getr\u00e4nke werden an Bord serviert<br data-start=\"1125\" data-end=\"1128\" \/>\ud83d\udd39 Einheimische Berufsfischer als Helfer und F\u00fchrer<br data-start=\"1179\" data-end=\"1182\" \/>\ud83d\udd39 Perfekt f\u00fcr Paare, Familien und Naturliebhaber<\/p>\n<h3 data-start=\"1237\" data-end=\"1263\"><span style=\"color: #000000;\"><strong>\ud83d\udcd6 Vollst\u00e4ndige Beschreibung<\/strong><\/span><\/h3>\n<p data-start=\"1264\" data-end=\"1961\">Ihre Reise beginnt mit einer bequemen Abholung von Ihrem Hotel in Alanya und dem Transfer zum Hafen von Turkler. Nachdem Sie an Bord des Fischerboots gegangen sind, treffen Sie Ihren Kapit\u00e4n und einen erfahrenen Fischer, der Sie in die Ausr\u00fcstung einf\u00fchrt und Ihnen die Grundlagen erkl\u00e4rt.<br data-start=\"1515\" data-end=\"1518\" \/>Wenn Sie auf das offene Meer hinausfahren, werfen Sie Ihre Angel in die reichhaltigen Gew\u00e4sser des Mittelmeers, wo eine Vielzahl von Fischen auf Sie wartet - darunter Seebarsch, Bonito und Zackenbarsch. Wenn Sie etwas fangen, k\u00f6nnen Sie Ihren Fisch sogar direkt auf dem Boot grillen und genie\u00dfen! Zwischen den Angelrunden k\u00f6nnen Sie erfrischende Schwimmpausen einlegen oder einfach in der Sonne entspannen. Mit dem friedlichen Rauschen der Wellen und der sanften Meeresbrise ist diese Tour die perfekte Flucht aus dem hektischen Stadtleben.<\/p>\n<h3 data-start=\"1963\" data-end=\"1988\"><span style=\"color: #000000;\"><strong>\ud83d\uddfa\ufe0f Reiseverlauf<\/strong><\/span><\/h3>\n<p data-start=\"1989\" data-end=\"2253\">\ud83d\udd39 Abholung von Hotels und Wohnungen in Alanya<br data-start=\"2035\" data-end=\"2038\" \/>\ud83d\udd39 Ankunft in Turkler Harbor<br data-start=\"2066\" data-end=\"2069\" \/>\ud83d\udd39 Ausfahrt auf das offene Meer und Beginn des Fischfangs<br data-start=\"2116\" data-end=\"2119\" \/>\ud83d\udd39 Angeln, Schwimmen und Entspannungspausen<br data-start=\"2162\" data-end=\"2165\" \/>\ud83d\udd39 Mittagessen wird an Bord serviert<br data-start=\"2189\" data-end=\"2192\" \/>\ud83d\udd39 R\u00fcckkehr zum Hafen von Alanya<br data-start=\"2218\" data-end=\"2221\" \/>\ud83d\udd39 R\u00fccktransport zu Ihrem Hotel<\/p>\n<h3 data-start=\"2255\" data-end=\"2283\"><span style=\"color: #000000;\"><strong>\u2139\ufe0f N\u00fctzliche Informationen<\/strong><\/span><\/h3>\n<p data-start=\"2284\" data-end=\"2631\">\ud83d\udd39 Dauer: Ungef\u00e4hr 5 Stunden (einschlie\u00dflich Transfers)<br data-start=\"2340\" data-end=\"2343\" \/>\ud83d\udd39 Abfahrtszeit: Vormittag (09:00) und Nachmittag (14:00) verf\u00fcgbar<br data-start=\"2418\" data-end=\"2421\" \/>\ud83d\udd39 Einrichtungen an Bord: WC und Dusche an Bord vorhanden<br data-start=\"2472\" data-end=\"2475\" \/>\ud83d\udd39 Empfehlung: Sonnencreme, Hut, Handtuch und Badekleidung mitbringen<br data-start=\"2532\" data-end=\"2535\" \/>\ud83d\udd39 Gruppengr\u00f6\u00dfe: kleine Gruppen f\u00fcr Komfort und pers\u00f6nliche Erfahrungen<\/p>\n<h3 data-start=\"2735\" data-end=\"2758\"><strong>\ud83c\udf92 Was Sie mitbringen sollten<\/strong><\/h3>\n<p data-start=\"2759\" data-end=\"2853\">\ud83d\udd39 Badeanzug und Handtuch<br data-start=\"2780\" data-end=\"2783\" \/>\ud83d\udd39 Sonnencreme und Hut<br data-start=\"2803\" data-end=\"2806\" \/>\ud83d\udd39 Sonnenbrille<br data-start=\"2819\" data-end=\"2822\" \/>\ud83d\udd39 Kamera oder Telefon f\u00fcr Fotos<\/p>\n<h3 data-start=\"2633\" data-end=\"2659\"><span style=\"color: #000000;\"><strong>\ud83d\udeab Nicht geeignet f\u00fcr<\/strong><\/span><\/h3>\n<p data-start=\"2660\" data-end=\"2733\">\ud83d\udd39 G\u00e4ste mit schwerer Reisekrankheit<br data-start=\"2697\" data-end=\"2700\" \/>\ud83d\udd39 Menschen mit eingeschr\u00e4nkter Mobilit\u00e4t<\/p>\n<h3 dir=\"ltr\">\ud83d\udcb8\u00a0<strong>Preis und Buchung<\/strong><\/h3>\n<p dir=\"ltr\"><strong>\ud83d\udd39 Jetzt buchen, am Tag der Tour bezahlen<\/strong><br \/>\nKontaktiere uns \u00fcber WhatsApp, Telegram, Viber oder f\u00fclle das Buchungsformular unten aus. \ud83d\udc47\ud83c\udffc<\/p>","protected":false},"excerpt":{"rendered":"<p data-start=\"171\" data-end=\"381\">Buchen Sie Ihr <b>Alanya Angeln Tour<\/b>! Genie\u00dfen Sie eine entspannende <b>Angelausflug<\/b> und Schwimmen auf einem Mittelmeer <b>Ausflug<\/b>. Ausr\u00fcstung, Mittagessen und <b>Transfer inklusive<\/b>. Amateure willkommen!<\/p>","protected":false},"featured_media":15809,"comment_status":"open","ping_status":"closed","template":"","meta":[],"product_brand":[],"product_cat":[128],"product_tag":[111],"class_list":{"0":"post-15167","1":"product","2":"type-product","3":"status-publish","4":"has-post-thumbnail","6":"tour_phys-alanya-tours","7":"product_cat-alanya-tours","8":"product_tag-alanya","9":"pa_destination-alanya-tours","11":"first","12":"instock","13":"sale","14":"shipping-taxable","15":"purchasable","16":"product-type-tour_phys"},"aioseo_notices":[],"_links":{"self":[{"href":"https:\/\/excursionsworld.com\/de\/wp-json\/wp\/v2\/product\/15167","targetHints":{"allow":["GET"]}}],"collection":[{"href":"https:\/\/excursionsworld.com\/de\/wp-json\/wp\/v2\/product"}],"about":[{"href":"https:\/\/excursionsworld.com\/de\/wp-json\/wp\/v2\/types\/product"}],"replies":[{"embeddable":true,"href":"https:\/\/excursionsworld.com\/de\/wp-json\/wp\/v2\/comments?post=15167"}],"wp:featuredmedia":[{"embeddable":true,"href":"https:\/\/excursionsworld.com\/de\/wp-json\/wp\/v2\/media\/15809"}],"wp:attachment":[{"href":"https:\/\/excursionsworld.com\/de\/wp-json\/wp\/v2\/media?parent=15167"}],"wp:term":[{"taxonomy":"product_brand","embeddable":true,"href":"https:\/\/excursionsworld.com\/de\/wp-json\/wp\/v2\/product_brand?post=15167"},{"taxonomy":"product_cat","embeddable":true,"href":"https:\/\/excursionsworld.com\/de\/wp-json\/wp\/v2\/product_cat?post=15167"},{"taxonomy":"product_tag","embeddable":true,"href":"https:\/\/excursionsworld.com\/de\/wp-json\/wp\/v2\/product_tag?post=15167"}],"curies":[{"name":"wp","href":"https:\/\/api.w.org\/{rel}","templated":true}]}}