{"id":15187,"date":"2025-10-21T19:01:50","date_gmt":"2025-10-21T16:01:50","guid":{"rendered":"https:\/\/excursionsworld.com\/?post_type=product&#038;p=15187"},"modified":"2025-11-22T17:37:36","modified_gmt":"2025-11-22T14:37:36","slug":"alanya-tauchen-schnorcheln","status":"publish","type":"product","link":"https:\/\/excursionsworld.com\/tours\/alanya-scuba-diving-snorkeling\/","title":{"rendered":"Tauchen &amp; Schnorcheln in Alanya \u2013 Scuba Diving"},"content":{"rendered":"<h3 dir=\"ltr\" data-pm-slice=\"1 1 []\"><strong>\ud83c\udf0a \u00dcberblick<\/strong><\/h3>\n<p data-start=\"218\" data-end=\"479\">Tauchen Sie ein in die faszinierende Unterwasserwelt von Side und entdecken Sie das gr\u00f6\u00dfte Unterwassermuseum Europas! Diese Tour ist sowohl f\u00fcr Anf\u00e4nger als auch f\u00fcr zertifizierte Taucher geeignet und bietet zwei gef\u00fchrte Tauchg\u00e4nge, ein k\u00f6stliches Mittagessen an Bord und einen Hoteltransfer - alles an einem unvergesslichen Tag.<\/p>\n<h3 data-start=\"481\" data-end=\"496\"><span style=\"color: #000000;\"><strong>\u00a0Inbegriffen:<\/strong><\/span><\/h3>\n<p data-start=\"498\" data-end=\"664\"><span style=\"color: #00ff00;\"><strong>\u2713<\/strong> <\/span>Abholung vom Hotel und R\u00fccktransport<br data-start=\"525\" data-end=\"528\" \/><span style=\"color: #00ff00;\"><strong>\u2713<\/strong> <\/span>Vollversicherung<br data-start=\"544\" data-end=\"547\" \/><span style=\"color: #00ff00;\"><strong>\u2713<\/strong> <\/span>Professionelle Tauchlehrer<br data-start=\"580\" data-end=\"583\" \/><span style=\"color: #00ff00;\"><strong>\u2713<\/strong> <\/span>Vollst\u00e4ndige Tauchausr\u00fcstung<br data-start=\"606\" data-end=\"609\" \/><span style=\"color: #00ff00;\"><strong>\u2713<\/strong> <\/span>Zwei Tauchg\u00e4nge (Unterwassermuseum)<br data-start=\"640\" data-end=\"643\" \/><span style=\"color: #00ff00;\"><strong>\u2713<\/strong> <\/span>Mittagessen auf dem Schiff<\/p>\n<h3 data-start=\"666\" data-end=\"685\">\u00a0<span style=\"color: #000000;\"><strong>Nicht inbegriffen:<\/strong><\/span><\/h3>\n<p data-start=\"687\" data-end=\"719\"><strong><span style=\"color: #ff0000;\">\u2717<\/span> <\/strong>Pers\u00f6nliche Ausgaben<br data-start=\"706\" data-end=\"709\" \/><strong><span style=\"color: #ff0000;\">\u2717<\/span> <\/strong>Getr\u00e4nke<\/p>\n<h3 data-start=\"721\" data-end=\"744\"><span style=\"color: #000000;\"><strong>\ud83c\udf1f H\u00f6hepunkte der Tour<\/strong><\/span><\/h3>\n<p data-start=\"746\" data-end=\"990\">\ud83d\udd39 Entdecken Sie Europas gr\u00f6\u00dftes Unterwassermuseum<br data-start=\"791\" data-end=\"794\" \/>\ud83d\udd39 Genie\u00dfen Sie zwei von zertifizierten Tauchlehrern gef\u00fchrte Tauchg\u00e4nge<br data-start=\"844\" data-end=\"847\" \/>\ud83d\udd39 Perfekt f\u00fcr Anf\u00e4nger und erfahrene Taucher<br data-start=\"899\" data-end=\"902\" \/>\ud83d\udd39 Entspannen Sie sich und essen Sie zwischen den Tauchg\u00e4ngen an Bord zu Mittag<br data-start=\"948\" data-end=\"951\" \/>\ud83d\udd39 Kostenloser Transfer von allen Hotels in Side<\/p>\n<h3 data-start=\"992\" data-end=\"1016\"><span style=\"color: #000000;\"><strong>\ud83d\udcd6 Vollst\u00e4ndige Beschreibung<\/strong><\/span><\/h3>\n<p data-start=\"1018\" data-end=\"1480\">Beginnen Sie Ihren Tag mit der Abholung vom Hotel gegen 09:00 Uhr und fahren Sie zum Side Harbour. Nachdem Sie an Bord gegangen sind, erhalten Sie eine umfassende Schulung und Sicherheitsanweisungen von professionellen Tauchlehrern. Genie\u00dfen Sie zwei Tauchg\u00e4nge im Unterwassermuseum - jeder Tauchgang dauert 20 Minuten f\u00fcr Anf\u00e4nger und bis zu 40 Minuten f\u00fcr zertifizierte Taucher. Genie\u00dfen Sie zwischen den Tauchg\u00e4ngen ein frisch zubereitetes Mittagessen an Bord und entspannen Sie sich in der Sonne. Nach dem zweiten Tauchgang fahren Sie zur\u00fcck zum Hafen und kehren gegen 16:00 Uhr zu Ihrem Hotel zur\u00fcck.<\/p>\n<h3 data-start=\"1482\" data-end=\"1505\"><span style=\"color: #000000;\"><strong>\ud83d\uddfa\ufe0f Reiseverlauf<\/strong><\/span><\/h3>\n<p data-start=\"1507\" data-end=\"1764\">\ud83d\udd39 09:00 - Abholung vom Hotel<br data-start=\"1530\" data-end=\"1533\" \/>\ud83d\udd39 Ankunft in Side Harbour &amp; Einschiffung<br data-start=\"1570\" data-end=\"1573\" \/>\ud83d\udd39 Segeln zum Tauchplatz<br data-start=\"1600\" data-end=\"1603\" \/>\ud83d\udd39 Schulung und Sicherheitsunterweisung<br data-start=\"1634\" data-end=\"1637\" \/>\ud83d\udd39 Erster Tauchgang (20-40 Minuten)<br data-start=\"1666\" data-end=\"1669\" \/>\ud83d\udd39 Mittagessen auf dem Boot<br data-start=\"1689\" data-end=\"1692\" \/>\ud83d\udd39 Zweiter Tauchgang (20-40 Minuten)<br data-start=\"1722\" data-end=\"1725\" \/>\ud83d\udd39 R\u00fcckfahrt zum Hafen und Hotel\u00fcbergabe<\/p>\n<h3 data-start=\"1766\" data-end=\"1792\"><span style=\"color: #000000;\"><strong>\u2139\ufe0f N\u00fctzliche Informationen<\/strong><\/span><\/h3>\n<p data-start=\"1794\" data-end=\"1938\">\ud83d\udd39 T\u00e4glich verf\u00fcgbar<br data-start=\"1816\" data-end=\"1819\" \/>\ud83d\udd39 Mindestalter f\u00fcr das Tauchen: 14 Jahre<br data-start=\"1850\" data-end=\"1853\" \/>\ud83d\udd39 Nicht-Taucher k\u00f6nnen zum halben Preis teilnehmen<br data-start=\"1890\" data-end=\"1893\" \/>\ud83d\udd39 Nicht vergessen: Badesachen, Handtuch, Sonnencreme<\/p>\n<h3 data-start=\"2037\" data-end=\"2058\"><span style=\"color: #000000;\"><strong>\ud83c\udf92 Was Sie mitbringen sollten<\/strong><\/span><\/h3>\n<p data-start=\"2060\" data-end=\"2158\">\ud83d\udd39 Badeanzug und Handtuch<br data-start=\"2081\" data-end=\"2084\" \/>\ud83d\udd39 Sonnencreme und Hut<br data-start=\"2104\" data-end=\"2107\" \/>\ud83d\udd39 Bequeme Kleidung<br data-start=\"2129\" data-end=\"2132\" \/>\ud83d\udd39 Kleines Geld f\u00fcr Extras<\/p>\n<h3 data-start=\"1940\" data-end=\"1964\"><span style=\"color: #000000;\"><strong>\ud83d\udeab Nicht geeignet f\u00fcr<\/strong><\/span><\/h3>\n<p data-start=\"1966\" data-end=\"2035\">\ud83d\udd39 Schwangere Frauen<br data-start=\"1983\" data-end=\"1986\" \/>\ud83d\udd39 G\u00e4ste mit schweren R\u00fccken- oder Herzerkrankungen<\/p>\n<h3 dir=\"ltr\">\ud83d\udcb8\u00a0<strong>Preis und Buchung<\/strong><\/h3>\n<p dir=\"ltr\"><strong>\ud83d\udd39 Jetzt buchen, am Tag der Tour bezahlen<\/strong><br \/>\nKontaktiere uns \u00fcber WhatsApp, Telegram, Viber oder f\u00fclle das Buchungsformular unten aus. \ud83d\udc47\ud83c\udffc<\/p>","protected":false},"excerpt":{"rendered":"<p>Buchen Sie die <b>Alanya Tauchen Tour<\/b>! Entdecken Sie die Unterwasserwelt mit <b>zwei Tauchg\u00e4nge<\/b> in der N\u00e4he von <b>Burg Alanya<\/b>. <b>Exkursion<\/b> f\u00fcr <b>Anf\u00e4nger<\/b> und zertifizierte Taucher. <b>Transfer inklusive<\/b>!<\/p>","protected":false},"featured_media":15811,"comment_status":"open","ping_status":"closed","template":"","meta":[],"product_brand":[],"product_cat":[128],"product_tag":[111],"class_list":{"0":"post-15187","1":"product","2":"type-product","3":"status-publish","4":"has-post-thumbnail","6":"tour_phys-alanya-tours","7":"product_cat-alanya-tours","8":"product_tag-alanya","9":"pa_destination-alanya-tours","11":"first","12":"instock","13":"sale","14":"shipping-taxable","15":"purchasable","16":"product-type-tour_phys"},"aioseo_notices":[],"_links":{"self":[{"href":"https:\/\/excursionsworld.com\/de\/wp-json\/wp\/v2\/product\/15187","targetHints":{"allow":["GET"]}}],"collection":[{"href":"https:\/\/excursionsworld.com\/de\/wp-json\/wp\/v2\/product"}],"about":[{"href":"https:\/\/excursionsworld.com\/de\/wp-json\/wp\/v2\/types\/product"}],"replies":[{"embeddable":true,"href":"https:\/\/excursionsworld.com\/de\/wp-json\/wp\/v2\/comments?post=15187"}],"wp:featuredmedia":[{"embeddable":true,"href":"https:\/\/excursionsworld.com\/de\/wp-json\/wp\/v2\/media\/15811"}],"wp:attachment":[{"href":"https:\/\/excursionsworld.com\/de\/wp-json\/wp\/v2\/media?parent=15187"}],"wp:term":[{"taxonomy":"product_brand","embeddable":true,"href":"https:\/\/excursionsworld.com\/de\/wp-json\/wp\/v2\/product_brand?post=15187"},{"taxonomy":"product_cat","embeddable":true,"href":"https:\/\/excursionsworld.com\/de\/wp-json\/wp\/v2\/product_cat?post=15187"},{"taxonomy":"product_tag","embeddable":true,"href":"https:\/\/excursionsworld.com\/de\/wp-json\/wp\/v2\/product_tag?post=15187"}],"curies":[{"name":"wp","href":"https:\/\/api.w.org\/{rel}","templated":true}]}}