{"id":15189,"date":"2025-10-21T20:52:22","date_gmt":"2025-10-21T17:52:22","guid":{"rendered":"https:\/\/excursionsworld.com\/?post_type=product&#038;p=15189"},"modified":"2025-11-22T17:22:25","modified_gmt":"2025-11-22T14:22:25","slug":"sapadere-canyon-dim-fluss-alanya","status":"publish","type":"product","link":"https:\/\/excursionsworld.com\/tours\/alanya-sapadere-canyon-dim-river-dim-cave\/","title":{"rendered":"Alanya: Sapadere Canyon, Dim Fluss &amp; Dim H\u00f6hle \u2013 Ganzt\u00e4gige Tour"},"content":{"rendered":"<h3 data-start=\"231\" data-end=\"250\"><span style=\"color: #000000;\"><strong>\ud83c\udfdd\ufe0f \u00dcberblick<\/strong><\/span><\/h3>\n<p data-start=\"251\" data-end=\"548\">Entfliehen Sie der mediterranen Hitze und erkunden Sie die atemberaubendsten Naturwunder von Alanya mit dem <strong data-start=\"345\" data-end=\"381\">Sapadere-Schlucht &amp; Dim-Fluss-Tour<\/strong>. Dieses ganzt\u00e4gige Abenteuer ist eine Kombination aus erfrischender Natur, Berglandschaft und Entspannung am ber\u00fchmten Dim River - der perfekte Weg, um der K\u00fcste zu entfliehen.<\/p>\n<h3 data-start=\"550\" data-end=\"567\">\u00a0<span style=\"color: #000000;\"><strong>Inbegriffen:<\/strong><\/span><\/h3>\n<p data-start=\"568\" data-end=\"733\"><strong><span style=\"color: #00ff00;\">\u2713<\/span> <\/strong>Abholung vom Hotel und R\u00fccktransport\u00a0<br data-start=\"624\" data-end=\"627\" \/><strong><span style=\"color: #00ff00;\">\u2713<\/span> <\/strong>Professionelle F\u00fchrung<br data-start=\"657\" data-end=\"660\" \/><strong><span style=\"color: #00ff00;\">\u2713<\/span> <\/strong>Vollversicherung<br data-start=\"676\" data-end=\"679\" \/><strong><span style=\"color: #00ff00;\">\u2713<\/span> <\/strong>Mittagessen im Dim River<br data-start=\"699\" data-end=\"702\" \/><strong><span style=\"color: #00ff00;\">\u2713<\/span> <\/strong>Eingang zur Sapadere-Schlucht<\/p>\n<h3 data-start=\"735\" data-end=\"756\">\u00a0<span style=\"color: #000000;\"><strong>Nicht inbegriffen:<\/strong><\/span><\/h3>\n<p data-start=\"757\" data-end=\"849\"><strong><span style=\"color: #ff0000;\">\u2717<\/span> <\/strong>Eingang zur Dim-H\u00f6hle (optional)<br data-start=\"790\" data-end=\"793\" \/><strong><span style=\"color: #ff0000;\">\u2717<\/span> <\/strong>Getr\u00e4nke<br data-start=\"801\" data-end=\"804\" \/><strong><span style=\"color: #ff0000;\">\u2717<\/span> <\/strong>Pers\u00f6nliche Ausgaben (Fotos, Souvenirs usw.)<\/p>\n<h3 data-start=\"851\" data-end=\"876\"><span style=\"color: #000000;\"><strong>\ud83c\udf1f H\u00f6hepunkte der Tour<\/strong><\/span><\/h3>\n<p data-start=\"877\" data-end=\"1260\">\ud83d\udd39 Gehen Sie den 600 Meter langen Holzpfad durch <strong data-start=\"919\" data-end=\"938\">Sapadere-Schlucht<\/strong>, umgeben von Wasserf\u00e4llen und kristallklaren Pools.<br data-start=\"989\" data-end=\"992\" \/>\ud83d\udd39 Erforschen <strong data-start=\"1003\" data-end=\"1015\">Verdunkelte H\u00f6hle<\/strong>, eine der beeindruckendsten nat\u00fcrlichen Kalksteinh\u00f6hlen von Alanya.<br data-start=\"1073\" data-end=\"1076\" \/>\ud83d\udd39 Genie\u00dfen Sie einen entspannenden <strong data-start=\"1096\" data-end=\"1118\">Mittagessen im Dim River<\/strong>, mit Pavillons, die \u00fcber dem k\u00fchlen, klaren Wasser errichtet wurden.<br data-start=\"1166\" data-end=\"1169\" \/>\ud83d\udd39 Perfekt f\u00fcr Naturliebhaber, Fotografen und Familien, die einen erholsamen Urlaub verbringen m\u00f6chten.<\/p>\n<h3 data-start=\"1262\" data-end=\"1288\"><span style=\"color: #000000;\"><strong>\ud83d\udcd6 Vollst\u00e4ndige Beschreibung<\/strong><\/span><\/h3>\n<p data-start=\"1289\" data-end=\"1833\">Ihre Reise beginnt mit der Abholung vom Hotel in Alanya und einer malerischen Fahrt durch das Taurusgebirge in offenen Fahrzeugen.<br data-start=\"1408\" data-end=\"1411\" \/>Die erste Station ist <strong data-start=\"1429\" data-end=\"1448\">Sapadere-Schlucht<\/strong>, ein verstecktes Naturjuwel mit Wanderwegen, Wasserf\u00e4llen und nat\u00fcrlichen Pools, in denen Sie sogar ein kaltes Bad nehmen k\u00f6nnen. Als N\u00e4chstes erkunden Sie <strong data-start=\"1578\" data-end=\"1590\">Verdunkelte H\u00f6hle<\/strong>, eine unterirdische Welt aus jahrtausendealten Stalaktiten und Stalagmiten.<br data-start=\"1667\" data-end=\"1670\" \/>Zum Schluss, gehen Sie zu <strong data-start=\"1687\" data-end=\"1700\">Dim River<\/strong>, ein beliebtes Picknick- und Badegebiet, wo Sie in schattigen Pavillons am Flussufer ein k\u00f6stliches Mittagessen genie\u00dfen k\u00f6nnen, bevor Sie zu Ihrem Hotel zur\u00fcckkehren.<\/p>\n<h3 data-start=\"1835\" data-end=\"1860\"><span style=\"color: #000000;\"><strong>\ud83d\uddfa\ufe0f Reiseverlauf<\/strong><\/span><\/h3>\n<p data-start=\"1861\" data-end=\"2085\">\ud83d\udd39 Abholung von Hotels in der Region Alanya<br data-start=\"1899\" data-end=\"1902\" \/>\ud83d\udd39 Panoramafahrt und Fotopause mit Blick auf das Meer<br data-start=\"1953\" data-end=\"1956\" \/>\ud83d\udd39 Besuch der Sapadere-Schlucht<br data-start=\"1980\" data-end=\"1983\" \/>\ud83d\udd39 Besuch der Dim Cave (optional)<br data-start=\"2011\" data-end=\"2014\" \/>\ud83d\udd39 Mittagessen und Badepause am Dim River<br data-start=\"2054\" data-end=\"2057\" \/>\ud83d\udd39 R\u00fccktransfer zu den Hotels<\/p>\n<h3 data-start=\"2087\" data-end=\"2115\"><span style=\"color: #000000;\"><strong>\u2139\ufe0f N\u00fctzliche Informationen<\/strong><\/span><\/h3>\n<p data-start=\"2116\" data-end=\"2324\">\ud83d\udd39 Dauer: Ungef\u00e4hr 7-8 Stunden<br data-start=\"2152\" data-end=\"2155\" \/>\ud83d\udd39 T\u00e4glich verf\u00fcgbar<br data-start=\"2173\" data-end=\"2176\" \/>\ud83d\udd39 Empfohlen: Bequeme Schuhe und Badesachen<br data-start=\"2222\" data-end=\"2225\" \/>\ud83d\udd39 Mitbringen: Sonnencreme, Handtuch und Wasser<br data-start=\"2262\" data-end=\"2265\" \/>\ud83d\udd39 Fahrzeuge: Jeeps oder Vans mit offenem Verdeck f\u00fcr eine bessere Aussicht<\/p>\n<h3 data-start=\"2442\" data-end=\"2465\"><span style=\"color: #000000;\"><strong>\ud83c\udf92 Was Sie mitbringen sollten<\/strong><\/span><\/h3>\n<p data-start=\"2466\" data-end=\"2580\">\ud83d\udd39 Bequeme Schuhe<br data-start=\"2486\" data-end=\"2489\" \/>\ud83d\udd39 Badeanzug und Handtuch<br data-start=\"2510\" data-end=\"2513\" \/>\ud83d\udd39 Sonnenbrille und Sonnenschutzmittel<br data-start=\"2540\" data-end=\"2543\" \/>\ud83d\udd39 Kleines Bargeld f\u00fcr pers\u00f6nliche Ausgaben<\/p>\n<h3 data-start=\"2326\" data-end=\"2352\"><span style=\"color: #000000;\"><strong>\ud83d\udeab Nicht geeignet f\u00fcr<\/strong><\/span><\/h3>\n<p data-start=\"2353\" data-end=\"2440\">\ud83d\udd39 Familien mit Kleinkindern<br data-start=\"2376\" data-end=\"2379\" \/>\ud83d\udd39 G\u00e4ste mit Mobilit\u00e4tsproblemen oder schweren gesundheitlichen Problemen<\/p>\n<h3 dir=\"ltr\">\ud83d\udcb8\u00a0<strong>Preis und Buchung<\/strong><\/h3>\n<p dir=\"ltr\"><strong>\ud83d\udd39 Jetzt buchen, am Tag der Tour bezahlen<\/strong><br \/>\nKontaktiere uns \u00fcber WhatsApp, Telegram, Viber oder f\u00fclle das Buchungsformular unten aus. \ud83d\udc47\ud83c\udffc<\/p>","protected":false},"excerpt":{"rendered":"<p>Entfliehen Sie in die Natur mit dem <b>Alanya Sapadere-Schlucht-Tour<\/b>! Erkunden Sie die 600 m lange Schlucht, <b>Verdunkelte H\u00f6hle<\/b>, und entspannen Sie sich bei <b>Dim River<\/b>. Gro\u00dfe Natur <b>Ausflug<\/b> mit <b>Mittagessen<\/b> und <b>Transfer inklusive<\/b>.<\/p>","protected":false},"featured_media":15203,"comment_status":"open","ping_status":"closed","template":"","meta":[],"product_brand":[],"product_cat":[128],"product_tag":[111],"class_list":{"0":"post-15189","1":"product","2":"type-product","3":"status-publish","4":"has-post-thumbnail","6":"tour_phys-alanya-tours","7":"product_cat-alanya-tours","8":"product_tag-alanya","9":"pa_destination-alanya-tours","11":"first","12":"instock","13":"sale","14":"shipping-taxable","15":"purchasable","16":"product-type-tour_phys"},"aioseo_notices":[],"_links":{"self":[{"href":"https:\/\/excursionsworld.com\/de\/wp-json\/wp\/v2\/product\/15189","targetHints":{"allow":["GET"]}}],"collection":[{"href":"https:\/\/excursionsworld.com\/de\/wp-json\/wp\/v2\/product"}],"about":[{"href":"https:\/\/excursionsworld.com\/de\/wp-json\/wp\/v2\/types\/product"}],"replies":[{"embeddable":true,"href":"https:\/\/excursionsworld.com\/de\/wp-json\/wp\/v2\/comments?post=15189"}],"wp:featuredmedia":[{"embeddable":true,"href":"https:\/\/excursionsworld.com\/de\/wp-json\/wp\/v2\/media\/15203"}],"wp:attachment":[{"href":"https:\/\/excursionsworld.com\/de\/wp-json\/wp\/v2\/media?parent=15189"}],"wp:term":[{"taxonomy":"product_brand","embeddable":true,"href":"https:\/\/excursionsworld.com\/de\/wp-json\/wp\/v2\/product_brand?post=15189"},{"taxonomy":"product_cat","embeddable":true,"href":"https:\/\/excursionsworld.com\/de\/wp-json\/wp\/v2\/product_cat?post=15189"},{"taxonomy":"product_tag","embeddable":true,"href":"https:\/\/excursionsworld.com\/de\/wp-json\/wp\/v2\/product_tag?post=15189"}],"curies":[{"name":"wp","href":"https:\/\/api.w.org\/{rel}","templated":true}]}}