{"id":15296,"date":"2025-10-24T20:27:13","date_gmt":"2025-10-24T17:27:13","guid":{"rendered":"https:\/\/excursionsworld.com\/?post_type=product&#038;p=15296"},"modified":"2026-03-13T23:17:08","modified_gmt":"2026-03-13T20:17:08","slug":"kappadokien-2-tage-alanya","status":"publish","type":"product","link":"https:\/\/excursionsworld.com\/tours\/cappadocia-2-day-alanya\/","title":{"rendered":"Kappadokien 2-Tage Ausflug ab Alanya \u2013 Ballon &amp; Sightseeing"},"content":{"rendered":"<h3 data-start=\"232\" data-end=\"250\"><span style=\"color: #000000;\"><strong>\ud83c\udf04 \u00dcberblick<\/strong><\/span><\/h3>\n<p data-start=\"251\" data-end=\"545\">Nehmen Sie an einer 2-t\u00e4gigen gef\u00fchrten Tour von Alanya und den umliegenden Gebieten (Konakl\u0131, Avsallar, T\u00fcrkler, Mahmutlar, Oba) teil, um die magischen Landschaften Kappadokiens zu erkunden. Entdecken Sie Feenkamine, unterirdische St\u00e4dte und H\u00f6hlenkirchen mit einem professionellen F\u00fchrer - eine unvergessliche Mischung aus Geschichte, Natur und Kultur.<\/p>\n<h3><span style=\"color: #000000;\"><strong>Inbegriffen:<\/strong><\/span><\/h3>\n<div data-start=\"436\" data-end=\"696\"><span style=\"color: #00ff00;\"><strong>\u2713<\/strong> <\/span>Abholung vom Hotel und R\u00fccktransport<\/div>\n<div data-start=\"436\" data-end=\"696\"><span style=\"color: #00ff00;\"><strong>\u2713<\/strong> <\/span>1 \u00dcbernachtung im Hotel (Standardzimmer)<br data-start=\"603\" data-end=\"606\" \/><span style=\"color: #00ff00;\"><strong>\u2713<\/strong> <\/span>Abendessen am ersten Abend<\/div>\n<div data-start=\"436\" data-end=\"696\"><span style=\"color: #00ff00;\"><strong>\u2713 <\/strong><\/span>Fr\u00fchst\u00fcck (Tag 2 - im Hotel)<br data-start=\"635\" data-end=\"638\" \/><span style=\"color: #00ff00;\"><strong>\u2713<\/strong> <\/span>Eintrittsgelder f\u00fcr die wichtigsten Sehensw\u00fcrdigkeiten<br data-start=\"498\" data-end=\"501\" \/><span style=\"color: #00ff00;\"><strong>\u2713<\/strong> <\/span>Professioneller F\u00fchrer<br data-start=\"521\" data-end=\"524\" \/><span style=\"color: #00ff00;\"><strong>\u2713<\/strong> <\/span>Tournee-Versicherung<br data-start=\"540\" data-end=\"543\" \/><span style=\"color: #00ff00;\"><strong>\u2713<\/strong> <\/span>Klimatisierter Bus<\/div>\n<h3 data-start=\"698\" data-end=\"926\"><strong data-start=\"698\" data-end=\"714\">Ausgeschlossen:<\/strong><\/h3>\n<div data-start=\"698\" data-end=\"926\"><strong><span style=\"color: #ff0000;\">\u2717<\/span><\/strong> Getr\u00e4nke zu den Mahlzeiten<br data-start=\"738\" data-end=\"741\" \/><strong><span style=\"color: #ff0000;\">\u2717 <\/span><\/strong>Zuschlag f\u00fcr Einzelzimmer<br data-start=\"787\" data-end=\"790\" \/><strong><span style=\"color: #ff0000;\">\u2717 <\/span><\/strong>Mittagessen an beiden Tagen<br data-start=\"812\" data-end=\"815\" \/><strong><span style=\"color: #ff0000;\">\u2717<\/span><\/strong> <strong>Optionale Aktivit\u00e4ten:<\/strong><\/div>\n<div data-start=\"698\" data-end=\"926\"><strong>\u2022<\/strong> T\u00fcrkische Nacht 30\u20ac<br data-start=\"885\" data-end=\"888\" \/><strong>\u2022<\/strong> Panorama-Aussichtstour \u2013 Mit Bus \u2013 30\u20ac<br \/>\n<strong>\u2022<\/strong> Panorama-Aussichtstour \u2013 Mit Jeep \u2013 50\u20ac<\/div>\n<h3 data-start=\"1075\" data-end=\"1100\"><span style=\"color: #000000;\"><strong>\ud83c\udff0 H\u00f6hepunkte der Tour<\/strong><\/span><\/h3>\n<p data-start=\"1101\" data-end=\"1451\">\ud83d\udd39 Das Tal der Liebe und seine M\u00e4rchenschornsteine<br data-start=\"1138\" data-end=\"1141\" \/>\ud83d\udd39 Antike unterirdische Stadt - ein architektonisches Wunder<br data-start=\"1194\" data-end=\"1197\" \/>\ud83d\udd39 Pa\u015faba\u011f-Tal mit pilzf\u00f6rmigen Felsen<br data-start=\"1241\" data-end=\"1244\" \/>\ud83d\udd39 Schloss Uchisar mit Panoramablick<br data-start=\"1282\" data-end=\"1285\" \/>\ud83d\udd39 Freilichtmuseum Zelve - H\u00f6hlendorf<br data-start=\"1324\" data-end=\"1327\" \/>\ud83d\udd39 Devrent-Tal mit tierf\u00f6rmigen Felsen<br data-start=\"1369\" data-end=\"1372\" \/>\ud83d\udd39 T\u00f6pfervorf\u00fchrung in Avanos<br data-start=\"1406\" data-end=\"1409\" \/>\ud83d\udd39 Optionale Hei\u00dfluftballonfahrt bei Sonnenaufgang<\/p>\n<h3 data-start=\"1453\" data-end=\"1479\"><span style=\"color: #000000;\"><strong>\ud83d\udcd6 Vollst\u00e4ndige Beschreibung<\/strong><\/span><\/h3>\n<p data-start=\"1480\" data-end=\"2125\">Ihr Kappadokien-Abenteuer beginnt am fr\u00fchen Morgen mit der Abholung von Ihrem Hotel in Alanya oder Umgebung. Fahren Sie durch das malerische Taurusgebirge nach Kappadokien, eine der faszinierendsten Regionen der T\u00fcrkei.<br data-start=\"1692\" data-end=\"1695\" \/>Erkunden Sie eine unterirdische Stadt, besuchen Sie das ber\u00fchmte Tal der Liebe und Pa\u015faba\u011f mit seinen pilzf\u00f6rmigen Felsen, und genie\u00dfen Sie den Panoramablick von der Burg Uchisar. Sehen Sie sich in Avanos die Herstellung von T\u00f6pferwaren an und entdecken Sie die alten H\u00f6hlenwohnungen von Zelve. \u00dcbernachten Sie in einem komfortablen Hotel, Abendessen inklusive. Am zweiten Tag besuchen Sie historische Kirchen, eine Karawanserei und \u00f6rtliche Handwerkszentren, bevor Sie nach Alanya zur\u00fcckkehren.<\/p>\n<h3 data-start=\"2127\" data-end=\"2152\"><span style=\"color: #000000;\"><strong>\ud83d\uddfa\ufe0f Reiseverlauf<\/strong><\/span><\/h3>\n<p data-start=\"2153\" data-end=\"2444\"><strong data-start=\"2153\" data-end=\"2162\">Tag 1<\/strong><br data-start=\"2162\" data-end=\"2165\" \/>\ud83d\udd39 Abholung von den Hotels in Alanya am fr\u00fchen Morgen<br data-start=\"2207\" data-end=\"2210\" \/>\ud83d\udd39 Fr\u00fchst\u00fccksstopp auf dem Weg<br data-start=\"2238\" data-end=\"2241\" \/>\ud83d\udd39 Besuch der unterirdischen Stadt<br data-start=\"2266\" data-end=\"2269\" \/>\ud83d\udd39 Mittagessen in Uchisar<br data-start=\"2288\" data-end=\"2291\" \/>\ud83d\udd39 Besuch der Burg Uchisar und des G\u00f6reme-Tals<br data-start=\"2332\" data-end=\"2335\" \/>\ud83d\udd39 Erkunden Sie Pa\u015faba\u011f und das Avanos-T\u00f6pferzentrum<br data-start=\"2379\" data-end=\"2382\" \/>\ud83d\udd39 Einchecken im Hotel, Abendessen, Freizeit, optional t\u00fcrkische Nacht<\/p>\n<p data-start=\"2446\" data-end=\"2612\"><strong data-start=\"2446\" data-end=\"2455\">Tag 2<\/strong><br data-start=\"2455\" data-end=\"2458\" \/>\ud83d\udd39 Fr\u00fchst\u00fcck im Hotel<br data-start=\"2483\" data-end=\"2486\" \/>\ud83d\udd39 Besuch des Love Valley und der H\u00f6hlenkirchen<br data-start=\"2524\" data-end=\"2527\" \/>\ud83d\udd39 Teppichweberei und Karawanserei<br data-start=\"2568\" data-end=\"2571\" \/>\ud83d\udd39 Mittagessen in Konya<br data-start=\"2588\" data-end=\"2591\" \/>\ud83d\udd39 R\u00fcckkehr nach Alanya<\/p>\n<h3 data-start=\"2614\" data-end=\"2642\"><span style=\"color: #000000;\"><strong>\u2139\ufe0f N\u00fctzliche Informationen<\/strong><\/span><\/h3>\n<p data-start=\"2643\" data-end=\"2904\">\ud83d\udd39 Dauer: ca. 2 Tage<br data-start=\"2676\" data-end=\"2679\" \/>\ud83d\udd39 M\u00e4\u00dfige k\u00f6rperliche Aktivit\u00e4t<br data-start=\"2708\" data-end=\"2711\" \/>\ud83d\udd39 Hei\u00dfluftballonfahrt optional und wetterabh\u00e4ngig<br data-start=\"2765\" data-end=\"2768\" \/>\ud83d\udd39 Standardunterkunft (gegen Einzelzimmerzuschlag)<br data-start=\"2826\" data-end=\"2829\" \/>Kinder unter 6 Jahren reisen kostenlos, teilen sich aber einen Sitzplatz, wenn sie nicht separat gebucht werden.<\/p>\n<h3 data-start=\"2906\" data-end=\"2929\"><span style=\"color: #000000;\"><strong>\ud83c\udf92 Was Sie mitbringen sollten<\/strong><\/span><\/h3>\n<p data-start=\"2930\" data-end=\"3105\">\ud83d\udd39 Reisepass oder Personalausweis<br data-start=\"2947\" data-end=\"2950\" \/>\ud83d\udd39 Bequeme Wanderschuhe<br data-start=\"2978\" data-end=\"2981\" \/>\ud83d\udd39 Sonnenbrille, Hut und Sonnenschutzmittel<br data-start=\"3014\" data-end=\"3017\" \/>\ud83d\udd39 Jacke f\u00fcr k\u00fchleres Wetter<br data-start=\"3045\" data-end=\"3048\" \/>\ud83d\udd39 Kamera oder Smartphone<br data-start=\"3071\" data-end=\"3074\" \/>\ud83d\udd39 Bargeld f\u00fcr freiwillige Ausgaben<\/p>\n<h3 data-start=\"3176\" data-end=\"3202\"><span style=\"color: #000000;\"><strong>\ud83d\udeab Nicht geeignet f\u00fcr<\/strong><\/span><\/h3>\n<p data-start=\"3203\" data-end=\"3261\">\ud83d\udd39 G\u00e4ste mit eingeschr\u00e4nkter Mobilit\u00e4t<br data-start=\"3234\" data-end=\"3237\" \/>\ud83d\udd39 Sehr kleine Kinder<\/p>\n<h3 dir=\"ltr\">\ud83d\udcb8\u00a0<strong>Preis und Buchung<\/strong><\/h3>\n<p dir=\"ltr\"><strong>\ud83d\udd39 Jetzt buchen, am Tag der Tour bezahlen<\/strong><br \/>\nKontaktiere uns \u00fcber WhatsApp, Telegram, Viber oder f\u00fclle das Buchungsformular unten aus. \ud83d\udc47\ud83c\udffc<\/p>","protected":false},"excerpt":{"rendered":"<p><b>Alanya to Cappadocia 2-day tour<\/b>! Visit <b>Schornsteinfeger<\/b>, <b>unterirdische St\u00e4dte<\/b>, <b>Uchisar Castle<\/b>. <b>All-inclusive-Ausflug<\/b> mit <b>Hotel<\/b> &amp; <b>professional guide<\/b>.<\/p>","protected":false},"featured_media":12798,"comment_status":"open","ping_status":"closed","template":"","meta":[],"product_brand":[],"product_cat":[128],"product_tag":[111],"class_list":{"0":"post-15296","1":"product","2":"type-product","3":"status-publish","4":"has-post-thumbnail","6":"tour_phys-alanya-tours","7":"product_cat-alanya-tours","8":"product_tag-alanya","9":"pa_destination-alanya-tours","11":"first","12":"instock","13":"sale","14":"shipping-taxable","15":"purchasable","16":"product-type-tour_phys"},"aioseo_notices":[],"_links":{"self":[{"href":"https:\/\/excursionsworld.com\/de\/wp-json\/wp\/v2\/product\/15296","targetHints":{"allow":["GET"]}}],"collection":[{"href":"https:\/\/excursionsworld.com\/de\/wp-json\/wp\/v2\/product"}],"about":[{"href":"https:\/\/excursionsworld.com\/de\/wp-json\/wp\/v2\/types\/product"}],"replies":[{"embeddable":true,"href":"https:\/\/excursionsworld.com\/de\/wp-json\/wp\/v2\/comments?post=15296"}],"wp:featuredmedia":[{"embeddable":true,"href":"https:\/\/excursionsworld.com\/de\/wp-json\/wp\/v2\/media\/12798"}],"wp:attachment":[{"href":"https:\/\/excursionsworld.com\/de\/wp-json\/wp\/v2\/media?parent=15296"}],"wp:term":[{"taxonomy":"product_brand","embeddable":true,"href":"https:\/\/excursionsworld.com\/de\/wp-json\/wp\/v2\/product_brand?post=15296"},{"taxonomy":"product_cat","embeddable":true,"href":"https:\/\/excursionsworld.com\/de\/wp-json\/wp\/v2\/product_cat?post=15296"},{"taxonomy":"product_tag","embeddable":true,"href":"https:\/\/excursionsworld.com\/de\/wp-json\/wp\/v2\/product_tag?post=15296"}],"curies":[{"name":"wp","href":"https:\/\/api.w.org\/{rel}","templated":true}]}}