{"id":15309,"date":"2025-10-25T13:55:51","date_gmt":"2025-10-25T10:55:51","guid":{"rendered":"https:\/\/excursionsworld.com\/?post_type=product&#038;p=15309"},"modified":"2025-12-18T19:08:06","modified_gmt":"2025-12-18T16:08:06","slug":"pamukkale-salda-see-alanya","status":"publish","type":"product","link":"https:\/\/excursionsworld.com\/tours\/pamukkale-salda-lake-alanya\/","title":{"rendered":"Pamukkale &amp; Salda See Tour von Alanya - Ganztagesausflug"},"content":{"rendered":"<h3 data-start=\"104\" data-end=\"121\"><span style=\"color: #000000;\"><strong>\ud83c\udfdd\ufe0f \u00dcberblick<\/strong><\/span><\/h3>\n<p data-start=\"123\" data-end=\"542\">Entdecken Sie die atemberaubenden Terrassen von Pamukkale, die antike Stadt Hierapolis und das atemberaubende t\u00fcrkisfarbene Wasser des Salda-Sees auf einer eint\u00e4gigen Tour von Alanya aus! Genie\u00dfen Sie bequeme Transfers von Hotels in der Region Alanya f\u00fcr eine nahtlose Reise. Schwimmen Sie in Thermalquellen, erkunden Sie historische Ruinen, bestaunen Sie die \u201cMalediven\u201d der T\u00fcrkei am Salda-See und genie\u00dfen Sie ein k\u00f6stliches Fr\u00fchst\u00fcck, Mittag- und Abendessen auf diesem unvergesslichen Abenteuer.<\/p>\n<h3 data-start=\"544\" data-end=\"558\"><span style=\"color: #000000;\"><strong>Inbegriffen:<\/strong><\/span><\/h3>\n<p data-start=\"560\" data-end=\"775\"><strong><span style=\"color: #00ff00;\">\u2713<\/span> <\/strong>Abholung vom Hotel und R\u00fccktransport\u00a0<br data-start=\"603\" data-end=\"606\" \/><strong><span style=\"color: #00ff00;\">\u2713<\/span> <\/strong>Klimatisierter Bus<br data-start=\"627\" data-end=\"630\" \/><strong><span style=\"color: #00ff00;\">\u2713<\/span> <\/strong>Eintrittsgelder f\u00fcr Pamukkale und Hierapolis<br data-start=\"673\" data-end=\"676\" \/><strong><span style=\"color: #00ff00;\">\u2713<\/span> <\/strong>Vollversicherung<br data-start=\"692\" data-end=\"695\" \/><strong><span style=\"color: #00ff00;\">\u2713<\/span> <\/strong>Englischsprachiger historischer F\u00fchrer<br data-start=\"729\" data-end=\"732\" \/><strong><span style=\"color: #00ff00;\">\u2713<\/span> <\/strong>Fr\u00fchst\u00fcck<br data-start=\"743\" data-end=\"746\" \/><strong><span style=\"color: #00ff00;\">\u2713<\/span> <\/strong>Mittagessen (Buffet)<br data-start=\"762\" data-end=\"765\" \/><strong><span style=\"color: #00ff00;\">\u2713<\/span> <\/strong>Abendessen<\/p>\n<h3 data-start=\"777\" data-end=\"795\"><span style=\"color: #000000;\"><strong>Nicht inbegriffen:<\/strong><\/span><\/h3>\n<p data-start=\"797\" data-end=\"862\"><span style=\"color: #ff0000;\"><strong>\u2717<\/strong> <\/span>Eingang zu Kleopatras Pool<br data-start=\"827\" data-end=\"830\" \/><span style=\"color: #ff0000;\"><strong>\u2717<\/strong> <\/span>Pers\u00f6nliche Ausgaben<br data-start=\"849\" data-end=\"852\" \/><span style=\"color: #ff0000;\"><strong>\u2717<\/strong> <\/span>Getr\u00e4nke<\/p>\n<h3 data-start=\"864\" data-end=\"887\"><span style=\"color: #000000;\"><strong>\ud83c\udf1f H\u00f6hepunkte der Tour<\/strong><\/span><\/h3>\n<p data-start=\"889\" data-end=\"1252\">\ud83d\udd39 Bestaunen Sie die schneewei\u00dfen Travertine von Pamukkale<br data-start=\"941\" data-end=\"944\" \/>\ud83d\udd39 Erkunden Sie das r\u00f6mische Theater und die Ruinen von Hierapolis<br data-start=\"996\" data-end=\"999\" \/>\ud83d\udd39 Entspannen in nat\u00fcrlichen Thermalbecken<br data-start=\"1032\" data-end=\"1035\" \/>\ud83d\udd39 Besuchen Sie die t\u00fcrkisfarbenen Ufer des Salda-Sees, die \u201cMalediven\u201d der T\u00fcrkei\u201d<br data-start=\"1099\" data-end=\"1102\" \/>\ud83d\udd39 Optionales Schwimmen in Cleopatra's Pool (gegen Aufpreis)<br data-start=\"1150\" data-end=\"1153\" \/>Genie\u00dfen Sie ein traditionelles t\u00fcrkisches Fr\u00fchst\u00fcck, Mittag- und Abendessen<br data-start=\"1210\" data-end=\"1213\" \/>\ud83d\udd39 Besuch einer UNESCO-Weltkulturerbest\u00e4tte<\/p>\n<h3 data-start=\"1254\" data-end=\"1278\"><span style=\"color: #000000;\"><strong>\ud83d\udcd6 Vollst\u00e4ndige Beschreibung<\/strong><\/span><\/h3>\n<div data-start=\"1280\" data-end=\"1501\">Ihr Tag beginnt mit einem bequemen Transfer von Ihrem Hotel in Alanya. Nach einem ausgiebigen Fr\u00fchst\u00fcck fahren Sie durch malerische Landschaften nach Pamukkale, das wegen seiner strahlend wei\u00dfen Terrassen als \u201cBaumwollschloss\u201d bekannt ist. Genie\u00dfen Sie nach Ihrer Ankunft ein Mittagsbuffet, bevor Sie die mineralhaltigen Travertine von Pamukkale erkunden. Anschlie\u00dfend unternehmen Sie eine gef\u00fchrte Tour durch die antike Stadt Hierapolis und besuchen das r\u00f6mische Theater, den Apollo-Tempel und andere historische Sehensw\u00fcrdigkeiten. Entspannen Sie sich in den Thermalbecken oder entscheiden Sie sich f\u00fcr ein Bad in Kleopatras Pool (gegen Geb\u00fchr). Die Tour geht weiter mit einem Besuch des Salda-Sees, der wegen seines kristallklaren t\u00fcrkisfarbenen Wassers und seiner wei\u00dfen Sandstr\u00e4nde oft als \u201cMalediven\u201d der T\u00fcrkei bezeichnet wird. Nehmen Sie sich Zeit, um am See entlang zu spazieren, Fotos zu machen oder einfach die ruhige Sch\u00f6nheit zu genie\u00dfen. Der Tag endet mit einem k\u00f6stlichen Abendessen und der R\u00fcckfahrt zu Ihrem Hotel in Alanya, gef\u00fcllt mit lebhaften Erinnerungen.<\/div>\n<h3 data-start=\"2164\" data-end=\"2187\"><span style=\"color: #000000;\"><strong>\ud83d\uddfa\ufe0f Reiseverlauf<\/strong><\/span><\/h3>\n<p data-start=\"2189\" data-end=\"2517\">\ud83d\udd39 Abholung von Hotels in Alanya<br data-start=\"2220\" data-end=\"2223\" \/>\ud83d\udd39 Fr\u00fchst\u00fcck auf dem Weg<br data-start=\"2244\" data-end=\"2247\" \/>\ud83d\udd39 Reise nach Pamukkale<br data-start=\"2270\" data-end=\"2273\" \/>\ud83d\udd39 Mittagsbuffet<br data-start=\"2288\" data-end=\"2291\" \/>\ud83d\udd39 Besichtigung der Travertinen von Pamukkale<br data-start=\"2325\" data-end=\"2328\" \/>\ud83d\udd39 Besuch der Ruinen von Hierapolis<br data-start=\"2356\" data-end=\"2359\" \/>\ud83d\udd39 Freie Zeit f\u00fcr Kleopatra's Pool (optional)<br data-start=\"2403\" data-end=\"2406\" \/>\ud83d\udd39 Besuch des Salda-Sees f\u00fcr Besichtigungen und Fotos<br data-start=\"2455\" data-end=\"2458\" \/>\ud83d\udd39 Abendessen<br data-start=\"2467\" data-end=\"2470\" \/>\ud83d\udd39 R\u00fcckreise<br data-start=\"2487\" data-end=\"2490\" \/>\ud83d\udd39 Transfer zur\u00fcck zum Hotel<\/p>\n<h3 data-start=\"2519\" data-end=\"2545\"><span style=\"color: #000000;\"><strong>\u2139\ufe0f N\u00fctzliche Informationen<\/strong><\/span><\/h3>\n<p data-start=\"2547\" data-end=\"2859\">\ud83d\udd39 Dauer: etwa 12 Stunden<br data-start=\"2582\" data-end=\"2585\" \/>\ud83d\udd39 Die Reiseroute kann sich aufgrund der Wetterbedingungen \u00e4ndern.<br data-start=\"2634\" data-end=\"2637\" \/>\ud83d\udd39 M\u00e4\u00dfige k\u00f6rperliche Aktivit\u00e4t (Spazierengehen, eventuell Schwimmen)<br data-start=\"2695\" data-end=\"2698\" \/>\ud83d\udd39 Kinder unter 5 Jahren, die kostenlos mitfahren, haben keinen eigenen Sitzplatz im Bus. Wenn der Bus voll ist, sitzen sie auf dem Scho\u00df eines Erwachsenen, oder es kann ein eigener Sitzplatz gebucht werden<\/p>\n<h3 data-start=\"2861\" data-end=\"2882\"><span style=\"color: #000000;\"><strong>\ud83c\udf92 Was Sie mitbringen sollten<\/strong><\/span><\/h3>\n<p data-start=\"2884\" data-end=\"3026\">\ud83d\udd39 Reisepass oder Personalausweis<br data-start=\"2901\" data-end=\"2904\" \/>\ud83d\udd39 Bequeme Schuhe<br data-start=\"2924\" data-end=\"2927\" \/>\ud83d\udd39 Sonnenbrillen und Kopfbedeckungen<br data-start=\"2953\" data-end=\"2956\" \/>\ud83d\udd39 Badeanzug und Handtuch<br data-start=\"2977\" data-end=\"2980\" \/>\ud83d\udd39 Sonnenschutzmittel<br data-start=\"2992\" data-end=\"2995\" \/>\ud83d\udd39 Bargeld f\u00fcr pers\u00f6nliche Ausgaben<\/p>\n<h3 data-start=\"3028\" data-end=\"3052\"><span style=\"color: #000000;\"><strong>\ud83d\udeab Nicht geeignet f\u00fcr<\/strong><\/span><\/h3>\n<p data-start=\"3054\" data-end=\"3136\">\ud83d\udd39 Menschen mit eingeschr\u00e4nkter Mobilit\u00e4t<br data-start=\"3085\" data-end=\"3088\" \/>\ud83d\udd39 Personen mit schweren Erkrankungen<\/p>\n<h3 dir=\"ltr\">\ud83d\udcb8\u00a0<strong>Preis und Buchung<\/strong><\/h3>\n<p dir=\"ltr\"><strong>\ud83d\udd39 Jetzt buchen, am Tag der Tour bezahlen<\/strong><br \/>\nKontaktiere uns \u00fcber WhatsApp, Telegram, Viber oder f\u00fclle das Buchungsformular unten aus. \ud83d\udc47\ud83c\udffc<\/p>","protected":false},"excerpt":{"rendered":"<p>Buchen Sie die <b>Alanya Pamukkale Tour<\/b>! Besuchen Sie die Ruinen von Hierapolis und den Salda-See (die Malediven der T\u00fcrkei). Ganzt\u00e4gig <b>Ausflug<\/b> mit Thermalquellen, Mahlzeiten und komfortablen <b>Tagesausflug<\/b>.<\/p>","protected":false},"featured_media":14072,"comment_status":"open","ping_status":"closed","template":"","meta":[],"product_brand":[],"product_cat":[128],"product_tag":[111],"class_list":{"0":"post-15309","1":"product","2":"type-product","3":"status-publish","4":"has-post-thumbnail","6":"tour_phys-alanya-tours","7":"product_cat-alanya-tours","8":"product_tag-alanya","9":"pa_destination-alanya-tours","11":"first","12":"instock","13":"sale","14":"shipping-taxable","15":"purchasable","16":"product-type-tour_phys"},"aioseo_notices":[],"_links":{"self":[{"href":"https:\/\/excursionsworld.com\/de\/wp-json\/wp\/v2\/product\/15309","targetHints":{"allow":["GET"]}}],"collection":[{"href":"https:\/\/excursionsworld.com\/de\/wp-json\/wp\/v2\/product"}],"about":[{"href":"https:\/\/excursionsworld.com\/de\/wp-json\/wp\/v2\/types\/product"}],"replies":[{"embeddable":true,"href":"https:\/\/excursionsworld.com\/de\/wp-json\/wp\/v2\/comments?post=15309"}],"wp:featuredmedia":[{"embeddable":true,"href":"https:\/\/excursionsworld.com\/de\/wp-json\/wp\/v2\/media\/14072"}],"wp:attachment":[{"href":"https:\/\/excursionsworld.com\/de\/wp-json\/wp\/v2\/media?parent=15309"}],"wp:term":[{"taxonomy":"product_brand","embeddable":true,"href":"https:\/\/excursionsworld.com\/de\/wp-json\/wp\/v2\/product_brand?post=15309"},{"taxonomy":"product_cat","embeddable":true,"href":"https:\/\/excursionsworld.com\/de\/wp-json\/wp\/v2\/product_cat?post=15309"},{"taxonomy":"product_tag","embeddable":true,"href":"https:\/\/excursionsworld.com\/de\/wp-json\/wp\/v2\/product_tag?post=15309"}],"curies":[{"name":"wp","href":"https:\/\/api.w.org\/{rel}","templated":true}]}}