{"id":15314,"date":"2025-10-25T19:47:55","date_gmt":"2025-10-25T16:47:55","guid":{"rendered":"https:\/\/excursionsworld.com\/?post_type=product&#038;p=15314"},"modified":"2026-03-14T19:47:05","modified_gmt":"2026-03-14T16:47:05","slug":"pamukkale-heissluftballon-kemer","status":"publish","type":"product","link":"https:\/\/excursionsworld.com\/tours\/pamukkale-hot-air-balloon-kemer\/","title":{"rendered":"Pamukkale: Hei\u00dfluftballonfahrt ab Kemer \u2013 bei Sonnenaufgang"},"content":{"rendered":"<h3 dir=\"ltr\" data-pm-slice=\"1 1 []\"><strong>\ud83c\udfdd\ufe0f \u00dcberblick<\/strong><\/h3>\n<p dir=\"ltr\">Erleben Sie den Zauber von Pamukkale aus der Vogelperspektive w\u00e4hrend einer unvergesslichen Hei\u00dfluftballonfahrt bei Sonnenaufgang. Sie starten in Kemer und den umliegenden Regionen, mit bequemen Transfers von Beldibi, G\u00f6yn\u00fck, Kiri\u015f, \u00c7amyuva und Tekirova. Genie\u00dfen Sie nach dem Flug eine Besichtigung von Pamukkale und der antiken Stadt Hierapolis sowie ein k\u00f6stliches Mittagessen.<\/p>\n<h3 dir=\"ltr\"><span style=\"color: #000000;\"><strong>Inbegriffen:<\/strong><\/span><\/h3>\n<p dir=\"ltr\"><strong><span style=\"color: #00ff00;\">\u2713<\/span><\/strong> Abholung vom Hotel und R\u00fccktransport<br \/>\n<strong><span style=\"color: #00ff00;\">\u2713 <\/span><\/strong>Klimatisierter Bus<br \/>\n<strong><span style=\"color: #00ff00;\">\u2713 <\/span><\/strong>Fahrt im Hei\u00dfluftballon<br \/>\n<strong><span style=\"color: #00ff00;\">\u2713 <\/span><\/strong><span style=\"color: #00ff00;\"><span style=\"color: #000000;\">Englisch<\/span><\/span>-sprechender historischer F\u00fchrer<br \/>\n<strong><span style=\"color: #00ff00;\">\u2713 <\/span><\/strong>Mittagessen<br \/>\n<strong><span style=\"color: #00ff00;\">\u2713 <\/span><\/strong>Berufspilot<br \/>\n<strong><span style=\"color: #00ff00;\">\u2713 <\/span><\/strong>Flugschein<br \/>\n<strong><span style=\"color: #00ff00;\">\u2713 <\/span><\/strong>Vollversicherung<\/p>\n<h3 dir=\"ltr\"><span style=\"color: #000000;\"><strong>Ausgeschlossen:<\/strong><\/span><\/h3>\n<div dir=\"ltr\"><span style=\"color: #ff0000;\"><strong>\u2717 <\/strong><\/span>Eintrittsgelder Pamukkale &amp; Hierapolis (40 \u20ac)<\/div>\n<div dir=\"ltr\"><span style=\"color: #ff0000;\"><strong>\u2717<\/strong><\/span> Eingang zu Kleopatras Pool<br \/>\n<span style=\"color: #ff0000;\"><strong>\u2717<\/strong><\/span> Getr\u00e4nke<\/div>\n<h3 dir=\"ltr\"><span style=\"color: #000000;\"><strong>\ud83c\udf1f H\u00f6hepunkte der Tour<\/strong><\/span><\/h3>\n<p dir=\"ltr\">\ud83d\udd39 Sonnenaufgang im Hei\u00dfluftballon \u00fcber den wei\u00dfen Terrassen von Pamukkale<br \/>\n\ud83d\udd39 Atemberaubende Panoramablicke und einzigartige Fotom\u00f6glichkeiten<br \/>\n\ud83d\udd39Champagner und Zertifikat bei der Landung<br \/>\nBesichtigung von Hierapolis mit seinem antiken Theater und seinen Gr\u00e4bern<br \/>\n\ud83d\udd39 Optionales Schwimmen in Cleopatra's Pool (gegen Aufpreis)<\/p>\n<h3 dir=\"ltr\"><span style=\"color: #000000;\"><strong>\ud83d\udcd6 Vollst\u00e4ndige Beschreibung<\/strong><\/span><\/h3>\n<div dir=\"ltr\">Ihr Tag beginnt mit einem fr\u00fchen Transfer von Ihrem Hotel. Die 3,5-st\u00fcndige Fahrt nach Pamukkale erfolgt an Bord eines komfortablen, klimatisierten Busses.<\/div>\n<div dir=\"ltr\">Nach Ihrer Ankunft k\u00f6nnen Sie sich auf ein unvergessliches Abenteuer einlassen - eine Hei\u00dfluftballonfahrt bei Sonnenaufgang. Schweben Sie \u00fcber die strahlend wei\u00dfen Terrassen und antiken Ruinen von Pamukkale und genie\u00dfen Sie die atemberaubende Aussicht. Nach der Landung sto\u00dfen Sie mit einem Glas Sekt an und erhalten ein Flugzertifikat.<\/div>\n<div dir=\"ltr\">Anschlie\u00dfend erkunden Sie Pamukkale und die antike Stadt Hierapolis und besuchen das r\u00f6mische Theater, die Thermalb\u00e4der und andere Sehensw\u00fcrdigkeiten mit einem professionellen F\u00fchrer. Wer m\u00f6chte, kann Kleopatras Pool besuchen (gegen Geb\u00fchr). Der Tag endet mit einem k\u00f6stlichen Mittagessen und dem R\u00fccktransfer zu Ihrem Hotel in der Region Kemer.<\/div>\n<h3 dir=\"ltr\"><span style=\"color: #000000;\"><strong>\ud83d\uddfa\ufe0f Reiseverlauf<\/strong><\/span><\/h3>\n<p dir=\"ltr\">\ud83d\udd39 Fr\u00fche Abholung vom Hotel<br \/>\n\ud83d\udd39 Ankunft in Pamukkale<br \/>\n\ud83d\udd39 Hei\u00dfluftballonfahrt<br \/>\n\ud83d\udd39 Champagner und Flugschein<br \/>\nBesichtigung von Pamukkale und Hierapolis<br \/>\n\ud83d\udd39 Optionales Schwimmen in Kleopatras Pool<br \/>\n\ud83d\udd39 Mittagessen<br \/>\n\ud83d\udd39 R\u00fcckkehr zum Hotel<\/p>\n<h3 dir=\"ltr\"><span style=\"color: #000000;\"><strong>\u2139\ufe0f N\u00fctzliche Informationen<\/strong><\/span><\/h3>\n<p dir=\"ltr\">\ud83d\udd39 Dauer: etwa 12 Stunden<br \/>\nDie Ballonfahrt kann aufgrund der Wetterbedingungen abgesagt werden (volle R\u00fcckerstattung f\u00fcr den Flugteil)<br \/>\n\ud83d\udd39 Kurze Zwischenstopps auf der Strecke inklusive<br \/>\n\ud83d\udd39 Kinder unter 5 Jahren, die kostenlos mitfahren, haben keinen eigenen Sitzplatz im Bus. Wenn der Bus voll ist, sitzen sie auf dem Scho\u00df eines Erwachsenen, oder es kann ein eigener Sitzplatz gebucht werden<\/p>\n<h3 dir=\"ltr\"><span style=\"color: #000000;\"><strong>\ud83c\udf92 Was Sie mitbringen sollten<\/strong><\/span><\/h3>\n<p dir=\"ltr\">\ud83d\udd39 Sonnenbrille<br \/>\n\ud83d\udd39 Hut oder M\u00fctze<br \/>\n\ud83d\udd39 Badeanzug und Handtuch<br \/>\n\ud83d\udd39 Bequeme Sportkleidung und Turnschuhe<br \/>\n\ud83d\udd39 Bargeld f\u00fcr pers\u00f6nliche Ausgaben<\/p>\n<h3 dir=\"ltr\"><span style=\"color: #000000;\"><strong>\ud83d\udeab Nicht geeignet f\u00fcr<\/strong><\/span><\/h3>\n<p dir=\"ltr\">\ud83d\udd39 Kinder unter 7 Jahren<br \/>\n\ud83d\udd39 Schwangere Frauen<\/p>\n<h3 dir=\"ltr\"><span style=\"color: #000000;\"><strong>\ud83d\udcb8 Preis und Buchung<\/strong><\/span><\/h3>\n<p dir=\"ltr\"><strong>\ud83d\udd39 Jetzt buchen, am Tag der Tour bezahlen<\/strong><br \/>\nKontaktiere uns \u00fcber WhatsApp, Telegram, Viber oder f\u00fclle das Buchungsformular unten aus. \ud83d\udc47\ud83c\udffc<\/p>","protected":false},"excerpt":{"rendered":"<p><b>Tour von Kemer nach Pamukkale<\/b>! Erleben Sie eine <b>Hei\u00dfluftballonfahrt<\/b> &amp; <b>Hierapolis-Reise<\/b>. <b>All-inclusive-Ausflug<\/b> mit <b>Leitfaden<\/b>, Mittagessen, &amp; <b>\u00dcbertragung<\/b> enthalten.<\/p>","protected":false},"featured_media":12607,"comment_status":"open","ping_status":"closed","template":"","meta":[],"product_brand":[],"product_cat":[124],"product_tag":[105],"class_list":{"0":"post-15314","1":"product","2":"type-product","3":"status-publish","4":"has-post-thumbnail","6":"tour_phys-kemer-tours","7":"product_cat-kemer-tours","8":"product_tag-kemer","9":"pa_destination-kemer-tours","11":"first","12":"instock","13":"sale","14":"shipping-taxable","15":"purchasable","16":"product-type-tour_phys"},"aioseo_notices":[],"_links":{"self":[{"href":"https:\/\/excursionsworld.com\/de\/wp-json\/wp\/v2\/product\/15314","targetHints":{"allow":["GET"]}}],"collection":[{"href":"https:\/\/excursionsworld.com\/de\/wp-json\/wp\/v2\/product"}],"about":[{"href":"https:\/\/excursionsworld.com\/de\/wp-json\/wp\/v2\/types\/product"}],"replies":[{"embeddable":true,"href":"https:\/\/excursionsworld.com\/de\/wp-json\/wp\/v2\/comments?post=15314"}],"wp:featuredmedia":[{"embeddable":true,"href":"https:\/\/excursionsworld.com\/de\/wp-json\/wp\/v2\/media\/12607"}],"wp:attachment":[{"href":"https:\/\/excursionsworld.com\/de\/wp-json\/wp\/v2\/media?parent=15314"}],"wp:term":[{"taxonomy":"product_brand","embeddable":true,"href":"https:\/\/excursionsworld.com\/de\/wp-json\/wp\/v2\/product_brand?post=15314"},{"taxonomy":"product_cat","embeddable":true,"href":"https:\/\/excursionsworld.com\/de\/wp-json\/wp\/v2\/product_cat?post=15314"},{"taxonomy":"product_tag","embeddable":true,"href":"https:\/\/excursionsworld.com\/de\/wp-json\/wp\/v2\/product_tag?post=15314"}],"curies":[{"name":"wp","href":"https:\/\/api.w.org\/{rel}","templated":true}]}}