{"id":15331,"date":"2025-10-25T23:09:42","date_gmt":"2025-10-25T20:09:42","guid":{"rendered":"https:\/\/excursionsworld.com\/?post_type=product&#038;p=15331"},"modified":"2025-12-09T21:15:15","modified_gmt":"2025-12-09T18:15:15","slug":"antalya-altstadt-wasserfaelle-alanya","status":"publish","type":"product","link":"https:\/\/excursionsworld.com\/tours\/antalya-city-old-town-waterfalls-alanya\/","title":{"rendered":"Stadtrundfahrt Antalya ab Alanya \u2013 Altstadt, Wasserf\u00e4lle &amp; Bootstour"},"content":{"rendered":"<h3 data-start=\"5236\" data-end=\"5254\"><span style=\"color: #000000;\"><strong>\u2600\ufe0f \u00dcberblick<\/strong><\/span><\/h3>\n<p data-start=\"5255\" data-end=\"5552\">Entdecken Sie die Sch\u00f6nheit und den Charme der <strong data-start=\"5288\" data-end=\"5299\">Antalya<\/strong> auf einer eint\u00e4gigen Tour von <strong data-start=\"5323\" data-end=\"5333\">Alanya<\/strong> und die umliegenden Gebiete. Beinhaltet eine Bootsfahrt, Besuche bei <strong data-start=\"5389\" data-end=\"5409\">D\u00fcdener Wasserf\u00e4lle<\/strong>, ein t\u00fcrkisches Mittagessen, und ein Spaziergang durch <strong data-start=\"5449\" data-end=\"5460\">Kalei\u00e7i<\/strong>. Der Transfer von den Hotels in Alanya, Mahmutlar, Konakl\u0131, Kestel und Okurcalar ist inbegriffen.<\/p>\n<h3 data-start=\"594\" data-end=\"609\"><span style=\"color: #000000;\"><strong>Inbegriffen:<\/strong><\/span><\/h3>\n<div data-start=\"610\" data-end=\"863\"><span style=\"color: #00ff00;\"><strong>\u2713<\/strong> <\/span>Abholung vom Hotel und R\u00fccktransport<br data-start=\"637\" data-end=\"640\" \/><span style=\"color: #00ff00;\"><strong>\u2713<\/strong> <\/span>Eintrittsgelder f\u00fcr die D\u00fcdener Wasserf\u00e4lle (Obere und Untere)<br data-start=\"693\" data-end=\"696\" \/><span style=\"color: #00ff00;\"><strong>\u2713<\/strong> <\/span>Komfortabler klimatisierter Bus<br data-start=\"729\" data-end=\"732\" \/><span style=\"color: #00ff00;\"><strong>\u2713<\/strong> <\/span>Professioneller englischsprachiger F\u00fchrer<br data-start=\"769\" data-end=\"772\" \/><span style=\"color: #00ff00;\"><strong>\u2713<\/strong> <\/span>Mittagessen in einem lokalen Restaurant<br data-start=\"801\" data-end=\"804\" \/><span style=\"color: #00ff00;\"><strong>\u2713<\/strong> <\/span>Vollversicherung<\/div>\n<div data-start=\"610\" data-end=\"863\"><span style=\"color: #00ff00;\"><strong>\u2713<\/strong> <\/span>Mittagessen<\/div>\n<h3 data-start=\"865\" data-end=\"884\"><span style=\"color: #000000;\"><strong>Nicht inbegriffen:<\/strong><\/span><\/h3>\n<p data-start=\"885\" data-end=\"975\"><span style=\"color: #ff0000;\"><strong>\u2717<\/strong> <\/span>Bootsfahrt (falls als Option gew\u00e4hlt)<br data-start=\"923\" data-end=\"926\" \/><span style=\"color: #ff0000;\"><strong>\u2717<\/strong> <\/span>Getr\u00e4nke<br data-start=\"934\" data-end=\"937\" \/><span style=\"color: #ff0000;\"><strong>\u2717<\/strong> <\/span>Pers\u00f6nliche Ausgaben (Fotos, Videos)<\/p>\n<h3 data-start=\"977\" data-end=\"1002\"><span style=\"color: #000000;\"><strong>\ud83c\udf1f H\u00f6hepunkte der Tour<\/strong><\/span><\/h3>\n<p data-start=\"1003\" data-end=\"1329\">\ud83d\udd39 Bewundern Sie den Unteren D\u00fcden-Wasserfall, der 40 Meter tief ins Meer st\u00fcrzt<br data-start=\"1072\" data-end=\"1075\" \/>\ud83d\udd39 Spaziergang durch die Altstadt (Kalei\u00e7i): Hadrianstor, Yivli-Minarett, Uhrenturm<br data-start=\"1159\" data-end=\"1162\" \/>\ud83d\udd39 Entspannen Sie sich auf einer einst\u00fcndigen Bootsfahrt vom alten Hafen von Antalya aus<br data-start=\"1218\" data-end=\"1221\" \/>\ud83d\udd39 Genie\u00dfen Sie das Gr\u00fcn und die K\u00fchle des Oberen D\u00fcdenwasserfalls<br data-start=\"1284\" data-end=\"1287\" \/>\ud83d\udd39 Besuch einer \u00f6rtlichen Silberschmuckwerkstatt<\/p>\n<h3 data-start=\"6276\" data-end=\"6302\"><span style=\"color: #000000;\"><strong>\ud83d\udcdd Vollst\u00e4ndige Beschreibung<\/strong><\/span><\/h3>\n<p data-start=\"6303\" data-end=\"6648\">Abholung von Ihrem Hotel in <strong data-start=\"6329\" data-end=\"6355\">Alanya oder nahe gelegene Gebiete<\/strong>. Gehen Sie durch <strong data-start=\"6370\" data-end=\"6381\">Kalei\u00e7i<\/strong>, erkunden Sie das Hadrianstor, Stra\u00dfen, Moscheen und Gesch\u00e4fte. Genie\u00dfen Sie eine einst\u00fcndige <strong data-start=\"6453\" data-end=\"6466\">Bootsfahrt<\/strong> (fakultativ), gefolgt von einem Mittagessen in einem lokalen Restaurant. Besuchen Sie <strong data-start=\"6526\" data-end=\"6562\">Unterer und Oberer D\u00fcdenwasserfall<\/strong>, und enden bei einem <strong data-start=\"6580\" data-end=\"6607\">Werkstatt f\u00fcr Silberschmuck<\/strong>. Kehren Sie mit lebhaften Erinnerungen nach Alanya zur\u00fcck.<\/p>\n<h3 data-start=\"1895\" data-end=\"1919\"><span style=\"color: #000000;\"><strong>\ud83d\udccd Reiseroute<\/strong><\/span><\/h3>\n<p data-start=\"1920\" data-end=\"2193\">\ud83d\udd39 Abholung vom Hotel<br data-start=\"1940\" data-end=\"1943\" \/>\ud83d\udd39 Spaziergang durch die Altstadt (Kalei\u00e7i)<br data-start=\"1981\" data-end=\"1984\" \/>Bootsfahrt vom alten Hafen (1 Stunde, optional)<br data-start=\"2033\" data-end=\"2036\" \/>\ud83d\udd39 Mittagessen in einem lokalen Restaurant<br data-start=\"2066\" data-end=\"2069\" \/>\ud83d\udd39 Besuch des Unteren D\u00fcden Wasserfalls<br data-start=\"2102\" data-end=\"2105\" \/>\ud83d\udd39 Besuch des Oberen D\u00fcdenwasserfalls<br data-start=\"2138\" data-end=\"2141\" \/>\ud83d\udd39 Halt in einer Schmuckwerkstatt<br data-start=\"2170\" data-end=\"2173\" \/>\ud83d\udd39 R\u00fcckkehr zum Hotel<\/p>\n<h3 data-start=\"2195\" data-end=\"2223\"><span style=\"color: #000000;\"><strong>\u2139\ufe0f N\u00fctzliche Informationen<\/strong><\/span><\/h3>\n<p data-start=\"2224\" data-end=\"2576\">\ud83d\udd39 Die Bootsfahrt kann aufgrund der Wetterbedingungen abgesagt oder ge\u00e4ndert werden.<br data-start=\"2294\" data-end=\"2297\" \/>\ud83d\udd39 Die Reiseroute kann sich \u00e4ndern, um das Reiseerlebnis zu verbessern<br data-start=\"2355\" data-end=\"2358\" \/>\ud83d\udd39 Dies ist eine Besichtigungstour; Schwimmen ist nicht inbegriffen<br data-start=\"2413\" data-end=\"2416\" \/>\ud83d\udd39 Kinder unter 5 Jahren, die kostenlos mitfahren, haben keinen eigenen Sitzplatz im Bus. Wenn der Bus voll ist, sitzen sie auf dem Scho\u00df eines Erwachsenen oder es kann ein eigener Sitzplatz gebucht werden<\/p>\n<h3 data-start=\"2578\" data-end=\"2601\"><span style=\"color: #000000;\"><strong>\ud83c\udf92 Was Sie mitbringen sollten<\/strong><\/span><\/h3>\n<p data-start=\"2602\" data-end=\"2745\">\ud83d\udd39 Bequeme Wanderschuhe<br data-start=\"2630\" data-end=\"2633\" \/>\ud83d\udd39 Sonnenbrillen und Kopfbedeckungen<br data-start=\"2659\" data-end=\"2662\" \/>\ud83d\udd39 Sonnenschutzmittel<br data-start=\"2674\" data-end=\"2677\" \/>\ud83d\udd39 Kamera oder Smartphone<br data-start=\"2700\" data-end=\"2703\" \/>\ud83d\udd39 Bargeld f\u00fcr Getr\u00e4nke und pers\u00f6nliche Ausgaben<\/p>\n<h3 data-start=\"2747\" data-end=\"2773\"><span style=\"color: #000000;\"><strong>\ud83d\udeab Nicht geeignet f\u00fcr<\/strong><\/span><\/h3>\n<p data-start=\"2774\" data-end=\"2829\">\ud83d\udd39 Rollstuhlfahrer<br data-start=\"2793\" data-end=\"2796\" \/>\ud83d\udd39 Menschen mit eingeschr\u00e4nkter Mobilit\u00e4t<\/p>\n<h3 data-start=\"2831\" data-end=\"2858\"><span style=\"color: #000000;\"><strong>\ud83d\udcb8 Preis und Buchung<\/strong><\/span><\/h3>\n<p data-start=\"2859\" data-end=\"2995\"><strong>\ud83d\udd39 Jetzt buchen, am Tag der Tour bezahlen<\/strong><br data-start=\"2898\" data-end=\"2901\" \/>\ud83d\udd39 Kontaktieren Sie uns \u00fcber <strong data-start=\"2919\" data-end=\"2931\">WhatsApp<\/strong>, <strong data-start=\"2933\" data-end=\"2945\">Telegramm<\/strong>, <strong data-start=\"2947\" data-end=\"2956\">Viber<\/strong>, oder f\u00fcllen Sie das untenstehende Buchungsformular aus. \ud83d\udc47\ud83c\udffc<\/p>","protected":false},"excerpt":{"rendered":"<p>Buchen Sie die <b>Antalya City Tour from Alanya<\/b>! Visit D\u00fcden Waterfalls &amp; historic Kalei\u00e7i. Full-day <b>Reise<\/b> mit <b>Bootsfahrt<\/b>, lunch, and city <b>Ausflug<\/b>.<\/p>","protected":false},"featured_media":15468,"comment_status":"open","ping_status":"closed","template":"","meta":[],"product_brand":[],"product_cat":[128],"product_tag":[111],"class_list":{"0":"post-15331","1":"product","2":"type-product","3":"status-publish","4":"has-post-thumbnail","6":"tour_phys-alanya-tours","7":"product_cat-alanya-tours","8":"product_tag-alanya","9":"pa_destination-alanya-tours","11":"first","12":"instock","13":"sale","14":"shipping-taxable","15":"purchasable","16":"product-type-tour_phys"},"aioseo_notices":[],"_links":{"self":[{"href":"https:\/\/excursionsworld.com\/de\/wp-json\/wp\/v2\/product\/15331","targetHints":{"allow":["GET"]}}],"collection":[{"href":"https:\/\/excursionsworld.com\/de\/wp-json\/wp\/v2\/product"}],"about":[{"href":"https:\/\/excursionsworld.com\/de\/wp-json\/wp\/v2\/types\/product"}],"replies":[{"embeddable":true,"href":"https:\/\/excursionsworld.com\/de\/wp-json\/wp\/v2\/comments?post=15331"}],"wp:featuredmedia":[{"embeddable":true,"href":"https:\/\/excursionsworld.com\/de\/wp-json\/wp\/v2\/media\/15468"}],"wp:attachment":[{"href":"https:\/\/excursionsworld.com\/de\/wp-json\/wp\/v2\/media?parent=15331"}],"wp:term":[{"taxonomy":"product_brand","embeddable":true,"href":"https:\/\/excursionsworld.com\/de\/wp-json\/wp\/v2\/product_brand?post=15331"},{"taxonomy":"product_cat","embeddable":true,"href":"https:\/\/excursionsworld.com\/de\/wp-json\/wp\/v2\/product_cat?post=15331"},{"taxonomy":"product_tag","embeddable":true,"href":"https:\/\/excursionsworld.com\/de\/wp-json\/wp\/v2\/product_tag?post=15331"}],"curies":[{"name":"wp","href":"https:\/\/api.w.org\/{rel}","templated":true}]}}