{"id":15334,"date":"2025-10-26T10:46:33","date_gmt":"2025-10-26T07:46:33","guid":{"rendered":"https:\/\/excursionsworld.com\/?post_type=product&#038;p=15334"},"modified":"2025-11-21T20:44:54","modified_gmt":"2025-11-21T17:44:54","slug":"antalya-tunnel-aquarium-belek","status":"publish","type":"product","link":"https:\/\/excursionsworld.com\/tours\/antalya-tunnel-aquarium-from-belek\/","title":{"rendered":"Antalya Tunnel Aquarium Ausflug ab Belek \u2013 Halbtagestrip"},"content":{"rendered":"<h3 data-start=\"2575\" data-end=\"2594\">\ud83c\udfdd\ufe0f \u00dcberblick<\/h3>\n<p data-start=\"2595\" data-end=\"2838\">Genie\u00dfen Sie einen bequemen Halbtagesausflug von <strong data-start=\"2634\" data-end=\"2663\">Belek nach Antalya Aquarium<\/strong>, einer der gr\u00f6\u00dften Aquarienkomplexe in Europa! Perfekt f\u00fcr Familien, Kinder und Meeresliebhaber - erkunden Sie das Tunnelaquarium, erleben Sie Haie aus n\u00e4chster N\u00e4he und haben Sie Spa\u00df in der Snow World.<\/p>\n<h3 data-start=\"2840\" data-end=\"2857\">\u00a0Inbegriffen:<\/h3>\n<p data-start=\"2858\" data-end=\"2974\"><span style=\"color: #00ff00;\"><strong>\u2713<\/strong> <\/span>Abholung vom Hotel und R\u00fccktransport<br data-start=\"2885\" data-end=\"2888\" \/><span style=\"color: #00ff00;\"><strong>\u2713<\/strong> <\/span>Versicherung<br data-start=\"2899\" data-end=\"2902\" \/><span style=\"color: #00ff00;\"><strong>\u2713<\/strong> <\/span>Komfortabler klimatisierter Bus<br data-start=\"2935\" data-end=\"2938\" \/><span style=\"color: #00ff00;\"><strong>\u2713<\/strong> <\/span>Eintrittskarte f\u00fcr das Aquarium von Antalya<\/p>\n<h3 data-start=\"2976\" data-end=\"2997\">\u00a0Nicht inbegriffen:<\/h3>\n<p data-start=\"2998\" data-end=\"3052\"><span style=\"color: #ff0000;\"><strong>\u2717<\/strong> <\/span>Getr\u00e4nke<br data-start=\"3006\" data-end=\"3009\" \/><span style=\"color: #ff0000;\"><strong>\u2717<\/strong> <\/span>Pers\u00f6nliche Ausgaben<br data-start=\"3028\" data-end=\"3031\" \/><span style=\"color: #ff0000;\"><strong>\u2717<\/strong> <\/span>Fotos und Videos<\/p>\n<h3 data-start=\"3054\" data-end=\"3079\">\ud83c\udf0a H\u00f6hepunkte der Tour<\/h3>\n<p data-start=\"3080\" data-end=\"3316\">\ud83d\udd39 131 Meter langes Tunnelaquarium voller Haie und exotischer Fische<br data-start=\"3139\" data-end=\"3142\" \/>\ud83d\udd39 Thematische Abschnitte aus verschiedenen Meeren und Ozeanen<br data-start=\"3191\" data-end=\"3194\" \/>\ud83d\udd39 Schneewelt und Eismuseum<br data-start=\"3222\" data-end=\"3225\" \/>\ud83d\udd39 Ein unterhaltsames und lehrreiches Erlebnis f\u00fcr alle Altersgruppen<br data-start=\"3271\" data-end=\"3274\" \/>\ud83d\udd39 Transfer von Belek und nahe gelegenen Hotels<\/p>\n<h3 data-start=\"3318\" data-end=\"3344\">\ud83d\udcd6 Vollst\u00e4ndige Beschreibung<\/h3>\n<p data-start=\"3345\" data-end=\"3795\">Nach der Abholung von Ihrem Hotel in Belek fahren Sie bequem zu dem ber\u00fchmten <strong data-start=\"3414\" data-end=\"3434\">Antalya Aquarium<\/strong>. Erleben Sie eine faszinierende Reise durch die Unterwasserwelt und spazieren Sie unter riesigen Tunneltanks mit Haien, Stachelrochen und Tausenden von bunten Fischen.<br data-start=\"3599\" data-end=\"3602\" \/>Geben Sie dann <strong data-start=\"3614\" data-end=\"3628\">Welt des Schnees<\/strong>, wo die Temperaturen unter Null fallen - ein magischer Kontrast zum warmen Klima in Antalya! Kehren Sie nach der Besichtigung mit sch\u00f6nen Fotos und Erinnerungen nach Belek zur\u00fcck.<\/p>\n<h3 data-start=\"3797\" data-end=\"3822\">\ud83d\uddfa\ufe0f Reiseverlauf<\/h3>\n<p data-start=\"3823\" data-end=\"3998\">\ud83d\udd39 Abholung von Belek, Kadriye, Bo\u011fazkent und Umgebung<br data-start=\"3868\" data-end=\"3871\" \/>\ud83d\udd39 Ankunft im Aquarium von Antalya<br data-start=\"3901\" data-end=\"3904\" \/>\ud83d\udd39 Freizeit im Aquarium und Snow World (1,5-2 Stunden)<br data-start=\"3961\" data-end=\"3964\" \/>\ud83d\udd39 R\u00fccktransfer zu Ihrem Hotel<\/p>\n<h3 data-start=\"4000\" data-end=\"4028\">\u2139\ufe0f N\u00fctzliche Informationen<\/h3>\n<p data-start=\"4029\" data-end=\"4204\">\ud83d\udd39 Dauer: ~4 Stunden<br data-start=\"4050\" data-end=\"4053\" \/>\ud83d\udd39 Gro\u00dfartig f\u00fcr Familien und Kinder<br data-start=\"4087\" data-end=\"4090\" \/>\ud83d\udd39 Leichte Wanderrouten<br data-start=\"4112\" data-end=\"4115\" \/>\ud83d\udd39 Blitzlichtaufnahmen verboten<br data-start=\"4146\" data-end=\"4149\" \/>\ud83d\udd39 Frei reisende Kinder teilen sich einen Sitzplatz, wenn der Bus voll ist<\/p>\n<h3 data-start=\"4206\" data-end=\"4229\">\ud83c\udf92 Was Sie mitbringen sollten<\/h3>\n<p data-start=\"4230\" data-end=\"4309\">\ud83d\udd39 Bequeme Schuhe<br data-start=\"4250\" data-end=\"4253\" \/>\ud83d\udd39 Bargeld f\u00fcr Souvenirs oder Getr\u00e4nke<br data-start=\"4284\" data-end=\"4287\" \/>\ud83d\udd39 Kamera (kein Blitz)<\/p>\n<h3 data-start=\"4311\" data-end=\"4337\">\ud83d\udeab Nicht geeignet f\u00fcr<\/h3>\n<p data-start=\"4338\" data-end=\"4401\">\ud83d\udd39 Menschen mit Mobilit\u00e4tsproblemen<br data-start=\"4368\" data-end=\"4371\" \/>\ud83d\udd39 Kleinkinder unter 2 Jahren<\/p>\n<h3 dir=\"ltr\">\ud83d\udcb8\u00a0<strong>Preis und Buchung<\/strong><\/h3>\n<p dir=\"ltr\"><strong>\ud83d\udd39 Jetzt buchen, am Tag der Tour bezahlen<\/strong><br \/>\nKontaktiere uns \u00fcber WhatsApp, Telegram, Viber oder f\u00fclle das Buchungsformular unten aus.<\/p>\n<h3 data-start=\"2032\" data-end=\"2058\">\u2139\ufe0f N\u00fctzliche Informationen<\/h3>\n<p data-start=\"2060\" data-end=\"2200\">\ud83d\udd39 Dauer: ca. 5-5,5 Stunden<br data-start=\"2092\" data-end=\"2095\" \/>\ud83d\udd39 T\u00e4gliche Abfahrten am Morgen\u00a0<br data-start=\"2136\" data-end=\"2139\" \/>\ud83d\udd39 Keine Erfahrung erforderlich<br data-start=\"2164\" data-end=\"2167\" \/>\ud83d\udd39 Komfortable Tour in kleinen Gruppen<\/p>\n<h3 data-start=\"2202\" data-end=\"2226\">\ud83d\udeab Nicht geeignet f\u00fcr<\/h3>\n<p data-start=\"2228\" data-end=\"2297\">\ud83d\udd39 Schwangere Frauen<br data-start=\"2245\" data-end=\"2248\" \/>\ud83d\udd39 G\u00e4ste mit schweren R\u00fccken- oder Herzerkrankungen<\/p>\n<h3 data-start=\"2299\" data-end=\"2320\">\ud83c\udf92 Was Sie mitbringen sollten<\/h3>\n<p data-start=\"2322\" data-end=\"2422\">\ud83d\udd39 Sonnenbrille, Hut und Sonnenschutzmittel<br data-start=\"2355\" data-end=\"2358\" \/>\ud83d\udd39 Bequeme Kleidung und Bademode<br data-start=\"2393\" data-end=\"2396\" \/>\ud83d\udd39 Kleines Geld f\u00fcr Extras<\/p>\n<div class=\"elementor-element elementor-element-884d539 e-con-full e-flex e-con e-child\" data-id=\"884d539\" data-element_type=\"container\">\n<div id=\"description\" class=\"elementor-element elementor-element-337037cc elementor-widget elementor-widget-thim-ekits-tours-content\" data-id=\"337037cc\" data-element_type=\"widget\" data-widget_type=\"thim-ekits-tours-content.default\">\n<div class=\"elementor-widget-container\">\n<h3 class=\"thim-ekit-single-tour__content\">\ud83d\udcb8\u00a0<strong data-start=\"3780\" data-end=\"3801\">Preis und Buchung<\/strong><\/h3>\n<div class=\"thim-ekit-single-tour__content\">\n<p data-start=\"3803\" data-end=\"3931\"><strong>\ud83d\udd39 Jetzt buchen, am Tag der Tour bezahlen<\/strong><br data-start=\"3842\" data-end=\"3845\" \/>\ud83d\udd39 Kontaktiere uns \u00fcber WhatsApp, Telegram, Viber oder f\u00fclle das Buchungsformular unten aus \ud83d\udc47\ud83c\udffc<\/p>\n<\/div>\n<\/div>\n<\/div>\n<\/div>","protected":false},"excerpt":{"rendered":"<p>Buchen Sie die <b>Belek Antalya Aquarium Tour<\/b>! Halbtags <b>Ausflug<\/b> um die 131m zu sehen <strong>Tunnelaquarium<\/strong> und Snow World. Spa\u00df f\u00fcr die Familie <b>Reise<\/b>. <b>Transfer inklusive<\/b>.<\/p>","protected":false},"featured_media":12743,"comment_status":"open","ping_status":"closed","template":"","meta":[],"product_brand":[],"product_cat":[126],"product_tag":[120],"class_list":{"0":"post-15334","1":"product","2":"type-product","3":"status-publish","4":"has-post-thumbnail","6":"tour_phys-belek-tours","7":"product_cat-belek-tours","8":"product_tag-belek","9":"pa_destination-belek-tours","11":"first","12":"instock","13":"sale","14":"shipping-taxable","15":"purchasable","16":"product-type-tour_phys"},"aioseo_notices":[],"_links":{"self":[{"href":"https:\/\/excursionsworld.com\/de\/wp-json\/wp\/v2\/product\/15334","targetHints":{"allow":["GET"]}}],"collection":[{"href":"https:\/\/excursionsworld.com\/de\/wp-json\/wp\/v2\/product"}],"about":[{"href":"https:\/\/excursionsworld.com\/de\/wp-json\/wp\/v2\/types\/product"}],"replies":[{"embeddable":true,"href":"https:\/\/excursionsworld.com\/de\/wp-json\/wp\/v2\/comments?post=15334"}],"wp:featuredmedia":[{"embeddable":true,"href":"https:\/\/excursionsworld.com\/de\/wp-json\/wp\/v2\/media\/12743"}],"wp:attachment":[{"href":"https:\/\/excursionsworld.com\/de\/wp-json\/wp\/v2\/media?parent=15334"}],"wp:term":[{"taxonomy":"product_brand","embeddable":true,"href":"https:\/\/excursionsworld.com\/de\/wp-json\/wp\/v2\/product_brand?post=15334"},{"taxonomy":"product_cat","embeddable":true,"href":"https:\/\/excursionsworld.com\/de\/wp-json\/wp\/v2\/product_cat?post=15334"},{"taxonomy":"product_tag","embeddable":true,"href":"https:\/\/excursionsworld.com\/de\/wp-json\/wp\/v2\/product_tag?post=15334"}],"curies":[{"name":"wp","href":"https:\/\/api.w.org\/{rel}","templated":true}]}}