{"id":15337,"date":"2025-10-26T13:52:54","date_gmt":"2025-10-26T10:52:54","guid":{"rendered":"https:\/\/excursionsworld.com\/?post_type=product&#038;p=15337"},"modified":"2025-11-21T22:22:29","modified_gmt":"2025-11-21T19:22:29","slug":"reiten-side","status":"publish","type":"product","link":"https:\/\/excursionsworld.com\/tours\/side-horseback-riding-tour\/","title":{"rendered":"Ausflug Reiten in Side \u2013 Pferdetour durch Natur &amp; Str\u00e4nde"},"content":{"rendered":"<h3 data-start=\"251\" data-end=\"269\">\ud83d\udc34 \u00dcberblick<\/h3>\n<p data-start=\"271\" data-end=\"623\">Erleben Sie die Ruhe und Sch\u00f6nheit der Natur auf dem <strong data-start=\"320\" data-end=\"346\">Side Riding Tour<\/strong>, eine entspannende und unvergessliche Reise durch die malerischen Landschaften von Side und Manavgat. Diese Tour ist sowohl f\u00fcr Anf\u00e4nger als auch f\u00fcr erfahrene Reiter geeignet. Auf gut ausgebildeten Araberpferden und einheimischen Pferden k\u00f6nnen Sie W\u00e4lder, Zitrushaine und Str\u00e4nde erkunden und dabei in Kontakt mit der Natur kommen.<\/p>\n<h3 data-start=\"625\" data-end=\"640\">Inbegriffen:<\/h3>\n<p data-start=\"642\" data-end=\"800\"><span style=\"color: #00ff00;\"><strong>\u2713<\/strong> <\/span>Abholung vom Hotel und R\u00fccktransport<br data-start=\"669\" data-end=\"672\" \/><span style=\"color: #00ff00;\"><strong>\u2713<\/strong> <\/span>Professioneller Ausbilder und F\u00fchrer<br data-start=\"707\" data-end=\"710\" \/><span style=\"color: #00ff00;\"><strong>\u2713<\/strong> <\/span>Helm und Sicherheitseinweisung<br data-start=\"738\" data-end=\"741\" \/><span style=\"color: #00ff00;\"><strong>\u2713<\/strong> <\/span>Vollversicherung<br data-start=\"757\" data-end=\"760\" \/><span style=\"color: #00ff00;\"><strong>\u2713<\/strong> <\/span>1-st\u00fcndiger oder 2-st\u00fcndiger Ausritt m\u00f6glich<\/p>\n<h3 data-start=\"802\" data-end=\"821\">Nicht inbegriffen:<\/h3>\n<p data-start=\"823\" data-end=\"896\"><span style=\"color: #ff0000;\"><strong>\u2717<\/strong> <\/span>Getr\u00e4nke<br data-start=\"831\" data-end=\"834\" \/><span style=\"color: #ff0000;\"><strong>\u2717<\/strong> <\/span>Alkoholische Getr\u00e4nke<br data-start=\"855\" data-end=\"858\" \/><span style=\"color: #ff0000;\"><strong>\u2717<\/strong> <\/span>Pers\u00f6nliche Ausgaben (Fotos, Videos)<\/p>\n<h3 data-start=\"898\" data-end=\"923\">\ud83c\udf1f H\u00f6hepunkte der Tour<\/h3>\n<p data-start=\"925\" data-end=\"1250\">Reiten Sie durch \u00fcppige Kiefernw\u00e4lder, Obstg\u00e4rten und l\u00e4ndliche Pfade<br data-start=\"992\" data-end=\"995\" \/>\ud83d\udd39 Genie\u00dfen Sie eine friedliche Verbindung mit sanften, ausgebildeten Pferden<br data-start=\"1053\" data-end=\"1056\" \/>\ud83d\udd39 W\u00e4hlen Sie zwischen Wald-, Berg- oder Strandrouten<br data-start=\"1107\" data-end=\"1110\" \/>\ud83d\udd39 Beobachten Sie einen atemberaubenden Sonnenuntergang bei der 2-st\u00fcndigen Strandfahrt<br data-start=\"1172\" data-end=\"1175\" \/>\ud83d\udd39 Geeignet f\u00fcr alle Erfahrungsstufen - vor der Tour wird eine Schulung angeboten<\/p>\n<h3 data-start=\"1252\" data-end=\"1278\">\ud83d\udcd6 Vollst\u00e4ndige Beschreibung<\/h3>\n<div>Ihr Abenteuer beginnt mit einem komfortablen Hoteltransfer zum <strong data-start=\"1343\" data-end=\"1357\">Pferdehof<\/strong> nahe Seite. Bei Ihrer Ankunft erhalten Sie eine kurze Sicherheitseinweisung und eine Grundausbildung, damit Sie sich mit Ihrem Pferd vertraut machen k\u00f6nnen.<\/div>\n<div>Sie k\u00f6nnen dann Ihre bevorzugte Fahrtroute w\u00e4hlen:<\/div>\n<div data-start=\"1539\" data-end=\"1653\"><strong data-start=\"1539\" data-end=\"1554\">Landausflug:<\/strong> Ein entspannender Galopp entlang der Sandk\u00fcste von Side mit dem Mittelmeer als Kulisse.<\/div>\n<div data-start=\"1656\" data-end=\"1754\"><strong data-start=\"1656\" data-end=\"1678\">L\u00e4ndlicher Weg:<\/strong> Eine erfrischende Fahrt durch Pinienw\u00e4lder und Zitrushaine rund um Manavgat.<\/div>\n<div data-start=\"1757\" data-end=\"1874\"><strong data-start=\"1757\" data-end=\"1775\">Pathway Track:<\/strong> Eine landschaftlich reizvolle Strecke durch die Ausl\u00e4ufer des Taurusgebirges, die atemberaubende Panoramablicke bietet.<\/div>\n<div>F\u00fcr die 2-st\u00fcndige <strong data-start=\"1891\" data-end=\"1911\">Abenteuer Sonnenuntergang<\/strong>, Sie k\u00f6nnen sowohl einen Ausritt durch den Wald als auch einen zauberhaften Strandgalopp bei Sonnenuntergang genie\u00dfen - die perfekte Art, den Tag in Side ausklingen zu lassen.<\/div>\n<h3 data-start=\"2028\" data-end=\"2053\">\ud83d\uddfa\ufe0f Reiseverlauf<\/h3>\n<p data-start=\"2055\" data-end=\"2269\">\ud83d\udd39 Abholung von Ihrem Hotel<br data-start=\"2080\" data-end=\"2083\" \/>\ud83d\udd39 Ankunft auf der Horse Farm &amp; Sicherheitseinweisung<br data-start=\"2129\" data-end=\"2132\" \/>\ud83d\udd39 Reiten (1 oder 2 Stunden je nach Option)<br data-start=\"2191\" data-end=\"2194\" \/>\ud83d\udd39 Freie Zeit f\u00fcr Fotos und Entspannung<br data-start=\"2232\" data-end=\"2235\" \/>\ud83d\udd39 R\u00fccktransfer zu Ihrem Hotel<\/p>\n<h3 data-start=\"2271\" data-end=\"2299\">\u2139\ufe0f N\u00fctzliche Informationen<\/h3>\n<p data-start=\"2301\" data-end=\"2585\">\ud83d\udd39 Es ist keine vorherige Reiterfahrung erforderlich - eine Grundausbildung wird angeboten<br data-start=\"2368\" data-end=\"2371\" \/>\ud83d\udd39 Bequeme Kleidung und geschlossene Schuhe empfohlen<br data-start=\"2422\" data-end=\"2425\" \/>\ud83d\udd39 Kinder k\u00f6nnen unter Aufsicht von Erwachsenen teilnehmen<br data-start=\"2469\" data-end=\"2472\" \/>\ud83d\udd39 Die Dauer h\u00e4ngt von der gew\u00e4hlten Option ab (1 oder 2 Stunden)<br data-start=\"2529\" data-end=\"2532\" \/>\ud83d\udd39 Die Aktivit\u00e4t findet t\u00e4glich statt und ist wetterabh\u00e4ngig<\/p>\n<h3 data-start=\"2587\" data-end=\"2610\">\ud83c\udf92 Was Sie mitbringen sollten<\/h3>\n<p data-start=\"2612\" data-end=\"2738\">\ud83d\udd39 Bequeme Kleidung und Schuhe<br data-start=\"2644\" data-end=\"2647\" \/>\ud83d\udd39 Sonnenbrillen und Kopfbedeckungen<br data-start=\"2673\" data-end=\"2676\" \/>\ud83d\udd39 Sonnenschutzmittel<br data-start=\"2688\" data-end=\"2691\" \/>\ud83d\udd39 Wasser und etwas Bargeld f\u00fcr pers\u00f6nliche Ausgaben<\/p>\n<h3 data-start=\"2740\" data-end=\"2766\">\ud83d\udeab Nicht geeignet f\u00fcr<\/h3>\n<p data-start=\"2768\" data-end=\"2858\">\ud83d\udd39 Menschen mit R\u00fccken- oder Nackenproblemen<br data-start=\"2804\" data-end=\"2807\" \/>\ud83d\udd39 Schwangere Frauen<br data-start=\"2824\" data-end=\"2827\" \/>\ud83d\udd39 Kinder unter 5 Jahren<\/p>\n<h3 data-start=\"2974\" data-end=\"3001\">\ud83d\udcb8 Preis und Buchung<\/h3>\n<p data-start=\"3003\" data-end=\"3127\"><strong>\ud83d\udd39 Jetzt buchen, am Tag der Tour bezahlen<\/strong><br data-start=\"3042\" data-end=\"3045\" \/>\ud83d\udd39 Kontaktieren Sie uns \u00fcber WhatsApp, Telegram oder Viber f\u00fcr Reservierungen und Details \ud83d\udc47\ud83c\udffd<\/p>","protected":false},"excerpt":{"rendered":"<p>Buchen Sie die <b>Side Riding Tour<\/b>! W\u00e4hlen Sie Ihre Route: Wald, Berge, oder <b>Strandgalopp bei Sonnenuntergang<\/b>. Enth\u00e4lt <b>Transfer, Ausbildung und Helm<\/b>. Unvergessliche Natur <b>Ausflug<\/b>!<\/p>","protected":false},"featured_media":15133,"comment_status":"open","ping_status":"closed","template":"","meta":[],"product_brand":[],"product_cat":[127],"product_tag":[122],"class_list":{"0":"post-15337","1":"product","2":"type-product","3":"status-publish","4":"has-post-thumbnail","6":"tour_phys-side-tours","7":"product_cat-side-tours","8":"product_tag-side","9":"pa_destination-side-tours","11":"first","12":"instock","13":"sale","14":"shipping-taxable","15":"purchasable","16":"product-type-tour_phys"},"aioseo_notices":[],"_links":{"self":[{"href":"https:\/\/excursionsworld.com\/de\/wp-json\/wp\/v2\/product\/15337","targetHints":{"allow":["GET"]}}],"collection":[{"href":"https:\/\/excursionsworld.com\/de\/wp-json\/wp\/v2\/product"}],"about":[{"href":"https:\/\/excursionsworld.com\/de\/wp-json\/wp\/v2\/types\/product"}],"replies":[{"embeddable":true,"href":"https:\/\/excursionsworld.com\/de\/wp-json\/wp\/v2\/comments?post=15337"}],"wp:featuredmedia":[{"embeddable":true,"href":"https:\/\/excursionsworld.com\/de\/wp-json\/wp\/v2\/media\/15133"}],"wp:attachment":[{"href":"https:\/\/excursionsworld.com\/de\/wp-json\/wp\/v2\/media?parent=15337"}],"wp:term":[{"taxonomy":"product_brand","embeddable":true,"href":"https:\/\/excursionsworld.com\/de\/wp-json\/wp\/v2\/product_brand?post=15337"},{"taxonomy":"product_cat","embeddable":true,"href":"https:\/\/excursionsworld.com\/de\/wp-json\/wp\/v2\/product_cat?post=15337"},{"taxonomy":"product_tag","embeddable":true,"href":"https:\/\/excursionsworld.com\/de\/wp-json\/wp\/v2\/product_tag?post=15337"}],"curies":[{"name":"wp","href":"https:\/\/api.w.org\/{rel}","templated":true}]}}