{"id":15338,"date":"2025-10-26T14:25:16","date_gmt":"2025-10-26T11:25:16","guid":{"rendered":"https:\/\/excursionsworld.com\/?post_type=product&#038;p=15338"},"modified":"2026-04-24T01:27:02","modified_gmt":"2026-04-23T22:27:02","slug":"belek-reittour","status":"publish","type":"product","link":"https:\/\/excursionsworld.com\/tours\/belek-horseback-riding-tour\/","title":{"rendered":"Belek: Reittour \u2013 Ausritt in die Natur"},"content":{"rendered":"<h2>\ud83d\udc34 \u00dcberblick<\/h2>\n<p>Genie\u00dfen Sie ein friedliches und aufregendes Reiterlebnis in <a href=\"https:\/\/en.wikipedia.org\/wiki\/Belek\" target=\"_blank\" rel=\"noopener\">Belek<\/a> \u2014 durch die \u00fcppigen Kiefernw\u00e4lder und goldenen Sandstr\u00e4nde des Lara Beach. Diese entspannende Tour ist sowohl f\u00fcr Anf\u00e4nger als auch f\u00fcr erfahrene Reiter geeignet und kombiniert die Sch\u00f6nheit der Natur mit der Freude am Reiten auf ruhigen und freundlichen Pferden entlang der Mittelmeerk\u00fcste.<\/p>\n<h3>\u00a0Inbegriffen:<\/h3>\n<p><span style=\"color: #00ff00;\"><strong>\u2713<\/strong> <\/span>Abholung vom Hotel und R\u00fccktransport<br \/>\n<span style=\"color: #00ff00;\"><strong>\u2713<\/strong> <\/span>Professioneller Reisef\u00fchrer- und Trainerservice<br \/>\n<span style=\"color: #00ff00;\"><strong>\u2713<\/strong> <\/span>Ungef\u00e4hr 1 Stunde 40 Minuten Reiten<br \/>\n<span style=\"color: #00ff00;\"><strong>\u2713<\/strong> <\/span>Die gesamte Reitausr\u00fcstung (Helm, etc.)<br \/>\n<span style=\"color: #00ff00;\"><strong>\u2713<\/strong> <\/span>Vollversicherung<\/p>\n<h3>\u00a0Nicht inbegriffen:<\/h3>\n<p><strong><span style=\"color: #ff0000;\">\u2717<\/span> <\/strong>Essen und Getr\u00e4nke<br \/>\n<strong><span style=\"color: #ff0000;\">\u2717<\/span> <\/strong>Pers\u00f6nliche Ausgaben<br \/>\n<strong><span style=\"color: #ff0000;\">\u2717<\/span> <\/strong>Fotos und Videos (optionaler Kauf)<\/p>\n<h2>\ud83c\udf1f Tour Highlights dieser Reittour in Belek<\/h2>\n<p>\ud83d\udd39 Genie\u00dfen Sie einen Ausritt durch Pinienw\u00e4lder und entlang des Lara Beach<br \/>\nAtmen Sie die frische Waldluft ein und genie\u00dfen Sie den Blick auf das Mittelmeer<br \/>\n\ud83d\udd39 Sichere, ruhige und gut ausgebildete Pferde, die f\u00fcr jedes Niveau geeignet sind<br \/>\n\ud83d\udd39 Professionelle Ausbilder und F\u00fchrer f\u00fcr Ihre Sicherheit und Ihren Komfort<br \/>\n\ud83d\udd39 M\u00f6glichkeit, w\u00e4hrend der Fahrt Erinnerungsfotos und -videos zu machen<\/p>\n<h2>\ud83d\udcd6 Vollst\u00e4ndige Beschreibung: Ihre Reitererfahrung in Belek<\/h2>\n<p>Die Belek-Reittour beginnt mit der Abholung von Ihrem Hotel und einem bequemen Transfer zur Pferderanch in der N\u00e4he des Lara-Strandes. Nach einer kurzen Sicherheitseinweisung durch professionelle Ausbilder beginnen Sie Ihre Reise durch die friedlichen Pinienw\u00e4lder.<br \/>\nDas Abenteuer geht weiter entlang der K\u00fcste, wo Sie die Meeresbrise sp\u00fcren und den t\u00fcrkisfarbenen Blick auf das Mittelmeer genie\u00dfen k\u00f6nnen.<br \/>\nDie Gesamtdauer des Ausritts betr\u00e4gt etwa 1 Stunde und 40 Minuten und ist somit f\u00fcr alle Altersgruppen und Erfahrungsstufen geeignet. Nach der R\u00fcckkehr zur Farm haben Sie Zeit, sich auszuruhen und optionale Fotos und Videos anzusehen oder zu kaufen, bevor Sie zu Ihrem Hotel zur\u00fcckgebracht werden.<\/p>\n<h3>\ud83d\uddfa\ufe0f Reiseverlauf<\/h3>\n<p>\ud83d\udd39 Abholung vom Hotel in Belek und Umgebung<br \/>\n\ud83d\udd39 Ankunft auf der Pferderanch bei Lara Beach<br \/>\n\ud83d\udd39 Sicherheitseinweisung und Ausr\u00fcstungspr\u00fcfung<br \/>\n\ud83d\udd39 Ausritt durch den Pinienwald und entlang der K\u00fcste<br \/>\n\ud83d\udd39 R\u00fcckkehr zur Ranch und freie Zeit f\u00fcr Fotos<br \/>\n\ud83d\udd39 Transfer zur\u00fcck zu Ihrem Hotel<\/p>\n<h3>\u2139\ufe0f N\u00fctzliche Informationen<\/h3>\n<p>\ud83d\udd39 Dauer: Ungef\u00e4hr 3,5-4 Stunden (einschlie\u00dflich Transfer)<br \/>\nReitzeit: 1 Stunde 40 Minuten<br \/>\n\ud83d\udd39 Maximales Gewicht: 100 kg<br \/>\n\ud83d\udd39 Mindestalter: 8 Jahre (um allein zu fahren, mit Genehmigung des Ausbilders)<br \/>\n\ud83d\udd39 Ruhige und ausgebildete Pferde f\u00fcr Anf\u00e4nger geeignet<br \/>\n\ud83d\udd39 Nicht erlaubt f\u00fcr schwangere oder berauschte G\u00e4ste<\/p>\n<h2>\ud83c\udf92 Was Sie mitbringen sollten<\/h2>\n<p>\ud83d\udd39 Bequeme Kleidung und geschlossene Schuhe<br \/>\n\ud83d\udd39 Sonnenbrille und Sonnenschutzmittel<br \/>\n\ud83d\udd39 Kamera oder Smartphone f\u00fcr Fotos<br \/>\n\ud83d\udd39 Bargeld f\u00fcr optionale K\u00e4ufe<\/p>\n<h3>\ud83d\udeab Nicht geeignet f\u00fcr<\/h3>\n<p>\ud83d\udd39 Schwangere Frauen<br \/>\n\ud83d\udd39 Personen mit einem Gewicht von \u00fcber 100 kg<br \/>\n\ud83d\udd39 Menschen mit Mobilit\u00e4tsproblemen<\/p>\n<div class=\"elementor-element elementor-element-884d539 e-con-full e-flex e-con e-child\" data-id=\"884d539\" data-element_type=\"container\">\n<div id=\"description\" class=\"elementor-element elementor-element-337037cc elementor-widget elementor-widget-thim-ekits-tours-content\" data-id=\"337037cc\" data-element_type=\"widget\" data-widget_type=\"thim-ekits-tours-content.default\">\n<div class=\"elementor-widget-container\">\n<h2 class=\"thim-ekit-single-tour__content\">\ud83d\udcb8\u00a0<strong>Preis und Buchung<\/strong><\/h2>\n<div class=\"thim-ekit-single-tour__content\">\n<p><strong>\ud83d\udd39 Jetzt buchen, am Tag der Tour bezahlen<\/strong><br \/>\n\ud83d\udd39 Kontaktiere uns \u00fcber WhatsApp, Telegram, Viber oder f\u00fclle das Buchungsformular unten aus \ud83d\udc47\ud83c\udffc<\/p>\n<\/div>\n<\/div>\n<\/div>\n<\/div>\n<p>Alternativen gesucht? St\u00f6bern Sie <a href=\"https:\/\/excursionsworld.com\/de\/belek-ausfluege\/\">Weitere Touren in Belek<\/a>.<\/p>","protected":false},"excerpt":{"rendered":"<p>Buchen Sie die <b>Belek-Reittour<\/b>! Genie\u00dfen Sie eine <b>100-min\u00fctige Fahrt<\/b> durch Lara Beach und Kiefer <b>W\u00e4lder<\/b>. Spa\u00df, landschaftlich sch\u00f6n <b>Ausflug<\/b> mit professionellen F\u00fchrern. <b>Transfer inklusive<\/b>!<\/p>","protected":false},"featured_media":15133,"comment_status":"open","ping_status":"closed","template":"","meta":[],"product_brand":[],"product_cat":[126],"product_tag":[120],"class_list":{"0":"post-15338","1":"product","2":"type-product","3":"status-publish","4":"has-post-thumbnail","6":"tour_phys-belek-tours","7":"product_cat-belek-tours","8":"product_tag-belek","9":"pa_destination-belek-tours","11":"first","12":"instock","13":"sale","14":"shipping-taxable","15":"purchasable","16":"product-type-tour_phys"},"aioseo_notices":[],"_links":{"self":[{"href":"https:\/\/excursionsworld.com\/de\/wp-json\/wp\/v2\/product\/15338","targetHints":{"allow":["GET"]}}],"collection":[{"href":"https:\/\/excursionsworld.com\/de\/wp-json\/wp\/v2\/product"}],"about":[{"href":"https:\/\/excursionsworld.com\/de\/wp-json\/wp\/v2\/types\/product"}],"replies":[{"embeddable":true,"href":"https:\/\/excursionsworld.com\/de\/wp-json\/wp\/v2\/comments?post=15338"}],"wp:featuredmedia":[{"embeddable":true,"href":"https:\/\/excursionsworld.com\/de\/wp-json\/wp\/v2\/media\/15133"}],"wp:attachment":[{"href":"https:\/\/excursionsworld.com\/de\/wp-json\/wp\/v2\/media?parent=15338"}],"wp:term":[{"taxonomy":"product_brand","embeddable":true,"href":"https:\/\/excursionsworld.com\/de\/wp-json\/wp\/v2\/product_brand?post=15338"},{"taxonomy":"product_cat","embeddable":true,"href":"https:\/\/excursionsworld.com\/de\/wp-json\/wp\/v2\/product_cat?post=15338"},{"taxonomy":"product_tag","embeddable":true,"href":"https:\/\/excursionsworld.com\/de\/wp-json\/wp\/v2\/product_tag?post=15338"}],"curies":[{"name":"wp","href":"https:\/\/api.w.org\/{rel}","templated":true}]}}