{"id":15339,"date":"2025-10-26T14:37:15","date_gmt":"2025-10-26T11:37:15","guid":{"rendered":"https:\/\/excursionsworld.com\/?post_type=product&#038;p=15339"},"modified":"2025-11-21T17:52:29","modified_gmt":"2025-11-21T14:52:29","slug":"reiten-antalya-natur","status":"publish","type":"product","link":"https:\/\/excursionsworld.com\/tours\/antalya-horseback-riding\/","title":{"rendered":"Antalya Reitausflug\u2013 Durch die Natur reiten"},"content":{"rendered":"<h3 data-start=\"297\" data-end=\"313\">\ud83d\udc34 \u00dcberblick<\/h3>\n<p data-start=\"339\" data-end=\"664\">Nehmen Sie an einem unvergesslichen 60-min\u00fctigen Reitabenteuer durch die malerischen W\u00e4lder und goldenen Str\u00e4nde von Lara in Antalya teil. Diese kurze, aber erf\u00fcllende Tour ist perfekt f\u00fcr Anf\u00e4nger und erfahrene Reiter, die die Natur, die frische Luft und die Freiheit beim Reiten auf sanften, gut ausgebildeten Pferden entlang der Mittelmeerk\u00fcste genie\u00dfen m\u00f6chten.<\/p>\n<h3 data-start=\"666\" data-end=\"681\">\u00a0Inbegriffen:<\/h3>\n<p data-start=\"682\" data-end=\"906\"><span style=\"color: #00ff00;\"><strong>\u2713<\/strong> <\/span>Abholung vom Hotel und R\u00fccktransport\u00a0<br data-start=\"741\" data-end=\"744\" \/><span style=\"color: #00ff00;\"><strong>\u2713<\/strong> <\/span>Professioneller Reisef\u00fchrer- und Trainerservice<br data-start=\"784\" data-end=\"787\" \/><span style=\"color: #00ff00;\"><strong>\u2713<\/strong> <\/span>60 Minuten Reiten<br data-start=\"819\" data-end=\"822\" \/><span style=\"color: #00ff00;\"><strong>\u2713<\/strong> <\/span>Alle Sicherheitsausr\u00fcstungen (Helm, usw.)<br data-start=\"859\" data-end=\"862\" \/><span style=\"color: #00ff00;\"><strong>\u2713<\/strong> <\/span>Grundlegende Reitausbildung<br data-start=\"885\" data-end=\"888\" \/><span style=\"color: #00ff00;\"><strong>\u2713<\/strong> <\/span>Vollversicherung<\/p>\n<h3 data-start=\"908\" data-end=\"927\">\u00a0Nicht inbegriffen:<\/h3>\n<p data-start=\"928\" data-end=\"969\"><span style=\"color: #ff0000;\"><strong>\u2717<\/strong> <\/span>Getr\u00e4nke und Essen<br data-start=\"945\" data-end=\"948\" \/><span style=\"color: #ff0000;\"><strong>\u2717<\/strong> <\/span>Pers\u00f6nliche Ausgaben<\/p>\n<h3 data-start=\"971\" data-end=\"994\">\ud83c\udf1f H\u00f6hepunkte der Tour<\/h3>\n<p data-start=\"995\" data-end=\"1349\">\ud83d\udd39 Reiten Sie durch die gr\u00fcnen Pinienw\u00e4lder und sandigen Pfade von Lara<br data-start=\"1057\" data-end=\"1060\" \/>\ud83d\udd39 Genie\u00dfen Sie das entspannende Erlebnis des Strandreitens am Mittelmeer<br data-start=\"1129\" data-end=\"1132\" \/>\ud83d\udd39 Ruhige und freundliche Pferde, die perfekt auf Ihre Gr\u00f6\u00dfe und Ihr K\u00f6nnen abgestimmt sind<br data-start=\"1205\" data-end=\"1208\" \/>\ud83d\udd39 Erlernen der Grundtechniken des Reitens von professionellen Ausbildern<br data-start=\"1273\" data-end=\"1276\" \/>\ud83d\udd39 Ideal f\u00fcr Erwachsene und Kinder - keine Vorkenntnisse erforderlich<\/p>\n<h3 data-start=\"1351\" data-end=\"1375\">\ud83d\udcd6 Vollst\u00e4ndige Beschreibung<\/h3>\n<p data-start=\"1376\" data-end=\"2088\">Die Antalya-Reittour beginnt mit einer bequemen Abholung vom Hotel und dem Transfer zu einer professionellen Pferderanch in der Gegend von Lara. Nach der Ankunft geben Ihnen professionelle Ausbilder eine kurze Trainingseinheit und stellen Ihnen ein Pferd zur Verf\u00fcgung, das Ihrer Erfahrung und Ihrem Komfort entspricht.<br data-start=\"1655\" data-end=\"1658\" \/>Ihr 60-min\u00fctiger Ausritt f\u00fchrt Sie zun\u00e4chst durch wundersch\u00f6ne Waldwege, bevor Sie den herrlichen Strand erreichen, wo Sie Ihr Pferd im Trab oder zu Fu\u00df am Ufer entlang reiten, die sanfte Meeresbrise sp\u00fcren und das t\u00fcrkisfarbene Wasser des Mittelmeers bewundern k\u00f6nnen.<br data-start=\"1898\" data-end=\"1901\" \/>Die Tour ist sowohl entspannend als auch lehrreich und bietet Anf\u00e4ngern eine sichere Einf\u00fchrung in das Reiten, w\u00e4hrend erfahrene Reiter einen ruhigen und landschaftlich reizvollen Ausritt in der Natur genie\u00dfen k\u00f6nnen.<\/p>\n<h3 data-start=\"2090\" data-end=\"2113\">\ud83d\uddfa\ufe0f Reiseverlauf<\/h3>\n<p data-start=\"2114\" data-end=\"2412\">\ud83d\udd39 Abholung vom Hotel in Antalya und Umgebung<br data-start=\"2159\" data-end=\"2162\" \/>\ud83d\udd39 Ankunft auf der Pferdefarm in der Region Lara<br data-start=\"2210\" data-end=\"2213\" \/>\ud83d\udd39 Sicherheitseinweisung und Basis-Fahrtraining<br data-start=\"2260\" data-end=\"2263\" \/>\ud83d\udd39 60-min\u00fctiger gef\u00fchrter Ausritt durch Wald- und Strandpfade<br data-start=\"2327\" data-end=\"2330\" \/>\ud83d\udd39 R\u00fcckkehr zur Ranch und freie Zeit f\u00fcr Fotos<br data-start=\"2377\" data-end=\"2380\" \/>\ud83d\udd39 Transfer zur\u00fcck zu Ihrem Hotel<\/p>\n<h3 data-start=\"2414\" data-end=\"2440\">\u2139\ufe0f N\u00fctzliche Informationen<\/h3>\n<p data-start=\"2441\" data-end=\"2686\">\ud83d\udd39 Dauer: Ungef\u00e4hr 2,5-3 Stunden (einschlie\u00dflich Transfer)<br data-start=\"2500\" data-end=\"2503\" \/>\ud83d\udd39 Fahrzeit: 60 Minuten<br data-start=\"2529\" data-end=\"2532\" \/>\ud83d\udd39 Maximales Gewicht: 100 kg<br data-start=\"2563\" data-end=\"2566\" \/>\ud83d\udd39 Geeignet f\u00fcr alle Erfahrungsstufen<br data-start=\"2603\" data-end=\"2606\" \/>\ud83d\udd39 Ruhige und trainierte Pferde<br data-start=\"2632\" data-end=\"2635\" \/>\ud83d\udd39 Nicht erlaubt f\u00fcr schwangere oder berauschte G\u00e4ste<\/p>\n<h3 data-start=\"2688\" data-end=\"2709\">\ud83c\udf92 Was Sie mitbringen sollten<\/h3>\n<p data-start=\"2710\" data-end=\"2852\">\ud83d\udd39 Bequeme Kleidung und geschlossene Schuhe<br data-start=\"2750\" data-end=\"2753\" \/>\ud83d\udd39 Sonnenbrille und Sonnenschutzmittel<br data-start=\"2780\" data-end=\"2783\" \/>\ud83d\udd39 Kamera oder Smartphone f\u00fcr Fotos<br data-start=\"2817\" data-end=\"2820\" \/>\ud83d\udd39 Bargeld f\u00fcr optionale K\u00e4ufe<\/p>\n<h3 data-start=\"2854\" data-end=\"2878\">\ud83d\udeab Nicht geeignet f\u00fcr<\/h3>\n<p data-start=\"2879\" data-end=\"2964\">\ud83d\udd39 Schwangere Frauen<br data-start=\"2896\" data-end=\"2899\" \/>\ud83d\udd39 Personen mit einem Gewicht von \u00fcber 100 kg<br data-start=\"2929\" data-end=\"2932\" \/>\ud83d\udd39 Menschen mit Mobilit\u00e4tsproblemen<\/p>\n<h3 data-start=\"2966\" data-end=\"2991\">\ud83d\udcb8 Preis und Buchung<\/h3>\n<p data-start=\"2992\" data-end=\"3116\"><strong>\ud83d\udd39 Jetzt buchen, am Tag der Tour bezahlen<\/strong><br data-start=\"3031\" data-end=\"3034\" \/>\ud83d\udd39 Kontaktieren Sie uns \u00fcber WhatsApp, Telegram oder Viber f\u00fcr die Buchung und weitere Details \ud83d\udc47\ud83c\udffc<\/p>","protected":false},"excerpt":{"rendered":"<p>Buchen Sie die <b>Antalya Horse Riding Tour<\/b>! Genie\u00dfen Sie eine <b>60-minute safari<\/b> through <b>Lara&#8217;s forests and beaches<\/b>. Perfekt <b>Abenteuer<\/b> for all levels. <b>Transfer and helmet included<\/b>.<\/p>","protected":false},"featured_media":15133,"comment_status":"open","ping_status":"closed","template":"","meta":[],"product_brand":[],"product_cat":[125],"product_tag":[107],"class_list":{"0":"post-15339","1":"product","2":"type-product","3":"status-publish","4":"has-post-thumbnail","6":"tour_phys-antalya-tours","7":"product_cat-antalya-tours","8":"product_tag-antalya","9":"pa_destination-antalya-tours","11":"first","12":"instock","13":"sale","14":"shipping-taxable","15":"purchasable","16":"product-type-tour_phys"},"aioseo_notices":[],"_links":{"self":[{"href":"https:\/\/excursionsworld.com\/de\/wp-json\/wp\/v2\/product\/15339","targetHints":{"allow":["GET"]}}],"collection":[{"href":"https:\/\/excursionsworld.com\/de\/wp-json\/wp\/v2\/product"}],"about":[{"href":"https:\/\/excursionsworld.com\/de\/wp-json\/wp\/v2\/types\/product"}],"replies":[{"embeddable":true,"href":"https:\/\/excursionsworld.com\/de\/wp-json\/wp\/v2\/comments?post=15339"}],"wp:featuredmedia":[{"embeddable":true,"href":"https:\/\/excursionsworld.com\/de\/wp-json\/wp\/v2\/media\/15133"}],"wp:attachment":[{"href":"https:\/\/excursionsworld.com\/de\/wp-json\/wp\/v2\/media?parent=15339"}],"wp:term":[{"taxonomy":"product_brand","embeddable":true,"href":"https:\/\/excursionsworld.com\/de\/wp-json\/wp\/v2\/product_brand?post=15339"},{"taxonomy":"product_cat","embeddable":true,"href":"https:\/\/excursionsworld.com\/de\/wp-json\/wp\/v2\/product_cat?post=15339"},{"taxonomy":"product_tag","embeddable":true,"href":"https:\/\/excursionsworld.com\/de\/wp-json\/wp\/v2\/product_tag?post=15339"}],"curies":[{"name":"wp","href":"https:\/\/api.w.org\/{rel}","templated":true}]}}