{"id":15342,"date":"2025-10-26T16:43:09","date_gmt":"2025-10-26T13:43:09","guid":{"rendered":"https:\/\/excursionsworld.com\/?post_type=product&#038;p=15342"},"modified":"2025-12-09T20:51:58","modified_gmt":"2025-12-09T17:51:58","slug":"delfinshow-schwimmen-antalya","status":"publish","type":"product","link":"https:\/\/excursionsworld.com\/tours\/dolphin-show-swim-antalya\/","title":{"rendered":"Delfinshow Antalya &amp; Schwimmen mit Delfinen \u2013 Familien Spa\u00df"},"content":{"rendered":"<h3 data-start=\"307\" data-end=\"323\">\ud83d\udc2c \u00dcberblick<\/h3>\n<p data-start=\"324\" data-end=\"657\">Genie\u00dfen Sie eine unterhaltsame und lehrreiche Erfahrung im <strong data-start=\"377\" data-end=\"401\">Antalya Delphin Show<\/strong>, wo Familien und Tierliebhaber die intelligentesten und freundlichsten Kreaturen des Ozeans treffen k\u00f6nnen - Delfine, Pelzrobben und Belugawale. Diese Show kombiniert Unterhaltung, Bildung und emotionale Bindung in einem magischen Erlebnis, das f\u00fcr alle Altersgruppen geeignet ist.<\/p>\n<h3 data-start=\"659\" data-end=\"674\">\u00a0Inbegriffen:<\/h3>\n<p data-start=\"675\" data-end=\"864\"><span style=\"color: #00ff00;\"><strong>\u2713<\/strong> <\/span>Abholung vom Hotel und R\u00fccktransport\u00a0<br data-start=\"734\" data-end=\"737\" \/><span style=\"color: #00ff00;\"><strong>\u2713<\/strong> <\/span>Eintrittskarte f\u00fcr das Delphinarium<br data-start=\"774\" data-end=\"777\" \/><span style=\"color: #00ff00;\"><strong>\u2713<\/strong> <\/span>Professionelle Unterst\u00fctzung durch Reisef\u00fchrer<br data-start=\"808\" data-end=\"811\" \/><span style=\"color: #00ff00;\"><strong>\u2713<\/strong> <\/span>Komfortabler Transport mit A\/C<br data-start=\"843\" data-end=\"846\" \/><span style=\"color: #00ff00;\"><strong>\u2713<\/strong> <\/span>Vollversicherung<\/p>\n<h3 data-start=\"866\" data-end=\"885\">\u00a0Nicht inbegriffen:<\/h3>\n<div data-start=\"886\" data-end=\"983\"><span style=\"color: #ff0000;\"><strong>\u2717<\/strong><\/span>\u00a0Schwimmen mit Delphinen (optional)<\/div>\n<div data-start=\"886\" data-end=\"983\"><span style=\"color: #ff0000;\"><strong>\u2717<\/strong><\/span>Essen und Getr\u00e4nke<br data-start=\"903\" data-end=\"906\" \/><span style=\"color: #ff0000;\"><strong>\u2717<\/strong><\/span>Fotos und Videos mit Delfinen (optionaler Kauf)<\/div>\n<h3 data-start=\"985\" data-end=\"1008\">\ud83c\udf1f H\u00f6hepunkte der Tour<\/h3>\n<p data-start=\"1009\" data-end=\"1381\">\ud83d\udd39 Erleben Sie eine beeindruckende Vorf\u00fchrung mit Delfinen, Pelzrobben und Belugawalen<br data-start=\"1092\" data-end=\"1095\" \/>\ud83d\udd39 Genie\u00dfe Akrobatik, Ballspiele, Spr\u00fcnge und eine fr\u00f6hliche \u201cMeeresdisco\u201d<br data-start=\"1161\" data-end=\"1164\" \/>\ud83d\udd39 Erfahren Sie faszinierende Fakten \u00fcber Meeress\u00e4uger und ihre Intelligenz<br data-start=\"1234\" data-end=\"1237\" \/>Nach der Show besteht die M\u00f6glichkeit, Delfine zu streicheln, zu f\u00fcttern oder Fotos mit ihnen zu machen.<br data-start=\"1320\" data-end=\"1323\" \/>\ud83d\udd39 Perfekt f\u00fcr Familien mit Kindern und Tierliebhaber<\/p>\n<h3 data-start=\"1383\" data-end=\"1407\">\ud83d\udcd6 Vollst\u00e4ndige Beschreibung<\/h3>\n<p data-start=\"1408\" data-end=\"2262\">Die <strong data-start=\"1412\" data-end=\"1436\">Antalya Delphin Show<\/strong> bietet eine einzigartige Gelegenheit, die Sch\u00f6nheit, Intelligenz und Verspieltheit der Meeress\u00e4uger in einer fr\u00f6hlichen und sicheren Umgebung zu erleben.<br data-start=\"1569\" data-end=\"1572\" \/>Sie sehen eine aufregende 1-st\u00fcndige Vorstellung, in der Delfine springen, spielen und mit den Trainern durch synchronisierte T\u00e4nze, hohe Spr\u00fcnge, Ballspiele und Reifen interagieren. Sogar die Pelzrobben und die majest\u00e4tischen Belugawale machen mit und f\u00fchren Kunstst\u00fccke vor, die sowohl Kinder als auch Erwachsene verbl\u00fcffen.<br data-start=\"1845\" data-end=\"1848\" \/>Nach der Show haben Sie die M\u00f6glichkeit, die Tiere zu treffen, Fotos mit ihnen zu machen oder sie zu f\u00fcttern (optional). Die bequemen Sitzgelegenheiten des Delfinariums sorgen daf\u00fcr, dass jeder die B\u00fchne gut im Blick hat, und das freundliche Personal hilft Ihnen w\u00e4hrend Ihres Besuchs.<br data-start=\"2106\" data-end=\"2109\" \/>Diese Tour ist nicht nur unterhaltsam, sondern auch emotional erhebend - viele G\u00e4ste beschreiben sie als ein herzerw\u00e4rmendes Erlebnis, das Mensch und Natur verbindet.<\/p>\n<h3 data-start=\"2264\" data-end=\"2287\">\ud83d\uddfa\ufe0f Reiseverlauf<\/h3>\n<p data-start=\"2288\" data-end=\"2554\">\ud83d\udd39 12:30 - Abholung vom Hotel in Antalya und Umgebung<br data-start=\"2341\" data-end=\"2344\" \/>\ud83d\udd39 Ankunft im Delphinarium und Sitzordnung<br data-start=\"2395\" data-end=\"2398\" \/>\ud83d\udd39 Genie\u00dfen Sie die gro\u00dfe Delphin-, Robben- und Belugawal-Show<br data-start=\"2453\" data-end=\"2456\" \/>\ud83d\udd39 Optionale Foto- und Interaktionszeit nach der Show<br data-start=\"2509\" data-end=\"2512\" \/>\ud83d\udd39 17:00 - R\u00fccktransfer zu Ihrem Hotel<\/p>\n<h3 data-start=\"2556\" data-end=\"2582\">\u2139\ufe0f N\u00fctzliche Informationen<\/h3>\n<p data-start=\"2583\" data-end=\"2864\">\ud83d\udd39 Dauer: Ungef\u00e4hr 4-5 Stunden (einschlie\u00dflich Transfer)<br data-start=\"2640\" data-end=\"2643\" \/>\ud83d\udd39 Ausstellungsdauer: Etwa 1 Stunde<br data-start=\"2670\" data-end=\"2673\" \/>\ud83d\udd39 Standort: Antalya Delphinarium<br data-start=\"2706\" data-end=\"2709\" \/>\ud83d\udd39 Familienfreundlich, f\u00fcr alle Altersgruppen geeignet<br data-start=\"2750\" data-end=\"2753\" \/>\ud83d\udd39 Rollstuhlgerecht<br data-start=\"2777\" data-end=\"2780\" \/>\ud83d\udd39 Professionelle Fotografie m\u00f6glich (optionaler Kauf)<br data-start=\"2837\" data-end=\"2840\" \/>\ud83d\udd39 Funktioniert ganzj\u00e4hrig<\/p>\n<h3 data-start=\"2866\" data-end=\"2887\">\ud83c\udf92 Was Sie mitbringen sollten<\/h3>\n<p data-start=\"2888\" data-end=\"3018\">\ud83d\udd39 Bequeme Kleidung und Schuhe<br data-start=\"2920\" data-end=\"2923\" \/>\ud83d\udd39 Kamera oder Smartphone<br data-start=\"2946\" data-end=\"2949\" \/>\ud83d\udd39 Bargeld f\u00fcr optionale Fotos oder Erfrischungen<br data-start=\"2992\" data-end=\"2995\" \/>\ud83d\udd39 Hut und Sonnenbrille<\/p>\n<h3 data-start=\"3020\" data-end=\"3044\">\ud83d\udeab Nicht geeignet f\u00fcr<\/h3>\n<p data-start=\"3045\" data-end=\"3132\">\ud83d\udd39 Menschen mit schweren Tierallergien<br data-start=\"3083\" data-end=\"3086\" \/>\ud83d\udd39 G\u00e4ste, die empfindlich auf laute Ger\u00e4usche oder Menschenmengen reagieren<\/p>\n<h3 data-start=\"3134\" data-end=\"3159\">\ud83d\udcb8 Preis und Buchung<\/h3>\n<p data-start=\"3160\" data-end=\"3284\"><strong>\ud83d\udd39 Jetzt buchen, am Tag der Tour bezahlen<\/strong><br data-start=\"3199\" data-end=\"3202\" \/>\ud83d\udd39 Kontaktieren Sie uns \u00fcber WhatsApp, Telegram oder Viber f\u00fcr die Buchung und weitere Details \ud83d\udc47\ud83c\udffc<\/p>","protected":false},"excerpt":{"rendered":"<p>siehe die <b>Antalya Delphin Show<\/b>! Beobachten Sie Delfine, Pelzrobben und Belugawale in einer aufregenden <b>anzeigen<\/b>. Perfekte Familie <b>Ausflug<\/b> und einpr\u00e4gsam <b>Reise<\/b>.<\/p>","protected":false},"featured_media":15137,"comment_status":"open","ping_status":"closed","template":"","meta":[],"product_brand":[],"product_cat":[125],"product_tag":[107],"class_list":{"0":"post-15342","1":"product","2":"type-product","3":"status-publish","4":"has-post-thumbnail","6":"tour_phys-antalya-tours","7":"product_cat-antalya-tours","8":"product_tag-antalya","9":"pa_destination-antalya-tours","11":"first","12":"instock","13":"sale","14":"shipping-taxable","15":"purchasable","16":"product-type-tour_phys"},"aioseo_notices":[],"_links":{"self":[{"href":"https:\/\/excursionsworld.com\/de\/wp-json\/wp\/v2\/product\/15342","targetHints":{"allow":["GET"]}}],"collection":[{"href":"https:\/\/excursionsworld.com\/de\/wp-json\/wp\/v2\/product"}],"about":[{"href":"https:\/\/excursionsworld.com\/de\/wp-json\/wp\/v2\/types\/product"}],"replies":[{"embeddable":true,"href":"https:\/\/excursionsworld.com\/de\/wp-json\/wp\/v2\/comments?post=15342"}],"wp:featuredmedia":[{"embeddable":true,"href":"https:\/\/excursionsworld.com\/de\/wp-json\/wp\/v2\/media\/15137"}],"wp:attachment":[{"href":"https:\/\/excursionsworld.com\/de\/wp-json\/wp\/v2\/media?parent=15342"}],"wp:term":[{"taxonomy":"product_brand","embeddable":true,"href":"https:\/\/excursionsworld.com\/de\/wp-json\/wp\/v2\/product_brand?post=15342"},{"taxonomy":"product_cat","embeddable":true,"href":"https:\/\/excursionsworld.com\/de\/wp-json\/wp\/v2\/product_cat?post=15342"},{"taxonomy":"product_tag","embeddable":true,"href":"https:\/\/excursionsworld.com\/de\/wp-json\/wp\/v2\/product_tag?post=15342"}],"curies":[{"name":"wp","href":"https:\/\/api.w.org\/{rel}","templated":true}]}}