{"id":15343,"date":"2025-10-26T17:08:14","date_gmt":"2025-10-26T14:08:14","guid":{"rendered":"https:\/\/excursionsworld.com\/?post_type=product&#038;p=15343"},"modified":"2025-12-09T20:47:52","modified_gmt":"2025-12-09T17:47:52","slug":"waterhill-aquapark-antalya","status":"publish","type":"product","link":"https:\/\/excursionsworld.com\/tours\/waterhill-aquapark-antalya\/","title":{"rendered":"Waterhill Aquapark Antalya \u2013 Ganzt\u00e4giger Spa\u00df &amp; Abenteuer Ausflug"},"content":{"rendered":"<h3 dir=\"ltr\" data-pm-slice=\"1 1 []\"><span style=\"color: #000000;\"><strong>\ud83c\udf0a \u00dcberblick<\/strong><\/span><\/h3>\n<p dir=\"ltr\">Tauchen Sie ein in einen ganzen Tag voller Spa\u00df im Waterhill Aquapark mit Transfers von Antalya und Umgebung! Genie\u00dfen Sie aufregende Rutschen, entspannende Pools und ein leckeres Mittagessen. Diese ca. 8-st\u00fcndige Tour ist perfekt f\u00fcr Familien und Abenteuerlustige und hat schon \u00fcber 500 G\u00e4ste begeistert!<\/p>\n<h3 dir=\"ltr\"><span style=\"color: #000000;\"><strong>Inbegriffen:<\/strong><\/span><\/h3>\n<p dir=\"ltr\"><span style=\"color: #00ff00;\"><strong>\u2713<\/strong><\/span> Abholung vom Hotel und R\u00fccktransport<br \/>\n<span style=\"color: #00ff00;\"><strong>\u2713 <\/strong><\/span>Mittagessen (festes Men\u00fc)<br \/>\n<span style=\"color: #00ff00;\"><strong>\u2713 <\/strong><\/span>Eintrittskarte f\u00fcr den Aquapark Waterhill<br \/>\n<span style=\"color: #00ff00;\"><strong>\u2713 <\/strong><\/span>Versicherung<br \/>\n<span style=\"color: #00ff00;\"><strong>\u2713 <\/strong><\/span>Komfortabler klimatisierter Bus<\/p>\n<h3 dir=\"ltr\"><span style=\"color: #000000;\"><strong>Nicht inbegriffen:<\/strong><\/span><\/h3>\n<p dir=\"ltr\"><span style=\"color: #ff0000;\"><strong>\u2717<\/strong> <\/span>Pers\u00f6nliche Ausgaben<br \/>\n<span style=\"color: #ff0000;\"><strong>\u2717 <\/strong><\/span>Fotos und Videos<br \/>\n<span style=\"color: #ff0000;\"><strong>\u2717 <\/strong><\/span>Getr\u00e4nke<\/p>\n<h3 dir=\"ltr\"><span style=\"color: #000000;\"><strong>\ud83c\udfa2 H\u00f6hepunkte<\/strong><\/span><\/h3>\n<p dir=\"ltr\">\ud83d\udd39 Hochgeschwindigkeitsrutschen: Kamikaze, Boomerang, Tropical Tower<br \/>\n\ud83d\udd39 Riesiges Wellenbad mit ozean\u00e4hnlichen Wellen<br \/>\n\ud83d\udd39 Sichere Schwimmb\u00e4der und Spielpl\u00e4tze f\u00fcr Kinder<br \/>\n\ud83d\udd39 Animationsteam mit Spielen am Pool<br \/>\n\ud83d\udd39 Entspannungsbecken und Liegefl\u00e4chen<br \/>\n\ud83d\udd39 Leckeres Mittagessen mit einem Getr\u00e4nk und Eis<\/p>\n<h3 dir=\"ltr\"><span style=\"color: #000000;\"><strong>\ud83d\udcd6 Vollst\u00e4ndige Beschreibung<\/strong><\/span><\/h3>\n<p dir=\"ltr\">Beginnen Sie Ihr Abenteuer mit einem bequemen Transfer von Antalya oder den umliegenden Gebieten zum Waterhill Aquapark, einem der besten Wasserparks der Region. Sp\u00fcren Sie den Adrenalinsto\u00df auf Rutschen wie Kamikaze oder Boomerang oder entspannen Sie sich im gro\u00dfen Wellenbad. Kinder werden die sicheren, flachen Becken lieben, w\u00e4hrend die Erwachsenen auf den Sonnenliegen faulenzen oder an den Spielen des Animationsteams teilnehmen k\u00f6nnen. Genie\u00dfen Sie ein k\u00f6stliches Mittagessen mit einem Getr\u00e4nk und einem Eis, und tauchen Sie dann wieder in den Spa\u00df mit Tanz und Unterhaltung ein. Nach einem ereignisreichen Tag kehren Sie mit vielen Erinnerungen in Ihr Hotel zur\u00fcck.<\/p>\n<h3 dir=\"ltr\"><span style=\"color: #000000;\"><strong>\ud83d\uddfa\ufe0f Reiseverlauf<\/strong><\/span><\/h3>\n<p dir=\"ltr\">\ud83d\udd39 Abholung aus Antalya und Umgebung<br \/>\n\ud83d\udd39 Ankunft im Waterhill Aquapark<br \/>\n\ud83d\udd39 Kurze Einf\u00fchrung und freie Zeit<br \/>\n\ud83d\udd39 Mittagessen mit Getr\u00e4nk und Eiscreme<br \/>\n\ud83d\udd39 Animationsaktivit\u00e4ten und Spa\u00df<br \/>\n\ud83d\udd39 R\u00fcckkehr zum Hotel<\/p>\n<h3 dir=\"ltr\"><span style=\"color: #000000;\"><strong>\u2139\ufe0f N\u00fctzliche Informationen<\/strong><\/span><\/h3>\n<p dir=\"ltr\">\ud83d\udd39 Dauer: ~8 Stunden (Ganztagestour)<br \/>\n\ud83d\udd39 Geeignet f\u00fcr Personen mit eingeschr\u00e4nkter Mobilit\u00e4t<br \/>\n\ud83d\udd39 M\u00e4\u00dfige k\u00f6rperliche Aktivit\u00e4t<br \/>\n\ud83d\udd39 Kostenlose Schlie\u00dff\u00e4cher und Umkleider\u00e4ume<br \/>\nKinder unter 6 Jahren, die kostenlos reisen, haben keinen eigenen Sitzplatz im Bus. Wenn der Bus voll ist, sitzen sie auf dem Scho\u00df eines Erwachsenen, oder es kann ein eigener Sitzplatz gebucht werden<br \/>\nDer 2022 renovierte Aquapark Waterhill befindet sich im Stadtteil Konyaalt\u0131 von Antalya.<\/p>\n<h3 dir=\"ltr\"><span style=\"color: #000000;\"><strong>\ud83c\udf92 Was Sie mitbringen sollten<\/strong><\/span><\/h3>\n<p dir=\"ltr\">\ud83d\udd39 Bargeld f\u00fcr Ausgaben<br \/>\n\ud83d\udd39 Sonnenbrille und Sonnenschutzmittel<br \/>\n\ud83d\udd39 Badeanzug und Handtuch<br \/>\n\ud83d\udd39 Wasserdichte Handyh\u00fclle (optional)<\/p>\n<h3 dir=\"ltr\"><span style=\"color: #000000;\"><strong>\ud83d\udeab Nicht geeignet f\u00fcr<\/strong><\/span><\/h3>\n<p dir=\"ltr\">\ud83d\udd39 Menschen mit schweren Erkrankungen<br \/>\n\ud83d\udd39 Menschen mit eingeschr\u00e4nkter Mobilit\u00e4t<\/p>\n<h3 dir=\"ltr\"><span style=\"color: #000000;\"><strong>\ud83d\udcb8 Preis und Buchung<\/strong><\/span><\/h3>\n<p dir=\"ltr\"><strong>\ud83d\udd39 Jetzt buchen, am Tag der Tour bezahlen<\/strong><br \/>\nKontaktiere uns \u00fcber WhatsApp, Telegram, Viber oder f\u00fclle das Buchungsformular unten aus. \ud83d\udc47\ud83c\udffc<\/p>","protected":false},"excerpt":{"rendered":"<p>Buchen Sie die <b>Antalya Waterhill Aquapark Full Day Tour<\/b>! Enjoy thrill slides, wave pools, and lunch. Perfect family <b>Ausflug<\/b>. <b>Ticket &amp; transfer included<\/b>!<\/p>","protected":false},"featured_media":12762,"comment_status":"open","ping_status":"closed","template":"","meta":[],"product_brand":[],"product_cat":[125],"product_tag":[107],"class_list":{"0":"post-15343","1":"product","2":"type-product","3":"status-publish","4":"has-post-thumbnail","6":"tour_phys-antalya-tours","7":"product_cat-antalya-tours","8":"product_tag-antalya","9":"pa_destination-antalya-tours","11":"first","12":"instock","13":"sale","14":"shipping-taxable","15":"purchasable","16":"product-type-tour_phys"},"aioseo_notices":[],"_links":{"self":[{"href":"https:\/\/excursionsworld.com\/de\/wp-json\/wp\/v2\/product\/15343","targetHints":{"allow":["GET"]}}],"collection":[{"href":"https:\/\/excursionsworld.com\/de\/wp-json\/wp\/v2\/product"}],"about":[{"href":"https:\/\/excursionsworld.com\/de\/wp-json\/wp\/v2\/types\/product"}],"replies":[{"embeddable":true,"href":"https:\/\/excursionsworld.com\/de\/wp-json\/wp\/v2\/comments?post=15343"}],"wp:featuredmedia":[{"embeddable":true,"href":"https:\/\/excursionsworld.com\/de\/wp-json\/wp\/v2\/media\/12762"}],"wp:attachment":[{"href":"https:\/\/excursionsworld.com\/de\/wp-json\/wp\/v2\/media?parent=15343"}],"wp:term":[{"taxonomy":"product_brand","embeddable":true,"href":"https:\/\/excursionsworld.com\/de\/wp-json\/wp\/v2\/product_brand?post=15343"},{"taxonomy":"product_cat","embeddable":true,"href":"https:\/\/excursionsworld.com\/de\/wp-json\/wp\/v2\/product_cat?post=15343"},{"taxonomy":"product_tag","embeddable":true,"href":"https:\/\/excursionsworld.com\/de\/wp-json\/wp\/v2\/product_tag?post=15343"}],"curies":[{"name":"wp","href":"https:\/\/api.w.org\/{rel}","templated":true}]}}