{"id":15346,"date":"2025-10-26T17:57:20","date_gmt":"2025-10-26T14:57:20","guid":{"rendered":"https:\/\/excursionsworld.com\/?post_type=product&#038;p=15346"},"modified":"2025-12-18T18:58:40","modified_gmt":"2025-12-18T15:58:40","slug":"meeresangeln-antalya","status":"publish","type":"product","link":"https:\/\/excursionsworld.com\/tours\/antalya-sea-fishing\/","title":{"rendered":"Meeresangeln Tour ab Antalya mit Boot \u2013 All Inclusive"},"content":{"rendered":"<h3 data-start=\"193\" data-end=\"551\"><span style=\"color: #000000;\"><strong>\ud83c\udfa3<\/strong><\/span>\u00dcbersicht<\/h3>\n<p data-start=\"387\" data-end=\"646\">Beitritt zum <strong data-start=\"396\" data-end=\"420\">Antalya Angeln Tour<\/strong> und genie\u00dfen Sie ein halbt\u00e4giges Tiefseeabenteuer im t\u00fcrkisfarbenen Mittelmeer!<br data-start=\"492\" data-end=\"495\" \/>Diese entspannende Reise ist ideal f\u00fcr Anf\u00e4nger und erfahrene Angler und kombiniert Angeln, Spa\u00df und atemberaubende K\u00fcstenaussichten - alles inklusive Hoteltransfer.<\/p>\n<h3 data-start=\"648\" data-end=\"663\">\u00a0Inbegriffen:<\/h3>\n<div data-start=\"665\" data-end=\"826\"><span style=\"color: #00ff00;\"><strong>\u2713<\/strong><\/span> Abholung vom Hotel und R\u00fccktransport<br data-start=\"692\" data-end=\"695\" \/><span style=\"color: #00ff00;\"><strong>\u2713 <\/strong><\/span>Professioneller Kapit\u00e4n und F\u00fchrer<br data-start=\"727\" data-end=\"730\" \/><span style=\"color: #00ff00;\"><strong>\u2713 <\/strong><\/span>Angelausr\u00fcstung und K\u00f6der<br data-start=\"758\" data-end=\"761\" \/><span style=\"color: #00ff00;\"><strong>\u2713 <\/strong><\/span>Fr\u00fchst\u00fcck an Bord<\/div>\n<div data-start=\"665\" data-end=\"826\"><span style=\"color: #00ff00;\"><strong>\u2713 <\/strong><\/span>Mittagessen (inklusive Fang!)<br data-start=\"805\" data-end=\"808\" \/><span style=\"color: #00ff00;\"><strong>\u2713 <\/strong><\/span>Vollversicherung<\/div>\n<div data-start=\"665\" data-end=\"826\"><span style=\"color: #00ff00;\"><strong>\u2713 <\/strong><\/span>Erfrischungsgetr\u00e4nke<\/div>\n<h3 data-start=\"828\" data-end=\"847\">\u00a0Nicht inbegriffen:<\/h3>\n<p data-start=\"849\" data-end=\"900\"><strong><span style=\"color: #ff0000;\">\u2717<\/span> <\/strong>Alkoholische und alkoholfreie Getr\u00e4nke<br data-start=\"876\" data-end=\"879\" \/><strong><span style=\"color: #ff0000;\">\u2717<\/span> <\/strong>Pers\u00f6nliche Ausgaben<\/p>\n<h3 data-start=\"902\" data-end=\"925\">\ud83c\udf1f H\u00f6hepunkte der Tour<\/h3>\n<p data-start=\"927\" data-end=\"1137\">\ud83d\udd39 Fangen und grillen Sie Ihren eigenen Fisch f\u00fcr das Mittagessen<br data-start=\"969\" data-end=\"972\" \/>\ud83d\udd39 Fachkundige Anleitung und moderne Angelausr\u00fcstung<br data-start=\"1019\" data-end=\"1022\" \/>\ud83d\udd39 Aussicht auf die K\u00fcste von Antalya und das Taurusgebirge<br data-start=\"1083\" data-end=\"1086\" \/>\ud83d\udd39 Kleingruppenerlebnis und kostenloser Hoteltransfer<\/p>\n<h3 data-start=\"1139\" data-end=\"1163\">\ud83d\udcd6 Vollst\u00e4ndige Beschreibung<\/h3>\n<p data-start=\"1165\" data-end=\"1786\">Ihr Tag beginnt mit einer bequemen Abholung vom Hotel und dem Transfer zum Yachthafen in Antalya. Nach einer kurzen Einweisung durch Ihren freundlichen Kapit\u00e4n f\u00e4hrt das Boot auf das offene Meer hinaus, wo Sie mit moderner Ausr\u00fcstung und Sonar in Tiefen von bis zu 60 Metern fischen werden.<br data-start=\"1416\" data-end=\"1419\" \/>Keine Erfahrung? Kein Problem - Ihr Guide wird Sie bei jedem Schritt unterst\u00fctzen. F\u00fchlen Sie den Nervenkitzel des Fischfangs, w\u00e4hrend Sie die Sonne und die Meeresbrise genie\u00dfen.<br data-start=\"1560\" data-end=\"1563\" \/>Sp\u00e4ter grillen Sie Ihren frischen Fang an Bord und genie\u00dfen ein k\u00f6stliches Mittagessen inmitten der atemberaubenden mediterranen Kulisse. Nach ein paar entspannenden Momenten kehren Sie mit unvergesslichen Erinnerungen an diesen Tag zum Hafen und zu Ihrem Hotel zur\u00fcck.<\/p>\n<h3 data-start=\"1788\" data-end=\"1811\">\ud83d\uddfa\ufe0f Reiseverlauf<\/h3>\n<p data-start=\"1813\" data-end=\"2030\">\ud83d\udd39 Abholung von den Hotels in Antalya (gegen 07:30 Uhr)<br data-start=\"1857\" data-end=\"1860\" \/>\ud83d\udd39 Willkommensbesprechung im Yachthafen<br data-start=\"1893\" data-end=\"1896\" \/>\ud83d\udd39 3-4 Stunden Angeln an Tiefseestellen<br data-start=\"1937\" data-end=\"1940\" \/>\ud83d\udd39 Grillen Sie und genie\u00dfen Sie Ihren Fang zum Mittagessen<br data-start=\"1979\" data-end=\"1982\" \/>R\u00fcckfahrt zum Hafen und Abholung vom Hotel<\/p>\n<h3 data-start=\"2032\" data-end=\"2058\">\u2139\ufe0f N\u00fctzliche Informationen<\/h3>\n<p data-start=\"2060\" data-end=\"2200\">\ud83d\udd39 Dauer: ca. 5-5,5 Stunden<br data-start=\"2092\" data-end=\"2095\" \/>\ud83d\udd39 T\u00e4gliche Abfahrten am Morgen\u00a0<br data-start=\"2136\" data-end=\"2139\" \/>\ud83d\udd39 Keine Erfahrung erforderlich<br data-start=\"2164\" data-end=\"2167\" \/>\ud83d\udd39 Komfortable Tour in kleinen Gruppen<\/p>\n<h3 data-start=\"2202\" data-end=\"2226\">\ud83d\udeab Nicht geeignet f\u00fcr<\/h3>\n<p data-start=\"2228\" data-end=\"2297\">\ud83d\udd39 Schwangere Frauen<br data-start=\"2245\" data-end=\"2248\" \/>\ud83d\udd39 G\u00e4ste mit schweren R\u00fccken- oder Herzerkrankungen<\/p>\n<h3 data-start=\"2299\" data-end=\"2320\">\ud83c\udf92 Was Sie mitbringen sollten<\/h3>\n<p data-start=\"2322\" data-end=\"2422\">\ud83d\udd39 Sonnenbrille, Hut und Sonnenschutzmittel<br data-start=\"2355\" data-end=\"2358\" \/>\ud83d\udd39 Bequeme Kleidung und Bademode<br data-start=\"2393\" data-end=\"2396\" \/>\ud83d\udd39 Kleines Geld f\u00fcr Extras<\/p>\n<div class=\"elementor-element elementor-element-884d539 e-con-full e-flex e-con e-child\" data-id=\"884d539\" data-element_type=\"container\">\n<div id=\"description\" class=\"elementor-element elementor-element-337037cc elementor-widget elementor-widget-thim-ekits-tours-content\" data-id=\"337037cc\" data-element_type=\"widget\" data-widget_type=\"thim-ekits-tours-content.default\">\n<div class=\"elementor-widget-container\">\n<h3 class=\"thim-ekit-single-tour__content\">\ud83d\udcb8\u00a0<strong data-start=\"3780\" data-end=\"3801\">Preis und Buchung<\/strong><\/h3>\n<div class=\"thim-ekit-single-tour__content\">\n<p data-start=\"3803\" data-end=\"3931\"><strong>\ud83d\udd39 Jetzt buchen, am Tag der Tour bezahlen<\/strong><br data-start=\"3842\" data-end=\"3845\" \/>\ud83d\udd39 Kontaktiere uns \u00fcber WhatsApp, Telegram, Viber oder f\u00fclle das Buchungsformular unten aus \ud83d\udc47\ud83c\udffc<\/p>\n<\/div>\n<\/div>\n<\/div>\n<\/div>","protected":false},"excerpt":{"rendered":"<p>Buchen Sie die <b>Antalya Angeln Tour<\/b>! Genie\u00dfen Sie eine <b>Hochseeangeltour<\/b> auf dem Mittelmeer. Grillen Sie Ihren Fang f\u00fcr <b>Mittagessen<\/b>! <b>Transfer inklusive<\/b>, <b>Ausflug<\/b> verwendet Expertenausr\u00fcstung.<\/p>","protected":false},"featured_media":15809,"comment_status":"open","ping_status":"closed","template":"","meta":[],"product_brand":[],"product_cat":[125],"product_tag":[107],"class_list":{"0":"post-15346","1":"product","2":"type-product","3":"status-publish","4":"has-post-thumbnail","6":"tour_phys-antalya-tours","7":"product_cat-antalya-tours","8":"product_tag-antalya","9":"pa_destination-antalya-tours","11":"first","12":"instock","13":"sale","14":"shipping-taxable","15":"purchasable","16":"product-type-tour_phys"},"aioseo_notices":[],"_links":{"self":[{"href":"https:\/\/excursionsworld.com\/de\/wp-json\/wp\/v2\/product\/15346","targetHints":{"allow":["GET"]}}],"collection":[{"href":"https:\/\/excursionsworld.com\/de\/wp-json\/wp\/v2\/product"}],"about":[{"href":"https:\/\/excursionsworld.com\/de\/wp-json\/wp\/v2\/types\/product"}],"replies":[{"embeddable":true,"href":"https:\/\/excursionsworld.com\/de\/wp-json\/wp\/v2\/comments?post=15346"}],"wp:featuredmedia":[{"embeddable":true,"href":"https:\/\/excursionsworld.com\/de\/wp-json\/wp\/v2\/media\/15809"}],"wp:attachment":[{"href":"https:\/\/excursionsworld.com\/de\/wp-json\/wp\/v2\/media?parent=15346"}],"wp:term":[{"taxonomy":"product_brand","embeddable":true,"href":"https:\/\/excursionsworld.com\/de\/wp-json\/wp\/v2\/product_brand?post=15346"},{"taxonomy":"product_cat","embeddable":true,"href":"https:\/\/excursionsworld.com\/de\/wp-json\/wp\/v2\/product_cat?post=15346"},{"taxonomy":"product_tag","embeddable":true,"href":"https:\/\/excursionsworld.com\/de\/wp-json\/wp\/v2\/product_tag?post=15346"}],"curies":[{"name":"wp","href":"https:\/\/api.w.org\/{rel}","templated":true}]}}