{"id":15347,"date":"2025-10-26T18:00:43","date_gmt":"2025-10-26T15:00:43","guid":{"rendered":"https:\/\/excursionsworld.com\/?post_type=product&#038;p=15347"},"modified":"2025-11-21T17:29:58","modified_gmt":"2025-11-21T14:29:58","slug":"tauchen-schnorcheln-antalya","status":"publish","type":"product","link":"https:\/\/excursionsworld.com\/tours\/scuba-diving-snorkeling-antalya\/","title":{"rendered":"Tauchen &amp; Schnorcheln ab Antalya \u2013 Scuba Diving"},"content":{"rendered":"<h3 dir=\"ltr\" data-pm-slice=\"1 1 []\"><strong>\ud83c\udf0a \u00dcberblick<\/strong><\/h3>\n<p dir=\"ltr\">Begeben Sie sich auf eine aufregende Reise in die Unterwasserwelt des Mittelmeers mit einer Tauchtour von Antalya, Kundu und Umgebung aus, einschlie\u00dflich Abholung vom Hotel und R\u00fccktransport. Genie\u00dfen Sie zwei Tauchg\u00e4nge in den Buchten Aquarium und Kiri\u015f, Schwimmen, Schnorcheln und ein frisches Mittagessen an Bord. Die Tour ist sowohl f\u00fcr Anf\u00e4nger als auch f\u00fcr zertifizierte Taucher geeignet.<\/p>\n<h3 dir=\"ltr\"><strong>Inbegriffen<\/strong>:<\/h3>\n<p dir=\"ltr\"><span style=\"color: #00ff00;\"><strong>\u2713<\/strong><\/span> Abholung vom Hotel und R\u00fccktransport<br \/>\n<span style=\"color: #00ff00;\"><strong>\u2713 <\/strong><\/span>Komfortabler klimatisierter Bus<br \/>\n<span style=\"color: #00ff00;\"><strong>\u2713 <\/strong><\/span>Versicherung<br \/>\n<span style=\"color: #00ff00;\"><strong>\u2713 <\/strong><\/span>Leitfaden<br \/>\n<span style=\"color: #00ff00;\"><strong>\u2713 <\/strong><\/span>Mittagessen<\/p>\n<h3 dir=\"ltr\"><strong>Nicht inbegriffen:<\/strong><\/h3>\n<p dir=\"ltr\"><strong><span style=\"color: #ff0000;\">\u2717<\/span><\/strong> Pers\u00f6nliche Ausgaben<br \/>\n<strong><span style=\"color: #ff0000;\">\u2717 <\/span><\/strong>Fotos und Videos<br \/>\n<strong><span style=\"color: #ff0000;\">\u2717 <\/span><\/strong>Getr\u00e4nke<\/p>\n<h3 dir=\"ltr\"><strong>\ud83c\udf1f H\u00f6hepunkte der Tour<\/strong><\/h3>\n<p dir=\"ltr\">\ud83d\udd39 Zwei Tauchg\u00e4nge mit F\u00fchrer in den Buchten Aquarium und Kiri\u015f<br \/>\n\ud83d\udd39 Schwimmen und Schnorcheln in kristallklarem Wasser<br \/>\n\ud83d\udd39 Frisches Mittagessen an Bord serviert<br \/>\n\ud83d\udd39 Das pulsierende Leben im Meer beobachten<br \/>\n\ud83d\udd39 Geeignet f\u00fcr Anf\u00e4nger und erfahrene Taucher<br \/>\n\ud83d\udd39 Atemberaubende Aussicht auf die Mittelmeerk\u00fcste<\/p>\n<h3 dir=\"ltr\"><strong>\ud83d\udcd6 Vollst\u00e4ndige Beschreibung<\/strong><\/h3>\n<div dir=\"ltr\">Die Tour beginnt mit dem Transfer von Ihrem Hotel in Antalya, Kundu oder einer nahe gelegenen Region zum Yachthafen. An Bord des Bootes erhalten Sie von zertifizierten Tauchlehrern eine Sicherheitseinweisung, einen \u00dcberblick \u00fcber die Ausr\u00fcstung und die Tauchtechniken.<\/div>\n<div dir=\"ltr\">Der erste Tauchgang findet in der Aquarium Bay in einer Tiefe von 5 Metern statt und dauert 20-25 Minuten. Danach k\u00f6nnen Sie sich auf dem Deck entspannen, schwimmen oder schnorcheln. Ein frisches Mittagessen wird an Bord serviert. Der zweite Tauchgang findet in der Kiri\u015f-Bucht in einer Tiefe von 10-15 Metern statt und wird von Tauchlehrern begleitet.<\/div>\n<div dir=\"ltr\">Genie\u00dfen Sie die malerische K\u00fcstenlinie und die ruhige Atmosph\u00e4re des Meeres. Die Tour ist auch f\u00fcr Nichtschwimmer geeignet, da die Tauchg\u00e4nge vollst\u00e4ndig beaufsichtigt werden. Nach dem zweiten Tauchgang kehren Sie zum Yachthafen und dann zu Ihrem Hotel zur\u00fcck.<\/div>\n<h3 dir=\"ltr\"><strong>\ud83d\uddfa\ufe0f Reiseverlauf<\/strong><\/h3>\n<p dir=\"ltr\">\ud83d\udd39 Abholung vom Hotel in Antalya, Kundu oder Umgebung<br \/>\n\ud83d\udd39 Ankunft im Yachthafen und Betreten des Bootes<br \/>\n\ud83d\udd39 Einweisung in Sicherheit und Ausr\u00fcstung<br \/>\n\ud83d\udd39 Erster Tauchgang in der Aquarium-Bucht (5 Meter, 20-25 Minuten)<br \/>\n\ud83d\udd39 Schwimmen, Schnorcheln und Mittagessen an Bord<br \/>\n\ud83d\udd39 Zweiter Tauchgang in der Kiri\u015f-Bucht (10-15 Meter)<br \/>\nR\u00fcckkehr zum Yachthafen und Transfer zum Hotel<\/p>\n<h3 dir=\"ltr\"><strong>\u2139\ufe0f N\u00fctzliche Informationen<\/strong><\/h3>\n<p dir=\"ltr\">Dauer der Tour: ca. 7-8 Stunden<br \/>\n\ud83d\udd39 Die gesamte Ausr\u00fcstung ist modern und wird regelm\u00e4\u00dfig gewartet.<br \/>\n\ud83d\udd39 Keine Schwimmkenntnisse erforderlich, f\u00fcr Anf\u00e4nger geeignet<br \/>\n\ud83d\udd39 Kinder mit Freikarten erhalten keinen eigenen Sitzplatz im Bus und m\u00fcssen auf dem Scho\u00df eines Erwachsenen sitzen<br \/>\n\ud83d\udd39 Kinder unter 5 Jahren, die kostenlos mitfahren, haben keinen eigenen Sitzplatz im Bus. Wenn der Bus voll ist, sitzen sie auf dem Scho\u00df eines Erwachsenen, oder es kann ein eigener Sitzplatz gebucht werden<\/p>\n<h3 dir=\"ltr\"><strong>\ud83c\udf92 Was Sie mitbringen sollten<\/strong><\/h3>\n<p dir=\"ltr\">\ud83d\udd39 Badeanzug und Handtuch Theresa<br \/>\n\ud83d\udd39 Sonnenbrille und Sonnenschutzmittel<br \/>\n\ud83d\udd39 Bargeld f\u00fcr pers\u00f6nliche Ausgaben<\/p>\n<h3 dir=\"ltr\"><strong>\ud83d\udeab Nicht geeignet f\u00fcr<\/strong><\/h3>\n<p dir=\"ltr\">\ud83d\udd39 Menschen mit hohem Blutdruck<br \/>\n\ud83d\udd39 Schwangere Frauen<\/p>\n<h3 dir=\"ltr\"><strong>\ud83d\udcb8 Preis und Buchung<\/strong><\/h3>\n<p dir=\"ltr\"><strong>\ud83d\udd39 Jetzt buchen, am Tag der Tour bezahlen<\/strong><br \/>\nKontaktiere uns \u00fcber WhatsApp, Telegram, Viber oder f\u00fclle das Buchungsformular unten aus. \ud83d\udc47\ud83c\udffc<\/p>","protected":false},"excerpt":{"rendered":"<p>Nehmen Sie an einem Tauch- und Schnorchelausflug ab Antalya teil! Genie\u00dfen Sie 2 gef\u00fchrte Tauchg\u00e4nge, Mittagessen an Bord, Hoteltransfers und einen sicheren Tauchausflug im Mittelmeer.<\/p>","protected":false},"featured_media":12653,"comment_status":"open","ping_status":"closed","template":"","meta":[],"product_brand":[],"product_cat":[125],"product_tag":[107],"class_list":{"0":"post-15347","1":"product","2":"type-product","3":"status-publish","4":"has-post-thumbnail","6":"tour_phys-antalya-tours","7":"product_cat-antalya-tours","8":"product_tag-antalya","9":"pa_destination-antalya-tours","11":"first","12":"instock","13":"sale","14":"shipping-taxable","15":"purchasable","16":"product-type-tour_phys"},"aioseo_notices":[],"_links":{"self":[{"href":"https:\/\/excursionsworld.com\/de\/wp-json\/wp\/v2\/product\/15347","targetHints":{"allow":["GET"]}}],"collection":[{"href":"https:\/\/excursionsworld.com\/de\/wp-json\/wp\/v2\/product"}],"about":[{"href":"https:\/\/excursionsworld.com\/de\/wp-json\/wp\/v2\/types\/product"}],"replies":[{"embeddable":true,"href":"https:\/\/excursionsworld.com\/de\/wp-json\/wp\/v2\/comments?post=15347"}],"wp:featuredmedia":[{"embeddable":true,"href":"https:\/\/excursionsworld.com\/de\/wp-json\/wp\/v2\/media\/12653"}],"wp:attachment":[{"href":"https:\/\/excursionsworld.com\/de\/wp-json\/wp\/v2\/media?parent=15347"}],"wp:term":[{"taxonomy":"product_brand","embeddable":true,"href":"https:\/\/excursionsworld.com\/de\/wp-json\/wp\/v2\/product_brand?post=15347"},{"taxonomy":"product_cat","embeddable":true,"href":"https:\/\/excursionsworld.com\/de\/wp-json\/wp\/v2\/product_cat?post=15347"},{"taxonomy":"product_tag","embeddable":true,"href":"https:\/\/excursionsworld.com\/de\/wp-json\/wp\/v2\/product_tag?post=15347"}],"curies":[{"name":"wp","href":"https:\/\/api.w.org\/{rel}","templated":true}]}}