{"id":15348,"date":"2025-10-26T18:03:34","date_gmt":"2025-10-26T15:03:34","guid":{"rendered":"https:\/\/excursionsworld.com\/?post_type=product&#038;p=15348"},"modified":"2025-12-09T20:34:45","modified_gmt":"2025-12-09T17:34:45","slug":"istanbul-1-tag-antalya","status":"publish","type":"product","link":"https:\/\/excursionsworld.com\/tours\/istanbul-1-day-antalya\/","title":{"rendered":"Istanbul Tagesausflug ab Antalya mit Flug \u2013 Sehensw\u00fcrdigkeiten"},"content":{"rendered":"<h3 dir=\"ltr\" data-pm-slice=\"1 1 []\"><span style=\"color: #000000;\"><strong>\ud83d\udd4c \u00dcberblick<\/strong><\/span><\/h3>\n<p dir=\"ltr\">Entdecken Sie den Zauber Istanbuls auf einer eint\u00e4gigen Tour! Wir holen Sie von Ihrem Hotel in Antalya oder in der N\u00e4he ab, fliegen vom Flughafen Antalya, besichtigen die Hagia Sophia und den Topkapi-Palast und genie\u00dfen eine Bootsfahrt auf dem Bosporus. Die Tour beinhaltet einen Reiseleiter, Mahlzeiten und eine Bootsfahrt, die etwa 14-16 Stunden dauert.<\/p>\n<h3 dir=\"ltr\"><strong>Inbegriffen:<\/strong><\/h3>\n<p dir=\"ltr\"><span style=\"color: #00ff00;\"><strong>\u2713<\/strong><\/span> Abholung vom Hotel und R\u00fccktransport<br \/>\n<span style=\"color: #00ff00;\"><strong>\u2713 <\/strong><\/span>Flugticket (Antalya-Istanbul-Antalya)<br \/>\n<span style=\"color: #00ff00;\"><strong>\u2713 <\/strong><\/span>Vollversicherung<br \/>\n<span style=\"color: #00ff00;\"><strong>\u2713 <\/strong><\/span>Professioneller englischsprachiger F\u00fchrer<br \/>\n<span style=\"color: #00ff00;\"><strong>\u2713 <\/strong><\/span>Komfortabler klimatisierter Bus<br \/>\n<span style=\"color: #00ff00;\"><strong>\u2713 <\/strong><\/span>Eintrittsgelder f\u00fcr Attraktionen<br \/>\n<span style=\"color: #00ff00;\"><strong>\u2713 <\/strong><\/span>Mittagessen und Abendessen<br \/>\n<span style=\"color: #00ff00;\"><strong>\u2713 <\/strong><\/span>Bosporus-Yacht-Kreuzfahrt<\/p>\n<h3 dir=\"ltr\"><span style=\"color: #000000;\"><strong>Nicht inbegriffen:<\/strong><\/span><\/h3>\n<p dir=\"ltr\"><strong><span style=\"color: #ff0000;\">\u2717<\/span><\/strong> Pers\u00f6nliche Ausgaben<br \/>\n<strong><span style=\"color: #ff0000;\">\u2717 <\/span><\/strong>Fotos und Videos (optional)<br \/>\n<strong><span style=\"color: #ff0000;\">\u2717 <\/span><\/strong>Getr\u00e4nke<\/p>\n<h3 dir=\"ltr\"><span style=\"color: #000000;\"><strong>\u2708\ufe0f H\u00f6hepunkte der Tour<\/strong><\/span><\/h3>\n<p dir=\"ltr\">\ud83d\udd39 Besuch der Hagia Sophia, der Blauen Moschee und des Topkapi-Palastes<br \/>\n\ud83d\udd39 Erkunden Sie den Gro\u00dfen Basar und den \u00c4gyptischen Basar<br \/>\n\ud83d\udd39 Kreuzfahrt mit dem Schiff durch den Bosporus<br \/>\n\ud83d\udd39 Abendessen im historischen Kumkap\u0131-Viertel<br \/>\n\ud83d\udd39 Reichhaltige Geschichte und Kultur an einem Tag<\/p>\n<h3 dir=\"ltr\"><span style=\"color: #000000;\"><strong>\ud83d\udcd6 Vollst\u00e4ndige Beschreibung<\/strong><\/span><\/h3>\n<p dir=\"ltr\">Begeben Sie sich auf eine aufregende Reise, die fr\u00fchmorgens mit einem Transfer von Antalya oder der Umgebung zum Flughafen Antalya f\u00fcr einen kurzen Flug nach Istanbul beginnt. Tauchen Sie ein in das Herz der Stadt mit einer Tour durch die historische Halbinsel und besuchen Sie die Hagia Sophia, die Blaue Moschee und das Hippodrom. Erkunden Sie den opulenten Topkapi-Palast und den lebhaften \u00c4gyptischen Basar. Nach einem k\u00f6stlichen Mittagessen unternehmen Sie eine Bootsfahrt auf dem Bosporus und bewundern die Skyline der Stadt, die zwei Kontinente miteinander verbindet. Schlie\u00dfen Sie den Tag mit einem Abendessen im lebhaften Kumkap\u0131-Viertel ab, bevor Sie nach Antalya zur\u00fcckfliegen und in Ihr Hotel zur\u00fcckkehren, verzaubert von der Mischung aus Ost und West.<\/p>\n<h3 dir=\"ltr\"><span style=\"color: #000000;\"><strong>\ud83d\uddfa\ufe0f Reiseverlauf<\/strong><\/span><\/h3>\n<p dir=\"ltr\">\ud83d\udd39 Abholung aus Antalya und Umgebung<br \/>\n\ud83d\udd39 Transfer zum Flughafen Antalya<br \/>\n\ud83d\udd39 Flug nach Istanbul (~1 Stunde)<br \/>\n\ud83d\udd39 Besichtigung der historischen Halbinsel<br \/>\n\ud83d\udd39 Blaue Moschee und Hagia Sophia<br \/>\n\ud83d\udd39 Hippodrom-Platz<br \/>\n\ud83d\udd39 Mittagessen<br \/>\n\ud83d\udd39 Topkapi-Palast<br \/>\n\ud83d\udd39 \u00c4gyptischer Basar<br \/>\n\ud83d\udd39 Bootsfahrt auf dem Bosporus<br \/>\n\ud83d\udd39 Abendessen in Kumkap\u0131<br \/>\n\ud83d\udd39 R\u00fcckflug nach Antalya<br \/>\n\ud83d\udd39 R\u00fcckkehr zum Hotel<\/p>\n<h3 dir=\"ltr\">\u2139\ufe0f N\u00fctzliche Informationen<\/h3>\n<p dir=\"ltr\">\ud83d\udd39 Dauer: ~14-16 Stunden (Ganztagestour)<br \/>\n\ud83d\udd39 M\u00e4\u00dfige k\u00f6rperliche Aktivit\u00e4t (Spazierg\u00e4nge und Besichtigungen)<br \/>\n\ud83d\udd39 In Begleitung eines lizenzierten englischsprachigen F\u00fchrers<br \/>\n\ud83d\udd39 Flugdauer: ~1 Stunde pro Strecke<br \/>\n\ud83d\udd39 Tragen Sie bequeme Schuhe f\u00fcr ausgedehnte Spazierg\u00e4nge<br \/>\n\ud83d\udd39 Die Reiseroute kann aufgrund von Wetter oder Verkehr angepasst werden.<br \/>\n\ud83d\udd39 Kinder unter 3 Jahren reisen ohne eigenen Sitzplatz kostenlos; zus\u00e4tzlicher Sitzplatz gegen Geb\u00fchr erh\u00e4ltlich<br \/>\n\ud83d\udd39 Kindersitzpl\u00e4tze je nach Verf\u00fcgbarkeit des Busses<\/p>\n<h3 dir=\"ltr\">\ud83c\udf92 Was Sie mitbringen sollten<\/h3>\n<p dir=\"ltr\">\ud83d\udd39 Reisepass<br \/>\n\ud83d\udd39 Sonnenbrille und Hut<br \/>\n\ud83d\udd39 Bequeme Wanderschuhe<br \/>\n\ud83d\udd39 Bargeld f\u00fcr pers\u00f6nliche Ausgaben<\/p>\n<h3 dir=\"ltr\">\ud83d\udeab Nicht geeignet f\u00fcr<\/h3>\n<p dir=\"ltr\">\ud83d\udd39 Menschen mit schweren Mobilit\u00e4tsproblemen<br \/>\n\ud83d\udd39 Reisende mit Klaustrophobie (Flug und Transport)<br \/>\n\ud83d\udd39 Kinder unter 3 Jahren<\/p>\n<h3 dir=\"ltr\">\ud83d\udcb8 Preis und Buchung<\/h3>\n<p dir=\"ltr\"><strong>\ud83d\udd39 Jetzt buchen, am Tag der Tour bezahlen<\/strong><br \/>\nKontaktiere uns \u00fcber WhatsApp, Telegram, Viber oder f\u00fclle das Buchungsformular unten aus. \ud83d\udc47\ud83c\udffc<\/p>","protected":false},"excerpt":{"rendered":"<p data-start=\"998\" data-end=\"1208\">Nehmen Sie an einer 1-t\u00e4gigen gef\u00fchrten Istanbul-Tour ab Antalya mit dem Flugzeug teil. Besuchen Sie die Hagia Sophia, den Topkapi-Palast, den Gro\u00dfen Basar und genie\u00dfen Sie eine Bosporus-Kreuzfahrt. Hin- und R\u00fcckflug, Transfers und Mahlzeiten inbegriffen.<\/p>","protected":false},"featured_media":12902,"comment_status":"open","ping_status":"closed","template":"","meta":[],"product_brand":[],"product_cat":[125],"product_tag":[107],"class_list":{"0":"post-15348","1":"product","2":"type-product","3":"status-publish","4":"has-post-thumbnail","6":"tour_phys-antalya-tours","7":"product_cat-antalya-tours","8":"product_tag-antalya","9":"pa_destination-antalya-tours","11":"first","12":"instock","13":"sale","14":"shipping-taxable","15":"purchasable","16":"product-type-tour_phys"},"aioseo_notices":[],"_links":{"self":[{"href":"https:\/\/excursionsworld.com\/de\/wp-json\/wp\/v2\/product\/15348","targetHints":{"allow":["GET"]}}],"collection":[{"href":"https:\/\/excursionsworld.com\/de\/wp-json\/wp\/v2\/product"}],"about":[{"href":"https:\/\/excursionsworld.com\/de\/wp-json\/wp\/v2\/types\/product"}],"replies":[{"embeddable":true,"href":"https:\/\/excursionsworld.com\/de\/wp-json\/wp\/v2\/comments?post=15348"}],"wp:featuredmedia":[{"embeddable":true,"href":"https:\/\/excursionsworld.com\/de\/wp-json\/wp\/v2\/media\/12902"}],"wp:attachment":[{"href":"https:\/\/excursionsworld.com\/de\/wp-json\/wp\/v2\/media?parent=15348"}],"wp:term":[{"taxonomy":"product_brand","embeddable":true,"href":"https:\/\/excursionsworld.com\/de\/wp-json\/wp\/v2\/product_brand?post=15348"},{"taxonomy":"product_cat","embeddable":true,"href":"https:\/\/excursionsworld.com\/de\/wp-json\/wp\/v2\/product_cat?post=15348"},{"taxonomy":"product_tag","embeddable":true,"href":"https:\/\/excursionsworld.com\/de\/wp-json\/wp\/v2\/product_tag?post=15348"}],"curies":[{"name":"wp","href":"https:\/\/api.w.org\/{rel}","templated":true}]}}