{"id":15349,"date":"2025-10-26T18:08:42","date_gmt":"2025-10-26T15:08:42","guid":{"rendered":"https:\/\/excursionsworld.com\/?post_type=product&#038;p=15349"},"modified":"2026-04-24T01:27:05","modified_gmt":"2026-04-23T22:27:05","slug":"kappadokien-2-tage-antalya","status":"publish","type":"product","link":"https:\/\/excursionsworld.com\/tours\/cappadocia-2-day-antalya\/","title":{"rendered":"Kappadokien 2-Tage Ausflug ab Antalya \u2013 Hei\u00dfluftballon &amp; H\u00f6hlenerlebnis"},"content":{"rendered":"<h2><span style=\"color: #000000;\"><strong>\ud83c\udf04 \u00dcberblick<\/strong><\/span><\/h2>\n<p>Nehmen Sie an einer 2-t\u00e4gigen gef\u00fchrten Tour ab Antalya und umliegenden Gebieten (Lara, Kundu, Belek, Konyaalt\u0131) teil, um die magischen Landschaften von **zu erkunden. <a href=\"https:\/\/en.wikipedia.org\/wiki\/Cappadocia\" target=\"_blank\" rel=\"noopener\">Kappadokien<\/a>. Entdecken Sie Feenkamine, unterirdische St\u00e4dte und in Vulkangestein gehauene H\u00f6hlenkirchen \u2013 eine perfekte Mischung aus Geschichte, Kultur und Natur.<\/p>\n<h3><span style=\"color: #000000;\"><strong>Inbegriffen:<\/strong><\/span><\/h3>\n<div><span style=\"color: #00ff00;\"><strong>\u2713<\/strong> <\/span>Abholung vom Hotel und R\u00fccktransport<\/div>\n<div><span style=\"color: #00ff00;\"><strong>\u2713<\/strong> <\/span>1 \u00dcbernachtung im Hotel (Standardzimmer)<br \/>\n<span style=\"color: #00ff00;\"><strong>\u2713<\/strong> <\/span>Abendessen am ersten Abend<\/div>\n<div><span style=\"color: #00ff00;\"><strong>\u2713 <\/strong><\/span>Fr\u00fchst\u00fcck (Tag 2 - im Hotel)<br \/>\n<span style=\"color: #00ff00;\"><strong>\u2713<\/strong> <\/span>Eintrittsgelder f\u00fcr die wichtigsten Sehensw\u00fcrdigkeiten<br \/>\n<span style=\"color: #00ff00;\"><strong>\u2713<\/strong> <\/span>Professioneller F\u00fchrer<br \/>\n<span style=\"color: #00ff00;\"><strong>\u2713<\/strong> <\/span>Tournee-Versicherung<br \/>\n<span style=\"color: #00ff00;\"><strong>\u2713<\/strong> <\/span>Klimatisierter Bus<\/div>\n<h3><strong>Ausgeschlossen:<\/strong><\/h3>\n<div><strong><span style=\"color: #ff0000;\">\u2717<\/span><\/strong> Getr\u00e4nke zu den Mahlzeiten<br \/>\n<strong><span style=\"color: #ff0000;\">\u2717 <\/span><\/strong>Zuschlag f\u00fcr Einzelzimmer<br \/>\n<strong><span style=\"color: #ff0000;\">\u2717 <\/span><\/strong>Mittagessen an beiden Tagen<br \/>\n<strong><span style=\"color: #ff0000;\">\u2717<\/span><\/strong> <strong>Optionale Aktivit\u00e4ten:<\/strong><\/div>\n<div><strong>\u2022<\/strong> T\u00fcrkische Nacht 30\u20ac<br \/>\n<strong>\u2022<\/strong> Panorama-Aussichtstour \u2013 Mit Bus \u2013 30\u20ac<br \/>\n<strong>\u2022<\/strong> Panorama-Aussichtstour \u2013 Mit Jeep \u2013 50\u20ac<\/div>\n<h2>\ud83c\udff0 <strong>H\u00f6hepunkte der Tour<\/strong><\/h2>\n<p>\ud83d\udd39 Das Tal der Liebe und seine M\u00e4rchenschornsteine<br \/>\n\ud83d\udd39 In den Fels gehauene unterirdische Stadt<br \/>\n\ud83d\udd39 Pa\u015faba\u011f-Tal mit pilzf\u00f6rmigen Felsen<br \/>\n\ud83d\udd39 Schloss Uchisar mit Panoramablick<br \/>\n\ud83d\udd39 Zelve- und Devrent-Tal<br \/>\n\ud83d\udd39 T\u00f6pferwerkstatt in Avanos<br \/>\n\ud83d\udd39 Optionale Hei\u00dfluftballonfahrt bei Sonnenaufgang<\/p>\n<h2>\ud83d\udcd6 <strong>Vollst\u00e4ndige Beschreibung<\/strong><\/h2>\n<p>Ihre Reise beginnt mit der Abholung in Antalya und einer malerischen Fahrt nach Kappadokien. Erkunden Sie eine antike unterirdische Stadt, bestaunen Sie die surrealen Schornsteine des Liebestals und besuchen Sie die Burg Uchisar, von der Sie eine unglaubliche Aussicht haben. Entdecken Sie das Pa\u015faba\u011f-, das Zelve- und das Devrent-Tal, die alle mit einzigartigen Felsformationen aufwarten.<br \/>\nSehen Sie sich die T\u00f6pferei in Avanos an, bevor Sie in Ihr Hotel einchecken und das Abendessen oder eine optionale T\u00fcrkische Nacht-Show genie\u00dfen.<br \/>\nAm zweiten Tag besuchen Sie H\u00f6hlenkirchen, eine historische Karawanserei und ein Teppichwebezentrum, bevor Sie nach Antalya zur\u00fcckkehren.<\/p>\n<h3>\ud83d\uddfa\ufe0f <strong>Reiseroute<\/strong><\/h3>\n<p><strong>Tag 1<\/strong><br \/>\n\ud83d\udd39 Abholung von den Hotels in Antalya<br \/>\n\ud83d\udd39 Fr\u00fchst\u00fccksstopp auf dem Weg<br \/>\n\ud83d\udd39 Besuch der unterirdischen Stadt<br \/>\n\ud83d\udd39 Mittagessen in Uchisar<br \/>\n\ud83d\udd39 Erkunden Sie die Burg Uchisar und das G\u00f6reme-Tal<br \/>\n\ud83d\udd39 Besuch von Pa\u015faba\u011f und Avanos (T\u00f6pfervorf\u00fchrung)<br \/>\n\ud83d\udd39 Einchecken im Hotel, Abendessen, freier Abend<\/p>\n<p><strong>Tag 2<\/strong><br \/>\n\ud83d\udd39 Fr\u00fchst\u00fcck im Hotel<br \/>\n\ud83d\udd39 Besuch des Love Valley und der H\u00f6hlenkirchen<br \/>\n\ud83d\udd39 Halt bei Teppichzentrum und Karawanserei<br \/>\n\ud83d\udd39 Mittagessen in Konya<br \/>\n\ud83d\udd39 Zur\u00fcck zu Antalya Hotels<\/p>\n<h3>\u2139\ufe0f <strong>N\u00fctzliche Informationen<\/strong><\/h3>\n<p>\ud83d\udd39 Dauer: 2 Tage<br \/>\n\ud83d\udd39 M\u00e4\u00dfige k\u00f6rperliche Aktivit\u00e4t<br \/>\n\ud83d\udd39 Ballonfahrt optional, wetterabh\u00e4ngig<br \/>\n\ud83d\udd39 Standard-Hotelaufenthalt (Einzelzimmerzuschlag)<br \/>\nKinder unter 6 Jahren reisen kostenlos, teilen sich aber einen Sitzplatz, wenn sie nicht separat gebucht werden.<\/p>\n<h2>\ud83c\udf92 <strong>Was Sie mitbringen sollten<\/strong><\/h2>\n<p>\ud83d\udd39 Reisepass oder Personalausweis<br \/>\n\ud83d\udd39 Bequeme Schuhe<br \/>\n\ud83d\udd39 Sonnenbrille, Hut und Sonnenschutzmittel<br \/>\n\ud83d\udd39 Jacke f\u00fcr k\u00fchle Abende<br \/>\n\ud83d\udd39 Kamera oder Smartphone<br \/>\n\ud83d\udd39 Bargeld f\u00fcr Extras<\/p>\n<h3>\ud83d\udeab <strong>Nicht geeignet f\u00fcr<\/strong><\/h3>\n<p>\ud83d\udd39 G\u00e4ste mit Mobilit\u00e4tsproblemen<br \/>\n\ud83d\udd39 Kleine Kinder<\/p>\n<h2>\ud83d\udcb8 <strong>Preis und Buchung<\/strong><\/h2>\n<p><strong>\ud83d\udd39 Jetzt buchen - am Tag der Tour bezahlen<\/strong><br \/>\n\ud83d\udd39 Kontaktieren Sie uns \u00fcber WhatsApp, Telegram oder Viber f\u00fcr Buchungen und Fragen \ud83d\udc47\ud83c\udffc<\/p>\n<p>Alternativen gesucht? St\u00f6bern Sie <a href=\"https:\/\/excursionsworld.com\/de\/antalya-ausfluege\/\">mehr Antalya-Touren in Kappadokien<\/a>.<\/p>","protected":false},"excerpt":{"rendered":"<p>Buchen Sie Ihr <b>2-day Cappadocia tour<\/b> <b>from Antalya<\/b>! Explore <b>Schornsteinfeger<\/b>, <b>unterirdische St\u00e4dte<\/b>, and history. <b>All-inclusive-Reise<\/b> mit <b>Hotel<\/b> &amp; <b>Leitfaden<\/b>.<\/p>","protected":false},"featured_media":12798,"comment_status":"open","ping_status":"closed","template":"","meta":[],"product_brand":[],"product_cat":[125],"product_tag":[107],"class_list":{"0":"post-15349","1":"product","2":"type-product","3":"status-publish","4":"has-post-thumbnail","6":"tour_phys-antalya-tours","7":"product_cat-antalya-tours","8":"product_tag-antalya","9":"pa_destination-antalya-tours","11":"first","12":"instock","13":"sale","14":"shipping-taxable","15":"purchasable","16":"product-type-tour_phys"},"aioseo_notices":[],"_links":{"self":[{"href":"https:\/\/excursionsworld.com\/de\/wp-json\/wp\/v2\/product\/15349","targetHints":{"allow":["GET"]}}],"collection":[{"href":"https:\/\/excursionsworld.com\/de\/wp-json\/wp\/v2\/product"}],"about":[{"href":"https:\/\/excursionsworld.com\/de\/wp-json\/wp\/v2\/types\/product"}],"replies":[{"embeddable":true,"href":"https:\/\/excursionsworld.com\/de\/wp-json\/wp\/v2\/comments?post=15349"}],"wp:featuredmedia":[{"embeddable":true,"href":"https:\/\/excursionsworld.com\/de\/wp-json\/wp\/v2\/media\/12798"}],"wp:attachment":[{"href":"https:\/\/excursionsworld.com\/de\/wp-json\/wp\/v2\/media?parent=15349"}],"wp:term":[{"taxonomy":"product_brand","embeddable":true,"href":"https:\/\/excursionsworld.com\/de\/wp-json\/wp\/v2\/product_brand?post=15349"},{"taxonomy":"product_cat","embeddable":true,"href":"https:\/\/excursionsworld.com\/de\/wp-json\/wp\/v2\/product_cat?post=15349"},{"taxonomy":"product_tag","embeddable":true,"href":"https:\/\/excursionsworld.com\/de\/wp-json\/wp\/v2\/product_tag?post=15349"}],"curies":[{"name":"wp","href":"https:\/\/api.w.org\/{rel}","templated":true}]}}