{"id":15350,"date":"2025-10-26T18:12:15","date_gmt":"2025-10-26T15:12:15","guid":{"rendered":"https:\/\/excursionsworld.com\/?post_type=product&#038;p=15350"},"modified":"2025-12-18T19:03:44","modified_gmt":"2025-12-18T16:03:44","slug":"pamukkale-salda-see-tour-antalya","status":"publish","type":"product","link":"https:\/\/excursionsworld.com\/tours\/pamukkale-salda-lake-tour-antalya\/","title":{"rendered":"Pamukkale &amp; Salda See Tour ab Antalya - T\u00fcrkische Malediven"},"content":{"rendered":"<h3 data-start=\"151\" data-end=\"168\"><strong>\ud83c\udfdd\ufe0f \u00dcberblick<\/strong><\/h3>\n<p data-start=\"170\" data-end=\"518\">Nehmen Sie an einem Ganztagesausflug von Antalya aus teil und erkunden Sie die Naturwunder von Pamukkale und den t\u00fcrkisfarbenen Salda-See! Wandern Sie auf den wei\u00dfen Terrassen von Pamukkale, entdecken Sie die antiken Ruinen von Hierapolis und entspannen Sie sich an den \u201ct\u00fcrkischen Malediven\u201d. Die Tour beinhaltet Fr\u00fchst\u00fcck, Mittagessen, Abendessen und Hoteltransfers - eine perfekte Kombination aus Natur, Geschichte und Komfort.<\/p>\n<h3 data-start=\"520\" data-end=\"534\"><strong>Inbegriffen:<\/strong><\/h3>\n<p data-start=\"536\" data-end=\"731\"><span style=\"color: #00ff00;\"><strong>\u2713<\/strong> <\/span>Abholung vom Hotel und R\u00fccktransport\u00a0<br data-start=\"580\" data-end=\"583\" \/><span style=\"color: #00ff00;\"><strong>\u2713<\/strong> <\/span>Klimatisierter Bus<br data-start=\"604\" data-end=\"607\" \/><span style=\"color: #00ff00;\"><strong>\u2713<\/strong> <\/span>Eintrittsgelder f\u00fcr Pamukkale und Hierapolis<br data-start=\"650\" data-end=\"653\" \/><span style=\"color: #00ff00;\"><strong>\u2713<\/strong> <\/span>Englischsprachiger F\u00fchrer<br data-start=\"677\" data-end=\"680\" \/><span style=\"color: #00ff00;\"><strong>\u2713<\/strong> <\/span>Vollversicherung<br data-start=\"696\" data-end=\"699\" \/><span style=\"color: #00ff00;\"><strong>\u2713<\/strong> <\/span>Fr\u00fchst\u00fcck, Mittag- und Abendessen<\/p>\n<h3 data-start=\"733\" data-end=\"751\">Nicht inbegriffen:<\/h3>\n<p data-start=\"753\" data-end=\"818\"><span style=\"color: #ff0000;\"><strong>\u2717<\/strong><\/span> Eingang zu Kleopatras Pool<br data-start=\"783\" data-end=\"786\" \/><span style=\"color: #ff0000;\"><strong>\u2717 <\/strong><\/span>Pers\u00f6nliche Ausgaben<br data-start=\"805\" data-end=\"808\" \/><span style=\"color: #ff0000;\"><strong>\u2717 <\/strong><\/span>Getr\u00e4nke<\/p>\n<h3 data-start=\"820\" data-end=\"843\"><span style=\"color: #000000;\"><strong>\ud83c\udf1f H\u00f6hepunkte der Tour<\/strong><\/span><\/h3>\n<p data-start=\"845\" data-end=\"1084\">\ud83d\udd39 Spaziergang auf den schneewei\u00dfen Travertinen von Pamukkale<br data-start=\"890\" data-end=\"893\" \/>\ud83d\udd39 Erkunden Sie die antike Stadt und das Theater von Hierapolis<br data-start=\"946\" data-end=\"949\" \/>\ud83d\udd39 Entspannen in nat\u00fcrlichen Thermalbecken<br data-start=\"982\" data-end=\"985\" \/>\ud83d\udd39 Besuchen Sie den Salda-See - die \u201cMalediven\u201d der T\u00fcrkei\u201d<br data-start=\"1026\" data-end=\"1029\" \/>\ud83d\udd39 Genie\u00dfen Sie w\u00e4hrend der Reise traditionelle t\u00fcrkische Gerichte<\/p>\n<h3 data-start=\"1086\" data-end=\"1110\"><span style=\"color: #000000;\"><strong>\ud83d\udcd6 Vollst\u00e4ndige Beschreibung<\/strong><\/span><\/h3>\n<div data-start=\"1112\" data-end=\"1479\">Beginnen Sie Ihr Abenteuer mit der fr\u00fchmorgendlichen Abholung von Ihrem Hotel in Antalya. Nach dem Fr\u00fchst\u00fcck fahren Sie durch die malerische Landschaft nach Pamukkale, das f\u00fcr seine wei\u00dfen Terrassen und sein Heilwasser bekannt ist. Erkunden Sie Hierapolis, eine antike Kurstadt, in der Sie das r\u00f6mische Theater und den Apollo-Tempel besichtigen k\u00f6nnen. Sie k\u00f6nnen auch ein Bad in Kleopatras Pool nehmen (fakultativ).<\/div>\n<div data-start=\"1481\" data-end=\"1706\">Am Nachmittag besuchen Sie den ber\u00fchmten Salda-See, der f\u00fcr sein leuchtendes T\u00fcrkis und seine zarten wei\u00dfen Ufer bewundert wird. Machen Sie unvergessliche Fotos, entspannen Sie sich in der Natur und genie\u00dfen Sie ein Abendessen, bevor Sie bequem zu Ihrem Hotel in Antalya zur\u00fcckkehren.<\/div>\n<h3><span style=\"color: #000000;\"><strong>\ud83d\uddfa\ufe0f Reiseverlauf<\/strong><\/span><\/h3>\n<p data-start=\"2261\" data-end=\"2588\">\ud83d\udd39 Abholung von Hotels in Antalya<br data-start=\"2291\" data-end=\"2294\" \/>\ud83d\udd39 Fr\u00fchst\u00fcck auf dem Weg<br data-start=\"2315\" data-end=\"2318\" \/>\ud83d\udd39 Reise nach Pamukkale<br data-start=\"2341\" data-end=\"2344\" \/>\ud83d\udd39 Mittagsbuffet<br data-start=\"2359\" data-end=\"2362\" \/>\ud83d\udd39 Besichtigung der Travertinen von Pamukkale<br data-start=\"2396\" data-end=\"2399\" \/>\ud83d\udd39 Besuch der Ruinen von Hierapolis<br data-start=\"2427\" data-end=\"2430\" \/>\ud83d\udd39 Freie Zeit f\u00fcr Kleopatra's Pool (optional)<br data-start=\"2474\" data-end=\"2477\" \/>\ud83d\udd39 Besuch des Salda-Sees f\u00fcr Besichtigungen und Fotos<br data-start=\"2526\" data-end=\"2529\" \/>\ud83d\udd39 Abendessen<br data-start=\"2538\" data-end=\"2541\" \/>\ud83d\udd39 R\u00fcckreise<br data-start=\"2558\" data-end=\"2561\" \/>\ud83d\udd39 Transfer zur\u00fcck zum Hotel<\/p>\n<h3 data-start=\"1764\" data-end=\"1790\"><span style=\"color: #000000;\"><strong>\u2139\ufe0f N\u00fctzliche Informationen<\/strong><\/span><\/h3>\n<p data-start=\"1792\" data-end=\"1945\">\ud83d\udd39 Dauer: etwa 12 Stunden<br data-start=\"1819\" data-end=\"1822\" \/>\ud83d\udd39 Die Reiseroute kann je nach Wetterlage variieren<br data-start=\"1856\" data-end=\"1859\" \/>\ud83d\udd39 M\u00e4\u00dfiges Gehen erforderlich<br data-start=\"1887\" data-end=\"1890\" \/>\ud83d\udd39 Kinder unter 5 Jahren reisen kostenlos (geteilter Sitzplatz bei Vollbelegung)<\/p>\n<h3 data-start=\"1947\" data-end=\"1968\"><span style=\"color: #000000;\"><strong>\ud83c\udf92 Was Sie mitbringen sollten<\/strong><\/span><\/h3>\n<p data-start=\"1970\" data-end=\"2093\">\ud83d\udd39 Personalausweis oder Reisepass<br data-start=\"1987\" data-end=\"1990\" \/>\ud83d\udd39 Bequeme Schuhe<br data-start=\"2010\" data-end=\"2013\" \/>\ud83d\udd39 Sonnenbrille, Hut und Sonnenschutzmittel<br data-start=\"2046\" data-end=\"2049\" \/>\ud83d\udd39 Badeanzug und Handtuch<br data-start=\"2070\" data-end=\"2073\" \/>\ud83d\udd39 Bargeld f\u00fcr Extras<\/p>\n<h3 data-start=\"2095\" data-end=\"2119\"><span style=\"color: #000000;\"><strong>\ud83d\udeab Nicht geeignet f\u00fcr<\/strong><\/span><\/h3>\n<p data-start=\"2121\" data-end=\"2186\">\ud83d\udd39 Menschen mit eingeschr\u00e4nkter Mobilit\u00e4t<br data-start=\"2152\" data-end=\"2155\" \/>\ud83d\udd39 Schwerwiegende medizinische Probleme<\/p>\n<h3 data-start=\"2240\" data-end=\"2265\"><span style=\"color: #000000;\"><strong>\ud83d\udcb8 Preis und Buchung<\/strong><\/span><\/h3>\n<p data-start=\"2267\" data-end=\"2369\"><strong>\ud83d\udd39 Jetzt buchen - am Tag der Tour bezahlen<\/strong><br data-start=\"2300\" data-end=\"2303\" \/>\ud83d\udd39 Kontaktieren Sie uns \u00fcber WhatsApp, Telegram oder Viber f\u00fcr die Buchung. \ud83d\udc47\ud83c\udffc<\/p>","protected":false},"excerpt":{"rendered":"<p>Buchen Sie die <b>Antalya Pamukkale Tour<\/b>! Besuchen Sie die Ruinen von Hierapolis und den Salda-See (die Malediven der T\u00fcrkei). Ganzt\u00e4gig <b>Ausflug<\/b> mit Mahlzeiten und komfortablen <b>Tagesausflug<\/b>.<\/p>","protected":false},"featured_media":14072,"comment_status":"open","ping_status":"closed","template":"","meta":[],"product_brand":[],"product_cat":[125],"product_tag":[107],"class_list":{"0":"post-15350","1":"product","2":"type-product","3":"status-publish","4":"has-post-thumbnail","6":"tour_phys-antalya-tours","7":"product_cat-antalya-tours","8":"product_tag-antalya","9":"pa_destination-antalya-tours","11":"first","12":"instock","13":"sale","14":"shipping-taxable","15":"purchasable","16":"product-type-tour_phys"},"aioseo_notices":[],"_links":{"self":[{"href":"https:\/\/excursionsworld.com\/de\/wp-json\/wp\/v2\/product\/15350","targetHints":{"allow":["GET"]}}],"collection":[{"href":"https:\/\/excursionsworld.com\/de\/wp-json\/wp\/v2\/product"}],"about":[{"href":"https:\/\/excursionsworld.com\/de\/wp-json\/wp\/v2\/types\/product"}],"replies":[{"embeddable":true,"href":"https:\/\/excursionsworld.com\/de\/wp-json\/wp\/v2\/comments?post=15350"}],"wp:featuredmedia":[{"embeddable":true,"href":"https:\/\/excursionsworld.com\/de\/wp-json\/wp\/v2\/media\/14072"}],"wp:attachment":[{"href":"https:\/\/excursionsworld.com\/de\/wp-json\/wp\/v2\/media?parent=15350"}],"wp:term":[{"taxonomy":"product_brand","embeddable":true,"href":"https:\/\/excursionsworld.com\/de\/wp-json\/wp\/v2\/product_brand?post=15350"},{"taxonomy":"product_cat","embeddable":true,"href":"https:\/\/excursionsworld.com\/de\/wp-json\/wp\/v2\/product_cat?post=15350"},{"taxonomy":"product_tag","embeddable":true,"href":"https:\/\/excursionsworld.com\/de\/wp-json\/wp\/v2\/product_tag?post=15350"}],"curies":[{"name":"wp","href":"https:\/\/api.w.org\/{rel}","templated":true}]}}