{"id":15351,"date":"2025-10-26T18:13:06","date_gmt":"2025-10-26T15:13:06","guid":{"rendered":"https:\/\/excursionsworld.com\/?post_type=product&#038;p=15351"},"modified":"2026-03-14T19:21:13","modified_gmt":"2026-03-14T16:21:13","slug":"pamukkale-heissluftballon-antalya","status":"publish","type":"product","link":"https:\/\/excursionsworld.com\/tours\/pamukkale-hot-air-balloon-antalya\/","title":{"rendered":"Pamukkale Hei\u00dfluftballon Flug ab Antalya \u2013 Sonnenaufgang Erlebnis"},"content":{"rendered":"<h3 data-start=\"153\" data-end=\"172\">\ud83c\udfdd\ufe0f \u00dcberblick<\/h3>\n<p data-start=\"173\" data-end=\"489\">Erleben Sie den Zauber von Pamukkale bei einer Hei\u00dfluftballonfahrt zum Sonnenaufgang von Antalya aus. Es gibt bequeme Hoteltransfers von allen Stadtteilen Antalyas, einschlie\u00dflich Lara, Kundu, Konyaalt\u0131 und Belek. Nach dem Flug genie\u00dfen Sie eine gef\u00fchrte Tour durch Pamukkale und die antike Stadt Hierapolis, gefolgt von einem k\u00f6stlichen Mittagessen.<\/p>\n<h3 dir=\"ltr\"><span style=\"color: #000000;\"><strong>Inbegriffen:<\/strong><\/span><\/h3>\n<p dir=\"ltr\"><strong><span style=\"color: #00ff00;\">\u2713<\/span><\/strong> Abholung vom Hotel und R\u00fccktransport<br \/>\n<strong><span style=\"color: #00ff00;\">\u2713 <\/span><\/strong>Klimatisierter Bus<br \/>\n<strong><span style=\"color: #00ff00;\">\u2713 <\/span><\/strong>Fahrt im Hei\u00dfluftballon<br \/>\n<strong><span style=\"color: #00ff00;\">\u2713 <\/span><\/strong><span style=\"color: #00ff00;\"><span style=\"color: #000000;\">Englisch<\/span><\/span>-sprechender historischer F\u00fchrer<br \/>\n<strong><span style=\"color: #00ff00;\">\u2713 <\/span><\/strong>Mittagessen<br \/>\n<strong><span style=\"color: #00ff00;\">\u2713 <\/span><\/strong>Berufspilot<br \/>\n<strong><span style=\"color: #00ff00;\">\u2713 <\/span><\/strong>Flugschein<br \/>\n<strong><span style=\"color: #00ff00;\">\u2713 <\/span><\/strong>Vollversicherung<\/p>\n<h3 dir=\"ltr\"><span style=\"color: #000000;\"><strong>Ausgeschlossen:<\/strong><\/span><\/h3>\n<div dir=\"ltr\"><span style=\"color: #ff0000;\"><strong>\u2717 <\/strong><\/span>Eintrittsgelder Pamukkale &amp; Hierapolis (40 \u20ac)<\/div>\n<div dir=\"ltr\"><span style=\"color: #ff0000;\"><strong>\u2717<\/strong><\/span> Eingang zu Kleopatras Pool<br \/>\n<span style=\"color: #ff0000;\"><strong>\u2717<\/strong><\/span> Getr\u00e4nke<\/div>\n<h3 data-start=\"870\" data-end=\"895\">\ud83c\udf1f H\u00f6hepunkte der Tour<\/h3>\n<p data-start=\"896\" data-end=\"1190\">\ud83d\udd39 Sonnenaufgang im Hei\u00dfluftballon \u00fcber den wei\u00dfen Terrassen von Pamukkale<br data-start=\"959\" data-end=\"962\" \/>\ud83d\udd39 Atemberaubende Panoramablicke und einzigartige Fotom\u00f6glichkeiten<br data-start=\"1020\" data-end=\"1023\" \/>\ud83d\udd39 Champagner und Flugschein bei der Landung<br data-start=\"1071\" data-end=\"1074\" \/>\ud83d\udd39 Gef\u00fchrte Besichtigung von Hierapolis, einschlie\u00dflich r\u00f6mischem Theater und Gr\u00e4bern<br data-start=\"1137\" data-end=\"1140\" \/>\ud83d\udd39 Optionales Schwimmen in Cleopatra's Pool (gegen Aufpreis)<\/p>\n<h3 data-start=\"1192\" data-end=\"1218\">\ud83d\udcd6 Vollst\u00e4ndige Beschreibung<\/h3>\n<p data-start=\"1219\" data-end=\"1859\">Ihr Tag beginnt mit einer fr\u00fchen Abholung vom Hotel in Antalya, gefolgt von einer bequemen 3,5-st\u00fcndigen Fahrt nach Pamukkale. Begeben Sie sich auf eine atemberaubende Hei\u00dfluftballonfahrt bei Sonnenaufgang \u00fcber die ber\u00fchmten wei\u00dfen Terrassen und antiken Ruinen von Pamukkale. Machen Sie unvergessliche Fotos und genie\u00dfen Sie bei der Landung ein Glas Sekt und Ihr Flugzertifikat. Anschlie\u00dfend erkunden Sie mit Ihrem professionellen Reiseleiter die antike Stadt Hierapolis und besuchen das r\u00f6mische Theater, die Thermen und andere historische Sehensw\u00fcrdigkeiten. G\u00e4ste, die es w\u00fcnschen, k\u00f6nnen gegen eine zus\u00e4tzliche Geb\u00fchr in Kleopatras Pool schwimmen. Die Tour endet mit einem k\u00f6stlichen Mittagessen, bevor Sie zu Ihrem Hotel in Antalya zur\u00fcckkehren.<\/p>\n<h3 data-start=\"1861\" data-end=\"1886\">\ud83d\uddfa\ufe0f Reiseverlauf<\/h3>\n<p data-start=\"1887\" data-end=\"2145\">\ud83d\udd39 Fr\u00fche Abholung vom Hotel in Antalya<br data-start=\"1919\" data-end=\"1922\" \/>\ud83d\udd39 Transfer nach Pamukkale<br data-start=\"1946\" data-end=\"1949\" \/>\ud83d\udd39 Hei\u00dfluftballonfahrt bei Sonnenaufgang<br data-start=\"1980\" data-end=\"1983\" \/>\ud83d\udd39 Champagner und Flugschein<br data-start=\"2018\" data-end=\"2021\" \/>\ud83d\udd39 Gef\u00fchrte Besichtigung von Pamukkale und Hierapolis<br data-start=\"2063\" data-end=\"2066\" \/>\ud83d\udd39 Optionales Schwimmen in Kleopatras Pool<br data-start=\"2102\" data-end=\"2105\" \/>\ud83d\udd39 Mittagessen<br data-start=\"2113\" data-end=\"2116\" \/>\ud83d\udd39 R\u00fccktransfer zum Hotel<\/p>\n<h3 data-start=\"2147\" data-end=\"2175\">\u2139\ufe0f N\u00fctzliche Informationen<\/h3>\n<p data-start=\"2176\" data-end=\"2482\">\ud83d\udd39 Dauer: etwa 12 Stunden<br data-start=\"2211\" data-end=\"2214\" \/>\ud83d\udd39 Ballonfahrten k\u00f6nnen wetterbedingt abgesagt werden (volle R\u00fcckerstattung des Fluganteils)<br data-start=\"2296\" data-end=\"2299\" \/>\ud83d\udd39 Kurze Zwischenstopps auf dem Weg inklusive<br data-start=\"2333\" data-end=\"2336\" \/>\ud83d\udd39 Kinder unter 5 Jahren fahren kostenlos, haben aber keinen eigenen Sitzplatz; wenn der Bus voll ist, sitzen sie auf dem Scho\u00df eines Erwachsenen oder es kann ein eigener Sitzplatz gebucht werden<\/p>\n<h3 data-start=\"2484\" data-end=\"2507\">\ud83c\udf92 Was Sie mitbringen sollten<\/h3>\n<p data-start=\"2508\" data-end=\"2634\">\ud83d\udd39 Sonnenbrille<br data-start=\"2521\" data-end=\"2524\" \/>\ud83d\udd39 Hut oder M\u00fctze<br data-start=\"2537\" data-end=\"2540\" \/>\ud83d\udd39 Badeanzug und Handtuch<br data-start=\"2561\" data-end=\"2564\" \/>\ud83d\udd39 Bequeme Kleidung und Turnschuhe<br data-start=\"2600\" data-end=\"2603\" \/>\ud83d\udd39 Bargeld f\u00fcr pers\u00f6nliche Ausgaben<\/p>\n<h3><span style=\"color: #000000;\"><strong>\ud83d\udeab Nicht geeignet f\u00fcr<\/strong><\/span><\/h3>\n<p data-start=\"2663\" data-end=\"2710\">\ud83d\udd39 Kinder unter 7 Jahren<br data-start=\"2688\" data-end=\"2691\" \/>\ud83d\udd39 Schwangere Frauen<\/p>\n<h3 data-start=\"2775\" data-end=\"2802\">\ud83d\udcb8 Preis und Buchung<\/h3>\n<p data-start=\"2803\" data-end=\"2920\"><strong>\ud83d\udd39 Jetzt buchen - am Tag der Tour bezahlen<\/strong><br data-start=\"2843\" data-end=\"2846\" \/>\ud83d\udd39 Kontaktieren Sie uns \u00fcber WhatsApp, Telegram oder Viber f\u00fcr Buchungen und Anfragen. \ud83d\udc47\ud83c\udffc<\/p>","protected":false},"excerpt":{"rendered":"<p><b>Antalya to Pamukkale tour<\/b>! Erleben Sie eine <b>Hei\u00dfluftballonfahrt<\/b> &amp; <b>Hierapolis-Reise<\/b>. <b>All-inclusive-Ausflug<\/b> mit <b>Leitfaden<\/b>, Mittagessen, &amp; <b>\u00dcbertragung<\/b> enthalten.<\/p>","protected":false},"featured_media":12607,"comment_status":"open","ping_status":"closed","template":"","meta":[],"product_brand":[],"product_cat":[125],"product_tag":[107],"class_list":{"0":"post-15351","1":"product","2":"type-product","3":"status-publish","4":"has-post-thumbnail","6":"tour_phys-antalya-tours","7":"product_cat-antalya-tours","8":"product_tag-antalya","9":"pa_destination-antalya-tours","11":"first","12":"instock","13":"sale","14":"shipping-taxable","15":"purchasable","16":"product-type-tour_phys"},"aioseo_notices":[],"_links":{"self":[{"href":"https:\/\/excursionsworld.com\/de\/wp-json\/wp\/v2\/product\/15351","targetHints":{"allow":["GET"]}}],"collection":[{"href":"https:\/\/excursionsworld.com\/de\/wp-json\/wp\/v2\/product"}],"about":[{"href":"https:\/\/excursionsworld.com\/de\/wp-json\/wp\/v2\/types\/product"}],"replies":[{"embeddable":true,"href":"https:\/\/excursionsworld.com\/de\/wp-json\/wp\/v2\/comments?post=15351"}],"wp:featuredmedia":[{"embeddable":true,"href":"https:\/\/excursionsworld.com\/de\/wp-json\/wp\/v2\/media\/12607"}],"wp:attachment":[{"href":"https:\/\/excursionsworld.com\/de\/wp-json\/wp\/v2\/media?parent=15351"}],"wp:term":[{"taxonomy":"product_brand","embeddable":true,"href":"https:\/\/excursionsworld.com\/de\/wp-json\/wp\/v2\/product_brand?post=15351"},{"taxonomy":"product_cat","embeddable":true,"href":"https:\/\/excursionsworld.com\/de\/wp-json\/wp\/v2\/product_cat?post=15351"},{"taxonomy":"product_tag","embeddable":true,"href":"https:\/\/excursionsworld.com\/de\/wp-json\/wp\/v2\/product_tag?post=15351"}],"curies":[{"name":"wp","href":"https:\/\/api.w.org\/{rel}","templated":true}]}}