{"id":15356,"date":"2025-10-26T18:36:55","date_gmt":"2025-10-26T15:36:55","guid":{"rendered":"https:\/\/excursionsworld.com\/?post_type=product&#038;p=15356"},"modified":"2025-11-21T20:41:04","modified_gmt":"2025-11-21T17:41:04","slug":"delfinshow-schwimmen-belek","status":"publish","type":"product","link":"https:\/\/excursionsworld.com\/tours\/belek-dolphin-show-swim-dolphins\/","title":{"rendered":"Belek: Delfinshow &amp; Schwimmen mit Delfinen \u2013 Familienspa\u00df"},"content":{"rendered":"<h3 data-start=\"238\" data-end=\"258\"><span style=\"color: #000000;\"><strong>\ud83c\udfdd\ufe0f \u00dcberblick<\/strong><\/span><\/h3>\n<p data-start=\"260\" data-end=\"598\">Genie\u00dfen Sie ein unvergessliches Halbtagesabenteuer bei der Delfinshow in Belek! Schauen Sie sich eine aufregende Vorf\u00fchrung von Delfinen und Seel\u00f6wen an und erf\u00fcllen Sie sich anschlie\u00dfend Ihren Traum mit einem optionalen Schwimmen mit Delfinen. Dieses fr\u00f6hliche Erlebnis ist perfekt f\u00fcr Familien und Tierliebhaber und beinhaltet bequeme Hoteltransfers von Belek, Bo\u011fazkent und Kadriye.<\/p>\n<h3 data-start=\"600\" data-end=\"618\"><span style=\"color: #000000;\"><strong data-start=\"606\" data-end=\"618\">Inbegriffen:<\/strong><\/span><\/h3>\n<p data-start=\"620\" data-end=\"888\"><span style=\"color: #00ff00;\"><strong>\u2713<\/strong> <\/span>Abholung vom Hotel und R\u00fccktransport f<br data-start=\"682\" data-end=\"685\" \/><span style=\"color: #00ff00;\"><strong>\u2713<\/strong> <\/span>Eintrittskarte f\u00fcr die Delphin- und Seel\u00f6wenshow<br data-start=\"750\" data-end=\"753\" \/><span style=\"color: #00ff00;\"><strong>\u2713<\/strong> <\/span>Professionelle Trainer und Unterst\u00fctzung durch Parkpersonal<br data-start=\"802\" data-end=\"805\" \/><span style=\"color: #00ff00;\"><strong>\u2713<\/strong> <\/span>Vollst\u00e4ndiger Versicherungsschutz<\/p>\n<h3 data-start=\"890\" data-end=\"912\"><span style=\"color: #000000;\"><strong data-start=\"896\" data-end=\"912\">Nicht inbegriffen:<\/strong><\/span><\/h3>\n<div data-start=\"914\" data-end=\"1012\"><strong><span style=\"color: #ff0000;\">\u2717 <\/span><\/strong>Optionales Schwimmen mit Delphinen<\/div>\n<div data-start=\"914\" data-end=\"1012\"><strong><span style=\"color: #ff0000;\">\u2717<\/span><\/strong> Pers\u00f6nliche Ausgaben, Lebensmittel und Getr\u00e4nke<br data-start=\"951\" data-end=\"954\" \/><strong><span style=\"color: #ff0000;\">\u2717 <\/span><\/strong>Fotos und Videos<\/div>\n<h3 data-start=\"1014\" data-end=\"1040\"><span style=\"color: #000000;\">\ud83c\udf1f <strong data-start=\"1021\" data-end=\"1040\">H\u00f6hepunkte der Tour<\/strong><\/span><\/h3>\n<p data-start=\"1042\" data-end=\"1317\">\ud83d\udd39 Magische 1-st\u00fcndige Show mit Delfinen und Seel\u00f6wen<br data-start=\"1097\" data-end=\"1100\" \/>\ud83d\udd39 Optionales 7-8-min\u00fctiges Delphinschwimmen<br data-start=\"1147\" data-end=\"1150\" \/>\ud83d\udd39 Ein lehrreiches und unterhaltsames Erlebnis f\u00fcr alle Altersgruppen<br data-start=\"1196\" data-end=\"1199\" \/>\ud83d\udd39 Entspannende Aktivit\u00e4t mit Meeress\u00e4ugern und positiver Energie<br data-start=\"1259\" data-end=\"1262\" \/>\ud83d\udd39 Bequemer Hin- und R\u00fccktransfer aus der Region Belek<\/p>\n<h3 data-start=\"1319\" data-end=\"1346\"><span style=\"color: #000000;\">\ud83d\udcd6 <strong data-start=\"1326\" data-end=\"1346\">Vollst\u00e4ndige Beschreibung<\/strong><\/span><\/h3>\n<p data-start=\"1348\" data-end=\"1507\">Beginnen Sie Ihr Erlebnis mit einer einfachen Abholung vom Hotel in Belek, Bo\u011fazkent oder Kadriye. Nach einem kurzen Transfer erreichen Sie das Delphinarium, wo die Magie beginnt! Genie\u00dfen Sie eine atemberaubende Live-Show mit Delfinen und Seel\u00f6wen, die mit ihren Trainern Akrobatik, Spr\u00fcnge und spielerische Tricks vorf\u00fchren - ein Vergn\u00fcgen f\u00fcr Kinder und Erwachsene gleicherma\u00dfen. F\u00fcr diejenigen, die eine tiefere Verbindung suchen, bietet das optionale Schwimmen mit Delfinen die M\u00f6glichkeit, in einer sicheren, gef\u00fchrten Umgebung eng mit diesen intelligenten Tieren zu interagieren. Das Erlebnis dauert etwa 7-8 Minuten und ist f\u00fcr Kinder ab 3 Jahren geeignet (mit Unterst\u00fctzung der Eltern). Nach der Show und dem optionalen Schwimmen haben Sie Zeit, sich professionelle Fotos und Videos anzusehen, bevor Sie zu Ihrem Hotel zur\u00fcckfahren.<\/p>\n<h3 data-start=\"2090\" data-end=\"2116\"><span style=\"color: #000000;\">\ud83d\uddfa\ufe0f <strong data-start=\"2098\" data-end=\"2116\">Reiseroute<\/strong><\/span><\/h3>\n<p data-start=\"2118\" data-end=\"2414\">\ud83d\udd39Abholung von Hotels in Belek, Bo\u011fazkent und Kadriye<br data-start=\"2183\" data-end=\"2186\" \/>\ud83d\udd39Ankunft im Delphinarium<br data-start=\"2224\" data-end=\"2227\" \/>\ud83d\udd39Delphin- und Seel\u00f6wen-Show (1 Stunde)<br data-start=\"2270\" data-end=\"2273\" \/>\ud83d\udd39Optionales Schwimmen mit Delphinen<br data-start=\"2319\" data-end=\"2322\" \/>\ud83d\udd39Foto- und Videobetrachtung, freie Zeit<br data-start=\"2367\" data-end=\"2370\" \/>\ud83d\udd39R\u00fccktransfer zu den Hotels<\/p>\n<h3 data-start=\"2416\" data-end=\"2445\"><strong><span style=\"color: #000000;\">\u2139\ufe0f N\u00fctzliche Informationen<\/span><\/strong><\/h3>\n<p data-start=\"2447\" data-end=\"2798\">\ud83d\udd39 Dauer: Ungef\u00e4hr 4 Stunden (einschlie\u00dflich Transfers)<br data-start=\"2503\" data-end=\"2506\" \/>\ud83d\udd39 Dauer des Schwimmens: 7-8 Minuten pro Person<br data-start=\"2546\" data-end=\"2549\" \/>\ud83d\udd39 Die Shows finden zweimal t\u00e4glich statt (siehe Zeitplan bei der Buchung)<br data-start=\"2603\" data-end=\"2606\" \/>\ud83d\udd39 Schwimmkurse m\u00fcssen im Voraus gebucht werden<br data-start=\"2652\" data-end=\"2655\" \/>G\u00e4ste mit Epilepsie oder schweren k\u00f6rperlichen Behinderungen k\u00f6nnen nicht am Schwimmen teilnehmen.<br data-start=\"2732\" data-end=\"2735\" \/>\ud83d\udd39 W\u00e4hrend des Schwimmens sind weder Schmuck noch Accessoires erlaubt.<\/p>\n<h3 data-start=\"2943\" data-end=\"2967\"><strong><span style=\"color: #000000;\">\ud83c\udf92 Was Sie mitbringen sollten<\/span><\/strong><\/h3>\n<p data-start=\"2969\" data-end=\"3124\">\ud83d\udd39 Badeanzug und Handtuch (f\u00fcr Teilnehmer, die schwimmen)<br data-start=\"3014\" data-end=\"3017\" \/>\ud83d\udd39 Sonnenbrille und Hut<br data-start=\"3038\" data-end=\"3041\" \/>\ud83d\udd39 Kamera oder Telefon f\u00fcr pers\u00f6nliche Fotos<br data-start=\"3079\" data-end=\"3082\" \/>\ud83d\udd39 Bargeld f\u00fcr optionale Fotos oder Souvenirs<\/p>\n<h3 data-start=\"2800\" data-end=\"2827\"><strong><span style=\"color: #000000;\">\ud83d\udeab Nicht geeignet f\u00fcr<\/span><\/strong><\/h3>\n<p data-start=\"2829\" data-end=\"2941\">\ud83d\udd39 Kinder unter 3 Jahren (k\u00f6nnen nicht mitschwimmen)<br data-start=\"2881\" data-end=\"2884\" \/>\ud83d\udd39 G\u00e4ste mit Epilepsie oder schweren k\u00f6rperlichen Behinderungen<\/p>\n<h3 dir=\"ltr\">\ud83d\udcb8\u00a0<strong>Preis und Buchung<\/strong><\/h3>\n<p dir=\"ltr\"><strong>\ud83d\udd39 Jetzt buchen, am Tag der Tour bezahlen<\/strong><br \/>\nKontaktiere uns \u00fcber WhatsApp, Telegram, Viber oder f\u00fclle das Buchungsformular unten aus.<\/p>\n<h3 data-start=\"2032\" data-end=\"2058\">\u2139\ufe0f N\u00fctzliche Informationen<\/h3>\n<p data-start=\"2060\" data-end=\"2200\">\ud83d\udd39 Dauer: ca. 5-5,5 Stunden<br data-start=\"2092\" data-end=\"2095\" \/>\ud83d\udd39 T\u00e4gliche Abfahrten am Morgen\u00a0<br data-start=\"2136\" data-end=\"2139\" \/>\ud83d\udd39 Keine Erfahrung erforderlich<br data-start=\"2164\" data-end=\"2167\" \/>\ud83d\udd39 Komfortable Tour in kleinen Gruppen<\/p>\n<h3 data-start=\"2202\" data-end=\"2226\">\ud83d\udeab Nicht geeignet f\u00fcr<\/h3>\n<p data-start=\"2228\" data-end=\"2297\">\ud83d\udd39 Schwangere Frauen<br data-start=\"2245\" data-end=\"2248\" \/>\ud83d\udd39 G\u00e4ste mit schweren R\u00fccken- oder Herzerkrankungen<\/p>\n<h3 data-start=\"2299\" data-end=\"2320\">\ud83c\udf92 Was Sie mitbringen sollten<\/h3>\n<p data-start=\"2322\" data-end=\"2422\">\ud83d\udd39 Sonnenbrille, Hut und Sonnenschutzmittel<br data-start=\"2355\" data-end=\"2358\" \/>\ud83d\udd39 Bequeme Kleidung und Bademode<br data-start=\"2393\" data-end=\"2396\" \/>\ud83d\udd39 Kleines Geld f\u00fcr Extras<\/p>\n<div class=\"elementor-element elementor-element-884d539 e-con-full e-flex e-con e-child\" data-id=\"884d539\" data-element_type=\"container\">\n<div id=\"description\" class=\"elementor-element elementor-element-337037cc elementor-widget elementor-widget-thim-ekits-tours-content\" data-id=\"337037cc\" data-element_type=\"widget\" data-widget_type=\"thim-ekits-tours-content.default\">\n<div class=\"elementor-widget-container\">\n<h3 class=\"thim-ekit-single-tour__content\">\ud83d\udcb8\u00a0<strong data-start=\"3780\" data-end=\"3801\">Preis und Buchung<\/strong><\/h3>\n<div class=\"thim-ekit-single-tour__content\">\n<p data-start=\"3803\" data-end=\"3931\"><strong>\ud83d\udd39 Jetzt buchen, am Tag der Tour bezahlen<\/strong><br data-start=\"3842\" data-end=\"3845\" \/>\ud83d\udd39 Kontaktiere uns \u00fcber WhatsApp, Telegram, Viber oder f\u00fclle das Buchungsformular unten aus \ud83d\udc47\ud83c\udffc<\/p>\n<\/div>\n<\/div>\n<\/div>\n<\/div>","protected":false},"excerpt":{"rendered":"<p>Buchen Sie Ihr <b>Belek Delphin Show<\/b> <b>Ausflug<\/b>! Genie\u00dfen Sie eine magische Show, plus eine optionale <b>mit Delfinen schwimmen<\/b>. Perfekt <b>Familienausflug<\/b> mit <b>\u00dcbertragung<\/b> enthalten. Einfach buchen!<\/p>","protected":false},"featured_media":15137,"comment_status":"open","ping_status":"closed","template":"","meta":[],"product_brand":[],"product_cat":[126],"product_tag":[120],"class_list":{"0":"post-15356","1":"product","2":"type-product","3":"status-publish","4":"has-post-thumbnail","6":"tour_phys-belek-tours","7":"product_cat-belek-tours","8":"product_tag-belek","9":"pa_destination-belek-tours","11":"first","12":"instock","13":"sale","14":"shipping-taxable","15":"purchasable","16":"product-type-tour_phys"},"aioseo_notices":[],"_links":{"self":[{"href":"https:\/\/excursionsworld.com\/de\/wp-json\/wp\/v2\/product\/15356","targetHints":{"allow":["GET"]}}],"collection":[{"href":"https:\/\/excursionsworld.com\/de\/wp-json\/wp\/v2\/product"}],"about":[{"href":"https:\/\/excursionsworld.com\/de\/wp-json\/wp\/v2\/types\/product"}],"replies":[{"embeddable":true,"href":"https:\/\/excursionsworld.com\/de\/wp-json\/wp\/v2\/comments?post=15356"}],"wp:featuredmedia":[{"embeddable":true,"href":"https:\/\/excursionsworld.com\/de\/wp-json\/wp\/v2\/media\/15137"}],"wp:attachment":[{"href":"https:\/\/excursionsworld.com\/de\/wp-json\/wp\/v2\/media?parent=15356"}],"wp:term":[{"taxonomy":"product_brand","embeddable":true,"href":"https:\/\/excursionsworld.com\/de\/wp-json\/wp\/v2\/product_brand?post=15356"},{"taxonomy":"product_cat","embeddable":true,"href":"https:\/\/excursionsworld.com\/de\/wp-json\/wp\/v2\/product_cat?post=15356"},{"taxonomy":"product_tag","embeddable":true,"href":"https:\/\/excursionsworld.com\/de\/wp-json\/wp\/v2\/product_tag?post=15356"}],"curies":[{"name":"wp","href":"https:\/\/api.w.org\/{rel}","templated":true}]}}