{"id":15361,"date":"2025-10-26T18:44:53","date_gmt":"2025-10-26T15:44:53","guid":{"rendered":"https:\/\/excursionsworld.com\/?post_type=product&#038;p=15361"},"modified":"2025-11-21T20:31:27","modified_gmt":"2025-11-21T17:31:27","slug":"tuerkisches-bad-hamam-belek","status":"publish","type":"product","link":"https:\/\/excursionsworld.com\/tours\/belek-turkish-bath-hamam\/","title":{"rendered":"Belek: T\u00fcrkisches Bad \u2013 authentische Hamam-Erfahrung"},"content":{"rendered":"<h3><strong>\ud83c\udfdd\ufe0f <span style=\"color: #000000;\">\u00dcbersicht<\/span><\/strong><\/h3>\n<p data-start=\"433\" data-end=\"821\">Tauchen Sie ein in die <strong data-start=\"457\" data-end=\"508\">authentisches T\u00fcrkisches Bad &amp; Spa-Erlebnis in Side<\/strong>, wo alte Wellness-Traditionen auf modernen Komfort treffen. Genie\u00dfen Sie einen entspannten Tag in einem der besten <strong>hamam<\/strong> in der Region, mit Sauna, Dampfbad, Salzraum, K\u00f6rperpeeling, Schaummassage und verj\u00fcngender \u00d6lbehandlung. Perfekt f\u00fcr die Reinigung Ihrer Haut und die Vorbereitung auf eine lang anhaltende Br\u00e4une w\u00e4hrend Ihres Urlaubs!<\/p>\n<h3><span style=\"color: #000000;\"><strong>\u00a0Inbegriffen:<\/strong><\/span><\/h3>\n<p data-start=\"845\" data-end=\"1138\"><span style=\"color: #00ff00;\"><strong>\u2713<\/strong><\/span> Abholung vom Hotel und R\u00fccktransport<br data-start=\"872\" data-end=\"875\" \/><span style=\"color: #00ff00;\"><strong>\u2713 <\/strong><\/span>Zugang zu Sauna, Dampfbad und Salzraum<br data-start=\"916\" data-end=\"919\" \/><span style=\"color: #00ff00;\"><strong>\u2713 <\/strong><\/span>30-min\u00fctiges Peeling &amp; Schaummassage<br data-start=\"951\" data-end=\"954\" \/><span style=\"color: #00ff00;\"><strong>\u2713 <\/strong><\/span>20-min\u00fctige entspannende \u00d6lmassage<br data-start=\"986\" data-end=\"989\" \/><span style=\"color: #00ff00;\"><strong>\u2713 <\/strong><\/span>Gesichtsmaske &amp; sanfte Gesichtsmassage<br data-start=\"1022\" data-end=\"1025\" \/><span style=\"color: #00ff00;\"><strong>\u2713 <\/strong><\/span>Handt\u00fccher, Hausschuhe, Seife und traditionelles Tuch (pestemal)<br data-start=\"1088\" data-end=\"1091\" \/><span style=\"color: #00ff00;\"><strong>\u2713 <\/strong><\/span>Tee- oder Apfelteeservice<br data-start=\"1117\" data-end=\"1120\" \/><span style=\"color: #00ff00;\"><strong>\u2713 <\/strong><\/span>Vollversicherung<\/p>\n<h3><span style=\"color: #000000;\">\u00a0<strong>Nicht inbegriffen:<\/strong><\/span><\/h3>\n<p data-start=\"1166\" data-end=\"1231\"><span style=\"color: #ff0000;\"><strong>\u2717<\/strong><\/span> Pers\u00f6nliche Ausgaben<br data-start=\"1185\" data-end=\"1188\" \/><span style=\"color: #ff0000;\"><strong>\u2717 <\/strong><\/span>Zus\u00e4tzliche Massageleistungen<br data-start=\"1212\" data-end=\"1215\" \/><span style=\"color: #ff0000;\"><strong>\u2717 <\/strong><\/span>Haarshampoo<\/p>\n<h3><strong><span style=\"color: #000000;\">\ud83c\udf1f H\u00f6hepunkte der Tour<\/span><\/strong><\/h3>\n<p data-start=\"1263\" data-end=\"1553\">\ud83d\udd39 Erleben Sie das authentische t\u00fcrkische Hamam in Side<br data-start=\"1313\" data-end=\"1316\" \/>\ud83d\udd39 Genie\u00dfen Sie ein entspannendes Peeling und eine Schaummassage auf einer beheizten Marmorplattform<br data-start=\"1386\" data-end=\"1389\" \/>\ud83d\udd39 Entgiften in der Sauna, im Dampfbad und im Salzraum<br data-start=\"1436\" data-end=\"1439\" \/>\ud83d\udd39 Erhalten Sie eine verj\u00fcngende \u00d6l- und Gesichtsmassage<br data-start=\"1485\" data-end=\"1488\" \/>\ud83d\udd39 F\u00fchlen Sie sich erfrischt, leicht und bereit f\u00fcr Ihre Urlaubsabenteuer<\/p>\n<h3><span style=\"color: #000000;\"><strong>\ud83d\udcdc Vollst\u00e4ndige Beschreibung<\/strong><\/span><\/h3>\n<div data-start=\"1586\" data-end=\"1842\">Treten Sie ein in die jahrhundertealte Wellness-Tradition mit dem <strong data-start=\"1637\" data-end=\"1669\">Side T\u00fcrkisches Bad &amp; Spa Tour<\/strong>, die Ihren K\u00f6rper und Geist entspannen. Bei Ihrer Ankunft werden Sie herzlich begr\u00fc\u00dft und mit einem Handtuch, Hausschuhen und einem Pestemal ausgestattet, bevor Sie Ihre Verj\u00fcngungsreise beginnen.<\/div>\n<div data-start=\"1844\" data-end=\"2219\">Beginnen Sie im <strong data-start=\"1857\" data-end=\"1889\">Sauna, Dampf- und Salzr\u00e4ume<\/strong>, wo W\u00e4rme und Mineralien Ihre Poren \u00f6ffnen und Ihre Haut auf die Reinigung vorbereiten. Dann begeben Sie sich in die innere Kammer des Hamams f\u00fcr den H\u00f6hepunkt - eine <strong data-start=\"2041\" data-end=\"2079\">traditionelles Peeling und Schaummassage<\/strong> auf einem beheizten Marmorstein (Gobektasi) durchgef\u00fchrt. Dieses tiefe Peeling entfernt abgestorbene Hautzellen und Giftstoffe und macht Ihre Haut seidig glatt.<\/div>\n<div data-start=\"2221\" data-end=\"2485\">Danach entspannen Sie sich bei <strong data-start=\"2244\" data-end=\"2272\">Tee- oder Apfel-Teeservice<\/strong>, gefolgt von einer <strong data-start=\"2288\" data-end=\"2322\">20-min\u00fctige Aroma\u00f6lmassage<\/strong> die jeden Muskel im K\u00f6rper entspannt. Das Erlebnis endet mit einem <strong data-start=\"2395\" data-end=\"2441\">n\u00e4hrende Gesichtsmaske und sanfte Gesichtsmassage<\/strong>, und hinterl\u00e4sst Sie v\u00f6llig erfrischt und strahlend.<\/div>\n<h3><span style=\"color: #000000;\"><strong>\ud83d\udd52 Reiseroute<\/strong><\/span><\/h3>\n<p data-start=\"2516\" data-end=\"2797\">\ud83d\udd39 Abholung vom Hotel und Transfer zum Kurzentrum<br data-start=\"2562\" data-end=\"2565\" \/>\ud83d\udd39 Sauna, Dampfbad und Salzraum<br data-start=\"2603\" data-end=\"2606\" \/>\ud83d\udd39 Ganzk\u00f6rperpeeling und Schaummassage<br data-start=\"2654\" data-end=\"2657\" \/>\ud83d\udd39 Kurze Entspannungspause mit Tee<br data-start=\"2691\" data-end=\"2694\" \/>\ud83d\udd39 Aromatische \u00d6lmassage (20 Minuten)<br data-start=\"2730\" data-end=\"2733\" \/>\ud83d\udd39 Gesichtsmaske &amp; Gesichtsmassage<br data-start=\"2760\" data-end=\"2763\" \/>\ud83d\udd39 R\u00fccktransfer zu Ihrem Hotel<\/p>\n<h3><span style=\"color: #000000;\"><strong>\u2139\ufe0f N\u00fctzliche Informationen<\/strong><\/span><\/h3>\n<p data-start=\"3053\" data-end=\"3228\">\ud83d\udd39 Geeignet f\u00fcr M\u00e4nner und Frauen<br data-start=\"3082\" data-end=\"3085\" \/>\ud83d\udd39 Kinder k\u00f6nnen unter Aufsicht von Erwachsenen teilnehmen<br data-start=\"3136\" data-end=\"3139\" \/>\ud83d\udd39 Alle Einrichtungen sind sauber und hygienisch<br data-start=\"3179\" data-end=\"3182\" \/>\ud83d\udd39 Behandlungsdauer: ca. 2 Stunden<\/p>\n<h3><span style=\"color: #000000;\"><strong>\ud83c\udf92 Was Sie mitbringen sollten<\/strong><\/span><\/h3>\n<p data-start=\"2913\" data-end=\"2938\">Badeanzug<br data-start=\"2921\" data-end=\"2924\" \/>Haarshampoo<\/p>\n<h3><span style=\"color: #000000;\"><strong>\ud83d\udeab Nicht geeignet f\u00fcr<\/strong><\/span><\/h3>\n<p data-start=\"2830\" data-end=\"2883\">Menschen mit Asthma oder schweren Erkrankungen der Atemwege<\/p>\n<h3 dir=\"ltr\">\ud83d\udcb8\u00a0<strong>Preis und Buchung<\/strong><\/h3>\n<p dir=\"ltr\"><strong>\ud83d\udd39 Jetzt buchen, am Tag der Tour bezahlen<\/strong><br \/>\nKontaktiere uns \u00fcber WhatsApp, Telegram, Viber oder f\u00fclle das Buchungsformular unten aus.<\/p>\n<h3 data-start=\"2032\" data-end=\"2058\">\u2139\ufe0f N\u00fctzliche Informationen<\/h3>\n<p data-start=\"2060\" data-end=\"2200\">\ud83d\udd39 Dauer: ca. 5-5,5 Stunden<br data-start=\"2092\" data-end=\"2095\" \/>\ud83d\udd39 T\u00e4gliche Abfahrten am Morgen\u00a0<br data-start=\"2136\" data-end=\"2139\" \/>\ud83d\udd39 Keine Erfahrung erforderlich<br data-start=\"2164\" data-end=\"2167\" \/>\ud83d\udd39 Komfortable Tour in kleinen Gruppen<\/p>\n<h3 data-start=\"2202\" data-end=\"2226\">\ud83d\udeab Nicht geeignet f\u00fcr<\/h3>\n<p data-start=\"2228\" data-end=\"2297\">\ud83d\udd39 Schwangere Frauen<br data-start=\"2245\" data-end=\"2248\" \/>\ud83d\udd39 G\u00e4ste mit schweren R\u00fccken- oder Herzerkrankungen<\/p>\n<h3 data-start=\"2299\" data-end=\"2320\">\ud83c\udf92 Was Sie mitbringen sollten<\/h3>\n<p data-start=\"2322\" data-end=\"2422\">\ud83d\udd39 Sonnenbrille, Hut und Sonnenschutzmittel<br data-start=\"2355\" data-end=\"2358\" \/>\ud83d\udd39 Bequeme Kleidung und Bademode<br data-start=\"2393\" data-end=\"2396\" \/>\ud83d\udd39 Kleines Geld f\u00fcr Extras<\/p>\n<div class=\"elementor-element elementor-element-884d539 e-con-full e-flex e-con e-child\" data-id=\"884d539\" data-element_type=\"container\">\n<div id=\"description\" class=\"elementor-element elementor-element-337037cc elementor-widget elementor-widget-thim-ekits-tours-content\" data-id=\"337037cc\" data-element_type=\"widget\" data-widget_type=\"thim-ekits-tours-content.default\">\n<div class=\"elementor-widget-container\">\n<h3 class=\"thim-ekit-single-tour__content\">\ud83d\udcb8\u00a0<strong data-start=\"3780\" data-end=\"3801\">Preis und Buchung<\/strong><\/h3>\n<div class=\"thim-ekit-single-tour__content\">\n<p data-start=\"3803\" data-end=\"3931\"><strong>\ud83d\udd39 Jetzt buchen, am Tag der Tour bezahlen<\/strong><br data-start=\"3842\" data-end=\"3845\" \/>\ud83d\udd39 Kontaktiere uns \u00fcber WhatsApp, Telegram, Viber oder f\u00fclle das Buchungsformular unten aus \ud83d\udc47\ud83c\udffc<\/p>\n<\/div>\n<\/div>\n<\/div>\n<\/div>","protected":false},"excerpt":{"rendered":"<p data-start=\"3442\" data-end=\"3600\">Erleben Sie die <b>T\u00fcrkisches Bad Belek<\/b>! Genie\u00dfen Sie einen <b>authentisches Hamam<\/b> Ritual mit Peeling, Schaum und \u00d6l <b>Massage<\/b>. Inklusive Sauna, Dampfbad und <b>\u00dcbertragung<\/b>. Perfekt <b>Entspannung<\/b> um Ihren Urlaub zu beginnen.<\/p>","protected":false},"featured_media":12688,"comment_status":"open","ping_status":"closed","template":"","meta":[],"product_brand":[],"product_cat":[126],"product_tag":[120],"class_list":{"0":"post-15361","1":"product","2":"type-product","3":"status-publish","4":"has-post-thumbnail","6":"tour_phys-belek-tours","7":"product_cat-belek-tours","8":"product_tag-belek","9":"pa_destination-belek-tours","11":"first","12":"instock","13":"sale","14":"shipping-taxable","15":"purchasable","16":"product-type-tour_phys"},"aioseo_notices":[],"_links":{"self":[{"href":"https:\/\/excursionsworld.com\/de\/wp-json\/wp\/v2\/product\/15361","targetHints":{"allow":["GET"]}}],"collection":[{"href":"https:\/\/excursionsworld.com\/de\/wp-json\/wp\/v2\/product"}],"about":[{"href":"https:\/\/excursionsworld.com\/de\/wp-json\/wp\/v2\/types\/product"}],"replies":[{"embeddable":true,"href":"https:\/\/excursionsworld.com\/de\/wp-json\/wp\/v2\/comments?post=15361"}],"wp:featuredmedia":[{"embeddable":true,"href":"https:\/\/excursionsworld.com\/de\/wp-json\/wp\/v2\/media\/12688"}],"wp:attachment":[{"href":"https:\/\/excursionsworld.com\/de\/wp-json\/wp\/v2\/media?parent=15361"}],"wp:term":[{"taxonomy":"product_brand","embeddable":true,"href":"https:\/\/excursionsworld.com\/de\/wp-json\/wp\/v2\/product_brand?post=15361"},{"taxonomy":"product_cat","embeddable":true,"href":"https:\/\/excursionsworld.com\/de\/wp-json\/wp\/v2\/product_cat?post=15361"},{"taxonomy":"product_tag","embeddable":true,"href":"https:\/\/excursionsworld.com\/de\/wp-json\/wp\/v2\/product_tag?post=15361"}],"curies":[{"name":"wp","href":"https:\/\/api.w.org\/{rel}","templated":true}]}}